{"id":508,"date":"2016-02-05T23:02:05","date_gmt":"2016-02-05T23:02:05","guid":{"rendered":"http:\/\/blogsaverroes.juntadeandalucia.es\/ceipluiscernuda\/?page_id=508"},"modified":"2019-05-25T18:34:49","modified_gmt":"2019-05-25T17:34:49","slug":"fundamentos-legislativos","status":"publish","type":"page","link":"https:\/\/blogsaverroes.juntadeandalucia.es\/ceipluiscernuda\/fundamentos-legislativos\/","title":{"rendered":"Fundamentos legislativos"},"content":{"rendered":"<p><a href=\"http:\/\/blogsaverroes.juntadeandalucia.es\/ceipluiscernuda\/files\/2016\/02\/DECRETO-137-2002.pdf\" target=\"_blank\" rel=\"noopener\">DECRETO 137-2002<\/a>, de 30 de abril, de apoyo a las familias andaluzas.<\/p>\n<p><a href=\"http:\/\/blogsaverroes.juntadeandalucia.es\/ceipluiscernuda\/files\/2016\/02\/DECRETO-66-2005.pdf\" target=\"_blank\" rel=\"noopener\">DECRETO 66-2005<\/a>, de 8 de marzo, de ampliaci\u00f3n y adaptaci\u00f3n de medidas de apoyo a las familias andaluzas.<\/p>\n<p><a href=\"http:\/\/blogsaverroes.juntadeandalucia.es\/ceipluiscernuda\/files\/2016\/02\/DECRETO-59-2009.pdf\" target=\"_blank\" rel=\"noopener\">DECRETO 59-2009<\/a> de 10 de marzo, por el que se modifica el Decreto 137\/2002, de 30 de abril, de apoyo a las familias andaluzas, y el Decreto 18\/2003, de 4 de febrero, de ampliaci\u00f3n de las medidas de apoyo a las familias andaluzas.<\/p>\n<p><a href=\"http:\/\/blogsaverroes.juntadeandalucia.es\/ceipluiscernuda\/files\/2016\/02\/ORDEN-27042005-gratuidad-libros.pdf\" target=\"_blank\" rel=\"noopener\">ORDEN 27 de abril de 2005<\/a>, por la que se regula el programa de gratuidad de los libros de texto dirigido al alumnado que curse ense\u00f1anzas obligatorias en los centros docentes sostenidos con fondos p\u00fablicos.<\/p>\n<p><a href=\"http:\/\/blogsaverroes.juntadeandalucia.es\/ceipluiscernuda\/files\/2016\/02\/ORDEN-02112006-gratuidad-libros.pdf\">ORDEN de 2 de noviembre de 2006<\/a>&nbsp;que modifica la de 27 de abril de 2005, por la que se regula el Programa de Gratuidad de los Libros de Texto, dirigido al alumnado que curse ense\u00f1anzas obligatorias en los centros docentes sostenidos con fondos p\u00fablicos.<\/p>\n<p><a href=\"https:\/\/blogsaverroes.juntadeandalucia.es\/ceipluiscernuda\/files\/2016\/02\/Instrucciones_gratuidad_libros_texto-2019-2020.pdf\" target=\"_blank\" rel=\"noopener\">INSTRUCCIONES<\/a>&nbsp;de 16 de mayo de 2019, de la Direcci\u00f3n General de Atenci\u00f3n a la Diversidad, Participaci\u00f3n y Convivencia Escolar sobre el Programa de Gratuidad de los Libros de Texto para el <strong>curso escolar 2019-2020<\/strong>.<\/p>\n<p><a href=\"http:\/\/blogsaverroes.juntadeandalucia.es\/ceipluiscernuda\/files\/2016\/02\/Instrucciones-gratuidad_libros_texto-2013-2014.pdf\" target=\"_blank\" rel=\"noopener\">INSTRUCCIONES<\/a>&nbsp;de la Direcci\u00f3n General de Participaci\u00f3n e Innovaci\u00f3n Educativa sobre el Programa de Gratuidad de los Libros de Texto para el&nbsp;<strong>curso escolar 2013\/2014<\/strong>.<\/p>\n<p><a href=\"http:\/\/blogsaverroes.juntadeandalucia.es\/ceipluiscernuda\/files\/2016\/02\/Instrucciones-gratuidad_libros_texto-2010-2011.pdf\" target=\"_blank\" rel=\"noopener\">INSTRUCCIONES<\/a>&nbsp;de la Direcci\u00f3n General de Participaci\u00f3n e Innovaci\u00f3n Educativa sobre el Programa de Gratuidad de los Libros de Texto para el&nbsp;<strong>curso escolar 2010\/2011<\/strong>.<\/p>\n<p><a href=\"http:\/\/blogsaverroes.juntadeandalucia.es\/ceipluiscernuda\/files\/2016\/02\/Instrucciones-gratuidad_libros_texto-2008-2009.pdf\" target=\"_blank\" rel=\"noopener\">INSTRUCCIONES<\/a>&nbsp;de la Direcci\u00f3n General de Participaci\u00f3n e Innovaci\u00f3n Educativa sobre el Programa de Gratuidad de los Libros de Texto para el <strong>curso escolar 2008\/2009<\/strong>.<\/p>\n<p><a href=\"http:\/\/blogsaverroes.juntadeandalucia.es\/ceipluiscernuda\/files\/2016\/02\/DECRETO-328-2010.pdf\" target=\"_blank\" rel=\"noopener\">DECRETO 328-2010<\/a>, de 13 de julio, por el que se aprueba el Reglamento Org\u00e1nico de las escuelas infantiles de segundo grado, de los colegios de educaci\u00f3n primaria, de los colegios de educaci\u00f3n infantil y primaria, y de los centros p\u00fablicos espec\u00edficos de educaci\u00f3n especial.<\/p>\n<p><a href=\"http:\/\/blogsaverroes.juntadeandalucia.es\/ceipluiscernuda\/files\/2016\/02\/ORDEN-08092010-sustituciones.pdf\" target=\"_blank\" rel=\"noopener\">ORDEN de 8 de septiembre de 2010<\/a>, por la que se establece el procedimiento para la gesti\u00f3n de las sustituciones del profesorado de los centros docentes p\u00fablicos dependientes de esta Consejer\u00eda.<\/p>\n","protected":false},"excerpt":{"rendered":"<p>DECRETO 137-2002, de 30 de abril, de apoyo a las familias andaluzas. DECRETO 66-2005, de 8 de marzo, de ampliaci\u00f3n y adaptaci\u00f3n de medidas de apoyo a las familias andaluzas. DECRETO 59-2009 de 10&#46;&#46;&#46;<\/p>\n","protected":false},"author":2943,"featured_media":0,"parent":0,"menu_order":0,"comment_status":"open","ping_status":"open","template":"","meta":{"ngg_post_thumbnail":0,"footnotes":""},"aioseo_notices":[],"_links":{"self":[{"href":"https:\/\/blogsaverroes.juntadeandalucia.es\/ceipluiscernuda\/wp-json\/wp\/v2\/pages\/508"}],"collection":[{"href":"https:\/\/blogsaverroes.juntadeandalucia.es\/ceipluiscernuda\/wp-json\/wp\/v2\/pages"}],"about":[{"href":"https:\/\/blogsaverroes.juntadeandalucia.es\/ceipluiscernuda\/wp-json\/wp\/v2\/types\/page"}],"author":[{"embeddable":true,"href":"https:\/\/blogsaverroes.juntadeandalucia.es\/ceipluiscernuda\/wp-json\/wp\/v2\/users\/2943"}],"replies":[{"embeddable":true,"href":"https:\/\/blogsaverroes.juntadeandalucia.es\/ceipluiscernuda\/wp-json\/wp\/v2\/comments?post=508"}],"version-history":[{"count":5,"href":"https:\/\/blogsaverroes.juntadeandalucia.es\/ceipluiscernuda\/wp-json\/wp\/v2\/pages\/508\/revisions"}],"predecessor-version":[{"id":5303,"href":"https:\/\/blogsaverroes.juntadeandalucia.es\/ceipluiscernuda\/wp-json\/wp\/v2\/pages\/508\/revisions\/5303"}],"wp:attachment":[{"href":"https:\/\/blogsaverroes.juntadeandalucia.es\/ceipluiscernuda\/wp-json\/wp\/v2\/media?parent=508"}],"curies":[{"name":"wp","href":"https:\/\/api.w.org\/{rel}","templated":true}]}}