{"id":531,"date":"2016-02-09T17:18:35","date_gmt":"2016-02-09T17:18:35","guid":{"rendered":"http:\/\/blogsaverroes.juntadeandalucia.es\/ceipluiscernuda\/?page_id=531"},"modified":"2019-06-02T18:50:58","modified_gmt":"2019-06-02T17:50:58","slug":"el-arco-iris","status":"publish","type":"page","link":"https:\/\/blogsaverroes.juntadeandalucia.es\/ceipluiscernuda\/el-arco-iris\/","title":{"rendered":"El arco iris"},"content":{"rendered":"<h3>Nuevo n\u00famero de la Revista anual Arcoiris<\/h3>\n<p><a href=\"https:\/\/blogsaverroes.juntadeandalucia.es\/ceipluiscernuda\/files\/2016\/02\/epdtai_2019.pdf\" target=\"_blank\" rel=\"noopener\"><img loading=\"lazy\" decoding=\"async\" class=\"alignnone wp-image-3039 size-full\" src=\"https:\/\/blogsaverroes.juntadeandalucia.es\/ceipluiscernuda\/files\/2019\/06\/epdtai_2019.png\" alt=\"\" width=\"134\" height=\"189\"><\/a><a href=\"https:\/\/blogsaverroes.juntadeandalucia.es\/ceipluiscernuda\/files\/2018\/06\/epdtai_2018.pdf\" target=\"_blank\" rel=\"noopener\"><img loading=\"lazy\" decoding=\"async\" class=\"alignnone wp-image-3039 size-full\" src=\"https:\/\/blogsaverroes.juntadeandalucia.es\/ceipluiscernuda\/files\/2016\/02\/epdtai_2018.png\" alt=\"\" width=\"134\" height=\"189\" srcset=\"https:\/\/blogsaverroes.juntadeandalucia.es\/ceipluiscernuda\/files\/2016\/02\/epdtai_2018.png 134w, https:\/\/blogsaverroes.juntadeandalucia.es\/ceipluiscernuda\/files\/2016\/02\/epdtai_2018-17x24.png 17w, https:\/\/blogsaverroes.juntadeandalucia.es\/ceipluiscernuda\/files\/2016\/02\/epdtai_2018-26x36.png 26w, https:\/\/blogsaverroes.juntadeandalucia.es\/ceipluiscernuda\/files\/2016\/02\/epdtai_2018-34x48.png 34w\" sizes=\"(max-width: 134px) 100vw, 134px\" \/><\/a><\/p>\n<h3>El peri\u00f3dico de todos<\/h3>\n<p>La mudanza de la p\u00e1gina web del colegio hacia otro servidor conlleva, obviamente, una reestructuraci\u00f3n de la misma: los cambios en el mapa del sitio, la incorporaci\u00f3n de elementos novedosos acordes a las nuevas normativas e, incluso, la eliminaci\u00f3n de archivos que han perdido vigencia o validez.<\/p>\n<p>Sin embargo, la publicaci\u00f3n de un peri\u00f3dico escolar como actividad educativa, que se desarroll\u00f3 durante cuatro cursos (2003-2007), no pod\u00eda faltar en esta nueva etapa de la web del CEIP Luis Cernuda. Algunos de los n\u00fameros que, publicados en su d\u00eda en papel, pudieron ser recuperados y para formar parte&nbsp;del contenido de la web del colegio, seguir\u00e1n formando parte de la misma.<\/p>\n<p>La introducci\u00f3n que entonces hac\u00eda una alumna del centro es la que a continuaci\u00f3n se recoge.<\/p>\n<h4>Breve historia por Alicia Armenteros Rom\u00e1n (5\u00ba)<\/h4>\n<p><em>Cuando est\u00e1bamos en 2\u00ba, al profesor, Paco, se le ocurri\u00f3 que podr\u00edamos escribir un peri\u00f3dico con noticias del mundo. Y as\u00ed fue. \u00a1Pero para nuestra clase!<\/em><\/p>\n<ul>\n<li><em>Al principio, solo era un folio.<\/em><\/li>\n<li><em>En 3\u00ba, fueron m\u00e1s folio, y m\u00e1s y m\u00e1s noticias porque ya escrib\u00eda todo el colegio.<\/em><\/li>\n<li><em>En 4\u00ba, \u00a1GENIAL! ya ten\u00eda portada y contraportada.<\/em><\/li>\n<li><em>En 5\u00ba, \u00a1en color y con color!<\/em><\/li>\n<\/ul>\n<p><a href=\"https:\/\/blogsaverroes.juntadeandalucia.es\/ceipluiscernuda\/files\/2016\/01\/alicia.gif\"><img loading=\"lazy\" decoding=\"async\" class=\"aligncenter wp-image-22 size-full\" src=\"https:\/\/blogsaverroes.juntadeandalucia.es\/ceipluiscernuda\/files\/2016\/01\/alicia.gif\" alt=\"alicia\" width=\"100\" height=\"103\"><\/a><\/p>\n<table>\n<tbody>\n<tr>\n<td><a href=\"https:\/\/blogsaverroes.juntadeandalucia.es\/ceipluiscernuda\/files\/2016\/02\/epdtai0304-2.pdf\" target=\"_blank\" rel=\"noopener\"><img loading=\"lazy\" decoding=\"async\" class=\"alignnone wp-image-72 size-full\" src=\"https:\/\/blogsaverroes.juntadeandalucia.es\/ceipluiscernuda\/files\/2016\/01\/epdtai0304-2.jpg\" alt=\"epdtai0304-2\" width=\"133\" height=\"189\"><\/a><\/td>\n<td><a href=\"https:\/\/blogsaverroes.juntadeandalucia.es\/ceipluiscernuda\/files\/2016\/02\/epdtai0405-1.pdf\" target=\"_blank\" rel=\"noopener\"><img loading=\"lazy\" decoding=\"async\" class=\"alignnone wp-image-73 size-full\" src=\"https:\/\/blogsaverroes.juntadeandalucia.es\/ceipluiscernuda\/files\/2016\/01\/epdtai0405-1.jpg\" alt=\"epdtai0405-1\" width=\"152\" height=\"189\"><\/a><\/td>\n<td><a href=\"https:\/\/blogsaverroes.juntadeandalucia.es\/ceipluiscernuda\/files\/2016\/02\/epdtai0405-3.pdf\" target=\"_blank\" rel=\"noopener\"><img loading=\"lazy\" decoding=\"async\" class=\"alignnone wp-image-74 size-full\" src=\"https:\/\/blogsaverroes.juntadeandalucia.es\/ceipluiscernuda\/files\/2016\/01\/epdtai0405-3.gif\" alt=\"epdtai0405-3\" width=\"142\" height=\"189\"><\/a><\/td>\n<\/tr>\n<tr>\n<td><a href=\"https:\/\/blogsaverroes.juntadeandalucia.es\/ceipluiscernuda\/files\/2016\/02\/epdtai0506-1.pdf\" target=\"_blank\" rel=\"noopener\"><img loading=\"lazy\" decoding=\"async\" class=\"alignnone wp-image-75 size-full\" src=\"https:\/\/blogsaverroes.juntadeandalucia.es\/ceipluiscernuda\/files\/2016\/01\/epdtai0506-1.gif\" alt=\"epdtai0506-1\" width=\"142\" height=\"189\"><\/a><\/td>\n<td><a href=\"https:\/\/blogsaverroes.juntadeandalucia.es\/ceipluiscernuda\/files\/2016\/02\/epdtai0607-1.pdf\" target=\"_blank\" rel=\"noopener\"><img loading=\"lazy\" decoding=\"async\" class=\"alignnone wp-image-76 size-full\" src=\"https:\/\/blogsaverroes.juntadeandalucia.es\/ceipluiscernuda\/files\/2016\/01\/epdtai0607-1.jpg\" alt=\"epdtai0607-1\" width=\"142\" height=\"196\"><\/a><\/td>\n<td><a href=\"https:\/\/blogsaverroes.juntadeandalucia.es\/ceipluiscernuda\/files\/2016\/02\/epdtai0607-2.pdf\" target=\"_blank\" rel=\"noopener\"><img loading=\"lazy\" decoding=\"async\" class=\"alignnone wp-image-77 size-full\" src=\"https:\/\/blogsaverroes.juntadeandalucia.es\/ceipluiscernuda\/files\/2016\/01\/epdtai0607-2.jpg\" alt=\"epdtai0607-2\" width=\"127\" height=\"189\"><\/a><\/td>\n<\/tr>\n<\/tbody>\n<\/table>\n","protected":false},"excerpt":{"rendered":"<p>Nuevo n\u00famero de la Revista anual Arcoiris El peri\u00f3dico de todos La mudanza de la p\u00e1gina web del colegio hacia otro servidor conlleva, obviamente, una reestructuraci\u00f3n de la misma: los cambios en el mapa&#46;&#46;&#46;<\/p>\n","protected":false},"author":2943,"featured_media":0,"parent":0,"menu_order":0,"comment_status":"open","ping_status":"open","template":"","meta":{"ngg_post_thumbnail":0,"footnotes":""},"aioseo_notices":[],"_links":{"self":[{"href":"https:\/\/blogsaverroes.juntadeandalucia.es\/ceipluiscernuda\/wp-json\/wp\/v2\/pages\/531"}],"collection":[{"href":"https:\/\/blogsaverroes.juntadeandalucia.es\/ceipluiscernuda\/wp-json\/wp\/v2\/pages"}],"about":[{"href":"https:\/\/blogsaverroes.juntadeandalucia.es\/ceipluiscernuda\/wp-json\/wp\/v2\/types\/page"}],"author":[{"embeddable":true,"href":"https:\/\/blogsaverroes.juntadeandalucia.es\/ceipluiscernuda\/wp-json\/wp\/v2\/users\/2943"}],"replies":[{"embeddable":true,"href":"https:\/\/blogsaverroes.juntadeandalucia.es\/ceipluiscernuda\/wp-json\/wp\/v2\/comments?post=531"}],"version-history":[{"count":16,"href":"https:\/\/blogsaverroes.juntadeandalucia.es\/ceipluiscernuda\/wp-json\/wp\/v2\/pages\/531\/revisions"}],"predecessor-version":[{"id":5428,"href":"https:\/\/blogsaverroes.juntadeandalucia.es\/ceipluiscernuda\/wp-json\/wp\/v2\/pages\/531\/revisions\/5428"}],"wp:attachment":[{"href":"https:\/\/blogsaverroes.juntadeandalucia.es\/ceipluiscernuda\/wp-json\/wp\/v2\/media?parent=531"}],"curies":[{"name":"wp","href":"https:\/\/api.w.org\/{rel}","templated":true}]}}