{"id":557,"date":"2016-02-09T19:55:54","date_gmt":"2016-02-09T19:55:54","guid":{"rendered":"http:\/\/blogsaverroes.juntadeandalucia.es\/ceipluiscernuda\/?page_id=557"},"modified":"2022-10-16T15:10:13","modified_gmt":"2022-10-16T14:10:13","slug":"normas","status":"publish","type":"page","link":"https:\/\/blogsaverroes.juntadeandalucia.es\/ceipluiscernuda\/normas\/","title":{"rendered":"Normas"},"content":{"rendered":"<h4><a href=\"https:\/\/blogsaverroes.juntadeandalucia.es\/ceipluiscernuda\/files\/2022\/10\/normas2223.pdf\" target=\"_blank\" rel=\"noopener noreferrer\"><img loading=\"lazy\" decoding=\"async\" class=\"alignright wp-image-568 size-full\" src=\"https:\/\/blogsaverroes.juntadeandalucia.es\/ceipluiscernuda\/files\/2016\/02\/impresora.gif\" alt=\"impresora\" width=\"49\" height=\"49\"><\/a><\/h4>\n<h4>0. Organizaci\u00f3n del d\u00eda 12<\/h4>\n<p>La organizaci\u00f3n del primer d\u00eda de clase es la indicada a continuaci\u00f3n:<\/p>\n<p>El alumnado de Infantil entrar\u00e1 y saldr\u00e1 por c\/Estrasburgo.<\/p>\n<ul>\n<li>Infantil 3 a\u00f1os: de 12:15 a 14:00 h.<\/li>\n<li>Infantil 4 y 5 a\u00f1os: de 12:00 a 14:00 h.<\/li>\n<\/ul>\n<p>El alumnado de Primaria tendr\u00e1 un horario de 12:00 a 14:00 h. y entrar\u00e1 y saldr\u00e1 por la cancela del patio de albero de la calle Atenas.<\/p>\n<ul>\n<li>1\u00ba y 2\u00ba se concentrar\u00e1n en Porche de abajo<\/li>\n<li>3\u00ba se concentra en P\u00e9rgola<\/li>\n<li>4\u00ba se concentra en patio albero<\/li>\n<li>5\u00ba y 6\u00ba suben directamente a clase.<\/li>\n<\/ul>\n<h4>1. Horario Lectivo<\/h4>\n<p>El horario lectivo se extiende de lunes a viernes, de 9:00 a 14:00 horas.<\/p>\n<p>Los servicios complementarios cuentan con el siguiente horario:<\/p>\n<ul>\n<li>Aula Matinal:&nbsp;de 7:30 a 9:00 horas.<\/li>\n<li>Comedor Escolar: de 14:00 a 16:00 horas.<\/li>\n<li>Actividades Extraescolares: de 16:00 a 19:00 horas.<\/li>\n<\/ul>\n<h4>2. Entradas y Salidas<\/h4>\n<p>Las puertas y los vados de aparcamiento se mantendr\u00e1n despejados para facilitar las entradas y salidas del alumnado.<\/p>\n<p>El recinto escolar se cerrar\u00e1 a las 9:10 horas, aunque se considerar\u00e1 como \u00abfalta injustificada de puntualidad\u00bb llegar sistem\u00e1ticamente despu\u00e9s de las 9 horas. En casos excepcionales o debido a inclemencias meteorol\u00f3gicas estos horarios podr\u00e1n flexibilizarse si la Direcci\u00f3n del centro lo autoriza.<\/p>\n<p>La familia que, por causas justificadas, necesite que sus hijos o hijas entren o salgan del centro en horas distintas a las establecidas, deber\u00e1 hacerlo preferentemente durante el recreo y pasando obligatoriamente por Conserjer\u00eda.<\/p>\n<p>La m\u00fasica sonar\u00e1 por megafon\u00eda a las horas de entrada y salida, las 9:00 horas y las 14:00 horas. Desde el momento en que un alumno o alumna sale del centro quedar\u00e1 bajo la responsabilidad de sus padres\/ tutores legales o de la monitora de su ruta de transporte correspondiente. Se considerar\u00e1 \u00abfalta injustificada de puntualidad\u00bb, recoger al alumnado sistem\u00e1ticamente despu\u00e9s de las 14:00 horas.<\/p>\n<p>El alumnado acceder\u00e1 al centro de la siguiente manera:<\/p>\n<p>Infantil 3 a\u00f1os: calle Estrasburgo.<\/p>\n<p>El resto del alumnado: cancela del patio de albero de la calle Atenas.<\/p>\n<p>Para la salida del alumnado de Primaria se abrir\u00e1 la cancela del patio de albero de calle Atenas. Todo el alumnado de Infantil saldr\u00e1 por la puerta-cancela de su propio edificio, situada en la calle Estrasburgo.<\/p>\n<p>Quien haya venido en transporte y no vuelva en su autob\u00fas, y a la inversa, deber\u00e1 comunicarlo en Conserjer\u00eda o a alguien del Equipo Directivo.<\/p>\n<h4>3. Faltas de Asistencia<\/h4>\n<p>La familia justificar\u00e1 las faltas de asistencia mediante nota escrita. La reiteraci\u00f3n de faltas de asistencia (injustificadas o justificadas) podr\u00e1 dar lugar a la intervenci\u00f3n de la comisi\u00f3n de convivencia.<\/p>\n<h4>4. Atenci\u00f3n a familias<\/h4>\n<p>El profesorado atender\u00e1 a las familias (tutor\u00edas) los lunes de 17:00 a 18:00 horas previa cita.<\/p>\n<p>El Equipo Directivo atender\u00e1 a las familias en el horario indicado y previa cita.<\/p>\n<ul>\n<li>Director: &nbsp;martes, 12:30-14:00.<\/li>\n<li>Jefa de Estudios:&nbsp;mi\u00e9rcoles y jueves, 9:00-9:45.<\/li>\n<li>Secretario: jueves, 10:00-11:00.<\/li>\n<\/ul>\n<p>La Conserjer\u00eda estar\u00e1 abierta para la atenci\u00f3n al p\u00fablico de 9:30 a 13:30, lunes, mi\u00e9rcoles y viernes.<\/p>\n<p>Fuera de estos horarios, por la seguridad de los ni\u00f1os y ni\u00f1as, las personas adultas se abstendr\u00e1n de circular por el mismo para no interrumpir el normal desarrollo de las clases salvo autorizaci\u00f3n expresa de la Direcci\u00f3n del centro.<\/p>\n<p>La comunicaci\u00f3n centro-familia se realizar\u00e1 v\u00eda correo electr\u00f3nico para aquellas familias que hayan facilitado una direcci\u00f3n de e-mail.<\/p>\n<h4>5. Recreos y Desayunos<\/h4>\n<p>Ajust\u00e1ndose a la nueva normativa, el horario de recreo se desarrollar\u00e1 entre las 12:00 y 12:30 h., por lo que ha de tenerse en cuenta para que ni\u00f1os y ni\u00f1as desayunen correctamente en sus casas.<\/p>\n<p>El tiempo de recreo es importante en cuanto supone expansi\u00f3n y desahogo necesarios para el rendimiento escolar, las familias se abstendr\u00e1n de acercarse a las verjas de los patios durante este tiempo y sobre todo est\u00e1 absolutamente prohibido charlar y facilitar nada a trav\u00e9s de ellas. No podemos conocer a la familia completa de todo nuestro alumnado y debemos salvaguardar su integridad.<\/p>\n<p>Eviten que sus hijos e hijas traigan a la escuela videoconsolas, m\u00f3viles y juguetes de valor o dinero; generan conflicto y el centro no se hace responsable de su p\u00e9rdida, deterioro o mal uso.<\/p>\n<p>Los desayunos deben ser suficientes y funcionales. Se deben tomar en casa. Al colegio pueden traer un peque\u00f1o refrigerio. Recomendamos evitar la boller\u00eda industrial, las golosinas y el exceso de dulces. As\u00ed mismo desaconsejamos el uso de tenedores y cucharillas, aunque sean de pl\u00e1stico por el peligro que suponen.<\/p>\n<p>Cada comienzo de curso escolar, el ETCP, a propuesta de los ciclos, revisar\u00e1 y actualizar\u00e1 las normas de recreo.<\/p>\n<h4>6. Medidas Higi\u00e9nico-Sanitarias<\/h4>\n<p>Es <strong>importante<\/strong> conocer, del alumnado, sus <strong>intolerancias<\/strong> alimentarias y sus <strong>alergias<\/strong> a cualquier producto qu\u00edmico o medicamento utilizado en curas: agua oxigenada, mercromina, betadine, etc. Por favor, comunique <strong>por escrito<\/strong> al tutor o tutora o a la Direcci\u00f3n del centro cualquier incidencia a este respecto.<\/p>\n<p>Salvo casos de urgencia vital ning\u00fan maestro o maestra del centro administrar\u00e1 medicamento alguno a sus alumnos o alumnas. Si, por necesidad de tratamiento, fuera precisa la toma de un f\u00e1rmaco, se debe consultar a la Direcci\u00f3n del centro, que informar\u00e1 sobre c\u00f3mo realizarla.<\/p>\n<p>El alumnado que haya padecido alguna enfermedad infecto-contagiosa (sarampi\u00f3n, varicela, paperas, etc.), se incorporar\u00e1 a clase aportando el informe de alta m\u00e9dica correspondiente.<\/p>\n<p>En caso de herida o contusi\u00f3n durante la jornada lectiva, que vaya m\u00e1s all\u00e1 de un simple golpe o rasgu\u00f1o sin importancia, o cuando la persona comunique su estado de indisposici\u00f3n o enfermedad, la familia ser\u00e1 inmediatamente avisada a alguno de los tel\u00e9fonos de contacto que poseamos; en caso de no contactar con la familia se dejar\u00e1 mensaje en contestador. Si se considera urgente o grave la situaci\u00f3n, se avisar\u00e1 directamente a Urgencias M\u00e9dicas y se seguir\u00e1n las instrucciones del profesional que lo asista.<\/p>\n<p>Ante casos de pediculosis (<a href=\"https:\/\/blogsaverroes.juntadeandalucia.es\/ceipluiscernuda\/files\/2016\/02\/piojos.pdf\">piojos<\/a>), teniendo en cuenta que se trata de una enfermedad contagiosa, act\u00faen por favor de forma consecuente. Se contagian con mucha facilidad. Se transmiten por proximidad entre las cabezas o por el uso de objetos personales que hayan estado en contacto con ellos: peines, gorros, horquillas, bufandas, lazos. Los piojos no saltan ni vuelan s\u00f3lo caminan. Son peque\u00f1os, de color marr\u00f3n gris\u00e1ceo; las liendres son brillantes, duras y de color blanco amarillento.<\/p>\n<p>En caso de reiteraci\u00f3n de alumnado con pediculosis:<\/p>\n<p>Se sugerir\u00e1 la no asistencia del alumnado afectado.<\/p>\n<p>En bien del resto de la Comunidad Educativa , previa consulta a la Inspecci\u00f3n Educativa, se podr\u00e1 prohibir la asistencia del alumno o alumna en cuesti\u00f3n.<\/p>\n<p>Si hay alguna circunstancia de \u00edndole personal o familiar que pueda incidir en el normal desarrollo del alumnado en el centro, se aconseja que lo comunique al tutor o tutora para tomar las medidas oportunas.<\/p>\n<h4>7. Datos identificativos del Centro<\/h4>\n<p>Tel\u00e9fono y fax : 955622112 y 955622113<\/p>\n<p>Direcci\u00f3n : c\/ Atenas s\/n 41089 Dos Hermanas (Sevilla)<\/p>\n<p>P\u00e1gina web : www.luiscernuda.es<\/p>\n","protected":false},"excerpt":{"rendered":"<p>0. Organizaci\u00f3n del d\u00eda 12 La organizaci\u00f3n del primer d\u00eda de clase es la indicada a continuaci\u00f3n: El alumnado de Infantil entrar\u00e1 y saldr\u00e1 por c\/Estrasburgo. Infantil 3 a\u00f1os: de 12:15 a 14:00 h.&#46;&#46;&#46;<\/p>\n","protected":false},"author":2943,"featured_media":0,"parent":0,"menu_order":0,"comment_status":"open","ping_status":"open","template":"","meta":{"ngg_post_thumbnail":0,"footnotes":""},"aioseo_notices":[],"_links":{"self":[{"href":"https:\/\/blogsaverroes.juntadeandalucia.es\/ceipluiscernuda\/wp-json\/wp\/v2\/pages\/557"}],"collection":[{"href":"https:\/\/blogsaverroes.juntadeandalucia.es\/ceipluiscernuda\/wp-json\/wp\/v2\/pages"}],"about":[{"href":"https:\/\/blogsaverroes.juntadeandalucia.es\/ceipluiscernuda\/wp-json\/wp\/v2\/types\/page"}],"author":[{"embeddable":true,"href":"https:\/\/blogsaverroes.juntadeandalucia.es\/ceipluiscernuda\/wp-json\/wp\/v2\/users\/2943"}],"replies":[{"embeddable":true,"href":"https:\/\/blogsaverroes.juntadeandalucia.es\/ceipluiscernuda\/wp-json\/wp\/v2\/comments?post=557"}],"version-history":[{"count":21,"href":"https:\/\/blogsaverroes.juntadeandalucia.es\/ceipluiscernuda\/wp-json\/wp\/v2\/pages\/557\/revisions"}],"predecessor-version":[{"id":6352,"href":"https:\/\/blogsaverroes.juntadeandalucia.es\/ceipluiscernuda\/wp-json\/wp\/v2\/pages\/557\/revisions\/6352"}],"wp:attachment":[{"href":"https:\/\/blogsaverroes.juntadeandalucia.es\/ceipluiscernuda\/wp-json\/wp\/v2\/media?parent=557"}],"curies":[{"name":"wp","href":"https:\/\/api.w.org\/{rel}","templated":true}]}}