{"id":5677,"date":"2020-04-02T13:17:03","date_gmt":"2020-04-02T12:17:03","guid":{"rendered":"https:\/\/blogsaverroes.juntadeandalucia.es\/ceipluiscernuda\/?page_id=5677"},"modified":"2020-04-02T14:38:17","modified_gmt":"2020-04-02T13:38:17","slug":"religion-cotolica","status":"publish","type":"page","link":"https:\/\/blogsaverroes.juntadeandalucia.es\/ceipluiscernuda\/religion-cotolica\/","title":{"rendered":"Religi\u00f3n Cat\u00f3lica"},"content":{"rendered":"<h3>La procesi\u00f3n va por dentro<\/h3>\n<p>Realizado por Marina Le\u00f3n Maldonado de 6\u00baB.<\/p>\nngg_shortcode_0_placeholder\n<h3>Visita a la Catedral de Sevilla<\/h3>\nngg_shortcode_1_placeholder\n<h3>Hospital de los Venerables e Iglesia de la Caridad<\/h3>\nngg_shortcode_2_placeholder\n<h3>Belenes<\/h3>\nngg_shortcode_3_placeholder\n","protected":false},"excerpt":{"rendered":"<p>La procesi\u00f3n va por dentro Realizado por Marina Le\u00f3n Maldonado de 6\u00baB. Visita a la Catedral de Sevilla Hospital de los Venerables e Iglesia de la Caridad Belenes<\/p>\n","protected":false},"author":2943,"featured_media":0,"parent":0,"menu_order":0,"comment_status":"closed","ping_status":"closed","template":"","meta":{"ngg_post_thumbnail":0,"footnotes":""},"aioseo_notices":[],"_links":{"self":[{"href":"https:\/\/blogsaverroes.juntadeandalucia.es\/ceipluiscernuda\/wp-json\/wp\/v2\/pages\/5677"}],"collection":[{"href":"https:\/\/blogsaverroes.juntadeandalucia.es\/ceipluiscernuda\/wp-json\/wp\/v2\/pages"}],"about":[{"href":"https:\/\/blogsaverroes.juntadeandalucia.es\/ceipluiscernuda\/wp-json\/wp\/v2\/types\/page"}],"author":[{"embeddable":true,"href":"https:\/\/blogsaverroes.juntadeandalucia.es\/ceipluiscernuda\/wp-json\/wp\/v2\/users\/2943"}],"replies":[{"embeddable":true,"href":"https:\/\/blogsaverroes.juntadeandalucia.es\/ceipluiscernuda\/wp-json\/wp\/v2\/comments?post=5677"}],"version-history":[{"count":24,"href":"https:\/\/blogsaverroes.juntadeandalucia.es\/ceipluiscernuda\/wp-json\/wp\/v2\/pages\/5677\/revisions"}],"predecessor-version":[{"id":5710,"href":"https:\/\/blogsaverroes.juntadeandalucia.es\/ceipluiscernuda\/wp-json\/wp\/v2\/pages\/5677\/revisions\/5710"}],"wp:attachment":[{"href":"https:\/\/blogsaverroes.juntadeandalucia.es\/ceipluiscernuda\/wp-json\/wp\/v2\/media?parent=5677"}],"curies":[{"name":"wp","href":"https:\/\/api.w.org\/{rel}","templated":true}]}}