{"id":636,"date":"2016-02-19T17:27:50","date_gmt":"2016-02-19T17:27:50","guid":{"rendered":"http:\/\/blogsaverroes.juntadeandalucia.es\/ceipluiscernuda\/?page_id=636"},"modified":"2022-02-01T22:11:19","modified_gmt":"2022-02-01T21:11:19","slug":"dia-de-la-paz","status":"publish","type":"page","link":"https:\/\/blogsaverroes.juntadeandalucia.es\/ceipluiscernuda\/dia-de-la-paz\/","title":{"rendered":"D\u00eda de la Paz"},"content":{"rendered":"<h3>D\u00eda de la Paz 2022<\/h3>\n<div style=\"width: 848px;\" class=\"wp-video\"><!--[if lt IE 9]><script>document.createElement('video');<\/script><![endif]-->\n<video class=\"wp-video-shortcode\" id=\"video-636-1\" width=\"848\" height=\"480\" preload=\"metadata\" controls=\"controls\"><source type=\"video\/mp4\" src=\"https:\/\/blogsaverroes.juntadeandalucia.es\/ceipluiscernuda\/files\/2022\/01\/CEIP-Luis-Cernuda-Paz-2022-1.mp4?_=1\" \/><a href=\"https:\/\/blogsaverroes.juntadeandalucia.es\/ceipluiscernuda\/files\/2022\/01\/CEIP-Luis-Cernuda-Paz-2022-1.mp4\">https:\/\/blogsaverroes.juntadeandalucia.es\/ceipluiscernuda\/files\/2022\/01\/CEIP-Luis-Cernuda-Paz-2022-1.mp4<\/a><\/video><\/div>\n<div style=\"width: 848px;\" class=\"wp-video\"><video class=\"wp-video-shortcode\" id=\"video-636-2\" width=\"848\" height=\"480\" preload=\"metadata\" controls=\"controls\"><source type=\"video\/mp4\" src=\"https:\/\/blogsaverroes.juntadeandalucia.es\/ceipluiscernuda\/files\/2022\/02\/CEIP-Luis-Cernuda-Paz-2022.mp4?_=2\" \/><a href=\"https:\/\/blogsaverroes.juntadeandalucia.es\/ceipluiscernuda\/files\/2022\/02\/CEIP-Luis-Cernuda-Paz-2022.mp4\">https:\/\/blogsaverroes.juntadeandalucia.es\/ceipluiscernuda\/files\/2022\/02\/CEIP-Luis-Cernuda-Paz-2022.mp4<\/a><\/video><\/div>\n<hr>\n<h3>D\u00eda de la Paz 2021<\/h3>\n<p>La paz en tiempos de pandemia&#8230;<\/p>\nngg_shortcode_0_placeholder\n<hr>\n<h3>D\u00eda de la Paz 2020<\/h3>\n<p>La primera parte de las actuaciones relacionadas con la celebraci\u00f3n del D\u00eda de la Paz 2020 tuvo lugar el mismo 30 de enero.<\/p>\nngg_shortcode_1_placeholder\n<hr>\n<h3>La tercera edici\u00f3n del Mercadillo Solidario Luis Cernuda se enmarca en las actividades que celebran el D\u00eda de la Paz.<\/h3>\n<p>La celebraci\u00f3n de un mercadillo solidario como colof\u00f3n de las actividades organizadas para celebrar el D\u00eda de la Paz parece consolidarse con la tercera edici\u00f3n del Mercadillo Solidario Luis Cernuda. Al igual que en los dos a\u00f1os precedentes, la recaudaci\u00f3n se destinar\u00e1 a la Organizaci\u00f3n No Gubernamental <strong>EDUCO<\/strong>. La labor solidaria no se limita al mercadillo en s\u00ed sino que tiene su prolongaci\u00f3n en las charlas explicativas por parte de un representante de dicha ONG al alumnado del centro.<\/p>\n<p>Los art\u00edculos puestos a la venta han sido de lo m\u00e1s variopinto: huchas, llaveros, chapas, libros, candeleros&#8230; y a unos precios muy asequibles.<\/p>\n<p>Para recuperar energ\u00eda, el <strong>AMPA Nov\u00edsimo<\/strong> ofrec\u00eda una <a href=\"https:\/\/blogsaverroes.juntadeandalucia.es\/ceipluiscernuda\/actuaciones\/\">espectacular merienda<\/a>.<\/p>\nngg_shortcode_2_placeholder\n<hr>\n<h3>Educo destinar\u00e1 la cantidad recaudada con el Mercadillo Solidario al programa Becas Ella.<\/h3>\n<p><img loading=\"lazy\" decoding=\"async\" class=\"alignnone size-full wp-image-2945\" src=\"https:\/\/blogsaverroes.juntadeandalucia.es\/ceipluiscernuda\/files\/2016\/02\/educo2018p.jpg\" alt=\"\" width=\"640\" height=\"455\" srcset=\"https:\/\/blogsaverroes.juntadeandalucia.es\/ceipluiscernuda\/files\/2016\/02\/educo2018p.jpg 640w, https:\/\/blogsaverroes.juntadeandalucia.es\/ceipluiscernuda\/files\/2016\/02\/educo2018p-300x213.jpg 300w, https:\/\/blogsaverroes.juntadeandalucia.es\/ceipluiscernuda\/files\/2016\/02\/educo2018p-24x17.jpg 24w, https:\/\/blogsaverroes.juntadeandalucia.es\/ceipluiscernuda\/files\/2016\/02\/educo2018p-36x26.jpg 36w, https:\/\/blogsaverroes.juntadeandalucia.es\/ceipluiscernuda\/files\/2016\/02\/educo2018p-48x34.jpg 48w\" sizes=\"(max-width: 640px) 100vw, 640px\" \/><\/p>\n<h3>La celebraci\u00f3n del D\u00eda de la Paz 2018 supone abrir la segunda edici\u00f3n del Mercadillo Solidario Luis Cernuda.<\/h3>\n<p>El <strong>5 de febrero<\/strong>, en horario de <strong>16:45 a 18:15<\/strong>, se abre la segunda edici\u00f3n del Mercadillo Solidario Luis Cernuda en una jornada de puertas abiertas. Los art\u00edculos que se ponen a la venta han sido elaborados por el alumnado del centro y el precio no sobrepasar\u00e1 los <strong>3 euros<\/strong>. La cantidad recaudada se destina a la Organizaci\u00f3n No Gubernamental <strong>EDUCO<\/strong>. Un representante de esta ONG se presta a impartir charlas para informar al alumnado sobre d\u00f3nde se destina el dinero recaudado y sobre la manera de trabajar con personas m\u00e1s desfavorecidas.<\/p>\n<p>Por otra parte, el <strong>AMPA Nov\u00edsimo<\/strong> colabora con el 50% de lo recaudado en su puesto de merienda.<\/p>\nngg_shortcode_3_placeholder\n<hr>\n<h2>El alumnado del centro muestra los valores de la solidaridad con este <a href=\"https:\/\/youtu.be\/8q8zcnxIeo8\" target=\"_blank\" rel=\"noopener noreferrer\">v\u00eddeo<\/a>.<\/h2>\n<h2>Tambi\u00e9n se lanza a cantarle a la Paz en <a href=\"https:\/\/youtu.be\/qONcxdNBvc0\" target=\"_blank\" rel=\"noopener noreferrer\">franc\u00e9s<\/a>.<\/h2>\n<hr>\n<h2>I MERCADILLO SOLIDARIO LUIS CERNUDA<\/h2>\n\n\t\t<style>\n\t\t\t#gallery-1 {\n\t\t\t\tmargin: auto;\n\t\t\t}\n\t\t\t#gallery-1 .gallery-item {\n\t\t\t\tfloat: left;\n\t\t\t\tmargin-top: 10px;\n\t\t\t\ttext-align: center;\n\t\t\t\twidth: 33%;\n\t\t\t}\n\t\t\t#gallery-1 img {\n\t\t\t\tborder: 2px solid #cfcfcf;\n\t\t\t}\n\t\t\t#gallery-1 .gallery-caption {\n\t\t\t\tmargin-left: 0;\n\t\t\t}\n\t\t\t\/* see gallery_shortcode() in wp-includes\/media.php *\/\n\t\t<\/style>\n\t\t<div id='gallery-1' class='gallery galleryid-636 gallery-columns-3 gallery-size-medium'><dl class='gallery-item'>\n\t\t\t<dt class='gallery-icon landscape'>\n\t\t\t\t<a href='https:\/\/blogsaverroes.juntadeandalucia.es\/ceipluiscernuda\/paz-20170130-04\/'><img loading=\"lazy\" decoding=\"async\" width=\"300\" height=\"225\" src=\"https:\/\/blogsaverroes.juntadeandalucia.es\/ceipluiscernuda\/files\/2017\/01\/paz-20170130-04-300x225.jpg\" class=\"attachment-medium size-medium\" alt=\"\" srcset=\"https:\/\/blogsaverroes.juntadeandalucia.es\/ceipluiscernuda\/files\/2017\/01\/paz-20170130-04-300x225.jpg 300w, https:\/\/blogsaverroes.juntadeandalucia.es\/ceipluiscernuda\/files\/2017\/01\/paz-20170130-04-1024x768.jpg 1024w, https:\/\/blogsaverroes.juntadeandalucia.es\/ceipluiscernuda\/files\/2017\/01\/paz-20170130-04-24x18.jpg 24w, https:\/\/blogsaverroes.juntadeandalucia.es\/ceipluiscernuda\/files\/2017\/01\/paz-20170130-04-36x27.jpg 36w, https:\/\/blogsaverroes.juntadeandalucia.es\/ceipluiscernuda\/files\/2017\/01\/paz-20170130-04-48x36.jpg 48w, https:\/\/blogsaverroes.juntadeandalucia.es\/ceipluiscernuda\/files\/2017\/01\/paz-20170130-04.jpg 1600w\" sizes=\"(max-width: 300px) 100vw, 300px\" \/><\/a>\n\t\t\t<\/dt><\/dl><dl class='gallery-item'>\n\t\t\t<dt class='gallery-icon portrait'>\n\t\t\t\t<a href='https:\/\/blogsaverroes.juntadeandalucia.es\/ceipluiscernuda\/paz-20170130-15\/'><img loading=\"lazy\" decoding=\"async\" width=\"225\" height=\"300\" src=\"https:\/\/blogsaverroes.juntadeandalucia.es\/ceipluiscernuda\/files\/2017\/01\/paz-20170130-15-225x300.jpg\" class=\"attachment-medium size-medium\" alt=\"\" srcset=\"https:\/\/blogsaverroes.juntadeandalucia.es\/ceipluiscernuda\/files\/2017\/01\/paz-20170130-15-225x300.jpg 225w, https:\/\/blogsaverroes.juntadeandalucia.es\/ceipluiscernuda\/files\/2017\/01\/paz-20170130-15-768x1024.jpg 768w, https:\/\/blogsaverroes.juntadeandalucia.es\/ceipluiscernuda\/files\/2017\/01\/paz-20170130-15-18x24.jpg 18w, https:\/\/blogsaverroes.juntadeandalucia.es\/ceipluiscernuda\/files\/2017\/01\/paz-20170130-15-27x36.jpg 27w, https:\/\/blogsaverroes.juntadeandalucia.es\/ceipluiscernuda\/files\/2017\/01\/paz-20170130-15-36x48.jpg 36w, https:\/\/blogsaverroes.juntadeandalucia.es\/ceipluiscernuda\/files\/2017\/01\/paz-20170130-15.jpg 1200w\" sizes=\"(max-width: 225px) 100vw, 225px\" \/><\/a>\n\t\t\t<\/dt><\/dl><dl class='gallery-item'>\n\t\t\t<dt class='gallery-icon portrait'>\n\t\t\t\t<a href='https:\/\/blogsaverroes.juntadeandalucia.es\/ceipluiscernuda\/paz-20170130-06\/'><img loading=\"lazy\" decoding=\"async\" width=\"225\" height=\"300\" src=\"https:\/\/blogsaverroes.juntadeandalucia.es\/ceipluiscernuda\/files\/2017\/01\/paz-20170130-06-225x300.jpg\" class=\"attachment-medium size-medium\" alt=\"\" srcset=\"https:\/\/blogsaverroes.juntadeandalucia.es\/ceipluiscernuda\/files\/2017\/01\/paz-20170130-06-225x300.jpg 225w, https:\/\/blogsaverroes.juntadeandalucia.es\/ceipluiscernuda\/files\/2017\/01\/paz-20170130-06-768x1024.jpg 768w, https:\/\/blogsaverroes.juntadeandalucia.es\/ceipluiscernuda\/files\/2017\/01\/paz-20170130-06-18x24.jpg 18w, https:\/\/blogsaverroes.juntadeandalucia.es\/ceipluiscernuda\/files\/2017\/01\/paz-20170130-06-27x36.jpg 27w, https:\/\/blogsaverroes.juntadeandalucia.es\/ceipluiscernuda\/files\/2017\/01\/paz-20170130-06-36x48.jpg 36w, https:\/\/blogsaverroes.juntadeandalucia.es\/ceipluiscernuda\/files\/2017\/01\/paz-20170130-06.jpg 1200w\" sizes=\"(max-width: 225px) 100vw, 225px\" \/><\/a>\n\t\t\t<\/dt><\/dl><br style=\"clear: both\" \/><dl class='gallery-item'>\n\t\t\t<dt class='gallery-icon portrait'>\n\t\t\t\t<a href='https:\/\/blogsaverroes.juntadeandalucia.es\/ceipluiscernuda\/paz-20170130-07\/'><img loading=\"lazy\" decoding=\"async\" width=\"225\" height=\"300\" src=\"https:\/\/blogsaverroes.juntadeandalucia.es\/ceipluiscernuda\/files\/2017\/01\/paz-20170130-07-225x300.jpg\" class=\"attachment-medium size-medium\" alt=\"\" srcset=\"https:\/\/blogsaverroes.juntadeandalucia.es\/ceipluiscernuda\/files\/2017\/01\/paz-20170130-07-225x300.jpg 225w, https:\/\/blogsaverroes.juntadeandalucia.es\/ceipluiscernuda\/files\/2017\/01\/paz-20170130-07-768x1024.jpg 768w, https:\/\/blogsaverroes.juntadeandalucia.es\/ceipluiscernuda\/files\/2017\/01\/paz-20170130-07-18x24.jpg 18w, https:\/\/blogsaverroes.juntadeandalucia.es\/ceipluiscernuda\/files\/2017\/01\/paz-20170130-07-27x36.jpg 27w, https:\/\/blogsaverroes.juntadeandalucia.es\/ceipluiscernuda\/files\/2017\/01\/paz-20170130-07-36x48.jpg 36w, https:\/\/blogsaverroes.juntadeandalucia.es\/ceipluiscernuda\/files\/2017\/01\/paz-20170130-07.jpg 1200w\" sizes=\"(max-width: 225px) 100vw, 225px\" \/><\/a>\n\t\t\t<\/dt><\/dl><dl class='gallery-item'>\n\t\t\t<dt class='gallery-icon landscape'>\n\t\t\t\t<a href='https:\/\/blogsaverroes.juntadeandalucia.es\/ceipluiscernuda\/paz-20170130-05\/'><img loading=\"lazy\" decoding=\"async\" width=\"300\" height=\"225\" src=\"https:\/\/blogsaverroes.juntadeandalucia.es\/ceipluiscernuda\/files\/2017\/01\/paz-20170130-05-300x225.jpg\" class=\"attachment-medium size-medium\" alt=\"\" srcset=\"https:\/\/blogsaverroes.juntadeandalucia.es\/ceipluiscernuda\/files\/2017\/01\/paz-20170130-05-300x225.jpg 300w, https:\/\/blogsaverroes.juntadeandalucia.es\/ceipluiscernuda\/files\/2017\/01\/paz-20170130-05-1024x768.jpg 1024w, https:\/\/blogsaverroes.juntadeandalucia.es\/ceipluiscernuda\/files\/2017\/01\/paz-20170130-05-24x18.jpg 24w, https:\/\/blogsaverroes.juntadeandalucia.es\/ceipluiscernuda\/files\/2017\/01\/paz-20170130-05-36x27.jpg 36w, https:\/\/blogsaverroes.juntadeandalucia.es\/ceipluiscernuda\/files\/2017\/01\/paz-20170130-05-48x36.jpg 48w, https:\/\/blogsaverroes.juntadeandalucia.es\/ceipluiscernuda\/files\/2017\/01\/paz-20170130-05.jpg 1600w\" sizes=\"(max-width: 300px) 100vw, 300px\" \/><\/a>\n\t\t\t<\/dt><\/dl><dl class='gallery-item'>\n\t\t\t<dt class='gallery-icon landscape'>\n\t\t\t\t<a href='https:\/\/blogsaverroes.juntadeandalucia.es\/ceipluiscernuda\/paz-20170130-13\/'><img loading=\"lazy\" decoding=\"async\" width=\"300\" height=\"225\" src=\"https:\/\/blogsaverroes.juntadeandalucia.es\/ceipluiscernuda\/files\/2017\/01\/paz-20170130-13-300x225.jpg\" class=\"attachment-medium size-medium\" alt=\"\" srcset=\"https:\/\/blogsaverroes.juntadeandalucia.es\/ceipluiscernuda\/files\/2017\/01\/paz-20170130-13-300x225.jpg 300w, https:\/\/blogsaverroes.juntadeandalucia.es\/ceipluiscernuda\/files\/2017\/01\/paz-20170130-13-1024x768.jpg 1024w, https:\/\/blogsaverroes.juntadeandalucia.es\/ceipluiscernuda\/files\/2017\/01\/paz-20170130-13-24x18.jpg 24w, https:\/\/blogsaverroes.juntadeandalucia.es\/ceipluiscernuda\/files\/2017\/01\/paz-20170130-13-36x27.jpg 36w, https:\/\/blogsaverroes.juntadeandalucia.es\/ceipluiscernuda\/files\/2017\/01\/paz-20170130-13-48x36.jpg 48w, https:\/\/blogsaverroes.juntadeandalucia.es\/ceipluiscernuda\/files\/2017\/01\/paz-20170130-13.jpg 1600w\" sizes=\"(max-width: 300px) 100vw, 300px\" \/><\/a>\n\t\t\t<\/dt><\/dl><br style=\"clear: both\" \/><dl class='gallery-item'>\n\t\t\t<dt class='gallery-icon landscape'>\n\t\t\t\t<a href='https:\/\/blogsaverroes.juntadeandalucia.es\/ceipluiscernuda\/paz-20170126-01\/'><img loading=\"lazy\" decoding=\"async\" width=\"300\" height=\"70\" src=\"https:\/\/blogsaverroes.juntadeandalucia.es\/ceipluiscernuda\/files\/2017\/01\/paz-20170126-01-300x70.jpg\" class=\"attachment-medium size-medium\" alt=\"\" srcset=\"https:\/\/blogsaverroes.juntadeandalucia.es\/ceipluiscernuda\/files\/2017\/01\/paz-20170126-01-300x70.jpg 300w, https:\/\/blogsaverroes.juntadeandalucia.es\/ceipluiscernuda\/files\/2017\/01\/paz-20170126-01-1024x240.jpg 1024w, https:\/\/blogsaverroes.juntadeandalucia.es\/ceipluiscernuda\/files\/2017\/01\/paz-20170126-01-24x6.jpg 24w, https:\/\/blogsaverroes.juntadeandalucia.es\/ceipluiscernuda\/files\/2017\/01\/paz-20170126-01-36x8.jpg 36w, https:\/\/blogsaverroes.juntadeandalucia.es\/ceipluiscernuda\/files\/2017\/01\/paz-20170126-01-48x11.jpg 48w, https:\/\/blogsaverroes.juntadeandalucia.es\/ceipluiscernuda\/files\/2017\/01\/paz-20170126-01.jpg 1291w\" sizes=\"(max-width: 300px) 100vw, 300px\" \/><\/a>\n\t\t\t<\/dt><\/dl><dl class='gallery-item'>\n\t\t\t<dt class='gallery-icon portrait'>\n\t\t\t\t<a href='https:\/\/blogsaverroes.juntadeandalucia.es\/ceipluiscernuda\/paz-20170130-12\/'><img loading=\"lazy\" decoding=\"async\" width=\"225\" height=\"300\" src=\"https:\/\/blogsaverroes.juntadeandalucia.es\/ceipluiscernuda\/files\/2017\/01\/paz-20170130-12-225x300.jpg\" class=\"attachment-medium size-medium\" alt=\"\" srcset=\"https:\/\/blogsaverroes.juntadeandalucia.es\/ceipluiscernuda\/files\/2017\/01\/paz-20170130-12-225x300.jpg 225w, https:\/\/blogsaverroes.juntadeandalucia.es\/ceipluiscernuda\/files\/2017\/01\/paz-20170130-12-768x1024.jpg 768w, https:\/\/blogsaverroes.juntadeandalucia.es\/ceipluiscernuda\/files\/2017\/01\/paz-20170130-12-18x24.jpg 18w, https:\/\/blogsaverroes.juntadeandalucia.es\/ceipluiscernuda\/files\/2017\/01\/paz-20170130-12-27x36.jpg 27w, https:\/\/blogsaverroes.juntadeandalucia.es\/ceipluiscernuda\/files\/2017\/01\/paz-20170130-12-36x48.jpg 36w, https:\/\/blogsaverroes.juntadeandalucia.es\/ceipluiscernuda\/files\/2017\/01\/paz-20170130-12.jpg 1200w\" sizes=\"(max-width: 225px) 100vw, 225px\" \/><\/a>\n\t\t\t<\/dt><\/dl><dl class='gallery-item'>\n\t\t\t<dt class='gallery-icon landscape'>\n\t\t\t\t<a href='https:\/\/blogsaverroes.juntadeandalucia.es\/ceipluiscernuda\/paz-20170130-08\/'><img loading=\"lazy\" decoding=\"async\" width=\"300\" height=\"225\" src=\"https:\/\/blogsaverroes.juntadeandalucia.es\/ceipluiscernuda\/files\/2017\/01\/paz-20170130-08-300x225.jpg\" class=\"attachment-medium size-medium\" alt=\"\" srcset=\"https:\/\/blogsaverroes.juntadeandalucia.es\/ceipluiscernuda\/files\/2017\/01\/paz-20170130-08-300x225.jpg 300w, https:\/\/blogsaverroes.juntadeandalucia.es\/ceipluiscernuda\/files\/2017\/01\/paz-20170130-08-1024x768.jpg 1024w, https:\/\/blogsaverroes.juntadeandalucia.es\/ceipluiscernuda\/files\/2017\/01\/paz-20170130-08-24x18.jpg 24w, https:\/\/blogsaverroes.juntadeandalucia.es\/ceipluiscernuda\/files\/2017\/01\/paz-20170130-08-36x27.jpg 36w, https:\/\/blogsaverroes.juntadeandalucia.es\/ceipluiscernuda\/files\/2017\/01\/paz-20170130-08-48x36.jpg 48w, https:\/\/blogsaverroes.juntadeandalucia.es\/ceipluiscernuda\/files\/2017\/01\/paz-20170130-08.jpg 1600w\" sizes=\"(max-width: 300px) 100vw, 300px\" \/><\/a>\n\t\t\t<\/dt><\/dl><br style=\"clear: both\" \/><dl class='gallery-item'>\n\t\t\t<dt class='gallery-icon portrait'>\n\t\t\t\t<a href='https:\/\/blogsaverroes.juntadeandalucia.es\/ceipluiscernuda\/paz-20170130-02\/'><img loading=\"lazy\" decoding=\"async\" width=\"225\" height=\"300\" src=\"https:\/\/blogsaverroes.juntadeandalucia.es\/ceipluiscernuda\/files\/2017\/01\/paz-20170130-02-225x300.jpg\" class=\"attachment-medium size-medium\" alt=\"\" srcset=\"https:\/\/blogsaverroes.juntadeandalucia.es\/ceipluiscernuda\/files\/2017\/01\/paz-20170130-02-225x300.jpg 225w, https:\/\/blogsaverroes.juntadeandalucia.es\/ceipluiscernuda\/files\/2017\/01\/paz-20170130-02-768x1024.jpg 768w, https:\/\/blogsaverroes.juntadeandalucia.es\/ceipluiscernuda\/files\/2017\/01\/paz-20170130-02-18x24.jpg 18w, https:\/\/blogsaverroes.juntadeandalucia.es\/ceipluiscernuda\/files\/2017\/01\/paz-20170130-02-27x36.jpg 27w, https:\/\/blogsaverroes.juntadeandalucia.es\/ceipluiscernuda\/files\/2017\/01\/paz-20170130-02-36x48.jpg 36w, https:\/\/blogsaverroes.juntadeandalucia.es\/ceipluiscernuda\/files\/2017\/01\/paz-20170130-02.jpg 1200w\" sizes=\"(max-width: 225px) 100vw, 225px\" \/><\/a>\n\t\t\t<\/dt><\/dl><dl class='gallery-item'>\n\t\t\t<dt class='gallery-icon portrait'>\n\t\t\t\t<a href='https:\/\/blogsaverroes.juntadeandalucia.es\/ceipluiscernuda\/paz-20170130-11\/'><img loading=\"lazy\" decoding=\"async\" width=\"225\" height=\"300\" src=\"https:\/\/blogsaverroes.juntadeandalucia.es\/ceipluiscernuda\/files\/2017\/01\/paz-20170130-11-225x300.jpg\" class=\"attachment-medium size-medium\" alt=\"\" srcset=\"https:\/\/blogsaverroes.juntadeandalucia.es\/ceipluiscernuda\/files\/2017\/01\/paz-20170130-11-225x300.jpg 225w, https:\/\/blogsaverroes.juntadeandalucia.es\/ceipluiscernuda\/files\/2017\/01\/paz-20170130-11-768x1024.jpg 768w, https:\/\/blogsaverroes.juntadeandalucia.es\/ceipluiscernuda\/files\/2017\/01\/paz-20170130-11-18x24.jpg 18w, https:\/\/blogsaverroes.juntadeandalucia.es\/ceipluiscernuda\/files\/2017\/01\/paz-20170130-11-27x36.jpg 27w, https:\/\/blogsaverroes.juntadeandalucia.es\/ceipluiscernuda\/files\/2017\/01\/paz-20170130-11-36x48.jpg 36w, https:\/\/blogsaverroes.juntadeandalucia.es\/ceipluiscernuda\/files\/2017\/01\/paz-20170130-11.jpg 1200w\" sizes=\"(max-width: 225px) 100vw, 225px\" \/><\/a>\n\t\t\t<\/dt><\/dl><dl class='gallery-item'>\n\t\t\t<dt class='gallery-icon landscape'>\n\t\t\t\t<a href='https:\/\/blogsaverroes.juntadeandalucia.es\/ceipluiscernuda\/paz-20170130-09\/'><img loading=\"lazy\" decoding=\"async\" width=\"300\" height=\"225\" src=\"https:\/\/blogsaverroes.juntadeandalucia.es\/ceipluiscernuda\/files\/2017\/01\/paz-20170130-09-300x225.jpg\" class=\"attachment-medium size-medium\" alt=\"\" srcset=\"https:\/\/blogsaverroes.juntadeandalucia.es\/ceipluiscernuda\/files\/2017\/01\/paz-20170130-09-300x225.jpg 300w, https:\/\/blogsaverroes.juntadeandalucia.es\/ceipluiscernuda\/files\/2017\/01\/paz-20170130-09-1024x768.jpg 1024w, https:\/\/blogsaverroes.juntadeandalucia.es\/ceipluiscernuda\/files\/2017\/01\/paz-20170130-09-24x18.jpg 24w, https:\/\/blogsaverroes.juntadeandalucia.es\/ceipluiscernuda\/files\/2017\/01\/paz-20170130-09-36x27.jpg 36w, https:\/\/blogsaverroes.juntadeandalucia.es\/ceipluiscernuda\/files\/2017\/01\/paz-20170130-09-48x36.jpg 48w, https:\/\/blogsaverroes.juntadeandalucia.es\/ceipluiscernuda\/files\/2017\/01\/paz-20170130-09.jpg 1600w\" sizes=\"(max-width: 300px) 100vw, 300px\" \/><\/a>\n\t\t\t<\/dt><\/dl><br style=\"clear: both\" \/><dl class='gallery-item'>\n\t\t\t<dt class='gallery-icon portrait'>\n\t\t\t\t<a href='https:\/\/blogsaverroes.juntadeandalucia.es\/ceipluiscernuda\/paz-20170130-10\/'><img loading=\"lazy\" decoding=\"async\" width=\"225\" height=\"300\" src=\"https:\/\/blogsaverroes.juntadeandalucia.es\/ceipluiscernuda\/files\/2017\/01\/paz-20170130-10-225x300.jpg\" class=\"attachment-medium size-medium\" alt=\"\" srcset=\"https:\/\/blogsaverroes.juntadeandalucia.es\/ceipluiscernuda\/files\/2017\/01\/paz-20170130-10-225x300.jpg 225w, https:\/\/blogsaverroes.juntadeandalucia.es\/ceipluiscernuda\/files\/2017\/01\/paz-20170130-10-768x1024.jpg 768w, https:\/\/blogsaverroes.juntadeandalucia.es\/ceipluiscernuda\/files\/2017\/01\/paz-20170130-10-18x24.jpg 18w, https:\/\/blogsaverroes.juntadeandalucia.es\/ceipluiscernuda\/files\/2017\/01\/paz-20170130-10-27x36.jpg 27w, https:\/\/blogsaverroes.juntadeandalucia.es\/ceipluiscernuda\/files\/2017\/01\/paz-20170130-10-36x48.jpg 36w, https:\/\/blogsaverroes.juntadeandalucia.es\/ceipluiscernuda\/files\/2017\/01\/paz-20170130-10.jpg 1200w\" sizes=\"(max-width: 225px) 100vw, 225px\" \/><\/a>\n\t\t\t<\/dt><\/dl><dl class='gallery-item'>\n\t\t\t<dt class='gallery-icon landscape'>\n\t\t\t\t<a href='https:\/\/blogsaverroes.juntadeandalucia.es\/ceipluiscernuda\/paz-20170130-03\/'><img loading=\"lazy\" decoding=\"async\" width=\"300\" height=\"225\" src=\"https:\/\/blogsaverroes.juntadeandalucia.es\/ceipluiscernuda\/files\/2017\/01\/paz-20170130-03-300x225.jpg\" class=\"attachment-medium size-medium\" alt=\"\" srcset=\"https:\/\/blogsaverroes.juntadeandalucia.es\/ceipluiscernuda\/files\/2017\/01\/paz-20170130-03-300x225.jpg 300w, https:\/\/blogsaverroes.juntadeandalucia.es\/ceipluiscernuda\/files\/2017\/01\/paz-20170130-03-1024x768.jpg 1024w, https:\/\/blogsaverroes.juntadeandalucia.es\/ceipluiscernuda\/files\/2017\/01\/paz-20170130-03-24x18.jpg 24w, https:\/\/blogsaverroes.juntadeandalucia.es\/ceipluiscernuda\/files\/2017\/01\/paz-20170130-03-36x27.jpg 36w, https:\/\/blogsaverroes.juntadeandalucia.es\/ceipluiscernuda\/files\/2017\/01\/paz-20170130-03-48x36.jpg 48w, https:\/\/blogsaverroes.juntadeandalucia.es\/ceipluiscernuda\/files\/2017\/01\/paz-20170130-03.jpg 1600w\" sizes=\"(max-width: 300px) 100vw, 300px\" \/><\/a>\n\t\t\t<\/dt><\/dl><dl class='gallery-item'>\n\t\t\t<dt class='gallery-icon portrait'>\n\t\t\t\t<a href='https:\/\/blogsaverroes.juntadeandalucia.es\/ceipluiscernuda\/paz-20170130-14\/'><img loading=\"lazy\" decoding=\"async\" width=\"225\" height=\"300\" src=\"https:\/\/blogsaverroes.juntadeandalucia.es\/ceipluiscernuda\/files\/2017\/01\/paz-20170130-14-225x300.jpg\" class=\"attachment-medium size-medium\" alt=\"\" srcset=\"https:\/\/blogsaverroes.juntadeandalucia.es\/ceipluiscernuda\/files\/2017\/01\/paz-20170130-14-225x300.jpg 225w, https:\/\/blogsaverroes.juntadeandalucia.es\/ceipluiscernuda\/files\/2017\/01\/paz-20170130-14-768x1024.jpg 768w, https:\/\/blogsaverroes.juntadeandalucia.es\/ceipluiscernuda\/files\/2017\/01\/paz-20170130-14-18x24.jpg 18w, https:\/\/blogsaverroes.juntadeandalucia.es\/ceipluiscernuda\/files\/2017\/01\/paz-20170130-14-27x36.jpg 27w, https:\/\/blogsaverroes.juntadeandalucia.es\/ceipluiscernuda\/files\/2017\/01\/paz-20170130-14-36x48.jpg 36w, https:\/\/blogsaverroes.juntadeandalucia.es\/ceipluiscernuda\/files\/2017\/01\/paz-20170130-14.jpg 1200w\" sizes=\"(max-width: 225px) 100vw, 225px\" \/><\/a>\n\t\t\t<\/dt><\/dl><br style=\"clear: both\" \/>\n\t\t<\/div>\n\n<p><a href=\"https:\/\/blogsaverroes.juntadeandalucia.es\/ceipluiscernuda\/files\/2016\/01\/razas2.gif\"><img loading=\"lazy\" decoding=\"async\" class=\"alignnone wp-image-195 size-full\" src=\"https:\/\/blogsaverroes.juntadeandalucia.es\/ceipluiscernuda\/files\/2016\/01\/razas2.gif\" alt=\"razas2\" width=\"536\" height=\"191\"><\/a><\/p>\n<table style=\"border-color: #000000;background-color: #ffcc00\" border=\"2\">\n<tbody>\n<tr>\n<td>\n<h3>Educaci\u00f3n Infantil<\/h3>\n<\/td>\n<td>\n<h3>Educaci\u00f3n Primaria<\/h3>\n<\/td>\n<\/tr>\n<tr>\n<td rowspan=\"2\"><a href=\"https:\/\/sites.google.com\/site\/clc41002025\/actividades-complementarias\/3-anos\" target=\"_blank\" rel=\"noopener noreferrer\">Cuento para la Paz 3 a\u00f1os<\/a><\/td>\n<td><a href=\"https:\/\/sites.google.com\/site\/clc41002025\/actividades-complementarias\/1o-de-primaria\" target=\"_blank\" rel=\"noopener noreferrer\">Cuento para la Paz 1\u00ba<\/a><\/td>\n<\/tr>\n<tr>\n<td><a href=\"https:\/\/sites.google.com\/site\/clc41002025\/actividades-complementarias\/2o-de-primaria\" target=\"_blank\" rel=\"noopener noreferrer\">Cuento para la Paz 2\u00ba<\/a><\/td>\n<\/tr>\n<tr>\n<td rowspan=\"2\"><a href=\"https:\/\/sites.google.com\/site\/clc41002025\/actividades-complementarias\/4-anos\" target=\"_blank\" rel=\"noopener noreferrer\">Cuento para la Paz 4 a\u00f1os<\/a><\/td>\n<td><a href=\"https:\/\/sites.google.com\/site\/clc41002025\/actividades-complementarias\/3o-de-primaria\" target=\"_blank\" rel=\"noopener noreferrer\">Cuento para la Paz 3\u00ba<\/a><\/td>\n<\/tr>\n<tr>\n<td><a href=\"https:\/\/sites.google.com\/site\/clc41002025\/actividades-complementarias\/4o-de-primaria\" target=\"_blank\" rel=\"noopener noreferrer\">Cuento para la Paz 4\u00ba<\/a><\/td>\n<\/tr>\n<tr>\n<td rowspan=\"2\"><a href=\"https:\/\/sites.google.com\/site\/clc41002025\/actividades-complementarias\/5-anos\" target=\"_blank\" rel=\"noopener noreferrer\">Cuento para la Paz 5 a\u00f1os<\/a><\/td>\n<td><a href=\"https:\/\/sites.google.com\/site\/clc41002025\/actividades-complementarias\/5o-de-primaria\" target=\"_blank\" rel=\"noopener noreferrer\">Cuento para la Paz 5\u00ba<\/a><\/td>\n<\/tr>\n<tr>\n<td><a href=\"https:\/\/sites.google.com\/site\/clc41002025\/actividades-complementarias\/6o-de-primaria\" target=\"_blank\" rel=\"noopener noreferrer\">Cuento para la Paz 6\u00ba<\/a><\/td>\n<\/tr>\n<\/tbody>\n<\/table>\n","protected":false},"excerpt":{"rendered":"<p>D\u00eda de la Paz 2022 D\u00eda de la Paz 2021 La paz en tiempos de pandemia&#8230; D\u00eda de la Paz 2020 La primera parte de las actuaciones relacionadas con la celebraci\u00f3n del D\u00eda de&#46;&#46;&#46;<\/p>\n","protected":false},"author":2943,"featured_media":0,"parent":0,"menu_order":0,"comment_status":"open","ping_status":"open","template":"","meta":{"ngg_post_thumbnail":0,"footnotes":""},"aioseo_notices":[],"_links":{"self":[{"href":"https:\/\/blogsaverroes.juntadeandalucia.es\/ceipluiscernuda\/wp-json\/wp\/v2\/pages\/636"}],"collection":[{"href":"https:\/\/blogsaverroes.juntadeandalucia.es\/ceipluiscernuda\/wp-json\/wp\/v2\/pages"}],"about":[{"href":"https:\/\/blogsaverroes.juntadeandalucia.es\/ceipluiscernuda\/wp-json\/wp\/v2\/types\/page"}],"author":[{"embeddable":true,"href":"https:\/\/blogsaverroes.juntadeandalucia.es\/ceipluiscernuda\/wp-json\/wp\/v2\/users\/2943"}],"replies":[{"embeddable":true,"href":"https:\/\/blogsaverroes.juntadeandalucia.es\/ceipluiscernuda\/wp-json\/wp\/v2\/comments?post=636"}],"version-history":[{"count":39,"href":"https:\/\/blogsaverroes.juntadeandalucia.es\/ceipluiscernuda\/wp-json\/wp\/v2\/pages\/636\/revisions"}],"predecessor-version":[{"id":6171,"href":"https:\/\/blogsaverroes.juntadeandalucia.es\/ceipluiscernuda\/wp-json\/wp\/v2\/pages\/636\/revisions\/6171"}],"wp:attachment":[{"href":"https:\/\/blogsaverroes.juntadeandalucia.es\/ceipluiscernuda\/wp-json\/wp\/v2\/media?parent=636"}],"curies":[{"name":"wp","href":"https:\/\/api.w.org\/{rel}","templated":true}]}}