{"id":998,"date":"2016-05-10T18:58:41","date_gmt":"2016-05-10T18:58:41","guid":{"rendered":"http:\/\/blogsaverroes.juntadeandalucia.es\/ceipluiscernuda\/?page_id=998"},"modified":"2020-06-02T11:26:28","modified_gmt":"2020-06-02T10:26:28","slug":"eventos","status":"publish","type":"page","link":"https:\/\/blogsaverroes.juntadeandalucia.es\/ceipluiscernuda\/eventos\/","title":{"rendered":"Eventos"},"content":{"rendered":"<h2>2019-2020<\/h2>\n<h4>Huerto escolar<\/h4>\n<p>El trabajo da sus frutos.<\/p>\nngg_shortcode_0_placeholder\n<h2>2018-2019<\/h2>\n<h4>Huerto escolar<\/h4>\nngg_shortcode_1_placeholder\n<h4>Ajedrez<\/h4>\nngg_shortcode_2_placeholder\n<h4>Celebramos la Navidad<\/h4>\nngg_shortcode_3_placeholder\n<h4>En el marco de la asignatura de Religi\u00f3n Cat\u00f3lica, el alumnado de sexto, tambi\u00e9n este curso, visita el Hospital de la Caridad de Sevilla como parte de los actos conmemorativos del&nbsp;cuadringent\u00e9simo aniversario del nacimiento de Bartolom\u00e9 Esteban Murillo.<\/h4>\nngg_shortcode_4_placeholder\n<h2>2017-2018<\/h2>\n<h4>El alumnado de sexto conmemora el&nbsp;cuadringent\u00e9simo aniversario del nacimiento de Bartolom\u00e9 Esteban Murillo con una visita al Hospital de la Caridad de Sevilla.<\/h4>\nngg_shortcode_5_placeholder\n<h4>El alumnado del tercer ciclo participa en la Semana de la Ciencia 2018 organizada desde el IES Galileo Galilei.<\/h4>\nngg_shortcode_6_placeholder\n<h4>El alumnado de sexto que cursa Religi\u00f3n Cat\u00f3lica visita algunos belenes de la capital hispalense.<\/h4>\nngg_shortcode_7_placeholder\n<hr>\n<h4>2016-2017<\/h4>\n<h4>El alumnado de tercero que cursa Religi\u00f3n Cat\u00f3lica visita el Hospital de los Venerables.<\/h4>\nngg_shortcode_8_placeholder\n","protected":false},"excerpt":{"rendered":"<p>2019-2020 Huerto escolar El trabajo da sus frutos. 2018-2019 Huerto escolar \u00bb order_by=\u00bbsortorder\u00bb order_direction=\u00bbASC\u00bb returns=\u00bbincluded\u00bb maximum_entity_count=\u00bb500&#8243;] Ajedrez \u00bb order_by=\u00bbsortorder\u00bb order_direction=\u00bbASC\u00bb returns=\u00bbincluded\u00bb maximum_entity_count=\u00bb500&#8243;] Celebramos la Navidad \u00bb order_by=\u00bbsortorder\u00bb order_direction=\u00bbASC\u00bb returns=\u00bbincluded\u00bb maximum_entity_count=\u00bb500&#8243;] En el marco de&#46;&#46;&#46;<\/p>\n","protected":false},"author":2943,"featured_media":0,"parent":0,"menu_order":0,"comment_status":"open","ping_status":"open","template":"","meta":{"ngg_post_thumbnail":0,"footnotes":""},"aioseo_notices":[],"_links":{"self":[{"href":"https:\/\/blogsaverroes.juntadeandalucia.es\/ceipluiscernuda\/wp-json\/wp\/v2\/pages\/998"}],"collection":[{"href":"https:\/\/blogsaverroes.juntadeandalucia.es\/ceipluiscernuda\/wp-json\/wp\/v2\/pages"}],"about":[{"href":"https:\/\/blogsaverroes.juntadeandalucia.es\/ceipluiscernuda\/wp-json\/wp\/v2\/types\/page"}],"author":[{"embeddable":true,"href":"https:\/\/blogsaverroes.juntadeandalucia.es\/ceipluiscernuda\/wp-json\/wp\/v2\/users\/2943"}],"replies":[{"embeddable":true,"href":"https:\/\/blogsaverroes.juntadeandalucia.es\/ceipluiscernuda\/wp-json\/wp\/v2\/comments?post=998"}],"version-history":[{"count":21,"href":"https:\/\/blogsaverroes.juntadeandalucia.es\/ceipluiscernuda\/wp-json\/wp\/v2\/pages\/998\/revisions"}],"predecessor-version":[{"id":5748,"href":"https:\/\/blogsaverroes.juntadeandalucia.es\/ceipluiscernuda\/wp-json\/wp\/v2\/pages\/998\/revisions\/5748"}],"wp:attachment":[{"href":"https:\/\/blogsaverroes.juntadeandalucia.es\/ceipluiscernuda\/wp-json\/wp\/v2\/media?parent=998"}],"curies":[{"name":"wp","href":"https:\/\/api.w.org\/{rel}","templated":true}]}}