{"id":1185,"date":"2024-10-09T19:00:56","date_gmt":"2024-10-09T18:00:56","guid":{"rendered":"https:\/\/blogsaverroes.juntadeandalucia.es\/ceipmadredelaluz\/?page_id=1185"},"modified":"2024-10-26T20:11:17","modified_gmt":"2024-10-26T19:11:17","slug":"erasmus","status":"publish","type":"page","link":"https:\/\/blogsaverroes.juntadeandalucia.es\/ceipmadredelaluz\/planes-y-proyectos\/erasmus\/","title":{"rendered":"Erasmus+"},"content":{"rendered":"<p><img fetchpriority=\"high\" decoding=\"async\" class=\"aligncenter wp-image-1801 size-large\" src=\"https:\/\/blogsaverroes.juntadeandalucia.es\/ceipmadredelaluz\/files\/2024\/10\/Erasmus_cartel-1024x406.png\" alt=\"\" width=\"1024\" height=\"406\" srcset=\"https:\/\/blogsaverroes.juntadeandalucia.es\/ceipmadredelaluz\/files\/2024\/10\/Erasmus_cartel-1024x406.png 1024w, https:\/\/blogsaverroes.juntadeandalucia.es\/ceipmadredelaluz\/files\/2024\/10\/Erasmus_cartel-300x119.png 300w, https:\/\/blogsaverroes.juntadeandalucia.es\/ceipmadredelaluz\/files\/2024\/10\/Erasmus_cartel-768x305.png 768w, https:\/\/blogsaverroes.juntadeandalucia.es\/ceipmadredelaluz\/files\/2024\/10\/Erasmus_cartel-1536x610.png 1536w, https:\/\/blogsaverroes.juntadeandalucia.es\/ceipmadredelaluz\/files\/2024\/10\/Erasmus_cartel-2048x813.png 2048w\" sizes=\"(max-width: 1024px) 100vw, 1024px\" \/><\/p>\n<div style=\"text-align: justify\"><span style=\"font-family: arial, helvetica, sans-serif;font-size: 14pt\">Los objetivos de nuestro programa Erasmus+ &#8220;Guardianes Internacionales de Nuestro Entorno&#8221; son:<\/span><\/div>\n<ol>\n<li style=\"text-align: justify\"><span style=\"font-family: arial, helvetica, sans-serif;font-size: 14pt\">Promover la internacionalizaci\u00f3n del centro, estableciendo alianzas internacionales, integrando la dimensi\u00f3n internacional en el curr\u00edculo y creando una comunidad educativa global. <\/span><\/li>\n<li style=\"text-align: justify\">Fomentar la transformaci\u00f3n ecosocial del centro, reduciendo la huella ecol\u00f3gica del centro, integrando la dimensi\u00f3n ambiental en el curr\u00edculo y creando una cultura de cuidado del medio ambiente.<\/li>\n<li style=\"text-align: justify\">Facilitar la creaci\u00f3n de una comunidad educativa accesible y cuidadosa con el entorno, promoviendo la diversidad, el respeto y el desarrollo de competencias sociales y emocionales, y fortaleciendo los v\u00ednculos con la comunidad.<\/li>\n<\/ol>\n<p>&nbsp;<\/p>\n","protected":false},"excerpt":{"rendered":"<p>Los objetivos de nuestro programa Erasmus+ &#8220;Guardianes Internacionales de Nuestro Entorno&#8221; son: Promover la internacionalizaci\u00f3n del centro, estableciendo alianzas internacionales, integrando la dimensi\u00f3n internacional en el curr\u00edculo y creando una comunidad educativa global. Fomentar&#46;&#46;&#46;<\/p>\n","protected":false},"author":19927,"featured_media":0,"parent":850,"menu_order":0,"comment_status":"closed","ping_status":"closed","template":"","meta":{"ngg_post_thumbnail":0,"footnotes":""},"aioseo_notices":[],"_links":{"self":[{"href":"https:\/\/blogsaverroes.juntadeandalucia.es\/ceipmadredelaluz\/wp-json\/wp\/v2\/pages\/1185"}],"collection":[{"href":"https:\/\/blogsaverroes.juntadeandalucia.es\/ceipmadredelaluz\/wp-json\/wp\/v2\/pages"}],"about":[{"href":"https:\/\/blogsaverroes.juntadeandalucia.es\/ceipmadredelaluz\/wp-json\/wp\/v2\/types\/page"}],"author":[{"embeddable":true,"href":"https:\/\/blogsaverroes.juntadeandalucia.es\/ceipmadredelaluz\/wp-json\/wp\/v2\/users\/19927"}],"replies":[{"embeddable":true,"href":"https:\/\/blogsaverroes.juntadeandalucia.es\/ceipmadredelaluz\/wp-json\/wp\/v2\/comments?post=1185"}],"version-history":[{"count":3,"href":"https:\/\/blogsaverroes.juntadeandalucia.es\/ceipmadredelaluz\/wp-json\/wp\/v2\/pages\/1185\/revisions"}],"predecessor-version":[{"id":1802,"href":"https:\/\/blogsaverroes.juntadeandalucia.es\/ceipmadredelaluz\/wp-json\/wp\/v2\/pages\/1185\/revisions\/1802"}],"up":[{"embeddable":true,"href":"https:\/\/blogsaverroes.juntadeandalucia.es\/ceipmadredelaluz\/wp-json\/wp\/v2\/pages\/850"}],"wp:attachment":[{"href":"https:\/\/blogsaverroes.juntadeandalucia.es\/ceipmadredelaluz\/wp-json\/wp\/v2\/media?parent=1185"}],"curies":[{"name":"wp","href":"https:\/\/api.w.org\/{rel}","templated":true}]}}