{"id":1236,"date":"2024-10-09T19:38:26","date_gmt":"2024-10-09T18:38:26","guid":{"rendered":"https:\/\/blogsaverroes.juntadeandalucia.es\/ceipmadredelaluz\/?page_id=1236"},"modified":"2025-05-29T11:58:15","modified_gmt":"2025-05-29T10:58:15","slug":"transporte-escolar","status":"publish","type":"page","link":"https:\/\/blogsaverroes.juntadeandalucia.es\/ceipmadredelaluz\/servicios-ofertados\/transporte-escolar\/","title":{"rendered":"Transporte Escolar"},"content":{"rendered":"<p style=\"text-align: justify\"><span style=\"font-family: arial, helvetica, sans-serif;font-size: 14pt\">Nuestro alumnado de Educaci\u00f3n Especial se beneficia del transporte escolar de la Junta de Andaluc\u00eda.<\/span><\/p>\n<p style=\"text-align: justify\"><span style=\"font-family: arial, helvetica, sans-serif;font-size: 14pt\">La ruta la realiza la empresa <strong>Ram\u00f3n del Pino<\/strong>.&nbsp;<\/span><\/p>\n<p style=\"text-align: justify\"><span style=\"font-family: arial, helvetica, sans-serif;font-size: 14pt\">Para solicitar el servicio, se ha de cumplimentar la siguiente <a href=\"https:\/\/drive.google.com\/file\/d\/1x0LEEEuiYy2T7t3lIn_6enlNjWRtvyFK\/view?usp=sharing\" target=\"_blank\" rel=\"noopener\">solicitud<\/a>:<\/span><\/p>\n<div id=\"attachment_1614\" style=\"width: 160px\" class=\"wp-caption alignleft\"><a href=\"https:\/\/drive.google.com\/file\/d\/1x0LEEEuiYy2T7t3lIn_6enlNjWRtvyFK\/view?usp=sharing\" target=\"_blank\" rel=\"noopener\"><img decoding=\"async\" aria-describedby=\"caption-attachment-1614\" class=\"wp-image-1614 size-thumbnail\" src=\"https:\/\/blogsaverroes.juntadeandalucia.es\/ceipmadredelaluz\/files\/2024\/10\/PDF-150x150.png\" alt=\"\" width=\"150\" height=\"150\"\/><\/a><p id=\"caption-attachment-1614\" class=\"wp-caption-text\">Anexo III. Solicitud Transporte escolar<\/p><\/div>\n<p>&nbsp;<\/p>\n","protected":false},"excerpt":{"rendered":"<p>Nuestro alumnado de Educaci\u00f3n Especial se beneficia del transporte escolar de la Junta de Andaluc\u00eda. La ruta la realiza la empresa Ram\u00f3n del Pino.&nbsp; Para solicitar el servicio, se ha de cumplimentar la siguiente&#46;&#46;&#46;<\/p>\n","protected":false},"author":19927,"featured_media":0,"parent":1228,"menu_order":0,"comment_status":"closed","ping_status":"closed","template":"","meta":{"ngg_post_thumbnail":0,"footnotes":""},"aioseo_notices":[],"_links":{"self":[{"href":"https:\/\/blogsaverroes.juntadeandalucia.es\/ceipmadredelaluz\/wp-json\/wp\/v2\/pages\/1236"}],"collection":[{"href":"https:\/\/blogsaverroes.juntadeandalucia.es\/ceipmadredelaluz\/wp-json\/wp\/v2\/pages"}],"about":[{"href":"https:\/\/blogsaverroes.juntadeandalucia.es\/ceipmadredelaluz\/wp-json\/wp\/v2\/types\/page"}],"author":[{"embeddable":true,"href":"https:\/\/blogsaverroes.juntadeandalucia.es\/ceipmadredelaluz\/wp-json\/wp\/v2\/users\/19927"}],"replies":[{"embeddable":true,"href":"https:\/\/blogsaverroes.juntadeandalucia.es\/ceipmadredelaluz\/wp-json\/wp\/v2\/comments?post=1236"}],"version-history":[{"count":8,"href":"https:\/\/blogsaverroes.juntadeandalucia.es\/ceipmadredelaluz\/wp-json\/wp\/v2\/pages\/1236\/revisions"}],"predecessor-version":[{"id":2327,"href":"https:\/\/blogsaverroes.juntadeandalucia.es\/ceipmadredelaluz\/wp-json\/wp\/v2\/pages\/1236\/revisions\/2327"}],"up":[{"embeddable":true,"href":"https:\/\/blogsaverroes.juntadeandalucia.es\/ceipmadredelaluz\/wp-json\/wp\/v2\/pages\/1228"}],"wp:attachment":[{"href":"https:\/\/blogsaverroes.juntadeandalucia.es\/ceipmadredelaluz\/wp-json\/wp\/v2\/media?parent=1236"}],"curies":[{"name":"wp","href":"https:\/\/api.w.org\/{rel}","templated":true}]}}