{"id":1268,"date":"2024-10-11T17:34:55","date_gmt":"2024-10-11T16:34:55","guid":{"rendered":"https:\/\/blogsaverroes.juntadeandalucia.es\/ceipmadredelaluz\/?page_id=1268"},"modified":"2026-02-21T20:24:16","modified_gmt":"2026-02-21T19:24:16","slug":"claustro","status":"publish","type":"page","link":"https:\/\/blogsaverroes.juntadeandalucia.es\/ceipmadredelaluz\/centro-2\/claustro\/","title":{"rendered":"Claustro"},"content":{"rendered":"<p style=\"text-align: center\"><span style=\"color: #000080;font-family: arial, helvetica, sans-serif\"><strong><span style=\"font-size: 14pt\">CLAUSTRO DE PROFESORADO CURSO 2025 &#8211; 2026<\/span><\/strong><\/span><\/p>\n<p style=\"text-align: justify\"><span style=\"font-family: arial, helvetica, sans-serif\">Nuestro claustro est\u00e1 formado por 44 docentes, de los cuales 4 especialistas en Primera Lengua extranjera Franc\u00e9s, 2 especialistas en Segunda Lengua extranjera Ingl\u00e9s, 3 especialistas en Tercera Lengua extranjera Chino, 7 especialistas en Educaci\u00f3n Infantil, 3 especialistas en PT, 1 especialista TEA, 1 especialista en AL, 3 especialistas en Educaci\u00f3n F\u00edsica, de los cuales 1 Biling\u00fce Franc\u00e9s, 2 especialistas en Religi\u00f3n, 6 especialistas en Primaria Biling\u00fce Franc\u00e9s, 1 especialista en M\u00fasica Biling\u00fce Ingl\u00e9s y 1 especialista en Primaria Biling\u00fce Ingl\u00e9s.<\/span><\/p>\n","protected":false},"excerpt":{"rendered":"<p>CLAUSTRO DE PROFESORADO CURSO 2025 &#8211; 2026 Nuestro claustro est\u00e1 formado por 44 docentes, de los cuales 4 especialistas en Primera Lengua extranjera Franc\u00e9s, 2 especialistas en Segunda Lengua extranjera Ingl\u00e9s, 3 especialistas en&#46;&#46;&#46;<\/p>\n","protected":false},"author":19927,"featured_media":0,"parent":1265,"menu_order":0,"comment_status":"closed","ping_status":"closed","template":"","meta":{"ngg_post_thumbnail":0,"footnotes":""},"aioseo_notices":[],"_links":{"self":[{"href":"https:\/\/blogsaverroes.juntadeandalucia.es\/ceipmadredelaluz\/wp-json\/wp\/v2\/pages\/1268"}],"collection":[{"href":"https:\/\/blogsaverroes.juntadeandalucia.es\/ceipmadredelaluz\/wp-json\/wp\/v2\/pages"}],"about":[{"href":"https:\/\/blogsaverroes.juntadeandalucia.es\/ceipmadredelaluz\/wp-json\/wp\/v2\/types\/page"}],"author":[{"embeddable":true,"href":"https:\/\/blogsaverroes.juntadeandalucia.es\/ceipmadredelaluz\/wp-json\/wp\/v2\/users\/19927"}],"replies":[{"embeddable":true,"href":"https:\/\/blogsaverroes.juntadeandalucia.es\/ceipmadredelaluz\/wp-json\/wp\/v2\/comments?post=1268"}],"version-history":[{"count":7,"href":"https:\/\/blogsaverroes.juntadeandalucia.es\/ceipmadredelaluz\/wp-json\/wp\/v2\/pages\/1268\/revisions"}],"predecessor-version":[{"id":2565,"href":"https:\/\/blogsaverroes.juntadeandalucia.es\/ceipmadredelaluz\/wp-json\/wp\/v2\/pages\/1268\/revisions\/2565"}],"up":[{"embeddable":true,"href":"https:\/\/blogsaverroes.juntadeandalucia.es\/ceipmadredelaluz\/wp-json\/wp\/v2\/pages\/1265"}],"wp:attachment":[{"href":"https:\/\/blogsaverroes.juntadeandalucia.es\/ceipmadredelaluz\/wp-json\/wp\/v2\/media?parent=1268"}],"curies":[{"name":"wp","href":"https:\/\/api.w.org\/{rel}","templated":true}]}}