{"id":1273,"date":"2024-10-11T17:38:25","date_gmt":"2024-10-11T16:38:25","guid":{"rendered":"https:\/\/blogsaverroes.juntadeandalucia.es\/ceipmadredelaluz\/?page_id=1273"},"modified":"2024-12-20T18:58:07","modified_gmt":"2024-12-20T17:58:07","slug":"plan-de-centro","status":"publish","type":"page","link":"https:\/\/blogsaverroes.juntadeandalucia.es\/ceipmadredelaluz\/centro-2\/plan-de-centro\/","title":{"rendered":"Plan de Centro"},"content":{"rendered":"<div>\n<p style=\"text-align: justify\"><span class=\"gmail_default\" style=\"font-family: arial, helvetica, sans-serif\">Para la elaboraci\u00f3n de nuestro <strong>Plan de Centro<\/strong>, hemos tomado como referencia el&nbsp;<strong>Art\u00edculo 20<\/strong>&nbsp;del&nbsp;<strong>Decreto 328\/2010<\/strong>, de 13 de julio, que establece las directrices para la elaboraci\u00f3n de este documento, siendo estas las siguientes:<\/span><\/p>\n<p style=\"text-align: justify\"><span style=\"font-family: arial, helvetica, sans-serif\"><i>&#8220;1. El proyecto educativo, el reglamento de organizaci\u00f3n&nbsp;y funcionamiento y el proyecto de gesti\u00f3n constituyen el <strong>Plan&nbsp;de Centro<\/strong>.<br \/>\n<\/i><\/span><\/p>\n<p style=\"text-align: justify\"><span style=\"font-family: arial, helvetica, sans-serif\"><i>2. El <strong>Plan de Centro<\/strong> ser\u00e1 elaborado por el <strong>equipo directivo<\/strong> y aprobado por el <strong>Consejo Escolar<\/strong>, sin perjuicio de las competencias atribuidas al <strong>Claustro de Profesorado<\/strong> en el apartado siguiente. En su elaboraci\u00f3n el equipo directivo requerir\u00e1 la colaboraci\u00f3n e implicaci\u00f3n del equipo t\u00e9cnico de coordinaci\u00f3n pedag\u00f3gica y de otros \u00f3rganos de coordinaci\u00f3n docente.<br \/>\n<\/i><\/span><\/p>\n<p style=\"text-align: justify\"><span style=\"font-family: arial, helvetica, sans-serif\"><i>3. El Claustro de Profesorado formular\u00e1 propuestas al&nbsp;equipo directivo para la elaboraci\u00f3n del Plan de Centro, fijar\u00e1&nbsp;criterios referentes a la orientaci\u00f3n y tutor\u00eda del alumnado,&nbsp;informar\u00e1 el reglamento de organizaci\u00f3n y funcionamiento y&nbsp;aprobar\u00e1 y evaluar\u00e1 los aspectos educativos del Plan de Centro&nbsp;a que se refieren las letras b), c), d), e), f), g), k), n) y \u00f1) del&nbsp;art\u00edculo 21.3.<\/i><\/span><\/p>\n<p style=\"text-align: justify\"><span style=\"font-family: arial, helvetica, sans-serif\"><i>4. El Plan de Centro tendr\u00e1 un car\u00e1cter plurianual, obligar\u00e1&nbsp;a todo el personal del centro y vincular\u00e1 a la comunidad&nbsp;educativa del mismo. Se podr\u00e1 actualizar o modificar, en su&nbsp;caso, tras los procesos de autoevaluaci\u00f3n a que se refiere el&nbsp;art\u00edculo 26 o a propuesta del director o directora en funci\u00f3n de&nbsp;su proyecto de direcci\u00f3n.<br \/>\n<\/i><\/span><\/p>\n<p style=\"text-align: justify\"><span style=\"font-family: arial, helvetica, sans-serif\"><i>5. El Plan de Centro ser\u00e1 p\u00fablico y se facilitar\u00e1 su&nbsp;conocimiento por la comunidad educativa y la ciudadan\u00eda en&nbsp;general.&#8221;<\/i><\/span><\/p>\n<\/div>\n<div><span class=\"gmail_default\" style=\"font-family: arial, helvetica, sans-serif\"><i>&nbsp;<\/i><\/span><\/div>\n<div><span style=\"font-family: arial, helvetica, sans-serif\"><span style=\"font-size: 14pt\"><span style=\"font-size: 14pt\"><span style=\"font-size: 14pt\"><span style=\"font-size: 14pt\"><strong style=\"color: #339966;font-size: 18pt;text-align: center\">Plan de Centro curso escolar <\/strong><\/span><\/span><\/span><\/span><span style=\"font-size: 14pt\"><span style=\"font-size: 14pt\"><span style=\"font-size: 14pt\"><strong style=\"color: #339966;font-size: 18pt;text-align: center\">2025\/2026<\/strong><\/span><\/span><\/span><\/span><\/div>\n<ul style=\"list-style-type: square\">\n<li><span class=\"gmail_default\" style=\"font-family: arial, helvetica, sans-serif\">Fecha de aprobaci\u00f3n por el Consejo Escolar: <strong>29 de junio de 2011<\/strong><\/span><\/li>\n<li><span class=\"gmail_default\"><span style=\"font-family: arial, helvetica, sans-serif\">Fecha de revisi\u00f3n y actualizaci\u00f3n por el Consejo Escolar: <strong>10 de noviembre de 2025<\/strong><\/span><br \/>\n<\/span><\/li>\n<\/ul>\n<div><strong><span class=\"gmail_default\">&nbsp;<\/span><\/strong><\/div>\n<div style=\"padding-left: 40px\"><span style=\"font-size: 18pt;color: #339966;font-family: arial, helvetica, sans-serif\"><strong><span class=\"gmail_default\">Proyecto Educativo<\/span><\/strong><\/span><\/div>\n<div><div class=\"_3d-flip-book  fb3d-fullscreen-mode full-size\" data-id=\"2453\" data-mode=\"fullscreen\" data-title=\"false\" data-template=\"short-white-book-view\" data-lightbox=\"dark-shadow\" data-urlparam=\"fb3d-page\" data-page-n=\"0\" data-pdf=\"\" data-tax=\"null\" data-thumbnail=\"\" data-cols=\"3\" data-book-template=\"default\" data-trigger=\"\"><\/div><script type=\"text\/javascript\">window.FB3D_CLIENT_DATA = window.FB3D_CLIENT_DATA || [];FB3D_CLIENT_DATA.push('eyJwb3N0cyI6eyIyNDUzIjp7IklEIjoyNDUzLCJ0aXRsZSI6IlByb3llY3RvIEVkdWNhdGl2byAyMDI1LTIwMjYiLCJ0eXBlIjoicGRmIiwicmVhZHlfZnVuY3Rpb24iOiIiLCJib29rX3N0eWxlIjoiZmxhdCIsImJvb2tfdGVtcGxhdGUiOiJub25lIiwib3V0bGluZSI6W10sImRhdGEiOnsicG9zdF9JRCI6Ii0xIiwiZ3VpZCI6Imh0dHBzOlwvXC9ibG9nc2F2ZXJyb2VzLmp1bnRhZGVhbmRhbHVjaWEuZXNcL2NlaXBtYWRyZWRlbGFsdXpcL2ZpbGVzXC8yMDI1XC8xMVwvMV9Qcm95ZWN0b19FZHVjYXRpdm9fMjVfMjYucGRmIiwicGRmX3BhZ2VzIjoiMTMzIiwicGFnZXNfY3VzdG9taXphdGlvbiI6Im5vbmUifSwidGh1bWJuYWlsIjp7ImRhdGEiOnsicG9zdF9JRCI6IjAifSwidHlwZSI6ImF1dG8ifSwicHJvcHMiOnsiYmFja2dyb3VuZENvbG9yIjoiYXV0byIsImJhY2tncm91bmRJbWFnZSI6ImF1dG8iLCJiYWNrZ3JvdW5kU3R5bGUiOiJhdXRvIiwiaGlnaGxpZ2h0TGlua3MiOiJhdXRvIiwibGlnaHRpbmciOiJhdXRvIiwic2luZ2xlUGFnZU1vZGUiOiJhdXRvIiwiY2FjaGVkUGFnZXMiOiJhdXRvIiwicmVuZGVySW5hY3RpdmVQYWdlcyI6ImF1dG8iLCJyZW5kZXJJbmFjdGl2ZVBhZ2VzT25Nb2JpbGUiOiJhdXRvIiwicmVuZGVyV2hpbGVGbGlwcGluZyI6ImF1dG8iLCJwcmVsb2FkUGFnZXMiOiJhdXRvIiwiYXV0b1BsYXlEdXJhdGlvbiI6ImF1dG8iLCJydGwiOiJhdXRvIiwiaW50ZXJhY3RpdmVDb3JuZXJzIjoiYXV0byIsIm1heERlcHRoIjoiYXV0byIsInNoZWV0Ijp7InN0YXJ0VmVsb2NpdHkiOiJhdXRvIiwid2F2ZSI6ImF1dG8iLCJzaGFwZSI6ImF1dG8iLCJ3aWR0aFRleGVscyI6ImF1dG8iLCJjb2xvciI6ImF1dG8iLCJzaWRlIjoiYXV0byIsInN0cmV0Y2hJbWFnZXMiOiJhdXRvIiwiY29ybmVyRGV2aWF0aW9uIjoiYXV0byIsImZsZXhpYmlsaXR5IjoiYXV0byIsImZsZXhpYmxlQ29ybmVyIjoiYXV0byIsImJlbmRpbmciOiJhdXRvIiwiaGVpZ2h0VGV4ZWxzIjoiYXV0byJ9LCJjb3ZlciI6eyJ3YXZlIjoiYXV0byIsImNvbG9yIjoiYXV0byIsInNpZGUiOiJhdXRvIiwic3RyZXRjaEltYWdlcyI6ImF1dG8iLCJiaW5kZXJUZXh0dXJlIjoiYXV0byIsImRlcHRoIjoiYXV0byIsInBhZGRpbmciOiJhdXRvIiwic3RhcnRWZWxvY2l0eSI6ImF1dG8iLCJmbGV4aWJpbGl0eSI6ImF1dG8iLCJmbGV4aWJsZUNvcm5lciI6ImF1dG8iLCJiZW5kaW5nIjoiYXV0byIsIndpZHRoVGV4ZWxzIjoiYXV0byIsImhlaWdodFRleGVscyI6ImF1dG8iLCJtYXNzIjoiYXV0byIsInNoYXBlIjoiYXV0byJ9LCJwYWdlIjp7IndhdmUiOiJhdXRvIiwiY29sb3IiOiJhdXRvIiwic2lkZSI6ImF1dG8iLCJzdHJldGNoSW1hZ2VzIjoiYXV0byIsImRlcHRoIjoiYXV0byIsInN0YXJ0VmVsb2NpdHkiOiJhdXRvIiwiZmxleGliaWxpdHkiOiJhdXRvIiwiZmxleGlibGVDb3JuZXIiOiJhdXRvIiwiYmVuZGluZyI6ImF1dG8iLCJ3aWR0aFRleGVscyI6ImF1dG8iLCJoZWlnaHRUZXhlbHMiOiJhdXRvIiwibWFzcyI6ImF1dG8iLCJzaGFwZSI6ImF1dG8ifSwiaGVpZ2h0IjoiYXV0byIsIndpZHRoIjoiYXV0byIsImdyYXZpdHkiOiJhdXRvIiwicGFnZXNGb3JQcmVkaWN0aW5nIjoiYXV0byJ9LCJjb250cm9sUHJvcHMiOnsiYWN0aW9ucyI6eyJjbWRUb2MiOnsiZW5hYmxlZCI6ImF1dG8iLCJlbmFibGVkSW5OYXJyb3ciOiJhdXRvIiwiYWN0aXZlIjoiYXV0byIsImRlZmF1bHRUYWIiOiJhdXRvIn0sImNtZEF1dG9QbGF5Ijp7ImVuYWJsZWQiOiJhdXRvIiwiZW5hYmxlZEluTmFycm93IjoiYXV0byIsImFjdGl2ZSI6ImF1dG8ifSwiY21kU2F2ZSI6eyJlbmFibGVkIjoiYXV0byIsImVuYWJsZWRJbk5hcnJvdyI6ImF1dG8ifSwiY21kUHJpbnQiOnsiZW5hYmxlZCI6ImF1dG8iLCJlbmFibGVkSW5OYXJyb3ciOiJhdXRvIn0sImNtZFNpbmdsZVBhZ2UiOnsiZW5hYmxlZCI6ImF1dG8iLCJlbmFibGVkSW5OYXJyb3ciOiJhdXRvIiwiYWN0aXZlIjoiYXV0byIsImFjdGl2ZUZvck1vYmlsZSI6ImF1dG8ifSwid2lkVG9vbGJhciI6eyJlbmFibGVkIjoiYXV0byIsImVuYWJsZWRJbk5hcnJvdyI6ImF1dG8ifX19LCJhdXRvVGh1bWJuYWlsIjoiaHR0cHM6XC9cL2Jsb2dzYXZlcnJvZXMuanVudGFkZWFuZGFsdWNpYS5lc1wvY2VpcG1hZHJlZGVsYWx1elwvZmlsZXNcLzNkLWZsaXAtYm9va1wvYXV0by10aHVtYm5haWxzXC8yNDUzLnBuZyIsInBvc3RfbmFtZSI6InByb3llY3RvLWVkdWNhdGl2by0yMDI1LTIwMjYiLCJwb3N0X3R5cGUiOiIzZC1mbGlwLWJvb2sifX0sInBhZ2VzIjpbXSwiZmlyc3RQYWdlcyI6W119');window.FB3D_CLIENT_LOCALE && FB3D_CLIENT_LOCALE.render && FB3D_CLIENT_LOCALE.render();<\/script><\/div>\n<div>&nbsp;<\/div>\n<div style=\"padding-left: 40px\"><span style=\"font-size: 18pt;font-family: arial, helvetica, sans-serif\"><strong><span style=\"color: #339966\"><span class=\"gmail_default\">Reglamento de Organizaci\u00f3n y Funcionamiento (ROF)<\/span><\/span><\/strong><\/span><\/div>\n<div><div class=\"_3d-flip-book  fb3d-fullscreen-mode full-size\" data-id=\"2457\" data-mode=\"fullscreen\" data-title=\"false\" data-template=\"short-white-book-view\" data-lightbox=\"dark-shadow\" data-urlparam=\"fb3d-page\" data-page-n=\"0\" data-pdf=\"\" data-tax=\"null\" data-thumbnail=\"\" data-cols=\"3\" data-book-template=\"default\" data-trigger=\"\"><\/div><script type=\"text\/javascript\">window.FB3D_CLIENT_DATA = window.FB3D_CLIENT_DATA || [];FB3D_CLIENT_DATA.push('eyJwb3N0cyI6eyIyNDU3Ijp7IklEIjoyNDU3LCJ0aXRsZSI6IlJPRiAyMDI1LTIwMjYiLCJ0eXBlIjoicGRmIiwicmVhZHlfZnVuY3Rpb24iOiIiLCJib29rX3N0eWxlIjoiZmxhdCIsImJvb2tfdGVtcGxhdGUiOiJub25lIiwib3V0bGluZSI6W10sImRhdGEiOnsicG9zdF9JRCI6IjI0NTUiLCJndWlkIjoiaHR0cHM6XC9cL2Jsb2dzYXZlcnJvZXMuanVudGFkZWFuZGFsdWNpYS5lc1wvY2VpcG1hZHJlZGVsYWx1elwvZmlsZXNcLzIwMjVcLzExXC8yX1JPRl8yNV8yNi5wZGYiLCJwZGZfcGFnZXMiOiI1NCIsInBhZ2VzX2N1c3RvbWl6YXRpb24iOiJub25lIn0sInRodW1ibmFpbCI6eyJkYXRhIjp7InBvc3RfSUQiOiIwIn0sInR5cGUiOiJhdXRvIn0sInByb3BzIjp7ImJhY2tncm91bmRDb2xvciI6ImF1dG8iLCJiYWNrZ3JvdW5kSW1hZ2UiOiJhdXRvIiwiYmFja2dyb3VuZFN0eWxlIjoiYXV0byIsImhpZ2hsaWdodExpbmtzIjoiYXV0byIsImxpZ2h0aW5nIjoiYXV0byIsInNpbmdsZVBhZ2VNb2RlIjoiYXV0byIsImNhY2hlZFBhZ2VzIjoiYXV0byIsInJlbmRlckluYWN0aXZlUGFnZXMiOiJhdXRvIiwicmVuZGVySW5hY3RpdmVQYWdlc09uTW9iaWxlIjoiYXV0byIsInJlbmRlcldoaWxlRmxpcHBpbmciOiJhdXRvIiwicHJlbG9hZFBhZ2VzIjoiYXV0byIsImF1dG9QbGF5RHVyYXRpb24iOiJhdXRvIiwicnRsIjoiYXV0byIsImludGVyYWN0aXZlQ29ybmVycyI6ImF1dG8iLCJtYXhEZXB0aCI6ImF1dG8iLCJzaGVldCI6eyJzdGFydFZlbG9jaXR5IjoiYXV0byIsIndhdmUiOiJhdXRvIiwic2hhcGUiOiJhdXRvIiwid2lkdGhUZXhlbHMiOiJhdXRvIiwiY29sb3IiOiJhdXRvIiwic2lkZSI6ImF1dG8iLCJzdHJldGNoSW1hZ2VzIjoiYXV0byIsImNvcm5lckRldmlhdGlvbiI6ImF1dG8iLCJmbGV4aWJpbGl0eSI6ImF1dG8iLCJmbGV4aWJsZUNvcm5lciI6ImF1dG8iLCJiZW5kaW5nIjoiYXV0byIsImhlaWdodFRleGVscyI6ImF1dG8ifSwiY292ZXIiOnsid2F2ZSI6ImF1dG8iLCJjb2xvciI6ImF1dG8iLCJzaWRlIjoiYXV0byIsInN0cmV0Y2hJbWFnZXMiOiJhdXRvIiwiYmluZGVyVGV4dHVyZSI6ImF1dG8iLCJkZXB0aCI6ImF1dG8iLCJwYWRkaW5nIjoiYXV0byIsInN0YXJ0VmVsb2NpdHkiOiJhdXRvIiwiZmxleGliaWxpdHkiOiJhdXRvIiwiZmxleGlibGVDb3JuZXIiOiJhdXRvIiwiYmVuZGluZyI6ImF1dG8iLCJ3aWR0aFRleGVscyI6ImF1dG8iLCJoZWlnaHRUZXhlbHMiOiJhdXRvIiwibWFzcyI6ImF1dG8iLCJzaGFwZSI6ImF1dG8ifSwicGFnZSI6eyJ3YXZlIjoiYXV0byIsImNvbG9yIjoiYXV0byIsInNpZGUiOiJhdXRvIiwic3RyZXRjaEltYWdlcyI6ImF1dG8iLCJkZXB0aCI6ImF1dG8iLCJzdGFydFZlbG9jaXR5IjoiYXV0byIsImZsZXhpYmlsaXR5IjoiYXV0byIsImZsZXhpYmxlQ29ybmVyIjoiYXV0byIsImJlbmRpbmciOiJhdXRvIiwid2lkdGhUZXhlbHMiOiJhdXRvIiwiaGVpZ2h0VGV4ZWxzIjoiYXV0byIsIm1hc3MiOiJhdXRvIiwic2hhcGUiOiJhdXRvIn0sImhlaWdodCI6ImF1dG8iLCJ3aWR0aCI6ImF1dG8iLCJncmF2aXR5IjoiYXV0byIsInBhZ2VzRm9yUHJlZGljdGluZyI6ImF1dG8ifSwiY29udHJvbFByb3BzIjp7ImFjdGlvbnMiOnsiY21kVG9jIjp7ImVuYWJsZWQiOiJhdXRvIiwiZW5hYmxlZEluTmFycm93IjoiYXV0byIsImFjdGl2ZSI6ImF1dG8iLCJkZWZhdWx0VGFiIjoiYXV0byJ9LCJjbWRBdXRvUGxheSI6eyJlbmFibGVkIjoiYXV0byIsImVuYWJsZWRJbk5hcnJvdyI6ImF1dG8iLCJhY3RpdmUiOiJhdXRvIn0sImNtZFNhdmUiOnsiZW5hYmxlZCI6ImF1dG8iLCJlbmFibGVkSW5OYXJyb3ciOiJhdXRvIn0sImNtZFByaW50Ijp7ImVuYWJsZWQiOiJhdXRvIiwiZW5hYmxlZEluTmFycm93IjoiYXV0byJ9LCJjbWRTaW5nbGVQYWdlIjp7ImVuYWJsZWQiOiJhdXRvIiwiZW5hYmxlZEluTmFycm93IjoiYXV0byIsImFjdGl2ZSI6ImF1dG8iLCJhY3RpdmVGb3JNb2JpbGUiOiJhdXRvIn0sIndpZFRvb2xiYXIiOnsiZW5hYmxlZCI6ImF1dG8iLCJlbmFibGVkSW5OYXJyb3ciOiJhdXRvIn19fSwiYXV0b1RodW1ibmFpbCI6Imh0dHBzOlwvXC9ibG9nc2F2ZXJyb2VzLmp1bnRhZGVhbmRhbHVjaWEuZXNcL2NlaXBtYWRyZWRlbGFsdXpcL2ZpbGVzXC8zZC1mbGlwLWJvb2tcL2F1dG8tdGh1bWJuYWlsc1wvMjQ1Ny5wbmciLCJwb3N0X25hbWUiOiJyb2YtMjAyNS0yMDI2IiwicG9zdF90eXBlIjoiM2QtZmxpcC1ib29rIn19LCJwYWdlcyI6W10sImZpcnN0UGFnZXMiOltdfQ==');window.FB3D_CLIENT_LOCALE && FB3D_CLIENT_LOCALE.render && FB3D_CLIENT_LOCALE.render();<\/script><\/div>\n<div>&nbsp;<\/div>\n<div style=\"padding-left: 40px\"><span style=\"font-size: 18pt;color: #339966;font-family: arial, helvetica, sans-serif\"><strong><span class=\"gmail_default\">Proyecto de Gesti\u00f3n<\/span><\/strong><\/span><\/div>\n<div><div class=\"_3d-flip-book  fb3d-fullscreen-mode full-size\" data-id=\"2458\" data-mode=\"fullscreen\" data-title=\"false\" data-template=\"short-white-book-view\" data-lightbox=\"dark-shadow\" data-urlparam=\"fb3d-page\" data-page-n=\"0\" data-pdf=\"\" data-tax=\"null\" data-thumbnail=\"\" data-cols=\"3\" data-book-template=\"default\" data-trigger=\"\"><\/div><script type=\"text\/javascript\">window.FB3D_CLIENT_DATA = window.FB3D_CLIENT_DATA || [];FB3D_CLIENT_DATA.push('eyJwb3N0cyI6eyIyNDU4Ijp7IklEIjoyNDU4LCJ0aXRsZSI6IlByb3llY3RvIGRlIEdlc3RpXHUwMGYzbiAyMDI1LTIwMjYiLCJ0eXBlIjoicGRmIiwicmVhZHlfZnVuY3Rpb24iOiIiLCJib29rX3N0eWxlIjoiZmxhdCIsImJvb2tfdGVtcGxhdGUiOiJub25lIiwib3V0bGluZSI6W10sImRhdGEiOnsicG9zdF9JRCI6IjI0NTYiLCJndWlkIjoiaHR0cHM6XC9cL2Jsb2dzYXZlcnJvZXMuanVudGFkZWFuZGFsdWNpYS5lc1wvY2VpcG1hZHJlZGVsYWx1elwvZmlsZXNcLzIwMjVcLzExXC8zX1Byb3llY3RvX2RlX0dlc3Rpb25fMjVfMjYucGRmIiwicGRmX3BhZ2VzIjoiMTAiLCJwYWdlc19jdXN0b21pemF0aW9uIjoibm9uZSJ9LCJ0aHVtYm5haWwiOnsiZGF0YSI6eyJwb3N0X0lEIjoiMCJ9LCJ0eXBlIjoiYXV0byJ9LCJwcm9wcyI6eyJiYWNrZ3JvdW5kQ29sb3IiOiJhdXRvIiwiYmFja2dyb3VuZEltYWdlIjoiYXV0byIsImJhY2tncm91bmRTdHlsZSI6ImF1dG8iLCJoaWdobGlnaHRMaW5rcyI6ImF1dG8iLCJsaWdodGluZyI6ImF1dG8iLCJzaW5nbGVQYWdlTW9kZSI6ImF1dG8iLCJjYWNoZWRQYWdlcyI6ImF1dG8iLCJyZW5kZXJJbmFjdGl2ZVBhZ2VzIjoiYXV0byIsInJlbmRlckluYWN0aXZlUGFnZXNPbk1vYmlsZSI6ImF1dG8iLCJyZW5kZXJXaGlsZUZsaXBwaW5nIjoiYXV0byIsInByZWxvYWRQYWdlcyI6ImF1dG8iLCJhdXRvUGxheUR1cmF0aW9uIjoiYXV0byIsInJ0bCI6ImF1dG8iLCJpbnRlcmFjdGl2ZUNvcm5lcnMiOiJhdXRvIiwibWF4RGVwdGgiOiJhdXRvIiwic2hlZXQiOnsic3RhcnRWZWxvY2l0eSI6ImF1dG8iLCJ3YXZlIjoiYXV0byIsInNoYXBlIjoiYXV0byIsIndpZHRoVGV4ZWxzIjoiYXV0byIsImNvbG9yIjoiYXV0byIsInNpZGUiOiJhdXRvIiwic3RyZXRjaEltYWdlcyI6ImF1dG8iLCJjb3JuZXJEZXZpYXRpb24iOiJhdXRvIiwiZmxleGliaWxpdHkiOiJhdXRvIiwiZmxleGlibGVDb3JuZXIiOiJhdXRvIiwiYmVuZGluZyI6ImF1dG8iLCJoZWlnaHRUZXhlbHMiOiJhdXRvIn0sImNvdmVyIjp7IndhdmUiOiJhdXRvIiwiY29sb3IiOiJhdXRvIiwic2lkZSI6ImF1dG8iLCJzdHJldGNoSW1hZ2VzIjoiYXV0byIsImJpbmRlclRleHR1cmUiOiJhdXRvIiwiZGVwdGgiOiJhdXRvIiwicGFkZGluZyI6ImF1dG8iLCJzdGFydFZlbG9jaXR5IjoiYXV0byIsImZsZXhpYmlsaXR5IjoiYXV0byIsImZsZXhpYmxlQ29ybmVyIjoiYXV0byIsImJlbmRpbmciOiJhdXRvIiwid2lkdGhUZXhlbHMiOiJhdXRvIiwiaGVpZ2h0VGV4ZWxzIjoiYXV0byIsIm1hc3MiOiJhdXRvIiwic2hhcGUiOiJhdXRvIn0sInBhZ2UiOnsid2F2ZSI6ImF1dG8iLCJjb2xvciI6ImF1dG8iLCJzaWRlIjoiYXV0byIsInN0cmV0Y2hJbWFnZXMiOiJhdXRvIiwiZGVwdGgiOiJhdXRvIiwic3RhcnRWZWxvY2l0eSI6ImF1dG8iLCJmbGV4aWJpbGl0eSI6ImF1dG8iLCJmbGV4aWJsZUNvcm5lciI6ImF1dG8iLCJiZW5kaW5nIjoiYXV0byIsIndpZHRoVGV4ZWxzIjoiYXV0byIsImhlaWdodFRleGVscyI6ImF1dG8iLCJtYXNzIjoiYXV0byIsInNoYXBlIjoiYXV0byJ9LCJoZWlnaHQiOiJhdXRvIiwid2lkdGgiOiJhdXRvIiwiZ3Jhdml0eSI6ImF1dG8iLCJwYWdlc0ZvclByZWRpY3RpbmciOiJhdXRvIn0sImNvbnRyb2xQcm9wcyI6eyJhY3Rpb25zIjp7ImNtZFRvYyI6eyJlbmFibGVkIjoiYXV0byIsImVuYWJsZWRJbk5hcnJvdyI6ImF1dG8iLCJhY3RpdmUiOiJhdXRvIiwiZGVmYXVsdFRhYiI6ImF1dG8ifSwiY21kQXV0b1BsYXkiOnsiZW5hYmxlZCI6ImF1dG8iLCJlbmFibGVkSW5OYXJyb3ciOiJhdXRvIiwiYWN0aXZlIjoiYXV0byJ9LCJjbWRTYXZlIjp7ImVuYWJsZWQiOiJhdXRvIiwiZW5hYmxlZEluTmFycm93IjoiYXV0byJ9LCJjbWRQcmludCI6eyJlbmFibGVkIjoiYXV0byIsImVuYWJsZWRJbk5hcnJvdyI6ImF1dG8ifSwiY21kU2luZ2xlUGFnZSI6eyJlbmFibGVkIjoiYXV0byIsImVuYWJsZWRJbk5hcnJvdyI6ImF1dG8iLCJhY3RpdmUiOiJhdXRvIiwiYWN0aXZlRm9yTW9iaWxlIjoiYXV0byJ9LCJ3aWRUb29sYmFyIjp7ImVuYWJsZWQiOiJhdXRvIiwiZW5hYmxlZEluTmFycm93IjoiYXV0byJ9fX0sImF1dG9UaHVtYm5haWwiOiJodHRwczpcL1wvYmxvZ3NhdmVycm9lcy5qdW50YWRlYW5kYWx1Y2lhLmVzXC9jZWlwbWFkcmVkZWxhbHV6XC9maWxlc1wvM2QtZmxpcC1ib29rXC9hdXRvLXRodW1ibmFpbHNcLzI0NTgucG5nIiwicG9zdF9uYW1lIjoicHJveWVjdG8tZGUtZ2VzdGlvbi0yMDI1LTIwMjYiLCJwb3N0X3R5cGUiOiIzZC1mbGlwLWJvb2sifX0sInBhZ2VzIjpbXSwiZmlyc3RQYWdlcyI6W119');window.FB3D_CLIENT_LOCALE && FB3D_CLIENT_LOCALE.render && FB3D_CLIENT_LOCALE.render();<\/script><\/div>\n<div><span class=\"gmail_default\">&nbsp;<\/span><\/div>\n<div style=\"text-align: justify\"><span style=\"text-decoration: underline\"><span style=\"font-size: 18pt;color: #339966;font-family: arial, helvetica, sans-serif\"><strong><span class=\"gmail_default\">Anexos Plan de Centro<\/span><\/strong><\/span><\/span><\/div>\n<div style=\"text-align: justify\"><span style=\"font-size: 18pt;color: #339966;font-family: arial, helvetica, sans-serif\"><strong><span class=\"gmail_default\">Criterios de Evaluaci\u00f3n<\/span><\/strong><\/span><\/div>\n<ul>\n<li><a href=\"https:\/\/drive.google.com\/file\/d\/1pD9j6p8vJ-DNzLx0OxwgVqk_nP82sTwN\/view?usp=sharing\" target=\"_blank\" rel=\"noopener\">Infantil 3 a\u00f1os<\/a><\/li>\n<li><a href=\"https:\/\/drive.google.com\/file\/d\/14K3znKuJQFbWtuDPqKTcAlnmZ7pDXy7d\/view?usp=sharing\" target=\"_blank\" rel=\"noopener\">Infantil 4 a\u00f1os<\/a><\/li>\n<li><a href=\"https:\/\/drive.google.com\/file\/d\/1F_xNcOr1xVDMEp773nvqksSviuKrcDcv\/view?usp=sharing\" target=\"_blank\" rel=\"noopener\">Infantil 5 a\u00f1os<\/a><\/li>\n<li><a href=\"https:\/\/drive.google.com\/file\/d\/1NJJdnwIgQH4M4kWXszpe89aOnboINwxQ\/view?usp=sharing\" target=\"_blank\" rel=\"noopener\">1\u00ba de Educaci\u00f3n Primaria<\/a><\/li>\n<li><a href=\"https:\/\/drive.google.com\/file\/d\/15BVkL1XeAMqCWbdCyF4qNL1b2ItTTWwV\/view?usp=sharing\" target=\"_blank\" rel=\"noopener\">2\u00ba de Educaci\u00f3n Primaria<\/a><\/li>\n<li><a href=\"https:\/\/drive.google.com\/file\/d\/1LBjsAeGHbloILidKIbdnaq41z-FJv40s\/view?usp=sharing\" target=\"_blank\" rel=\"noopener\">3\u00ba de Educaci\u00f3n Primaria<\/a><\/li>\n<li><a href=\"https:\/\/drive.google.com\/file\/d\/19-cHrRIQ_q_fCjaoYRhIZxJDSPL2RSIa\/view?usp=sharing\" target=\"_blank\" rel=\"noopener\">4\u00ba de Educaci\u00f3n Primaria<\/a><\/li>\n<li><a href=\"https:\/\/drive.google.com\/file\/d\/1CtzkDmSNp1VO-inw16PFHmJNWEl_WE1p\/view?usp=sharing\" target=\"_blank\" rel=\"noopener\">5\u00ba de Educaci\u00f3n Primaria<\/a><\/li>\n<li><a href=\"https:\/\/drive.google.com\/file\/d\/1P81OdWQKKGzTOn_9_kAWBcjLuOTgIJus\/view?usp=sharing\" target=\"_blank\" rel=\"noopener\">6\u00ba de Educaci\u00f3n Primaria<\/a><\/li>\n<\/ul>\n<div style=\"text-align: justify\"><span style=\"font-size: 18pt;color: #339966;font-family: arial, helvetica, sans-serif\"><strong><span class=\"gmail_default\">Planes de Actuaci\u00f3n de los Programas Educativos:<\/span><\/strong><\/span><\/div>\n<div style=\"text-align: justify\">\n<ul>\n<li><span class=\"gmail_default\" style=\"font-family: arial, helvetica, sans-serif\">Plan de Apertura de Centros Docentes (Apoyo a la Familia).<\/span><\/li>\n<li><span class=\"gmail_default\" style=\"font-family: arial, helvetica, sans-serif\">Programa de Pluriling\u00fc\u00edsmo Franc\u00e9s\/Ingl\u00e9s y Auxiliares de Conversaci\u00f3n \/ Asistentes Ling\u00fc\u00edsticos.<\/span><\/li>\n<li><span class=\"gmail_default\" style=\"font-family: arial, helvetica, sans-serif\">Programa Aula Confucio de ense\u00f1anza de la Lengua, Arte y Cultura Chinas.<\/span><\/li>\n<li><span class=\"gmail_default\" style=\"font-family: arial, helvetica, sans-serif\"><a title=\"Plan de Biblioteca\" href=\"https:\/\/blogsaverroes.juntadeandalucia.es\/ceipmadredelaluz\/3d-flip-book\/plan-de-biblioteca\/\" target=\"_blank\" rel=\"noopener\">Organizaci\u00f3n y Funcionamiento de las Bibliotecas Escolares y Plan&nbsp;Lector<\/a>.<\/span><\/li>\n<li><span class=\"gmail_default\" style=\"font-family: arial, helvetica, sans-serif\"><a href=\"https:\/\/drive.google.com\/file\/d\/1rPqosuKJM65NJ2FyBHoMg-9sAWI8963t\/view?usp=sharing\" target=\"_blank\" rel=\"noopener\">Plan de Actuaci\u00f3n Digital (PAD) <\/a>del Programa de Transformaci\u00f3n Digital Educativa (TDE).<\/span><\/li>\n<li><span class=\"gmail_default\" style=\"font-family: arial, helvetica, sans-serif\">Plan de Salud Laboral y Prevenci\u00f3n de Riesgos Laborales (PRL). Plan de Autoprotecci\u00f3n del Centro.<\/span><\/li>\n<li><span class=\"gmail_default\" style=\"font-family: arial, helvetica, sans-serif\">Protocolo para la Adopci\u00f3n de Medidas Organizativas ante Olas de Calor o Altas Temperaturas Excepcionales. <div class=\"_3d-flip-book  fb3d-fullscreen-mode full-size\" data-id=\"1911\" data-mode=\"fullscreen\" data-title=\"false\" data-template=\"short-white-book-view\" data-lightbox=\"dark-shadow\" data-urlparam=\"fb3d-page\" data-page-n=\"0\" data-pdf=\"\" data-tax=\"null\" data-thumbnail=\"\" data-cols=\"3\" data-book-template=\"default\" data-trigger=\"\"><\/div><script type=\"text\/javascript\">window.FB3D_CLIENT_DATA = window.FB3D_CLIENT_DATA || [];FB3D_CLIENT_DATA.push('eyJwb3N0cyI6eyIxOTExIjp7IklEIjoxOTExLCJ0aXRsZSI6IlBST1RPQ09MTyBQQVJBIExBIEFET1BDSVx1MDBkM04gREUgTUVESURBUyBPUkdBTklaQVRJVkFTIEFOVEUgT0xBUyBERSBDQUxPUiBPIEFMVEFTIFRFTVBFUkFUVVJBUyBFWENFUENJT05BTEVTIiwidHlwZSI6InBkZiIsInJlYWR5X2Z1bmN0aW9uIjoiIiwiYm9va19zdHlsZSI6ImZsYXQiLCJib29rX3RlbXBsYXRlIjoibm9uZSIsIm91dGxpbmUiOltdLCJkYXRhIjp7InBvc3RfSUQiOiIxOTEyIiwiZ3VpZCI6Imh0dHBzOlwvXC9ibG9nc2F2ZXJyb2VzLmp1bnRhZGVhbmRhbHVjaWEuZXNcL2NlaXBtYWRyZWRlbGFsdXpcL2ZpbGVzXC8yMDI0XC8xMVwvNl9Qcm90b2NvbG8tT0xBUy1ERS1DQUxPUi5wZGYiLCJwZGZfcGFnZXMiOiIyNSIsInBhZ2VzX2N1c3RvbWl6YXRpb24iOiJub25lIn0sInRodW1ibmFpbCI6eyJkYXRhIjp7InBvc3RfSUQiOiIwIn0sInR5cGUiOiJhdXRvIn0sInByb3BzIjp7ImJhY2tncm91bmRDb2xvciI6ImF1dG8iLCJiYWNrZ3JvdW5kSW1hZ2UiOiJhdXRvIiwiYmFja2dyb3VuZFN0eWxlIjoiYXV0byIsImhpZ2hsaWdodExpbmtzIjoiYXV0byIsImxpZ2h0aW5nIjoiYXV0byIsImNhY2hlZFBhZ2VzIjoiYXV0byIsInJlbmRlckluYWN0aXZlUGFnZXMiOiJhdXRvIiwicmVuZGVySW5hY3RpdmVQYWdlc09uTW9iaWxlIjoiYXV0byIsInJlbmRlcldoaWxlRmxpcHBpbmciOiJhdXRvIiwicHJlbG9hZFBhZ2VzIjoiYXV0byIsImF1dG9QbGF5RHVyYXRpb24iOiJhdXRvIiwicnRsIjoiYXV0byIsImludGVyYWN0aXZlQ29ybmVycyI6ImF1dG8iLCJtYXhEZXB0aCI6ImF1dG8iLCJzaGVldCI6eyJzdGFydFZlbG9jaXR5IjoiYXV0byIsIndhdmUiOiJhdXRvIiwic2hhcGUiOiJhdXRvIiwid2lkdGhUZXhlbHMiOiJhdXRvIiwiY29sb3IiOiJhdXRvIiwic2lkZSI6ImF1dG8iLCJjb3JuZXJEZXZpYXRpb24iOiJhdXRvIiwiZmxleGliaWxpdHkiOiJhdXRvIiwiZmxleGlibGVDb3JuZXIiOiJhdXRvIiwiYmVuZGluZyI6ImF1dG8iLCJoZWlnaHRUZXhlbHMiOiJhdXRvIn0sImNvdmVyIjp7IndhdmUiOiJhdXRvIiwiY29sb3IiOiJhdXRvIiwic2lkZSI6ImF1dG8iLCJiaW5kZXJUZXh0dXJlIjoiYXV0byIsImRlcHRoIjoiYXV0byIsInBhZGRpbmciOiJhdXRvIiwic3RhcnRWZWxvY2l0eSI6ImF1dG8iLCJmbGV4aWJpbGl0eSI6ImF1dG8iLCJmbGV4aWJsZUNvcm5lciI6ImF1dG8iLCJiZW5kaW5nIjoiYXV0byIsIndpZHRoVGV4ZWxzIjoiYXV0byIsImhlaWdodFRleGVscyI6ImF1dG8iLCJtYXNzIjoiYXV0byIsInNoYXBlIjoiYXV0byJ9LCJwYWdlIjp7IndhdmUiOiJhdXRvIiwiY29sb3IiOiJhdXRvIiwic2lkZSI6ImF1dG8iLCJkZXB0aCI6ImF1dG8iLCJzdGFydFZlbG9jaXR5IjoiYXV0byIsImZsZXhpYmlsaXR5IjoiYXV0byIsImZsZXhpYmxlQ29ybmVyIjoiYXV0byIsImJlbmRpbmciOiJhdXRvIiwid2lkdGhUZXhlbHMiOiJhdXRvIiwiaGVpZ2h0VGV4ZWxzIjoiYXV0byIsIm1hc3MiOiJhdXRvIiwic2hhcGUiOiJhdXRvIn0sImhlaWdodCI6ImF1dG8iLCJ3aWR0aCI6ImF1dG8iLCJncmF2aXR5IjoiYXV0byIsInBhZ2VzRm9yUHJlZGljdGluZyI6ImF1dG8ifSwiY29udHJvbFByb3BzIjp7ImFjdGlvbnMiOnsiY21kVG9jIjp7ImVuYWJsZWQiOiJhdXRvIiwiZW5hYmxlZEluTmFycm93IjoiYXV0byIsImFjdGl2ZSI6ImF1dG8iLCJkZWZhdWx0VGFiIjoiYXV0byJ9LCJjbWRBdXRvUGxheSI6eyJlbmFibGVkIjoiYXV0byIsImVuYWJsZWRJbk5hcnJvdyI6ImF1dG8iLCJhY3RpdmUiOiJhdXRvIn0sImNtZFNhdmUiOnsiZW5hYmxlZCI6ImF1dG8iLCJlbmFibGVkSW5OYXJyb3ciOiJhdXRvIn0sImNtZFByaW50Ijp7ImVuYWJsZWQiOiJhdXRvIiwiZW5hYmxlZEluTmFycm93IjoiYXV0byJ9LCJjbWRTaW5nbGVQYWdlIjp7ImVuYWJsZWQiOiJhdXRvIiwiZW5hYmxlZEluTmFycm93IjoiYXV0byIsImFjdGl2ZSI6ImF1dG8iLCJhY3RpdmVGb3JNb2JpbGUiOiJhdXRvIn0sIndpZFRvb2xiYXIiOnsiZW5hYmxlZCI6ImF1dG8iLCJlbmFibGVkSW5OYXJyb3ciOiJhdXRvIn19fSwiYXV0b1RodW1ibmFpbCI6Imh0dHBzOlwvXC9ibG9nc2F2ZXJyb2VzLmp1bnRhZGVhbmRhbHVjaWEuZXNcL2NlaXBtYWRyZWRlbGFsdXpcL2ZpbGVzXC8zZC1mbGlwLWJvb2tcL2F1dG8tdGh1bWJuYWlsc1wvMTkxMS5wbmciLCJwb3N0X25hbWUiOiJwcm90b2NvbG8tcGFyYS1sYS1hZG9wY2lvbi1kZS1tZWRpZGFzLW9yZ2FuaXphdGl2YXMtYW50ZS1vbGFzLWRlLWNhbG9yLW8tYWx0YXMtdGVtcGVyYXR1cmFzLWV4Y2VwY2lvbmFsZXMiLCJwb3N0X3R5cGUiOiIzZC1mbGlwLWJvb2sifX0sInBhZ2VzIjpbXSwiZmlyc3RQYWdlcyI6W119');window.FB3D_CLIENT_LOCALE && FB3D_CLIENT_LOCALE.render && FB3D_CLIENT_LOCALE.render();<\/script><\/span><\/li>\n<li><span class=\"gmail_default\" style=\"font-family: arial, helvetica, sans-serif\">Programa ONE.<\/span><\/li>\n<li><span class=\"gmail_default\" style=\"font-family: arial, helvetica, sans-serif\">Proyecto Integrado CoIgPaz&nbsp;(Plan de Convivencia Escolar; Plan Estrat\u00e9gico de Igualdad de G\u00e9nero en Educaci\u00f3n; Participaci\u00f3n en la Red Andaluza de &lt;&lt;Escuela: Espacio de Paz&gt;&gt;; Programa de Bienestar Emocional y Protecci\u00f3n de la Infancia y Adolescencia en el \u00e1mbito educativo; Pacto de Estado para la Prevenci\u00f3n de la Violencia de G\u00e9nero).<\/span><\/li>\n<li><span class=\"gmail_default\" style=\"font-family: arial, helvetica, sans-serif\">Programa M\u00e1s Equidad Inclusi\u00f3n.<\/span><\/li>\n<li><span class=\"gmail_default\" style=\"font-family: arial, helvetica, sans-serif\">Pr\u00e1cticum Grado de Maestro\/a. Pr\u00e1cticas de alumnado universitario en centros biling\u00fces. Pr\u00e1cticas de alumnado de Ciclos Formativos de Grado Medio y Grado Superior.<\/span><\/li>\n<\/ul>\n<\/div>\n<div style=\"text-align: justify\">&nbsp;<\/div>\n<p>&nbsp;<\/p>\n","protected":false},"excerpt":{"rendered":"<p>Para la elaboraci\u00f3n de nuestro Plan de Centro, hemos tomado como referencia el&nbsp;Art\u00edculo 20&nbsp;del&nbsp;Decreto 328\/2010, de 13 de julio, que establece las directrices para la elaboraci\u00f3n de este documento, siendo estas las siguientes: &#8220;1.&#46;&#46;&#46;<\/p>\n","protected":false},"author":19927,"featured_media":0,"parent":1265,"menu_order":0,"comment_status":"closed","ping_status":"closed","template":"","meta":{"ngg_post_thumbnail":0,"footnotes":""},"aioseo_notices":[],"_links":{"self":[{"href":"https:\/\/blogsaverroes.juntadeandalucia.es\/ceipmadredelaluz\/wp-json\/wp\/v2\/pages\/1273"}],"collection":[{"href":"https:\/\/blogsaverroes.juntadeandalucia.es\/ceipmadredelaluz\/wp-json\/wp\/v2\/pages"}],"about":[{"href":"https:\/\/blogsaverroes.juntadeandalucia.es\/ceipmadredelaluz\/wp-json\/wp\/v2\/types\/page"}],"author":[{"embeddable":true,"href":"https:\/\/blogsaverroes.juntadeandalucia.es\/ceipmadredelaluz\/wp-json\/wp\/v2\/users\/19927"}],"replies":[{"embeddable":true,"href":"https:\/\/blogsaverroes.juntadeandalucia.es\/ceipmadredelaluz\/wp-json\/wp\/v2\/comments?post=1273"}],"version-history":[{"count":25,"href":"https:\/\/blogsaverroes.juntadeandalucia.es\/ceipmadredelaluz\/wp-json\/wp\/v2\/pages\/1273\/revisions"}],"predecessor-version":[{"id":2405,"href":"https:\/\/blogsaverroes.juntadeandalucia.es\/ceipmadredelaluz\/wp-json\/wp\/v2\/pages\/1273\/revisions\/2405"}],"up":[{"embeddable":true,"href":"https:\/\/blogsaverroes.juntadeandalucia.es\/ceipmadredelaluz\/wp-json\/wp\/v2\/pages\/1265"}],"wp:attachment":[{"href":"https:\/\/blogsaverroes.juntadeandalucia.es\/ceipmadredelaluz\/wp-json\/wp\/v2\/media?parent=1273"}],"curies":[{"name":"wp","href":"https:\/\/api.w.org\/{rel}","templated":true}]}}