{"id":330,"date":"2020-02-11T13:07:32","date_gmt":"2020-02-11T12:07:32","guid":{"rendered":"http:\/\/blogsaverroes.juntadeandalucia.es\/pre\/nuevoceipv2\/?page_id=330"},"modified":"2024-10-20T19:39:45","modified_gmt":"2024-10-20T18:39:45","slug":"novedades","status":"publish","type":"page","link":"https:\/\/blogsaverroes.juntadeandalucia.es\/ceipmadredelaluz\/novedades\/","title":{"rendered":"Tabl\u00f3n de Anuncios"},"content":{"rendered":"<p>&nbsp;<\/p>\n<div class=\"pt-cv-wrapper\"><div class=\"pt-cv-view pt-cv-grid pt-cv-colsys\" id=\"pt-cv-view-6a2900dq7z\"><div data-id=\"pt-cv-page-1\" class=\"pt-cv-page\" data-cvc=\"3\"><div class=\"col-md-4 col-sm-6 col-xs-12 pt-cv-content-item pt-cv-1-col\" ><div class='pt-cv-ifield'><a href=\"https:\/\/blogsaverroes.juntadeandalucia.es\/ceipmadredelaluz\/1-31-de-marzo-de-2026-plazo-de-solicitud-de-plaza-para-el-curso-escolar-2026-2027\/\" class=\"_self pt-cv-href-thumbnail pt-cv-thumb-default\" target=\"_self\" ><img fetchpriority=\"high\" decoding=\"async\" width=\"819\" height=\"460\" src=\"https:\/\/blogsaverroes.juntadeandalucia.es\/ceipmadredelaluz\/files\/2024\/10\/FotoMDL_entrada.jpg\" class=\"pt-cv-thumbnail\" alt=\"\" srcset=\"https:\/\/blogsaverroes.juntadeandalucia.es\/ceipmadredelaluz\/files\/2024\/10\/FotoMDL_entrada.jpg 819w, https:\/\/blogsaverroes.juntadeandalucia.es\/ceipmadredelaluz\/files\/2024\/10\/FotoMDL_entrada-300x168.jpg 300w, https:\/\/blogsaverroes.juntadeandalucia.es\/ceipmadredelaluz\/files\/2024\/10\/FotoMDL_entrada-768x431.jpg 768w\" sizes=\"(max-width: 819px) 100vw, 819px\" \/><\/a>\n<h4 class=\"pt-cv-title\"><a href=\"https:\/\/blogsaverroes.juntadeandalucia.es\/ceipmadredelaluz\/1-31-de-marzo-de-2026-plazo-de-solicitud-de-plaza-para-el-curso-escolar-2026-2027\/\" class=\"_self\" target=\"_self\" >1 &#8211; 31 de marzo de 2026: plazo de solicitud de plaza para el curso escolar 2026-2027<\/a><\/h4>\n<div class=\"pt-cv-content\">El CEIP Madre de la Luz informa a las familias de que el <strong data-start=\"142\" data-end=\"198\">periodo de ...<br \/><div class=\"pt-cv-rmwrap\"><a href=\"https:\/\/blogsaverroes.juntadeandalucia.es\/ceipmadredelaluz\/1-31-de-marzo-de-2026-plazo-de-solicitud-de-plaza-para-el-curso-escolar-2026-2027\/\" class=\"_self pt-cv-readmore btn btn-success\" target=\"_self\">Leer M\u00e1s<\/a><\/div><\/strong><\/div><\/div><\/div>\n<div class=\"col-md-4 col-sm-6 col-xs-12 pt-cv-content-item pt-cv-1-col\" ><div class='pt-cv-ifield'><a href=\"https:\/\/blogsaverroes.juntadeandalucia.es\/ceipmadredelaluz\/celebramos-el-dia-de-la-paz-en-el-ceip-madre-de-la-luz\/\" class=\"_self pt-cv-href-thumbnail pt-cv-thumb-default\" target=\"_self\" ><img decoding=\"async\" width=\"1000\" height=\"1000\" src=\"https:\/\/blogsaverroes.juntadeandalucia.es\/ceipmadredelaluz\/files\/2024\/10\/Logo_COIGPAZ_con_fondo_blanco.png\" class=\"pt-cv-thumbnail\" alt=\"\" srcset=\"https:\/\/blogsaverroes.juntadeandalucia.es\/ceipmadredelaluz\/files\/2024\/10\/Logo_COIGPAZ_con_fondo_blanco.png 1000w, https:\/\/blogsaverroes.juntadeandalucia.es\/ceipmadredelaluz\/files\/2024\/10\/Logo_COIGPAZ_con_fondo_blanco-300x300.png 300w, https:\/\/blogsaverroes.juntadeandalucia.es\/ceipmadredelaluz\/files\/2024\/10\/Logo_COIGPAZ_con_fondo_blanco-150x150.png 150w, https:\/\/blogsaverroes.juntadeandalucia.es\/ceipmadredelaluz\/files\/2024\/10\/Logo_COIGPAZ_con_fondo_blanco-768x768.png 768w, https:\/\/blogsaverroes.juntadeandalucia.es\/ceipmadredelaluz\/files\/2024\/10\/Logo_COIGPAZ_con_fondo_blanco-80x80.png 80w, https:\/\/blogsaverroes.juntadeandalucia.es\/ceipmadredelaluz\/files\/2024\/10\/Logo_COIGPAZ_con_fondo_blanco-320x320.png 320w\" sizes=\"(max-width: 1000px) 100vw, 1000px\" \/><\/a>\n<h4 class=\"pt-cv-title\"><a href=\"https:\/\/blogsaverroes.juntadeandalucia.es\/ceipmadredelaluz\/celebramos-el-dia-de-la-paz-en-el-ceip-madre-de-la-luz\/\" class=\"_self\" target=\"_self\" >Celebramos el D\u00eda de la Paz en el CEIP Madre de la Luz<\/a><\/h4>\n<div class=\"pt-cv-content\">Os presentamos un v\u00eddeo que recoge el trabajo realizado por el alumnado de nuestro centro ...<br \/><div class=\"pt-cv-rmwrap\"><a href=\"https:\/\/blogsaverroes.juntadeandalucia.es\/ceipmadredelaluz\/celebramos-el-dia-de-la-paz-en-el-ceip-madre-de-la-luz\/\" class=\"_self pt-cv-readmore btn btn-success\" target=\"_self\">Leer M\u00e1s<\/a><\/div><\/div><\/div><\/div>\n<div class=\"col-md-4 col-sm-6 col-xs-12 pt-cv-content-item pt-cv-1-col\" ><div class='pt-cv-ifield'><a href=\"https:\/\/blogsaverroes.juntadeandalucia.es\/ceipmadredelaluz\/domingo-barrio-amable-2\/\" class=\"_self pt-cv-href-thumbnail pt-cv-thumb-default\" target=\"_self\" ><img decoding=\"async\" width=\"1131\" height=\"1600\" src=\"https:\/\/blogsaverroes.juntadeandalucia.es\/ceipmadredelaluz\/files\/2026\/01\/Barrio-amable.jpeg\" class=\"pt-cv-thumbnail\" alt=\"\" srcset=\"https:\/\/blogsaverroes.juntadeandalucia.es\/ceipmadredelaluz\/files\/2026\/01\/Barrio-amable.jpeg 1131w, https:\/\/blogsaverroes.juntadeandalucia.es\/ceipmadredelaluz\/files\/2026\/01\/Barrio-amable-212x300.jpeg 212w, https:\/\/blogsaverroes.juntadeandalucia.es\/ceipmadredelaluz\/files\/2026\/01\/Barrio-amable-724x1024.jpeg 724w, https:\/\/blogsaverroes.juntadeandalucia.es\/ceipmadredelaluz\/files\/2026\/01\/Barrio-amable-768x1086.jpeg 768w, https:\/\/blogsaverroes.juntadeandalucia.es\/ceipmadredelaluz\/files\/2026\/01\/Barrio-amable-1086x1536.jpeg 1086w\" sizes=\"(max-width: 1131px) 100vw, 1131px\" \/><\/a>\n<h4 class=\"pt-cv-title\"><a href=\"https:\/\/blogsaverroes.juntadeandalucia.es\/ceipmadredelaluz\/domingo-barrio-amable-2\/\" class=\"_self\" target=\"_self\" >Domingo Barrio Amable<\/a><\/h4>\n<div class=\"pt-cv-content\">Este domingo 25 de enero ven a disfrutar de los Domingos del Barrio Amable en ...<br \/><div class=\"pt-cv-rmwrap\"><a href=\"https:\/\/blogsaverroes.juntadeandalucia.es\/ceipmadredelaluz\/domingo-barrio-amable-2\/\" class=\"_self pt-cv-readmore btn btn-success\" target=\"_self\">Leer M\u00e1s<\/a><\/div><\/div><\/div><\/div>\n<div class=\"col-md-4 col-sm-6 col-xs-12 pt-cv-content-item pt-cv-1-col\" ><div class='pt-cv-ifield'><a href=\"https:\/\/blogsaverroes.juntadeandalucia.es\/ceipmadredelaluz\/jornadas-de-puertas-abiertas-alumnado-nueva-incorporacion-2\/\" class=\"_self pt-cv-href-thumbnail pt-cv-thumb-default\" target=\"_self\" ><img loading=\"lazy\" decoding=\"async\" width=\"1587\" height=\"2245\" src=\"https:\/\/blogsaverroes.juntadeandalucia.es\/ceipmadredelaluz\/files\/2026\/01\/Copia-de-Red-and-Yellow-Creative-Welcome-Back-To-School-Poster.png\" class=\"pt-cv-thumbnail\" alt=\"\" srcset=\"https:\/\/blogsaverroes.juntadeandalucia.es\/ceipmadredelaluz\/files\/2026\/01\/Copia-de-Red-and-Yellow-Creative-Welcome-Back-To-School-Poster.png 1587w, https:\/\/blogsaverroes.juntadeandalucia.es\/ceipmadredelaluz\/files\/2026\/01\/Copia-de-Red-and-Yellow-Creative-Welcome-Back-To-School-Poster-212x300.png 212w, https:\/\/blogsaverroes.juntadeandalucia.es\/ceipmadredelaluz\/files\/2026\/01\/Copia-de-Red-and-Yellow-Creative-Welcome-Back-To-School-Poster-724x1024.png 724w, https:\/\/blogsaverroes.juntadeandalucia.es\/ceipmadredelaluz\/files\/2026\/01\/Copia-de-Red-and-Yellow-Creative-Welcome-Back-To-School-Poster-768x1086.png 768w, https:\/\/blogsaverroes.juntadeandalucia.es\/ceipmadredelaluz\/files\/2026\/01\/Copia-de-Red-and-Yellow-Creative-Welcome-Back-To-School-Poster-1086x1536.png 1086w, https:\/\/blogsaverroes.juntadeandalucia.es\/ceipmadredelaluz\/files\/2026\/01\/Copia-de-Red-and-Yellow-Creative-Welcome-Back-To-School-Poster-1448x2048.png 1448w\" sizes=\"(max-width: 1587px) 100vw, 1587px\" \/><\/a>\n<h4 class=\"pt-cv-title\"><a href=\"https:\/\/blogsaverroes.juntadeandalucia.es\/ceipmadredelaluz\/jornadas-de-puertas-abiertas-alumnado-nueva-incorporacion-2\/\" class=\"_self\" target=\"_self\" >Jornadas de Puertas Abiertas alumnado nueva incorporaci\u00f3n<\/a><\/h4>\n<div class=\"pt-cv-content\">Estimadas familias: Nos complace informarles que el colegio llevar\u00e1 a cabo las <strong>Jornadas de Puertas ...<br \/><div class=\"pt-cv-rmwrap\"><a href=\"https:\/\/blogsaverroes.juntadeandalucia.es\/ceipmadredelaluz\/jornadas-de-puertas-abiertas-alumnado-nueva-incorporacion-2\/\" class=\"_self pt-cv-readmore btn btn-success\" target=\"_self\">Leer M\u00e1s<\/a><\/div><\/strong><\/div><\/div><\/div>\n<div class=\"col-md-4 col-sm-6 col-xs-12 pt-cv-content-item pt-cv-1-col\" ><div class='pt-cv-ifield'><a href=\"https:\/\/blogsaverroes.juntadeandalucia.es\/ceipmadredelaluz\/cancelacion-domingo-barrio-amable\/\" class=\"_self pt-cv-href-thumbnail pt-cv-thumb-default\" target=\"_self\" ><img loading=\"lazy\" decoding=\"async\" width=\"1131\" height=\"1600\" src=\"https:\/\/blogsaverroes.juntadeandalucia.es\/ceipmadredelaluz\/files\/2025\/12\/Cancelacion-Domingos-abiertos.jpg\" class=\"pt-cv-thumbnail\" alt=\"\" srcset=\"https:\/\/blogsaverroes.juntadeandalucia.es\/ceipmadredelaluz\/files\/2025\/12\/Cancelacion-Domingos-abiertos.jpg 1131w, https:\/\/blogsaverroes.juntadeandalucia.es\/ceipmadredelaluz\/files\/2025\/12\/Cancelacion-Domingos-abiertos-212x300.jpg 212w, https:\/\/blogsaverroes.juntadeandalucia.es\/ceipmadredelaluz\/files\/2025\/12\/Cancelacion-Domingos-abiertos-724x1024.jpg 724w, https:\/\/blogsaverroes.juntadeandalucia.es\/ceipmadredelaluz\/files\/2025\/12\/Cancelacion-Domingos-abiertos-768x1086.jpg 768w, https:\/\/blogsaverroes.juntadeandalucia.es\/ceipmadredelaluz\/files\/2025\/12\/Cancelacion-Domingos-abiertos-1086x1536.jpg 1086w\" sizes=\"(max-width: 1131px) 100vw, 1131px\" \/><\/a>\n<h4 class=\"pt-cv-title\"><a href=\"https:\/\/blogsaverroes.juntadeandalucia.es\/ceipmadredelaluz\/cancelacion-domingo-barrio-amable\/\" class=\"_self\" target=\"_self\" >Cancelaci\u00f3n Domingo Barrio Amable<\/a><\/h4>\n<div class=\"pt-cv-content\">Se cancela el Domingo del Barrio Amable del 14 de diciembre por mal tiempo ...<br \/><div class=\"pt-cv-rmwrap\"><a href=\"https:\/\/blogsaverroes.juntadeandalucia.es\/ceipmadredelaluz\/cancelacion-domingo-barrio-amable\/\" class=\"_self pt-cv-readmore btn btn-success\" target=\"_self\">Leer M\u00e1s<\/a><\/div><\/div><\/div><\/div>\n<div class=\"col-md-4 col-sm-6 col-xs-12 pt-cv-content-item pt-cv-1-col\" ><div class='pt-cv-ifield'><a href=\"https:\/\/blogsaverroes.juntadeandalucia.es\/ceipmadredelaluz\/ceip-madre-de-la-luz-ceip-la-chanca-y-el-ies-alboran-manuel-caliz-celebran-el-dia-mundial-del-flamenco-con-una-gran-jornada-de-convivencia\/\" class=\"_self pt-cv-href-thumbnail pt-cv-thumb-default\" target=\"_self\" ><img loading=\"lazy\" decoding=\"async\" width=\"1600\" height=\"1200\" src=\"https:\/\/blogsaverroes.juntadeandalucia.es\/ceipmadredelaluz\/files\/2025\/11\/Flamenco.jpg\" class=\"pt-cv-thumbnail\" alt=\"\" srcset=\"https:\/\/blogsaverroes.juntadeandalucia.es\/ceipmadredelaluz\/files\/2025\/11\/Flamenco.jpg 1600w, https:\/\/blogsaverroes.juntadeandalucia.es\/ceipmadredelaluz\/files\/2025\/11\/Flamenco-300x225.jpg 300w, https:\/\/blogsaverroes.juntadeandalucia.es\/ceipmadredelaluz\/files\/2025\/11\/Flamenco-1024x768.jpg 1024w, https:\/\/blogsaverroes.juntadeandalucia.es\/ceipmadredelaluz\/files\/2025\/11\/Flamenco-768x576.jpg 768w, https:\/\/blogsaverroes.juntadeandalucia.es\/ceipmadredelaluz\/files\/2025\/11\/Flamenco-1536x1152.jpg 1536w\" sizes=\"(max-width: 1600px) 100vw, 1600px\" \/><\/a>\n<h4 class=\"pt-cv-title\"><a href=\"https:\/\/blogsaverroes.juntadeandalucia.es\/ceipmadredelaluz\/ceip-madre-de-la-luz-ceip-la-chanca-y-el-ies-alboran-manuel-caliz-celebran-el-dia-mundial-del-flamenco-con-una-gran-jornada-de-convivencia\/\" class=\"_self\" target=\"_self\" >CEIP Madre de la Luz, CEIP La Chanca y el IES Albor\u00e1n &#8211; Manuel C\u00e1liz celebran el D\u00eda Mundial del Flamenco con una gran jornada de convivencia<\/a><\/h4>\n<div class=\"pt-cv-content\">El lunes, 17 de noviembre de 2025, el CEIP Madre de la Luz acogi\u00f3 una ...<br \/><div class=\"pt-cv-rmwrap\"><a href=\"https:\/\/blogsaverroes.juntadeandalucia.es\/ceipmadredelaluz\/ceip-madre-de-la-luz-ceip-la-chanca-y-el-ies-alboran-manuel-caliz-celebran-el-dia-mundial-del-flamenco-con-una-gran-jornada-de-convivencia\/\" class=\"_self pt-cv-readmore btn btn-success\" target=\"_self\">Leer M\u00e1s<\/a><\/div><\/div><\/div><\/div><\/div><\/div>\n<div class=\" pt-cv-pagination-wrapper\"><ul class=\"pt-cv-pagination pt-cv-ajax pagination\" data-totalpages=\"10\" data-currentpage=\"1\" data-sid=\"6a2900dq7z\" data-unid=\"\" data-isblock=\"\" data-postid=\"\"><li class=\"active\"><a href=\"#\">1<\/a><\/li>\n\t<li ><a class=\"\" href=\"https:\/\/blogsaverroes.juntadeandalucia.es\/ceipmadredelaluz\/wp-json\/wp\/v2\/pages\/330\/?_page=2\">2<\/a><\/li>\n\t<li ><a class=\"\" href=\"https:\/\/blogsaverroes.juntadeandalucia.es\/ceipmadredelaluz\/wp-json\/wp\/v2\/pages\/330\/?_page=3\">3<\/a><\/li>\n\t<li ><a href=\"#\">&hellip;<\/a><\/li>\n\t<li ><a class=\"\" href=\"https:\/\/blogsaverroes.juntadeandalucia.es\/ceipmadredelaluz\/wp-json\/wp\/v2\/pages\/330\/?_page=10\">10<\/a><\/li>\n\t<li ><a class=\" \" href=\"https:\/\/blogsaverroes.juntadeandalucia.es\/ceipmadredelaluz\/wp-json\/wp\/v2\/pages\/330\/?_page=2\">&rsaquo;<\/a><\/li>\n\t<\/ul><img loading=\"lazy\" decoding=\"async\" width=\"15\" height=\"15\" class=\"pt-cv-spinner\" alt=\"Cargando...\" src=\"data:image\/gif;base64,R0lGODlhDwAPALMPAMrKygwMDJOTkz09PZWVla+vr3p6euTk5M7OzuXl5TMzMwAAAJmZmWZmZszMzP\/\/\/yH\/C05FVFNDQVBFMi4wAwEAAAAh+QQFCgAPACwAAAAADwAPAAAEQvDJaZaZOIcV8iQK8VRX4iTYoAwZ4iCYoAjZ4RxejhVNoT+mRGP4cyF4Pp0N98sBGIBMEMOotl6YZ3S61Bmbkm4mAgAh+QQFCgAPACwAAAAADQANAAAENPDJSRSZeA418itN8QiK8BiLITVsFiyBBIoYqnoewAD4xPw9iY4XLGYSjkQR4UAUD45DLwIAIfkEBQoADwAsAAAAAA8ACQAABC\/wyVlamTi3nSdgwFNdhEJgTJoNyoB9ISYoQmdjiZPcj7EYCAeCF1gEDo4Dz2eIAAAh+QQFCgAPACwCAAAADQANAAAEM\/DJBxiYeLKdX3IJZT1FU0iIg2RNKx3OkZVnZ98ToRD4MyiDnkAh6BkNC0MvsAj0kMpHBAAh+QQFCgAPACwGAAAACQAPAAAEMDC59KpFDll73HkAA2wVY5KgiK5b0RRoI6MuzG6EQqCDMlSGheEhUAgqgUUAFRySIgAh+QQFCgAPACwCAAIADQANAAAEM\/DJKZNLND\/kkKaHc3xk+QAMYDKsiaqmZCxGVjSFFCxB1vwy2oOgIDxuucxAMTAJFAJNBAAh+QQFCgAPACwAAAYADwAJAAAEMNAs86q1yaWwwv2Ig0jUZx3OYa4XoRAfwADXoAwfo1+CIjyFRuEho60aSNYlOPxEAAAh+QQFCgAPACwAAAIADQANAAAENPA9s4y8+IUVcqaWJ4qEQozSoAzoIyhCK2NFU2SJk0hNnyEOhKR2AzAAj4Pj4GE4W0bkJQIAOw==\" \/><div class=\"clear pt-cv-clear-pagination\"><\/div><\/div><\/div>\n<p>&nbsp;<\/p>\n","protected":false},"excerpt":{"rendered":"<p>&nbsp; &nbsp;<\/p>\n","protected":false},"author":7051,"featured_media":0,"parent":0,"menu_order":0,"comment_status":"closed","ping_status":"closed","template":"","meta":{"ngg_post_thumbnail":0,"footnotes":""},"aioseo_notices":[],"_links":{"self":[{"href":"https:\/\/blogsaverroes.juntadeandalucia.es\/ceipmadredelaluz\/wp-json\/wp\/v2\/pages\/330"}],"collection":[{"href":"https:\/\/blogsaverroes.juntadeandalucia.es\/ceipmadredelaluz\/wp-json\/wp\/v2\/pages"}],"about":[{"href":"https:\/\/blogsaverroes.juntadeandalucia.es\/ceipmadredelaluz\/wp-json\/wp\/v2\/types\/page"}],"author":[{"embeddable":true,"href":"https:\/\/blogsaverroes.juntadeandalucia.es\/ceipmadredelaluz\/wp-json\/wp\/v2\/users\/7051"}],"replies":[{"embeddable":true,"href":"https:\/\/blogsaverroes.juntadeandalucia.es\/ceipmadredelaluz\/wp-json\/wp\/v2\/comments?post=330"}],"version-history":[{"count":6,"href":"https:\/\/blogsaverroes.juntadeandalucia.es\/ceipmadredelaluz\/wp-json\/wp\/v2\/pages\/330\/revisions"}],"predecessor-version":[{"id":1506,"href":"https:\/\/blogsaverroes.juntadeandalucia.es\/ceipmadredelaluz\/wp-json\/wp\/v2\/pages\/330\/revisions\/1506"}],"wp:attachment":[{"href":"https:\/\/blogsaverroes.juntadeandalucia.es\/ceipmadredelaluz\/wp-json\/wp\/v2\/media?parent=330"}],"curies":[{"name":"wp","href":"https:\/\/api.w.org\/{rel}","templated":true}]}}