{"id":1059,"date":"2023-11-29T13:28:07","date_gmt":"2023-11-29T12:28:07","guid":{"rendered":"https:\/\/blogsaverroes.juntadeandalucia.es\/ceipmaestraisabelalvarez\/?page_id=1059"},"modified":"2025-10-24T12:58:40","modified_gmt":"2025-10-24T11:58:40","slug":"personal-del-centro","status":"publish","type":"page","link":"https:\/\/blogsaverroes.juntadeandalucia.es\/ceipmaestraisabelalvarez\/personal-del-centro\/","title":{"rendered":"Personal del Centro"},"content":{"rendered":"<p>[et_pb_section fb_built=&#8221;1&#8243; _builder_version=&#8221;4.16&#8243; global_colors_info=&#8221;{}&#8221;][et_pb_row _builder_version=&#8221;4.16&#8243; background_size=&#8221;initial&#8221; background_position=&#8221;top_left&#8221; background_repeat=&#8221;repeat&#8221; global_colors_info=&#8221;{}&#8221;][et_pb_column type=&#8221;4_4&#8243; _builder_version=&#8221;4.16&#8243; custom_padding=&#8221;|||&#8221; global_colors_info=&#8221;{}&#8221; custom_padding__hover=&#8221;|||&#8221;][et_pb_text _builder_version=&#8221;4.16&#8243; background_size=&#8221;initial&#8221; background_position=&#8221;top_left&#8221; background_repeat=&#8221;repeat&#8221; global_colors_info=&#8221;{}&#8221;]<\/p>\n<div><strong>EQUIPO DIRECTIVO:<\/strong><\/div>\n<div>&#8211; Direcci\u00f3n : F\u00e1tima Seco Vasco\u00a0<\/div>\n<div>\u00a0 \u00a0 \u00a0 \u00a0 \u00a0 \u00a0 \u00a0 \u00a0 \u00a0 \u00a0\u00a0<a href=\"mailto:41008350.direccion.edu@juntadeandalucia.es\" target=\"_blank\" rel=\"noopener noreferrer\">41008350.direccion.edu@juntadeandalucia.es<\/a><\/div>\n<div>&#8211; Jefatura de Estudios: Roc\u00edo Ayuso Garc\u00eda<\/div>\n<div>\u00a0 \u00a0 \u00a0 \u00a0 \u00a0 \u00a0 \u00a0 \u00a0 \u00a0 \u00a0\u00a0<a href=\"mailto:41008350.edu@juntadeandalucia.es\" target=\"_blank\" rel=\"noopener noreferrer\">41008350.edu@juntadeandalucia.es<\/a>\u00a0<\/div>\n<div>-Secretar\u00eda : Ana Ord\u00f3\u00f1ez P\u00e9rez<\/div>\n<div>\u00a0 \u00a0 \u00a0 \u00a0 \u00a0 \u00a0 \u00a0 \u00a0 \u00a0 \u00a0 \u00a0<a href=\"mailto:41008350.edu@juntadeandaluc%C3%ADa.es\" target=\"_blank\" rel=\"noopener noreferrer\">41008350.edu@juntadeandaluc\u00eda.es<\/a>\u00a0<\/div>\n<div><strong>TUTORES\/AS<\/strong><\/div>\n<div>Infantil 3 a\u00f1os A: M\u00aa Concepci\u00f3n Barbero Gir\u00e1ldez\u00a0\u00a0<\/div>\n<div>Infantil 4 a\u00f1os A: Olga Mar\u00eda Mora Rey\u00a0<\/div>\n<div>Infantil 4 a\u00f1os B: Marta Jim\u00e9nez Medina<\/div>\n<div>Infantil 5 a\u00f1os A:\u00a0 Mar\u00eda Elo\u00edsa Gonz\u00e1lez Villegas<\/div>\n<div>Infantil 5 a\u00f1os B: Francisco Javier Medina Barranco<\/div>\n<div><strong>COORDINADORA DE INFANTIL<\/strong> : Mar\u00eda Elo\u00edsa Gonz\u00e1lez Villegas<\/div>\n<div>1\u00baA: Mar\u00eda del Carmen Parrilla Gonz\u00e1lez<\/div>\n<div>1\u00baB: Roc\u00edo Ayuso Garc\u00eda<\/div>\n<div>2\u00baA: Luc\u00eda De Tovar Mart\u00edn\u00a0<\/div>\n<div>2\u00baB: Elena Ruiz Jim\u00e9nez\u00a0<\/div>\n<div><strong>COORDINADORA DEL PRIMER CICLO<\/strong> : Elena Ruiz Jim\u00e9nez\u00a0<\/div>\n<div>3\u00baA: Alberto D\u00edaz Romero\u00a0<\/div>\n<div>3\u00baB: Elena I. Esteban Romero\u00a0<\/div>\n<div>4\u00baA: Ana Ord\u00f3\u00f1ez P\u00e9rez\u00a0<\/div>\n<div>4\u00baB : Francisco Javier \u00cd\u00f1iguez Balsalobre<\/div>\n<div><strong>COORDINADOR DEL SEGUNDO CICLO<\/strong>: Francisco Javier \u00cd\u00f1iguez Balsalobre\u00a0<\/div>\n<div>5\u00baA: Yolanda L\u00f3pez Estela\u00a0<\/div>\n<div>5\u00baB : Inmaculada S\u00e1nchez Parrillo\u00a0<\/div>\n<div>6\u00baA: Anastasia Ruedas Alonso\u00a0<\/div>\n<div>6\u00baB: Carmen Mar\u00eda \u00c1lvarez Diz\u00a0<\/div>\n<div><strong>COORDINADORA DEL TERCER CICLO<\/strong>: Carmen Mar\u00eda \u00c1lvarez Diz\u00a0<\/div>\n<div><strong>ESPECIALISTAS<\/strong><\/div>\n<div>\u00c1lvaro Garc\u00eda Cintado: Ed. F\u00edsica<\/div>\n<div>Luc\u00eda Zambrano Jurado y Remedios Mart\u00ednez D\u00edaz: Religi\u00f3n<\/div>\n<div><\/div>\n<div><\/div>\n<div><\/div>\n<div><\/div>\n<div>Mar\u00eda Dolores Olmedo Mart\u00ednez: Ingl\u00e9s.<\/div>\n<div>Myriam G\u00f3mez Rodr\u00edguez: Refuerzo Infantil.<\/div>\n<div>Alicia Elena garc\u00eda Sierra: Refuerzo Primaria.<\/div>\n<div><strong>EQUIPO DE ORIENTACI\u00d3N:<\/strong><\/div>\n<div>Mar\u00eda Reyes Vera Bringas: Psicopedagoga.<\/div>\n<div>Ana Bel\u00e9n Molero Fuentes : Pedagog\u00eda Terap\u00e9utica-Aula Espec\u00edfica.<\/div>\n<div>Mar\u00eda del Carmen Lozano Ben\u00edtez: Pedagog\u00eda Terap\u00e9utica.<\/div>\n<div>Luc\u00eda S\u00e1nchez Herrero: Audici\u00f3n y lenguaje.<\/div>\n<div><\/div>\n<div><\/div>\n<div><strong>COORDINADORA DEL EQUIPO DE ORIENTACI\u00d3N<\/strong> : M\u00aa del Carmen Lozano Ben\u00edtez\u00a0<\/div>\n<div><strong>PAS<\/strong> :\u00a0<\/div>\n<div>Monitora de Apoyo Administrativo : Pilar Reyes Pav\u00f3n\u00a0<\/div>\n<div>El centro cuenta con dos monitores de Educaci\u00f3n Especial (Empresa SAMU).<\/div>\n<div>Personal del Ayuntamiento:<\/div>\n<div style=\"padding-left: 80px\">* Portera\u00a0<\/div>\n<div style=\"padding-left: 80px\">* Personal de limpieza<\/div>\n<p>[\/et_pb_text][\/et_pb_column][\/et_pb_row][\/et_pb_section]<\/p>\n","protected":false},"excerpt":{"rendered":"<p>EQUIPO DIRECTIVO: &#8211; Direcci\u00f3n : F\u00e1tima Seco Vasco\u00a0 \u00a0 \u00a0 \u00a0 \u00a0 \u00a0 \u00a0 \u00a0 \u00a0 \u00a0 \u00a0\u00a041008350.direccion.edu@juntadeandalucia.es &#8211; Jefatura de Estudios: Roc\u00edo Ayuso Garc\u00eda \u00a0 \u00a0 \u00a0 \u00a0 \u00a0 \u00a0 \u00a0 \u00a0 \u00a0 \u00a0\u00a041008350.edu@juntadeandalucia.es\u00a0 -Secretar\u00eda : Ana Ord\u00f3\u00f1ez P\u00e9rez \u00a0 \u00a0 \u00a0 \u00a0 \u00a0 \u00a0 \u00a0 \u00a0 \u00a0 \u00a0 \u00a041008350.edu@juntadeandaluc\u00eda.es\u00a0 TUTORES\/AS Infantil 3 a\u00f1os [&hellip;]<\/p>\n","protected":false},"author":18161,"featured_media":0,"parent":0,"menu_order":0,"comment_status":"closed","ping_status":"closed","template":"","meta":{"_et_pb_use_builder":"on","_et_pb_old_content":"<div><strong>EQUIPO DIRECTIVO:<\/strong><\/div><div>- Direcci\u00f3n : F\u00e1tima Seco Vasco&nbsp;<\/div><div>&nbsp; &nbsp; &nbsp; &nbsp; &nbsp; &nbsp; &nbsp; &nbsp; &nbsp; &nbsp;&nbsp;<a href=\"mailto:41008350.direccion.edu@juntadeandalucia.es\" target=\"_blank\" rel=\"noopener noreferrer\">41008350.direccion.edu@juntadeandalucia.es<\/a><\/div><div>- Jefatura de Estudios: Roc\u00edo Ayuso Garc\u00eda&nbsp;<\/div><div>&nbsp; &nbsp; &nbsp; &nbsp; &nbsp; &nbsp; &nbsp; &nbsp; &nbsp; &nbsp;&nbsp;<a href=\"mailto:41008350.edu@juntadeandalucia.es\" target=\"_blank\" rel=\"noopener noreferrer\">41008350.edu@juntadeandalucia.es<\/a>&nbsp;<\/div><div>-Secretar\u00eda : Esther Camero Gala&nbsp;<\/div><div>&nbsp; &nbsp; &nbsp; &nbsp; &nbsp; &nbsp; &nbsp; &nbsp; &nbsp; &nbsp; &nbsp;<a href=\"mailto:41008350.edu@juntadeandaluc%C3%ADa.es\" target=\"_blank\" rel=\"noopener noreferrer\">41008350.edu@juntadeandaluc\u00eda.es<\/a>&nbsp;<\/div><div><strong>TUTORES\/AS<\/strong><\/div><div>Infantil 3 a\u00f1os A: M\u00aa Eloisa Gonz\u00e1lez Villegas&nbsp;<\/div><div>Infantil 3 a\u00f1os B: Francisco Javier Medina Barranco&nbsp;<\/div><div>Infantil 4 a\u00f1os A: Myriam G\u00f3mez Rodr\u00edguez&nbsp;<\/div><div>Infantil 4 a\u00f1os B: D\u00e9bora P\u00e9rez Cruz&nbsp;<\/div><div>Infantil 5 a\u00f1os A: Olga Mar\u00eda Mora Rey&nbsp;<\/div><div>Infantil 5 a\u00f1os B: Marta Jim\u00e9nez Medina&nbsp;<\/div><div><strong>COORDINADOR DE INFANTIL<\/strong> : Francisco Javier Medina Barranco&nbsp;<\/div><div>1\u00baA: M\u00aa del Carmen Parrilla Gonz\u00e1lez&nbsp;<\/div><div>1\u00baB: M\u00aa Jos\u00e9 Fern\u00e1ndez D\u00edaz&nbsp;<\/div><div>2\u00baA: Antonio Flores Gonz\u00e1lez&nbsp;<\/div><div>2\u00baB: Ana Ord\u00f3\u00f1ez P\u00e9rez&nbsp;<\/div><div><strong>COORDINADORA DEL PRIMER CICLO<\/strong> : Ana Ord\u00f3\u00f1ez P\u00e9rez&nbsp;<\/div><div>3\u00baA: Beatriz Oteros S\u00e1nchez&nbsp;<\/div><div>3\u00baB: Juan Andr\u00e9s Jim\u00e9nez Luna&nbsp;<\/div><div>4\u00baA: Mar\u00eda de la Paz G\u00f3mez Ramos - Yzquierdo&nbsp;<\/div><div>4\u00baB : M\u00aa Concepci\u00f3n Enrile S\u00e1nchez de Ibarguen<\/div><div><strong>COORDINADORA DEL SEGUNDO CICLO<\/strong>: Beatriz Oteros S\u00e1nchez&nbsp;<\/div><div>5\u00baA: Alberto D\u00edaz Romero&nbsp;<\/div><div>5\u00baB : Elena Isabel Esteban Romero&nbsp;<\/div><div>6\u00baA: Francisco Javier I\u00f1iguez Balsalobre&nbsp;<\/div><div>6\u00baB: Roc\u00edo Ayuso Garc\u00eda&nbsp;<\/div><div><strong>COORDINADOR DEL TERCER CICLO<\/strong>: Francisco Javier I\u00f1iguez Balsalobre&nbsp;<\/div><div><strong>ESPECIALISTAS<\/strong><\/div><div>\u00c1lvaro Garc\u00eda Cintado: Ed. F\u00edsica<\/div><div>Luc\u00eda Zambrano Jurado: Religi\u00f3n<\/div><div>Pilar Osuna Miranda: Ingl\u00e9s.<\/div><div>Mar\u00eda Concepci\u00f3n Barbero Gir\u00e1ldez: Ingl\u00e9s - Apoyo a Infantil.<\/div><div>Esther Camero Gala: M\u00fasica<\/div><div>Cristina Manche\u00f1o Garc\u00eda: Apoyo Primaria.<\/div><div><strong>EQUIPO DE ORIENTACI\u00d3N:<\/strong><\/div><div>Mar\u00eda Isabel L\u00f3pez Murillo : Aula Espec\u00edfica<\/div><div>Mar\u00eda del Carmen Lozano Ben\u00edtez: Pedagog\u00eda Terap\u00e9utica<\/div><div>Ana Bel\u00e9n Torralbo Moreno: Audici\u00f3n y lenguaje.<\/div><div><strong>COORDINADORA DEL EQUIPO DE ORIENTACI\u00d3N<\/strong> : M\u00aa del Carmen Lozano Ben\u00edtez&nbsp;<\/div><div><strong>PAS<\/strong> :&nbsp;<\/div><div>Monitora escolar : Mar\u00eda Mercedes Lorca Valverde&nbsp;<\/div><div>El centro cuenta con dos monitoras de Educaci\u00f3n Especial ( Empresa SAMU).<\/div><div>Personal del Ayuntamiento:<\/div><div style=\"padding-left: 80px;\">* Portera&nbsp;<\/div><div style=\"padding-left: 80px;\">* Personal de limpieza<\/div>","_et_gb_content_width":"","ngg_post_thumbnail":0,"footnotes":""},"aioseo_notices":[],"_links":{"self":[{"href":"https:\/\/blogsaverroes.juntadeandalucia.es\/ceipmaestraisabelalvarez\/wp-json\/wp\/v2\/pages\/1059"}],"collection":[{"href":"https:\/\/blogsaverroes.juntadeandalucia.es\/ceipmaestraisabelalvarez\/wp-json\/wp\/v2\/pages"}],"about":[{"href":"https:\/\/blogsaverroes.juntadeandalucia.es\/ceipmaestraisabelalvarez\/wp-json\/wp\/v2\/types\/page"}],"author":[{"embeddable":true,"href":"https:\/\/blogsaverroes.juntadeandalucia.es\/ceipmaestraisabelalvarez\/wp-json\/wp\/v2\/users\/18161"}],"replies":[{"embeddable":true,"href":"https:\/\/blogsaverroes.juntadeandalucia.es\/ceipmaestraisabelalvarez\/wp-json\/wp\/v2\/comments?post=1059"}],"version-history":[{"count":5,"href":"https:\/\/blogsaverroes.juntadeandalucia.es\/ceipmaestraisabelalvarez\/wp-json\/wp\/v2\/pages\/1059\/revisions"}],"predecessor-version":[{"id":1552,"href":"https:\/\/blogsaverroes.juntadeandalucia.es\/ceipmaestraisabelalvarez\/wp-json\/wp\/v2\/pages\/1059\/revisions\/1552"}],"wp:attachment":[{"href":"https:\/\/blogsaverroes.juntadeandalucia.es\/ceipmaestraisabelalvarez\/wp-json\/wp\/v2\/media?parent=1059"}],"curies":[{"name":"wp","href":"https:\/\/api.w.org\/{rel}","templated":true}]}}