{"id":840,"date":"2020-12-18T08:38:52","date_gmt":"2020-12-18T07:38:52","guid":{"rendered":"https:\/\/blogsaverroes.juntadeandalucia.es\/pre\/plantilla-pencil\/?page_id=840"},"modified":"2024-09-09T10:50:33","modified_gmt":"2024-09-09T09:50:33","slug":"ampa","status":"publish","type":"page","link":"https:\/\/blogsaverroes.juntadeandalucia.es\/ceipmaestraisabelalvarez\/ampa\/","title":{"rendered":"AMPA"},"content":{"rendered":"<p><span style=\"font-size: 14pt\"><a href=\"https:\/\/sites.google.com\/view\/ampanuevoporvenir?pli=1\">ENLACE A LA WEB DEL AMPA DEL CEIP MAESTRA ISABEL \u00c1LVAREZ<\/a><\/span><\/p>\n<p>&nbsp;<\/p>\n<p class=\"zfr3Q CDt4Ke \" dir=\"ltr\"><span class=\"C9DxTc \">Recuerda que el AMPA Nuevo Porvenir es una asociaci\u00f3n para:<\/span><\/p>\n<ul class=\"n8H08c UVNKR \">\n<li class=\"zfr3Q TYR86d eD0Rn \" dir=\"ltr\">\n<p class=\"zfr3Q CDt4Ke \" dir=\"ltr\" role=\"presentation\"><span class=\"C9DxTc \">Participar en las actividades de nuestro colegio<\/span><\/p>\n<\/li>\n<li class=\"zfr3Q TYR86d eD0Rn \" dir=\"ltr\">\n<p class=\"zfr3Q CDt4Ke \" dir=\"ltr\" role=\"presentation\"><span class=\"C9DxTc \">Apoyarnos y colaborar<\/span><\/p>\n<\/li>\n<li class=\"zfr3Q TYR86d eD0Rn \" dir=\"ltr\">\n<p class=\"zfr3Q CDt4Ke \" dir=\"ltr\" role=\"presentation\"><span class=\"C9DxTc \">Recibir informaci\u00f3n de la actualidad de nuestro colegio<\/span><\/p>\n<\/li>\n<li class=\"zfr3Q TYR86d eD0Rn \" dir=\"ltr\">\n<p class=\"zfr3Q CDt4Ke \" dir=\"ltr\" role=\"presentation\"><span class=\"C9DxTc \">Disponer de un punto de encuentro para las familias<\/span><\/p>\n<\/li>\n<\/ul>\n","protected":false},"excerpt":{"rendered":"<p>ENLACE A LA WEB DEL AMPA DEL CEIP MAESTRA ISABEL \u00c1LVAREZ &nbsp; Recuerda que el AMPA Nuevo Porvenir es una asociaci\u00f3n para: Participar en las actividades de nuestro colegio Apoyarnos y colaborar Recibir informaci\u00f3n de la actualidad de nuestro colegio Disponer de un punto de encuentro para las familias<\/p>\n","protected":false},"author":18161,"featured_media":0,"parent":0,"menu_order":0,"comment_status":"closed","ping_status":"closed","template":"","meta":{"_et_pb_use_builder":"off","_et_pb_old_content":"","_et_gb_content_width":"","ngg_post_thumbnail":0,"footnotes":""},"aioseo_notices":[],"_links":{"self":[{"href":"https:\/\/blogsaverroes.juntadeandalucia.es\/ceipmaestraisabelalvarez\/wp-json\/wp\/v2\/pages\/840"}],"collection":[{"href":"https:\/\/blogsaverroes.juntadeandalucia.es\/ceipmaestraisabelalvarez\/wp-json\/wp\/v2\/pages"}],"about":[{"href":"https:\/\/blogsaverroes.juntadeandalucia.es\/ceipmaestraisabelalvarez\/wp-json\/wp\/v2\/types\/page"}],"author":[{"embeddable":true,"href":"https:\/\/blogsaverroes.juntadeandalucia.es\/ceipmaestraisabelalvarez\/wp-json\/wp\/v2\/users\/18161"}],"replies":[{"embeddable":true,"href":"https:\/\/blogsaverroes.juntadeandalucia.es\/ceipmaestraisabelalvarez\/wp-json\/wp\/v2\/comments?post=840"}],"version-history":[{"count":8,"href":"https:\/\/blogsaverroes.juntadeandalucia.es\/ceipmaestraisabelalvarez\/wp-json\/wp\/v2\/pages\/840\/revisions"}],"predecessor-version":[{"id":1355,"href":"https:\/\/blogsaverroes.juntadeandalucia.es\/ceipmaestraisabelalvarez\/wp-json\/wp\/v2\/pages\/840\/revisions\/1355"}],"wp:attachment":[{"href":"https:\/\/blogsaverroes.juntadeandalucia.es\/ceipmaestraisabelalvarez\/wp-json\/wp\/v2\/media?parent=840"}],"curies":[{"name":"wp","href":"https:\/\/api.w.org\/{rel}","templated":true}]}}