{"id":51,"date":"2019-09-19T15:44:10","date_gmt":"2019-09-19T13:44:10","guid":{"rendered":"https:\/\/blogsaverroes.juntadeandalucia.es\/ceipmaestrateresamorales\/?page_id=51"},"modified":"2023-01-25T13:59:04","modified_gmt":"2023-01-25T12:59:04","slug":"proyecto-educativo-de-centro","status":"publish","type":"page","link":"https:\/\/blogsaverroes.juntadeandalucia.es\/ceipmaestrateresamorales\/proyecto-educativo-de-centro\/","title":{"rendered":"PROYECTO EDUCATIVO"},"content":{"rendered":"<p class=\"CDt4Ke zfr3Q\" dir=\"ltr\"><span style=\"font-family: 'comic sans ms', sans-serif;font-size: 12pt\">Ajust\u00e1ndose a lo estipulado en la normativa correspondiente al Reglamento de Organizaci\u00f3n de Centros de Educaci\u00f3n Infantil y Primaria, se ofrece al p\u00fablico en general la documentaci\u00f3n acad\u00e9mica del CEIP&nbsp; Maestra Teresa Morales, la cual se puede consultar desde este sitio web.<\/span><\/p>\n<p class=\"CDt4Ke zfr3Q\" dir=\"ltr\"><span style=\"font-family: 'comic sans ms', sans-serif\">Nuestro plan de centro comprende los siguientes elementos prescriptivos referenciados en la normativa:<\/span><\/p>\n<p class=\"CDt4Ke zfr3Q\" dir=\"ltr\" style=\"text-align: center\"><span style=\"font-family: 'comic sans ms', sans-serif;color: #0000ff\">&#8211; Proyecto Educativo.<\/span><\/p>\n<p dir=\"ltr\" style=\"text-align: center\"><span style=\"color: #30e6be;font-family: 'comic sans ms', sans-serif\">-Plan de Convivencia.<\/span><\/p>\n<p class=\"CDt4Ke zfr3Q\" dir=\"ltr\" style=\"text-align: center\"><span style=\"font-family: 'comic sans ms', sans-serif\">&#8211; <span style=\"color: #339966\">Reglamento de Organizaci\u00f3n y Funcionamiento.<\/span><\/span><\/p>\n<p class=\"CDt4Ke zfr3Q\" dir=\"ltr\" style=\"text-align: center\"><span style=\"font-family: 'comic sans ms', sans-serif;color: #ff6600\">&#8211; Proyecto de Gesti\u00f3n.<\/span><\/p>\n<p class=\"CDt4Ke zfr3Q\" dir=\"ltr\"><span style=\"font-family: 'comic sans ms', sans-serif\">El Proyecto Educativo del Centro recoge los valores, los objetivos, las prioridades y las formas de actuaci\u00f3n. Asimismo, incorpora el tratamiento transversal en las \u00e1reas, materias o \u00e1mbitos de la educaci\u00f3n en valores y otras ense\u00f1anzas. <\/span><\/p>\n<p class=\"CDt4Ke zfr3Q\" dir=\"ltr\"><span style=\"font-family: 'comic sans ms', sans-serif\">Tiene en cuenta las caracter\u00edsticas del entorno social y cultural del Centro, recoge la forma de atenci\u00f3n a la diversidad del alumnado y la acci\u00f3n tutorial, as\u00ed como el plan de convivencia, respetando el principio de no discriminaci\u00f3n y de inclusi\u00f3n educativa como valores fundamentales, as\u00ed como los principios y objetivos recogidos en la LOE\/LOMLOE (Ley Org\u00e1nica 2\/2006, de 3 de mayo, de Educaci\u00f3n, texto consolidado de la \u00faltima modificaci\u00f3n de 30 de diciembre de 2020), y la LEA (Ley 17\/2007, de 10 de diciembre, de Educaci\u00f3n de Andaluc\u00eda).<\/span><\/p>\n<p class=\"CDt4Ke zfr3Q\" dir=\"ltr\"><span style=\"font-family: 'comic sans ms', sans-serif\">El Reglamento de Organizaci\u00f3n y Funcionamiento recoge las normas organizativas y funcionales que facilitan un clima de trabajo adecuado para que logremos alcanzar los objetivos que nos hemos planteado. Asimismo, permite mantener un ambiente de respeto, confianza y colaboraci\u00f3n entre todos los sectores de la comunidad educativa.<\/span><\/p>\n<p class=\"CDt4Ke zfr3Q\" dir=\"ltr\"><span style=\"font-family: 'comic sans ms', sans-serif\">El Proyecto de Gesti\u00f3n es el que recoge la ordenaci\u00f3n y utilizaci\u00f3n de los recursos del centro, tanto materiales como humanos.<\/span><\/p>\n<p dir=\"ltr\" style=\"text-align: center\"><span style=\"font-family: 'comic sans ms', sans-serif;font-size: 10pt\">( Todos &nbsp;los documentos se encuentran hipervinculados para poder ser consultados:)<\/span><\/p>\n<p dir=\"ltr\">Proyecto educativo :&nbsp; &nbsp;&nbsp; &nbsp;<span style=\"font-size: 14pt;font-family: 'comic sans ms', sans-serif\">&nbsp;<a href=\"https:\/\/blogsaverroes.juntadeandalucia.es\/ceipmaestrateresamorales\/files\/2023\/01\/P.E.23.pdf\">P.E.23<\/a><\/span><\/p>\n<p dir=\"ltr\">Anexos : &nbsp;&nbsp; &nbsp;&nbsp; &nbsp;&nbsp; &nbsp;<span style=\"font-family: 'comic sans ms', sans-serif;font-size: 14pt\"><a href=\"https:\/\/blogsaverroes.juntadeandalucia.es\/ceipmaestrateresamorales\/files\/2023\/01\/ANEXOS-AL-PLAN-DE-CENTRO-.pdf\">ANEXOS AL PLAN DE CENTRO-<\/a><\/span><\/p>\n<p dir=\"ltr\">Reglamento de Organizaci\u00f3n y funcionamiento: &nbsp;<span style=\"font-size: 14pt;font-family: 'comic sans ms', sans-serif\"><a href=\"https:\/\/blogsaverroes.juntadeandalucia.es\/ceipmaestrateresamorales\/files\/2023\/01\/ROF-MTM-.pdf\">ROF MTM-<\/a><\/span><\/p>\n<p dir=\"ltr\"><span style=\"font-family: 'comic sans ms', sans-serif;font-size: 14pt\">&nbsp;<a href=\"https:\/\/blogsaverroes.juntadeandalucia.es\/ceipmaestrateresamorales\/files\/2023\/01\/Plan-de-convivencia-MTM-.pdf\">Plan de convivencia MTM-<\/a><\/span><\/p>\n<p dir=\"ltr\"><span style=\"font-size: 14pt;font-family: 'comic sans ms', sans-serif\">&nbsp;<a href=\"https:\/\/blogsaverroes.juntadeandalucia.es\/ceipmaestrateresamorales\/files\/2023\/01\/PROYECTO-DE-GESTI\u00d3N-.pdf\">PROYECTO DE GESTI\u00d3N-<\/a><\/span><\/p>\n","protected":false},"excerpt":{"rendered":"<p>Ajust\u00e1ndose a lo estipulado en la normativa correspondiente al Reglamento de Organizaci\u00f3n de Centros de Educaci\u00f3n Infantil y Primaria, se ofrece al p\u00fablico en general la documentaci\u00f3n acad\u00e9mica del CEIP&nbsp; Maestra Teresa Morales, la&#46;&#46;&#46;<\/p>\n","protected":false},"author":6474,"featured_media":0,"parent":0,"menu_order":0,"comment_status":"closed","ping_status":"closed","template":"","meta":{"ngg_post_thumbnail":0,"footnotes":""},"aioseo_notices":[],"_links":{"self":[{"href":"https:\/\/blogsaverroes.juntadeandalucia.es\/ceipmaestrateresamorales\/wp-json\/wp\/v2\/pages\/51"}],"collection":[{"href":"https:\/\/blogsaverroes.juntadeandalucia.es\/ceipmaestrateresamorales\/wp-json\/wp\/v2\/pages"}],"about":[{"href":"https:\/\/blogsaverroes.juntadeandalucia.es\/ceipmaestrateresamorales\/wp-json\/wp\/v2\/types\/page"}],"author":[{"embeddable":true,"href":"https:\/\/blogsaverroes.juntadeandalucia.es\/ceipmaestrateresamorales\/wp-json\/wp\/v2\/users\/6474"}],"replies":[{"embeddable":true,"href":"https:\/\/blogsaverroes.juntadeandalucia.es\/ceipmaestrateresamorales\/wp-json\/wp\/v2\/comments?post=51"}],"version-history":[{"count":5,"href":"https:\/\/blogsaverroes.juntadeandalucia.es\/ceipmaestrateresamorales\/wp-json\/wp\/v2\/pages\/51\/revisions"}],"predecessor-version":[{"id":9509,"href":"https:\/\/blogsaverroes.juntadeandalucia.es\/ceipmaestrateresamorales\/wp-json\/wp\/v2\/pages\/51\/revisions\/9509"}],"wp:attachment":[{"href":"https:\/\/blogsaverroes.juntadeandalucia.es\/ceipmaestrateresamorales\/wp-json\/wp\/v2\/media?parent=51"}],"curies":[{"name":"wp","href":"https:\/\/api.w.org\/{rel}","templated":true}]}}