{"id":1091,"date":"2021-02-22T12:37:31","date_gmt":"2021-02-22T11:37:31","guid":{"rendered":"https:\/\/blogsaverroes.juntadeandalucia.es\/ceipmaestroantoniorodriguez\/?page_id=1091"},"modified":"2024-12-01T15:58:24","modified_gmt":"2024-12-01T14:58:24","slug":"programa-bilingue","status":"publish","type":"page","link":"https:\/\/blogsaverroes.juntadeandalucia.es\/ceipmaestroantoniorodriguez\/programa-bilingue\/","title":{"rendered":"Programa Biling\u00fce"},"content":{"rendered":"<p>[et_pb_section fb_built=&#8221;1&#8243; _builder_version=&#8221;4.16&#8243; global_colors_info=&#8221;{}&#8221;][et_pb_row column_structure=&#8221;1_3,1_3,1_3&#8243; _builder_version=&#8221;4.16&#8243; background_size=&#8221;initial&#8221; background_position=&#8221;top_left&#8221; background_repeat=&#8221;repeat&#8221; custom_margin=&#8221;|auto|-39px|auto||&#8221; global_colors_info=&#8221;{}&#8221;][et_pb_column type=&#8221;1_3&#8243; _builder_version=&#8221;4.16&#8243; custom_padding=&#8221;|||&#8221; global_colors_info=&#8221;{}&#8221; custom_padding__hover=&#8221;|||&#8221;][et_pb_text _builder_version=&#8221;4.16&#8243; background_size=&#8221;initial&#8221; background_position=&#8221;top_left&#8221; background_repeat=&#8221;repeat&#8221; custom_margin=&#8221;|-353px||||&#8221; global_colors_info=&#8221;{}&#8221;]<\/p>\n<h1 class=\"entry-title main_title\"><b>Programa Biling\u00fce<\/b><\/h1>\n<p style=\"text-align: justify\">El <strong>Programa Biling\u00fce<\/strong> es uno de los signos de identidad de nuestro centro desde hace ya varios cursos; pues se trata de un programa muy consolidado, que est\u00e1 presente en el mismo <em>desde el a\u00f1o 2000<\/em>.<\/p>\n<p style=\"text-align: justify\">\n<p style=\"text-align: justify\">En consecuencia, el ingl\u00e9s est\u00e1 muy presente en \u00e1reas como Science, Music, etc., pero este tambi\u00e9n va acompa\u00f1ando a los distintos proyectos y actividades que se realizan en nuestro cole.<\/p>\n<p>[\/et_pb_text][\/et_pb_column][et_pb_column type=&#8221;1_3&#8243; _builder_version=&#8221;4.16&#8243; custom_padding=&#8221;|||&#8221; global_colors_info=&#8221;{}&#8221; custom_padding__hover=&#8221;|||&#8221;][\/et_pb_column][et_pb_column type=&#8221;1_3&#8243; _builder_version=&#8221;4.16&#8243; _module_preset=&#8221;default&#8221; global_colors_info=&#8221;{}&#8221;][et_pb_blurb url=&#8221;https:\/\/blogsaverroes.juntadeandalucia.es\/ceipmaestroantoniorodriguez\/proyecto-bilingue\/&#8221; image=&#8221;https:\/\/blogsaverroes.juntadeandalucia.es\/ceipmaestroantoniorodriguez\/files\/2024\/12\/Captura-de-pantalla-2024-12-01-a-las-15.07.08.png&#8221; _builder_version=&#8221;4.24.2&#8243; _module_preset=&#8221;default&#8221; link_option_url=&#8221;https:\/\/blogsaverroes.juntadeandalucia.es\/ceipmaestroantoniorodriguez\/proyecto-bilingue\/&#8221; global_colors_info=&#8221;{}&#8221;]<\/p>\n<p><strong> OTRAS NOTICIAS SOBRE EL PROGRAMA BILING\u00dcE<\/strong><\/p>\n<p>&nbsp;<\/p>\n<p>[\/et_pb_blurb][et_pb_blurb url=&#8221;https:\/\/drive.google.com\/file\/d\/11S4st5XlxPaR6yFRO9THDb-j4JImSWyj\/view?usp=sharing&#8221; url_new_window=&#8221;on&#8221; image=&#8221;https:\/\/blogsaverroes.juntadeandalucia.es\/ceipmaestroantoniorodriguez\/files\/2022\/05\/Dibujo-sin-t\u00edtulo10.jpg&#8221; _builder_version=&#8221;4.16&#8243; _module_preset=&#8221;default&#8221; custom_padding=&#8221;|0px||||&#8221; border_color_all=&#8221;#0C71C3&#8243; global_colors_info=&#8221;{}&#8221;]<\/p>\n<blockquote>\n<p style=\"text-align: center\"><span style=\"color: #080259\"><strong>BECOME OUR LANGUAGE ASSISTANT!<\/strong><\/span><\/p>\n<p style=\"text-align: center\"><span style=\"color: #080259\"><strong>CLICK ON THE PICTURE TO GET MORE INFORMATION<\/strong><\/span><\/p>\n<\/blockquote>\n<p>[\/et_pb_blurb][\/et_pb_column][\/et_pb_row][et_pb_row _builder_version=&#8221;4.16&#8243; _module_preset=&#8221;default&#8221; min_height=&#8221;1370px&#8221; global_colors_info=&#8221;{}&#8221;][et_pb_column type=&#8221;4_4&#8243; _builder_version=&#8221;4.16&#8243; _module_preset=&#8221;default&#8221; global_colors_info=&#8221;{}&#8221;][et_pb_text _builder_version=&#8221;4.16&#8243; _module_preset=&#8221;default&#8221; custom_margin=&#8221;-31px|||||&#8221; global_colors_info=&#8221;{}&#8221;]<\/p>\n<p style=\"text-align: justify\">\n<p style=\"text-align: justify\">El centro dispone de maestras del propio<strong> \u00e1rea de ingl\u00e9s y de especialistas para las materias biling\u00fces<\/strong>.<\/p>\n<p style=\"text-align: justify\">Estos \u00faltimos imparten sus materias dando tanto contenidos en espa\u00f1ol como en ingl\u00e9s, a trav\u00e9s del uso de actividades din\u00e1micas, flexibles, l\u00fadicas, etc. Adem\u00e1s, muchas de las actividades que se llevan a cabo est\u00e1n relacionadas no solo con los contenidos de las \u00e1reas, sino tambi\u00e9n con las propias tareas de los diversos proyectos que se desarrollan en el colegio.<\/p>\n<p style=\"text-align: justify\">Adem\u00e1s, cada curso contamos con la presencia de un\/a <strong>auxiliar de conversaci\u00f3n<\/strong>. Estas personas provienen de pa\u00edses cuyas lengua materna es el ingl\u00e9s. Gracias a la presencia de estos auxiliares podemos garantizar el contacto directo del alumnado con una persona nativa, ya que estos interaccionan con ellos a trav\u00e9s de las distintas actividades de clase.<\/p>\n<p style=\"text-align: justify\">\n<p>[\/et_pb_text][et_pb_image src=&#8221;https:\/\/blogsaverroes.juntadeandalucia.es\/ceipmaestroantoniorodriguez\/files\/2021\/02\/Peace-machine-CEIP-MAR.jpg&#8221; title_text=&#8221;Peace machine CEIP MAR&#8221; _builder_version=&#8221;4.16&#8243; _module_preset=&#8221;default&#8221; global_colors_info=&#8221;{}&#8221;][\/et_pb_image][et_pb_text _builder_version=&#8221;4.16&#8243; _module_preset=&#8221;default&#8221; global_colors_info=&#8221;{}&#8221;]<\/p>\n<p style=\"text-align: justify\">The <strong>Bilingual Program<\/strong> is one of the identity sign of our school. <em>This program is in our school since 2000<\/em>.<\/p>\n<p style=\"text-align: justify\">Between our teachers, you can find English teachers and Bilingual specialists. These bilingual specialists give their classes in english and spanish. Therefore, Science and Music are given in both languages.<\/p>\n<p style=\"text-align: justify\">We also have the support of a <strong>native person<\/strong>. With this person, students can experience and practise their english with a native english speaker.<\/p>\n<p style=\"text-align: justify\">In order to concrete all the information, the Bilingual Program is a very important part of us and we do not stop of mix the english with the rest of our proyects and activities.<\/p>\n<p>[\/et_pb_text][\/et_pb_column][\/et_pb_row][et_pb_row _builder_version=&#8221;4.16&#8243; _module_preset=&#8221;default&#8221; custom_margin=&#8221;-84px|auto||auto||&#8221; global_colors_info=&#8221;{}&#8221;][et_pb_column type=&#8221;4_4&#8243; _builder_version=&#8221;4.16&#8243; _module_preset=&#8221;default&#8221; global_colors_info=&#8221;{}&#8221;][et_pb_text _builder_version=&#8221;4.16&#8243; _module_preset=&#8221;default&#8221; global_colors_info=&#8221;{}&#8221;]<\/p>\n<p>Nuestros auxiliares forman parte de las distintas clases y participa en las distintas actividades que se realizan. Por ejemplo: realizando fotos para guiar a nuestro alumnado en un experimento sobre la conductividad el\u00e9ctrica<\/p>\n<p>Our bilingual assistants are another member in our clases and they participate in all the activities. For example: taking photos to show our students about the conductivity of electricity.<\/p>\n<p>[\/et_pb_text][et_pb_gallery gallery_ids=&#8221;1461,1462,1463,1464&#8243; show_title_and_caption=&#8221;off&#8221; _builder_version=&#8221;4.16&#8243; _module_preset=&#8221;default&#8221; global_colors_info=&#8221;{}&#8221;][\/et_pb_gallery][et_pb_text _builder_version=&#8221;4.16&#8243; _module_preset=&#8221;default&#8221; custom_margin=&#8221;-29px|||||&#8221; global_colors_info=&#8221;{}&#8221;]<\/p>\n<p>Adem\u00e1s de los auxiliares que pasan por el centro, las actividades que se hacen desde el \u00e1rea de Ingl\u00e9s, Ciencias y M\u00fasica son continuas. Aqu\u00ed os dejamos un ejemplo de actividad que llevamos a cabo.<\/p>\n<p>Also, in our school, we are always working our english by different activities of English, Science or Music. Here, we give you and example of these activities.<\/p>\n<p>[\/et_pb_text][et_pb_video src=&#8221;https:\/\/youtu.be\/Jn7F4_7qBmI&#8221; _builder_version=&#8221;4.16&#8243; _module_preset=&#8221;default&#8221; global_colors_info=&#8221;{}&#8221;][\/et_pb_video][et_pb_image src=&#8221;https:\/\/blogsaverroes.juntadeandalucia.es\/ceipmaestroantoniorodriguez\/files\/2021\/02\/Bilingual-Program-CEIP-MAR.png&#8221; title_text=&#8221;Bilingual Program CEIP MAR&#8221; _builder_version=&#8221;4.16&#8243; _module_preset=&#8221;default&#8221; global_colors_info=&#8221;{}&#8221;][\/et_pb_image][\/et_pb_column][\/et_pb_row][\/et_pb_section]<\/p>\n","protected":false},"excerpt":{"rendered":"<p>Programa Biling\u00fce El Programa Biling\u00fce es uno de los signos de identidad de nuestro centro desde hace ya varios cursos; pues se trata de un programa muy consolidado, que est\u00e1 presente en el mismo desde el a\u00f1o 2000. En consecuencia, el ingl\u00e9s est\u00e1 muy presente en \u00e1reas como Science, Music, etc., pero este tambi\u00e9n va [&hellip;]<\/p>\n","protected":false},"author":12376,"featured_media":1067,"parent":0,"menu_order":0,"comment_status":"closed","ping_status":"closed","template":"","meta":{"_et_pb_use_builder":"on","_et_pb_old_content":"<p>El Programa Biling\u00fce es uno de los signos de identidad de nuestro centro desde hace ya varios cursos; pues se trata de un programa muy consolidado, que est\u00e1 presente en el mismo desde el a\u00f1o 2000.<\/p><p>En consecuencia, el ingl\u00e9s est\u00e1 muy presente en \u00e1reas como Science, Music, etc., pero este tambi\u00e9n va acompa\u00f1ando a los distintos proyectos y actividades que se realizan en nuestro cole.<\/p><p>El centro dispone de maestras del propio \u00e1rea de ingl\u00e9s y de especialistas para las materias biling\u00fces.<\/p><p>Estos \u00faltimos imparten sus materias dando tanto contenidos en espa\u00f1ol como en ingl\u00e9s, a trav\u00e9s del uso de actividades din\u00e1micas, flexibles, l\u00fadicas, etc. Adem\u00e1s, muchas de las actividades que se llevan a cabo est\u00e1n relacionadas no solo con los contenidos de las \u00e1reas, sino tambi\u00e9n con las propias tareas de los diversos proyectos que se desarrollan en el colegio.<\/p><p>Adem\u00e1s, cada curso contamos con la presencia de un\/a auxiliar de conversaci\u00f3n. Estas personas provienen de pa\u00edses cuyas lengua materna es el ingl\u00e9s. En este curso 2020\/2021, contamos con una auxiliar que proviene de EEUU (USA). Gracias a la presencia de estos auxiliares podemos garantizar el contacto directo del alumnado con una persona nativa, ya que estos interaccionan con ellos a trav\u00e9s de las distintas actividades de clase.<\/p><p>\u00a0<\/p><p>The Bilingual Program is one of the identity sign of our school. This program is in our school since 2000.<\/p><p>Between our teachers, you can find English teachers and Bilingual specialists. These bilingual specialists give their classes in english and spanish. Therefore, Science and Music are given in both languages.<\/p><p>We also have the support of a native person. With this person, students can experience and practise their english with a native english speaker. This year, our auxiliar come from USA.<\/p><p>In order to concrete all the information, the Bilingual Program is a very important part of us and we do not stop of mix the english with the rest of our proyects and activities.<\/p><p>\u00a0<\/p><p>\u00a0<\/p><p>\u00a0<\/p>","_et_gb_content_width":"","ngg_post_thumbnail":0,"footnotes":""},"aioseo_notices":[],"_links":{"self":[{"href":"https:\/\/blogsaverroes.juntadeandalucia.es\/ceipmaestroantoniorodriguez\/wp-json\/wp\/v2\/pages\/1091"}],"collection":[{"href":"https:\/\/blogsaverroes.juntadeandalucia.es\/ceipmaestroantoniorodriguez\/wp-json\/wp\/v2\/pages"}],"about":[{"href":"https:\/\/blogsaverroes.juntadeandalucia.es\/ceipmaestroantoniorodriguez\/wp-json\/wp\/v2\/types\/page"}],"author":[{"embeddable":true,"href":"https:\/\/blogsaverroes.juntadeandalucia.es\/ceipmaestroantoniorodriguez\/wp-json\/wp\/v2\/users\/12376"}],"replies":[{"embeddable":true,"href":"https:\/\/blogsaverroes.juntadeandalucia.es\/ceipmaestroantoniorodriguez\/wp-json\/wp\/v2\/comments?post=1091"}],"version-history":[{"count":18,"href":"https:\/\/blogsaverroes.juntadeandalucia.es\/ceipmaestroantoniorodriguez\/wp-json\/wp\/v2\/pages\/1091\/revisions"}],"predecessor-version":[{"id":3600,"href":"https:\/\/blogsaverroes.juntadeandalucia.es\/ceipmaestroantoniorodriguez\/wp-json\/wp\/v2\/pages\/1091\/revisions\/3600"}],"wp:featuredmedia":[{"embeddable":true,"href":"https:\/\/blogsaverroes.juntadeandalucia.es\/ceipmaestroantoniorodriguez\/wp-json\/wp\/v2\/media\/1067"}],"wp:attachment":[{"href":"https:\/\/blogsaverroes.juntadeandalucia.es\/ceipmaestroantoniorodriguez\/wp-json\/wp\/v2\/media?parent=1091"}],"curies":[{"name":"wp","href":"https:\/\/api.w.org\/{rel}","templated":true}]}}