{"id":1093,"date":"2021-02-22T12:37:56","date_gmt":"2021-02-22T11:37:56","guid":{"rendered":"https:\/\/blogsaverroes.juntadeandalucia.es\/ceipmaestroantoniorodriguez\/?page_id=1093"},"modified":"2022-12-08T09:58:51","modified_gmt":"2022-12-08T08:58:51","slug":"metodologia-abn","status":"publish","type":"page","link":"https:\/\/blogsaverroes.juntadeandalucia.es\/ceipmaestroantoniorodriguez\/metodologia-abn\/","title":{"rendered":"Metodolog\u00eda ABN en Infantil"},"content":{"rendered":"<p>[et_pb_section fb_built=&#8221;1&#8243; _builder_version=&#8221;3.22&#8243; global_colors_info=&#8221;{}&#8221;][et_pb_row _builder_version=&#8221;3.25&#8243; background_size=&#8221;initial&#8221; background_position=&#8221;top_left&#8221; background_repeat=&#8221;repeat&#8221; global_colors_info=&#8221;{}&#8221;][et_pb_column type=&#8221;4_4&#8243; _builder_version=&#8221;3.25&#8243; custom_padding=&#8221;|||&#8221; global_colors_info=&#8221;{}&#8221; custom_padding__hover=&#8221;|||&#8221;][et_pb_text _builder_version=&#8221;3.27.4&#8243; background_size=&#8221;initial&#8221; background_position=&#8221;top_left&#8221; background_repeat=&#8221;repeat&#8221; global_colors_info=&#8221;{}&#8221;]<\/p>\n<h1 class=\"entry-title main_title\"><strong>Metodolog\u00eda ABN en Infantil<br \/><\/strong><\/h1>\n<p>En la etapa de Infantil, las <strong>Matem\u00e1ticas<\/strong> se trabajan siguiendo la <strong>metodolog\u00eda ABN<\/strong>.<\/p>\n<p>Esta metodolog\u00eda trata las matem\u00e1ticas como algo cercano al alumnado y parte de su contexto m\u00e1s inmediato.<\/p>\n<p>El alumnado usa materiales manipulables y se le proponen problemas que est\u00e1n relacionados con situaciones que pueden encontrarse en su d\u00eda a d\u00eda.<\/p>\n<p>Adem\u00e1s, al ser una metodolog\u00eda flexible nos permite relacionar las matem\u00e1ticas, no solo con el contexto del alumnado, sino tambi\u00e9n con los proyectos se realizamos en el centro. Esto permite aumentar la motivaci\u00f3n del alumnado y verle directamente la utilidad tan inmediata que tienen las matem\u00e1ticas.<\/p>\n<p>Por tanto, <strong>la metodolog\u00eda ABN favorece<\/strong>:<\/p>\n<ul>\n<li>La autoestima y la motivaci\u00f3n del alumnado.<\/li>\n<li>El desarrollo de un pensamiento cr\u00edtico y divergente.<\/li>\n<li>Mayor resoluci\u00f3n en el c\u00e1lculo.<\/li>\n<li>Resolver diferentes problem\u00e1ticas.<\/li>\n<li>Atender la diversidad.<\/li>\n<li>Etc.<\/li>\n<\/ul>\n<p>&nbsp;<\/p>\n<p><span style=\"font-size: 18px\">Nuestro centros ya lleva varios cursos haciendo uso de esta metodolog\u00eda y hemos realizado con nuestro alumnado m\u00faltiples actividades.<\/span><\/p>\n<p>[\/et_pb_text][et_pb_gallery gallery_ids=&#8221;1351,1353,1352,1606&#8243; show_title_and_caption=&#8221;off&#8221; _builder_version=&#8221;4.5.0&#8243; _module_preset=&#8221;default&#8221; global_colors_info=&#8221;{}&#8221;][\/et_pb_gallery][et_pb_image src=&#8221;https:\/\/blogsaverroes.juntadeandalucia.es\/ceipmaestroantoniorodriguez\/files\/2021\/02\/ABN-CEIP-MAR.png&#8221; title_text=&#8221;ABN CEIP MAR&#8221; align=&#8221;center&#8221; _builder_version=&#8221;4.5.0&#8243; _module_preset=&#8221;default&#8221; width=&#8221;54%&#8221; global_colors_info=&#8221;{}&#8221;][\/et_pb_image][\/et_pb_column][\/et_pb_row][\/et_pb_section]<\/p>\n","protected":false},"excerpt":{"rendered":"<p>Metodolog\u00eda ABN en Infantil En la etapa de Infantil, las Matem\u00e1ticas se trabajan siguiendo la metodolog\u00eda ABN. Esta metodolog\u00eda trata las matem\u00e1ticas como algo cercano al alumnado y parte de su contexto m\u00e1s inmediato. El alumnado usa materiales manipulables y se le proponen problemas que est\u00e1n relacionados con situaciones que pueden encontrarse en su d\u00eda [&hellip;]<\/p>\n","protected":false},"author":12376,"featured_media":1069,"parent":0,"menu_order":0,"comment_status":"closed","ping_status":"closed","template":"","meta":{"_et_pb_use_builder":"on","_et_pb_old_content":"<p>En el \u00e1rea de Matem\u00e1ticas nuestro centro trabaja siguiendo la metodolog\u00eda ABN.<\/p><p>Esta metodolog\u00eda trata las matem\u00e1ticas como algo cercano al alumnado y parte de su contexto m\u00e1s inmediato.<\/p><p>El alumnado usa materiales manipulables y se le proponen problemas que est\u00e1n relacionados con situaciones que pueden encontrarse en su d\u00eda a d\u00eda.<\/p><p>Adem\u00e1s, al ser una metodolog\u00eda flexible nos permite relacionar las matem\u00e1ticas, no solo con el contexto del alumnado, sino tambi\u00e9n con los proyectos se realizamos en el centro. Esto permite aumentar la motivaci\u00f3n del alumnado y verle directamente la utilidad tan inmediata que tienen las matem\u00e1ticas.<\/p><p>Por tanto, la metodolog\u00eda ABN favorece:<\/p><ul><li>La autoestima y la motivaci\u00f3n del alumnado.<\/li><li>El desarrollo de un pensamiento cr\u00edtico y divergente.<\/li><li>Mayor resoluci\u00f3n en el c\u00e1lculo.<\/li><li>Resolver diferentes problem\u00e1ticas.<\/li><li>Atender la diversidad.<\/li><li>Etc.<\/li><\/ul><p>Nuestro centros ya lleva varios cursos haciendo uso de esta metodolog\u00eda y hemos realizado con nuestro alumnado m\u00faltiples actividades.<\/p><p>\u00a0<\/p><p>\u00a0<\/p>","_et_gb_content_width":"","ngg_post_thumbnail":0,"footnotes":""},"aioseo_notices":[],"_links":{"self":[{"href":"https:\/\/blogsaverroes.juntadeandalucia.es\/ceipmaestroantoniorodriguez\/wp-json\/wp\/v2\/pages\/1093"}],"collection":[{"href":"https:\/\/blogsaverroes.juntadeandalucia.es\/ceipmaestroantoniorodriguez\/wp-json\/wp\/v2\/pages"}],"about":[{"href":"https:\/\/blogsaverroes.juntadeandalucia.es\/ceipmaestroantoniorodriguez\/wp-json\/wp\/v2\/types\/page"}],"author":[{"embeddable":true,"href":"https:\/\/blogsaverroes.juntadeandalucia.es\/ceipmaestroantoniorodriguez\/wp-json\/wp\/v2\/users\/12376"}],"replies":[{"embeddable":true,"href":"https:\/\/blogsaverroes.juntadeandalucia.es\/ceipmaestroantoniorodriguez\/wp-json\/wp\/v2\/comments?post=1093"}],"version-history":[{"count":8,"href":"https:\/\/blogsaverroes.juntadeandalucia.es\/ceipmaestroantoniorodriguez\/wp-json\/wp\/v2\/pages\/1093\/revisions"}],"predecessor-version":[{"id":2810,"href":"https:\/\/blogsaverroes.juntadeandalucia.es\/ceipmaestroantoniorodriguez\/wp-json\/wp\/v2\/pages\/1093\/revisions\/2810"}],"wp:featuredmedia":[{"embeddable":true,"href":"https:\/\/blogsaverroes.juntadeandalucia.es\/ceipmaestroantoniorodriguez\/wp-json\/wp\/v2\/media\/1069"}],"wp:attachment":[{"href":"https:\/\/blogsaverroes.juntadeandalucia.es\/ceipmaestroantoniorodriguez\/wp-json\/wp\/v2\/media?parent=1093"}],"curies":[{"name":"wp","href":"https:\/\/api.w.org\/{rel}","templated":true}]}}