{"id":1095,"date":"2021-02-22T12:38:45","date_gmt":"2021-02-22T11:38:45","guid":{"rendered":"https:\/\/blogsaverroes.juntadeandalucia.es\/ceipmaestroantoniorodriguez\/?page_id=1095"},"modified":"2022-01-28T17:25:50","modified_gmt":"2022-01-28T16:25:50","slug":"aprendizaje-cooperativo","status":"publish","type":"page","link":"https:\/\/blogsaverroes.juntadeandalucia.es\/ceipmaestroantoniorodriguez\/aprendizaje-cooperativo\/","title":{"rendered":"Aprendizaje cooperativo"},"content":{"rendered":"<p>[et_pb_section fb_built=&#8221;1&#8243; _builder_version=&#8221;3.22&#8243; global_colors_info=&#8221;{}&#8221;][et_pb_row _builder_version=&#8221;3.25&#8243; background_size=&#8221;initial&#8221; background_position=&#8221;top_left&#8221; background_repeat=&#8221;repeat&#8221; global_colors_info=&#8221;{}&#8221;][et_pb_column type=&#8221;4_4&#8243; _builder_version=&#8221;3.25&#8243; custom_padding=&#8221;|||&#8221; global_colors_info=&#8221;{}&#8221; custom_padding__hover=&#8221;|||&#8221;][et_pb_text _builder_version=&#8221;3.27.4&#8243; background_size=&#8221;initial&#8221; background_position=&#8221;top_left&#8221; background_repeat=&#8221;repeat&#8221; global_colors_info=&#8221;{}&#8221;]<\/p>\n<h1 class=\"entry-title main_title\"><strong>Aprendizaje cooperativo<\/strong><\/h1>\n<p style=\"text-align: justify\">Los valores son una pieza fundamental dentro de nuestro centro. Uno de los valores propios de las personas es la <em>solidaridad<\/em> y el <em>respeto<\/em>.<\/p>\n<p style=\"text-align: justify\">Desde nuestro colegio apostamos desde hace varios a\u00f1os por el <strong>Aprendizaje<\/strong> <strong>Cooperativo<\/strong> como una <strong>herramienta<\/strong> <strong>Educativa<\/strong> <strong>Inclusiva<\/strong>. Su funci\u00f3n es facilitar el cumplimiento de una tarea, el logro de una meta o la terminaci\u00f3n de un producto. Para lograr ese fin todos los miembros de equipo deben interactuar, tomar decisiones, crear redes de ayuda mutua, organizar las tareas, proponer planes de trabajo, respetar los ritmos, negociar. Un trabajo com\u00fan que desarrolla la Competencia Ling\u00fc\u00edstica y la Social.<\/p>\n<p style=\"text-align: justify\">Pese a las dificultades planteadas por la situaci\u00f3n sanitaria actual, en nuestro colegio se ha creado un grupo de trabajo del profesorado para adaptar las actividades y materiales y garantizar la seguridad de nuestros ni\u00f1os y ni\u00f1as sin renunciar a una joya educativa que tanto bien nos ha proporcionado.<\/p>\n<p style=\"text-align: justify\">Con esta metodolog\u00eda, que se complementa perfectamente con el Aprendizaje Basado en Proyectos, nuestros ni\u00f1os y ni\u00f1as reciben los siguientes <strong>beneficios<\/strong>:<\/p>\n<p style=\"text-align: justify\">\n<ul>\n<li>Fomenta la cooperaci\u00f3n y no la competencia<\/li>\n<li>Favorece la responsabilidad<\/li>\n<li>Prepara al alumnado para una vida productiva e interactiva, como miembro de una sociedad y de un equipo.<\/li>\n<li>Mejora los logros acad\u00e9micos, potenciando las capacidades y paliando las dificultades.<\/li>\n<li>Mejora las habilidades sociales y comunicativas.<\/li>\n<li>Desarrolla el pensamiento cr\u00edtico y reflexivo.<\/li>\n<li>Aumenta la motivaci\u00f3n.<\/li>\n<li>Potencia el sentido del respeto hacia los dem\u00e1s y la solidaridad.<\/li>\n<\/ul>\n<p>[\/et_pb_text][et_pb_gallery gallery_ids=&#8221;1363,1364,2198,2199&#8243; show_title_and_caption=&#8221;off&#8221; _builder_version=&#8221;4.5.0&#8243; _module_preset=&#8221;default&#8221; global_colors_info=&#8221;{}&#8221;][\/et_pb_gallery][et_pb_text _builder_version=&#8221;4.5.0&#8243; _module_preset=&#8221;default&#8221; global_colors_info=&#8221;{}&#8221;]<\/p>\n<p>Durante este curso 2020-2021, hemos tenido que adaptarnos para seguir trabajando y cooperando juntos. Para ello, hemos hecho cambios en las distintas t\u00e9cnicas y materiales (como por ejemplo, usando materiales como folios A3 plastificados), para garantizar la seguridad de nuestro alumnado.<\/p>\n<p>[\/et_pb_text][et_pb_image src=&#8221;https:\/\/blogsaverroes.juntadeandalucia.es\/ceipmaestroantoniorodriguez\/files\/2021\/02\/Aprendizaje-cooperativo-CEIP-MAR-3.png&#8221; title_text=&#8221;Aprendizaje cooperativo CEIP MAR (3)&#8221; align=&#8221;center&#8221; _builder_version=&#8221;4.5.0&#8243; _module_preset=&#8221;default&#8221; global_colors_info=&#8221;{}&#8221;][\/et_pb_image][\/et_pb_column][\/et_pb_row][\/et_pb_section]<\/p>\n","protected":false},"excerpt":{"rendered":"<p>Aprendizaje cooperativo Los valores son una pieza fundamental dentro de nuestro centro. Uno de los valores propios de las personas es la solidaridad y el respeto. Desde nuestro colegio apostamos desde hace varios a\u00f1os por el Aprendizaje Cooperativo como una herramienta Educativa Inclusiva. Su funci\u00f3n es facilitar el cumplimiento de una tarea, el logro de [&hellip;]<\/p>\n","protected":false},"author":12376,"featured_media":1074,"parent":0,"menu_order":0,"comment_status":"closed","ping_status":"closed","template":"","meta":{"_et_pb_use_builder":"on","_et_pb_old_content":"<p>Los valores son una pieza fundamental dentro de nuestro centro. Uno de los valores propios de las personas es la solidaridad y el respeto.<\/p><p>Desde nuestro colegio apostamos desde hace varios a\u00f1os por el Aprendizaje Cooperativo como una herramienta Educativa Inclusiva. Su funci\u00f3n es facilitar el cumplimiento de una tarea, el logro de una meta o la terminaci\u00f3n de un producto. Para lograr ese fin todos los miembros de equipo deben interactuar, tomar decisiones, crear redes de ayuda mutua, organizar las tareas, proponer planes de trabajo, respetar los ritmos, negociar. Un trabajo com\u00fan que desarrolla la Competencia Ling\u00fc\u00edstica y la Social.<\/p><p>Pese a las dificultades planteadas por la situaci\u00f3n sanitaria actual, en nuestro colegio se ha creado un grupo de trabajo del profesorado para adaptar las actividades y materiales y garantizar la seguridad de nuestros ni\u00f1os y ni\u00f1as sin renunciar a una joya educativa que tanto bien nos ha proporcionado.<\/p><p>Con esta metodolog\u00eda, que se complementa perfectamente con el Aprendizaje Basado en Proyectos, nuestros ni\u00f1os y ni\u00f1as reciben los siguientes beneficios:<\/p><ul><li>Fomenta la cooperaci\u00f3n y no la competencia<\/li><li>Favorece la responsabilidad<\/li><li>Prepara al alumnado para una vida productiva e interactiva, como miembro de una sociedad y de un equipo.<\/li><li>Mejora los logros acad\u00e9micos, potenciando las capacidades y paliando las dificultades.<\/li><li>Mejora las habilidades sociales y comunicativas.<\/li><li>Desarrolla el pensamiento cr\u00edtico y reflexivo.<\/li><li>Aumenta la motivaci\u00f3n.<\/li><li>Potencia el sentido del respeto hacia los dem\u00e1s y la solidaridad.<\/li><\/ul><p>\u00a0<\/p>","_et_gb_content_width":"","ngg_post_thumbnail":0,"footnotes":""},"aioseo_notices":[],"_links":{"self":[{"href":"https:\/\/blogsaverroes.juntadeandalucia.es\/ceipmaestroantoniorodriguez\/wp-json\/wp\/v2\/pages\/1095"}],"collection":[{"href":"https:\/\/blogsaverroes.juntadeandalucia.es\/ceipmaestroantoniorodriguez\/wp-json\/wp\/v2\/pages"}],"about":[{"href":"https:\/\/blogsaverroes.juntadeandalucia.es\/ceipmaestroantoniorodriguez\/wp-json\/wp\/v2\/types\/page"}],"author":[{"embeddable":true,"href":"https:\/\/blogsaverroes.juntadeandalucia.es\/ceipmaestroantoniorodriguez\/wp-json\/wp\/v2\/users\/12376"}],"replies":[{"embeddable":true,"href":"https:\/\/blogsaverroes.juntadeandalucia.es\/ceipmaestroantoniorodriguez\/wp-json\/wp\/v2\/comments?post=1095"}],"version-history":[{"count":9,"href":"https:\/\/blogsaverroes.juntadeandalucia.es\/ceipmaestroantoniorodriguez\/wp-json\/wp\/v2\/pages\/1095\/revisions"}],"predecessor-version":[{"id":2304,"href":"https:\/\/blogsaverroes.juntadeandalucia.es\/ceipmaestroantoniorodriguez\/wp-json\/wp\/v2\/pages\/1095\/revisions\/2304"}],"wp:featuredmedia":[{"embeddable":true,"href":"https:\/\/blogsaverroes.juntadeandalucia.es\/ceipmaestroantoniorodriguez\/wp-json\/wp\/v2\/media\/1074"}],"wp:attachment":[{"href":"https:\/\/blogsaverroes.juntadeandalucia.es\/ceipmaestroantoniorodriguez\/wp-json\/wp\/v2\/media?parent=1095"}],"curies":[{"name":"wp","href":"https:\/\/api.w.org\/{rel}","templated":true}]}}