{"id":1097,"date":"2021-02-22T12:39:11","date_gmt":"2021-02-22T11:39:11","guid":{"rendered":"https:\/\/blogsaverroes.juntadeandalucia.es\/ceipmaestroantoniorodriguez\/?page_id=1097"},"modified":"2022-03-02T17:30:53","modified_gmt":"2022-03-02T16:30:53","slug":"proyecto-linguistico-de-centro","status":"publish","type":"page","link":"https:\/\/blogsaverroes.juntadeandalucia.es\/ceipmaestroantoniorodriguez\/proyecto-linguistico-de-centro\/","title":{"rendered":"Proyecto Ling\u00fc\u00edstico de Centro"},"content":{"rendered":"<p>[et_pb_section fb_built=&#8221;1&#8243; _builder_version=&#8221;3.22&#8243; global_colors_info=&#8221;{}&#8221;][et_pb_row _builder_version=&#8221;3.25&#8243; background_size=&#8221;initial&#8221; background_position=&#8221;top_left&#8221; background_repeat=&#8221;repeat&#8221; global_colors_info=&#8221;{}&#8221;][et_pb_column type=&#8221;4_4&#8243; _builder_version=&#8221;3.25&#8243; custom_padding=&#8221;|||&#8221; global_colors_info=&#8221;{}&#8221; custom_padding__hover=&#8221;|||&#8221;][et_pb_text _builder_version=&#8221;3.27.4&#8243; background_size=&#8221;initial&#8221; background_position=&#8221;top_left&#8221; background_repeat=&#8221;repeat&#8221; global_colors_info=&#8221;{}&#8221;]<\/p>\n<h1 class=\"entry-title main_title\"><strong>Proyecto Ling\u00fc\u00edstico de Centro<\/strong><\/h1>\n<p style=\"text-align: justify\">En un colegio <em>Pluriling\u00fce<\/em> un <strong>Proyecto Ling\u00fc\u00edstico<\/strong> es algo necesario.<\/p>\n<p style=\"text-align: justify\">Desde hace ya <em>8 a\u00f1os<\/em>, El CEIP Maestro Antonio Rodr\u00edguez posee una herramienta que funciona como la columna vertebral de nuestro Proyecto Educativo. A partir de \u00e9l surgen otros programas como el <em>Pluriling\u00fcismo, Fomento Lector y uso de Bibliotecas, Aprendizaje Cooperativo, Aprendizaje Basado en Proyectos, Matem\u00e1ticas ABN,\u00a0 Coeducaci\u00f3n, Programa ComunicA, Transformaci\u00f3n Digital, Educaci\u00f3n Emocional (Espacio para la Paz) y Huerto escolar<\/em>.<\/p>\n<p style=\"text-align: justify\">El objetivo de nuestro <strong>Proyecto Ling\u00fc\u00edstico de Centro (PLC)<\/strong> es que nuestro alumnado desarrolle la <strong>Competencia Ling\u00fc\u00edstica<\/strong> en sus 4 dimensiones: <em>Comprensi\u00f3n Oral, Expresi\u00f3n Oral, Comprensi\u00f3n Escrita, Expresi\u00f3n Escrita<\/em>; adem\u00e1s de la Literatura, en las 3 lenguas con las que trabajamos y aprendemos (<em>Lengua Castellana, Lengua Inglesa y Lengua Francesa<\/em>), desde cada una de las\u00a0 \u00e1reas. Se trata de dotar a nuestros ni\u00f1os y ni\u00f1as \u00a0de herramientas que les permitan enfrentarse al mundo como parte integrante de \u00e9l y de la sociedad.\u00a0<\/p>\n<p>La forma que tengamos de usar la Lengua dice mucho de nosotros. Como dec\u00eda Samuel Johnson.<\/p>\n<blockquote>\n<p style=\"text-align: center\"><span style=\"font-size: 18pt;color: #8300e9\"><strong>&#8220;El Lenguaje es el vestido de los pensamientos&#8221;<\/strong><\/span><\/p>\n<p style=\"text-align: center\"><span style=\"font-size: 18pt;color: #8300e9\"><strong><\/strong><\/span><\/p>\n<p style=\"text-align: center\"><span style=\"font-size: 18pt;color: #8300e9\"><strong><\/strong><\/span><\/p>\n<\/blockquote>\n<p>[\/et_pb_text][et_pb_text _builder_version=&#8221;4.14.5&#8243; _module_preset=&#8221;default&#8221; hover_enabled=&#8221;0&#8243; sticky_enabled=&#8221;0&#8243;]<\/p>\n<p>Os dejamos algunos ejemplos de actividades que trabajamos con nuestro alumnado desde infantil.<\/p>\n<p>[\/et_pb_text][\/et_pb_column][\/et_pb_row][et_pb_row _builder_version=&#8221;4.14.5&#8243; _module_preset=&#8221;default&#8221; column_structure=&#8221;1_2,1_2&#8243;][et_pb_column _builder_version=&#8221;4.14.5&#8243; _module_preset=&#8221;default&#8221; type=&#8221;1_2&#8243;][et_pb_video src=&#8221;https:\/\/blogsaverroes.juntadeandalucia.es\/ceipmaestroantoniorodriguez\/files\/2022\/03\/INFANTIL-PLC.mp4&#8243; _builder_version=&#8221;4.14.5&#8243; _module_preset=&#8221;default&#8221; title_text=&#8221;INFANTIL PLC&#8221; hover_enabled=&#8221;0&#8243; sticky_enabled=&#8221;0&#8243;][\/et_pb_video][\/et_pb_column][et_pb_column _builder_version=&#8221;4.14.5&#8243; _module_preset=&#8221;default&#8221; type=&#8221;1_2&#8243;][et_pb_video src=&#8221;https:\/\/blogsaverroes.juntadeandalucia.es\/ceipmaestroantoniorodriguez\/files\/2022\/03\/INFANTIL-PLC-2.mp4&#8243; _builder_version=&#8221;4.14.5&#8243; _module_preset=&#8221;default&#8221; title_text=&#8221;INFANTIL PLC (2)&#8221; hover_enabled=&#8221;0&#8243; sticky_enabled=&#8221;0&#8243;][\/et_pb_video][\/et_pb_column][\/et_pb_row][et_pb_row _builder_version=&#8221;4.14.5&#8243; _module_preset=&#8221;default&#8221;][et_pb_column _builder_version=&#8221;4.14.5&#8243; _module_preset=&#8221;default&#8221; type=&#8221;4_4&#8243;][et_pb_image src=&#8221;https:\/\/blogsaverroes.juntadeandalucia.es\/ceipmaestroantoniorodriguez\/files\/2021\/02\/Proyecto-Ling\u00fc\u00edstico-CEIP-MAR.png&#8221; title_text=&#8221;Proyecto Ling\u00fc\u00edstico CEIP MAR&#8221; _builder_version=&#8221;4.5.0&#8243; _module_preset=&#8221;default&#8221; global_colors_info=&#8221;{}&#8221;][\/et_pb_image][\/et_pb_column][\/et_pb_row][\/et_pb_section]<\/p>\n","protected":false},"excerpt":{"rendered":"<p>Proyecto Ling\u00fc\u00edstico de Centro En un colegio Pluriling\u00fce un Proyecto Ling\u00fc\u00edstico es algo necesario. Desde hace ya 8 a\u00f1os, El CEIP Maestro Antonio Rodr\u00edguez posee una herramienta que funciona como la columna vertebral de nuestro Proyecto Educativo. A partir de \u00e9l surgen otros programas como el Pluriling\u00fcismo, Fomento Lector y uso de Bibliotecas, Aprendizaje Cooperativo, [&hellip;]<\/p>\n","protected":false},"author":12376,"featured_media":0,"parent":0,"menu_order":0,"comment_status":"closed","ping_status":"closed","template":"","meta":{"_et_pb_use_builder":"on","_et_pb_old_content":"<p>En un colegio <em>Pluriling\u00fce<\/em> un <strong>Proyecto Ling\u00fc\u00edstico<\/strong> es algo necesario.<\/p><p>Desde hace ya <em>8 a\u00f1os<\/em>, El CEIP Maestro Antonio Rodr\u00edguez posee una herramienta que funciona como la columna vertebral de nuestro Proyecto Educativo. A partir de \u00e9l surgen otros programas como el <em>Pluriling\u00fcismo, Fomento Lector y uso de Bibliotecas, Aprendizaje Cooperativo, Aprendizaje Basado en Proyectos, Matem\u00e1ticas ABN,\u00a0 Coeducaci\u00f3n, Programa ComunicA, Transformaci\u00f3n Digital, Educaci\u00f3n Emocional (Espacio para la Paz) y Huerto escolar<\/em>.<\/p><p>El objetivo de nuestro <strong>Proyecto Ling\u00fc\u00edstico de Centro (PLC)<\/strong> es que nuestro alumnado desarrolle la <strong>Competencia Ling\u00fc\u00edstica<\/strong> en sus 4 dimensiones: <em>Comprensi\u00f3n Oral, Expresi\u00f3n Oral, Comprensi\u00f3n Escrita, Expresi\u00f3n Escrita<\/em>; adem\u00e1s de la Literatura, en las 3 lenguas con las que trabajamos y aprendemos (<em>Lengua Castellana, Lengua Inglesa y Lengua Francesa<\/em>), desde cada una de las\u00a0 \u00e1reas. Se trata de dotar a nuestros ni\u00f1os y ni\u00f1as \u00a0de herramientas que les permitan enfrentarse al mundo como parte integrante de \u00e9l y de la sociedad.\u00a0<\/p><p>La forma que tengamos de usar la Lengua dice mucho de nosotros. Como dec\u00eda Samuel Johnson.<\/p><blockquote><p style=\"text-align: center;\"><span style=\"font-size: 18pt;\">\"El Lenguaje es el vestido de los pensamientos\"<\/span><\/p><\/blockquote>","_et_gb_content_width":"","ngg_post_thumbnail":0,"footnotes":""},"aioseo_notices":[],"_links":{"self":[{"href":"https:\/\/blogsaverroes.juntadeandalucia.es\/ceipmaestroantoniorodriguez\/wp-json\/wp\/v2\/pages\/1097"}],"collection":[{"href":"https:\/\/blogsaverroes.juntadeandalucia.es\/ceipmaestroantoniorodriguez\/wp-json\/wp\/v2\/pages"}],"about":[{"href":"https:\/\/blogsaverroes.juntadeandalucia.es\/ceipmaestroantoniorodriguez\/wp-json\/wp\/v2\/types\/page"}],"author":[{"embeddable":true,"href":"https:\/\/blogsaverroes.juntadeandalucia.es\/ceipmaestroantoniorodriguez\/wp-json\/wp\/v2\/users\/12376"}],"replies":[{"embeddable":true,"href":"https:\/\/blogsaverroes.juntadeandalucia.es\/ceipmaestroantoniorodriguez\/wp-json\/wp\/v2\/comments?post=1097"}],"version-history":[{"count":6,"href":"https:\/\/blogsaverroes.juntadeandalucia.es\/ceipmaestroantoniorodriguez\/wp-json\/wp\/v2\/pages\/1097\/revisions"}],"predecessor-version":[{"id":2636,"href":"https:\/\/blogsaverroes.juntadeandalucia.es\/ceipmaestroantoniorodriguez\/wp-json\/wp\/v2\/pages\/1097\/revisions\/2636"}],"wp:attachment":[{"href":"https:\/\/blogsaverroes.juntadeandalucia.es\/ceipmaestroantoniorodriguez\/wp-json\/wp\/v2\/media?parent=1097"}],"curies":[{"name":"wp","href":"https:\/\/api.w.org\/{rel}","templated":true}]}}