{"id":1509,"date":"2021-03-18T18:49:54","date_gmt":"2021-03-18T17:49:54","guid":{"rendered":"https:\/\/blogsaverroes.juntadeandalucia.es\/ceipmaestroantoniorodriguez\/?page_id=1509"},"modified":"2025-06-12T15:37:42","modified_gmt":"2025-06-12T14:37:42","slug":"ciclo-ea","status":"publish","type":"page","link":"https:\/\/blogsaverroes.juntadeandalucia.es\/ceipmaestroantoniorodriguez\/ciclo-ea\/","title":{"rendered":"Ciclo EOA"},"content":{"rendered":"<p>[et_pb_section fb_built=&#8221;1&#8243; _builder_version=&#8221;4.16&#8243; _module_preset=&#8221;default&#8221; global_colors_info=&#8221;{}&#8221;][et_pb_row _builder_version=&#8221;4.16&#8243; _module_preset=&#8221;default&#8221; global_colors_info=&#8221;{}&#8221;][et_pb_column type=&#8221;4_4&#8243; _builder_version=&#8221;4.16&#8243; _module_preset=&#8221;default&#8221; global_colors_info=&#8221;{}&#8221;][et_pb_image src=&#8221;https:\/\/blogsaverroes.juntadeandalucia.es\/ceipmaestroantoniorodriguez\/files\/2022\/02\/Dibujo-sin-t\u00edtulo8.jpg&#8221; title_text=&#8221;Dibujo sin t\u00edtulo(8)&#8221; align=&#8221;center&#8221; _builder_version=&#8221;4.16&#8243; _module_preset=&#8221;default&#8221; border_width_bottom=&#8221;3px&#8221; border_color_bottom=&#8221;#0c71c3&#8243; global_colors_info=&#8221;{}&#8221;][\/et_pb_image][et_pb_text _builder_version=&#8221;4.16&#8243; _module_preset=&#8221;default&#8221; global_colors_info=&#8221;{}&#8221;]<\/p>\n<p><span style=\"font-size: xx-large\"><strong>Ciclo EOA<\/strong><\/span><\/p>\n<blockquote>\n<p style=\"text-align: center\"><span style=\"font-size: xx-large\"><strong>&#8220;Respeta mi ritmo. Dame orden, estructura y no caos&#8221;.<\/strong><\/span><\/p>\n<\/blockquote>\n<p><span style=\"font-size: xx-large\"><strong><\/strong><\/span><\/p>\n<p>[\/et_pb_text][\/et_pb_column][\/et_pb_row][et_pb_row column_structure=&#8221;1_2,1_2&#8243; _builder_version=&#8221;4.16&#8243; _module_preset=&#8221;default&#8221; global_colors_info=&#8221;{}&#8221;][et_pb_column type=&#8221;1_2&#8243; _builder_version=&#8221;4.16&#8243; _module_preset=&#8221;default&#8221; global_colors_info=&#8221;{}&#8221;][et_pb_text _builder_version=&#8221;4.16&#8243; _module_preset=&#8221;default&#8221; custom_margin=&#8221;-26px|||||&#8221; global_colors_info=&#8221;{}&#8221;]<\/p>\n<p>Desde el ciclo de EOA, nuestro primer objetivo es fomentar la autonom\u00eda de nuestro alumnado. Tanto a nivel curricular como personal. Siendo este trabajo individualizado atendiendo as\u00ed a las caracter\u00edsticas de cada alumno.<\/p>\n<p>Dentro del equipo, formado por varios profesionales (maestra audici\u00f3n y lenguaje, maestra de apoyo a las Neae, y maestras de aulas especificas).<\/p>\n<p>\u25ab\ufe0f <em>Maestra de apoyo a las NEAE<\/em>: se atiende de manera inclusiva la parte curricular dentro de las aulas ordinarias fomentando la autonom\u00eda anteriormente citada.<\/p>\n<p>\u25ab\ufe0f<em>Maestra de Audici\u00f3n y Lenguaje<\/em>: su intervenci\u00f3n se enfoca en mejorar y fomentar la comunicaci\u00f3n y los aspectos del lenguaje.<\/p>\n<p>\u25ab\ufe0f<em>Maestras de aulas espec\u00edficas<\/em>: nos centramos en la autonom\u00eda y desarrollo personal de todos los \u00e1mbitos de la vida diaria.<\/p>\n<p>&nbsp;<\/p>\n<p><strong>Si quieres conocer qu\u00e9 proyectos hemos realizado durante este curso u otros proyectos de cursos anteriores, as\u00ed como los festejos y efem\u00e9rides, <span style=\"text-decoration: underline\">pincha en las botones laterales.<\/span><\/strong><\/p>\n<p>[\/et_pb_text][\/et_pb_column][et_pb_column type=&#8221;1_2&#8243; _builder_version=&#8221;4.16&#8243; _module_preset=&#8221;default&#8221; global_colors_info=&#8221;{}&#8221;][et_pb_image src=&#8221;https:\/\/blogsaverroes.juntadeandalucia.es\/ceipmaestroantoniorodriguez\/files\/2025\/06\/Captura-de-pantalla-2025-06-12-a-las-16.29.38-Editada.png&#8221; title_text=&#8221;Captura de pantalla 2025-06-12 a las 16.29.38 &#8211; Editada&#8221; url=&#8221;https:\/\/blogsaverroes.juntadeandalucia.es\/ceipmaestroantoniorodriguez\/proyectos-curso-2021-2022-ciclo-eoa\/&#8221; url_new_window=&#8221;on&#8221; _builder_version=&#8221;4.24.2&#8243; _module_preset=&#8221;default&#8221; custom_margin=&#8221;-21px|||||&#8221; custom_padding=&#8221;0px|||||&#8221; hover_enabled=&#8221;0&#8243; border_width_all=&#8221;4px&#8221; border_color_all=&#8221;#8300E9&#8243; global_colors_info=&#8221;{}&#8221; sticky_enabled=&#8221;0&#8243;][\/et_pb_image][et_pb_image src=&#8221;https:\/\/blogsaverroes.juntadeandalucia.es\/ceipmaestroantoniorodriguez\/files\/2021\/03\/Bot\u00f3n-efem\u00e9rides-y-festejos.jpg&#8221; title_text=&#8221;Bot\u00f3n efem\u00e9rides y festejos&#8221; _builder_version=&#8221;4.16&#8243; _module_preset=&#8221;default&#8221; border_width_all=&#8221;4px&#8221; border_color_all=&#8221;#E09900&#8243; global_colors_info=&#8221;{}&#8221;][\/et_pb_image][\/et_pb_column][\/et_pb_row][\/et_pb_section]<\/p>\n","protected":false},"excerpt":{"rendered":"<p>Ciclo EOA &#8220;Respeta mi ritmo. Dame orden, estructura y no caos&#8221;. Desde el ciclo de EOA, nuestro primer objetivo es fomentar la autonom\u00eda de nuestro alumnado. Tanto a nivel curricular como personal. Siendo este trabajo individualizado atendiendo as\u00ed a las caracter\u00edsticas de cada alumno. Dentro del equipo, formado por varios profesionales (maestra audici\u00f3n y lenguaje, [&hellip;]<\/p>\n","protected":false},"author":12376,"featured_media":0,"parent":0,"menu_order":0,"comment_status":"closed","ping_status":"closed","template":"","meta":{"_et_pb_use_builder":"on","_et_pb_old_content":"","_et_gb_content_width":"","ngg_post_thumbnail":0,"footnotes":""},"aioseo_notices":[],"_links":{"self":[{"href":"https:\/\/blogsaverroes.juntadeandalucia.es\/ceipmaestroantoniorodriguez\/wp-json\/wp\/v2\/pages\/1509"}],"collection":[{"href":"https:\/\/blogsaverroes.juntadeandalucia.es\/ceipmaestroantoniorodriguez\/wp-json\/wp\/v2\/pages"}],"about":[{"href":"https:\/\/blogsaverroes.juntadeandalucia.es\/ceipmaestroantoniorodriguez\/wp-json\/wp\/v2\/types\/page"}],"author":[{"embeddable":true,"href":"https:\/\/blogsaverroes.juntadeandalucia.es\/ceipmaestroantoniorodriguez\/wp-json\/wp\/v2\/users\/12376"}],"replies":[{"embeddable":true,"href":"https:\/\/blogsaverroes.juntadeandalucia.es\/ceipmaestroantoniorodriguez\/wp-json\/wp\/v2\/comments?post=1509"}],"version-history":[{"count":11,"href":"https:\/\/blogsaverroes.juntadeandalucia.es\/ceipmaestroantoniorodriguez\/wp-json\/wp\/v2\/pages\/1509\/revisions"}],"predecessor-version":[{"id":5224,"href":"https:\/\/blogsaverroes.juntadeandalucia.es\/ceipmaestroantoniorodriguez\/wp-json\/wp\/v2\/pages\/1509\/revisions\/5224"}],"wp:attachment":[{"href":"https:\/\/blogsaverroes.juntadeandalucia.es\/ceipmaestroantoniorodriguez\/wp-json\/wp\/v2\/media?parent=1509"}],"curies":[{"name":"wp","href":"https:\/\/api.w.org\/{rel}","templated":true}]}}