{"id":1590,"date":"2021-03-21T17:40:31","date_gmt":"2021-03-21T16:40:31","guid":{"rendered":"https:\/\/blogsaverroes.juntadeandalucia.es\/ceipmaestroantoniorodriguez\/?page_id=1590"},"modified":"2025-06-12T15:51:14","modified_gmt":"2025-06-12T14:51:14","slug":"proyectoscurso2020-2021primerciclo","status":"publish","type":"page","link":"https:\/\/blogsaverroes.juntadeandalucia.es\/ceipmaestroantoniorodriguez\/proyectoscurso2020-2021primerciclo\/","title":{"rendered":"Proyectos M\u00c1S Curso 2021\/2022 (PRIMER CICLO)"},"content":{"rendered":"<p>[et_pb_section fb_built=&#8221;1&#8243; _builder_version=&#8221;4.16&#8243; _module_preset=&#8221;default&#8221; global_colors_info=&#8221;{}&#8221;][et_pb_row _builder_version=&#8221;4.16&#8243; _module_preset=&#8221;default&#8221; global_colors_info=&#8221;{}&#8221;][et_pb_column type=&#8221;4_4&#8243; _builder_version=&#8221;4.16&#8243; _module_preset=&#8221;default&#8221; global_colors_info=&#8221;{}&#8221;][et_pb_image src=&#8221;https:\/\/blogsaverroes.juntadeandalucia.es\/ceipmaestroantoniorodriguez\/files\/2021\/03\/1\u00ba-ciclo-frase-2.jpg&#8221; title_text=&#8221;1\u00ba ciclo frase (2)&#8221; _builder_version=&#8221;4.16&#8243; _module_preset=&#8221;default&#8221; custom_margin=&#8221;-46px|||||&#8221; global_colors_info=&#8221;{}&#8221;][\/et_pb_image][et_pb_text _builder_version=&#8221;4.24.2&#8243; _module_preset=&#8221;default&#8221; global_colors_info=&#8221;{}&#8221;]<\/p>\n<p style=\"text-align: center\"><span style=\"font-size: xx-large;font-family: 'Abril Fatface';font-weight: normal;color: #070059\"><strong>ACTIVIDADES PRIMER CICLO<\/strong><\/span><\/p>\n<p>[\/et_pb_text][et_pb_blog fullwidth=&#8221;off&#8221; include_categories=&#8221;35&#8243; show_more=&#8221;on&#8221; show_categories=&#8221;off&#8221; _builder_version=&#8221;4.24.2&#8243; _module_preset=&#8221;default&#8221; global_colors_info=&#8221;{}&#8221;][\/et_pb_blog][et_pb_text _builder_version=&#8221;4.16&#8243; _module_preset=&#8221;default&#8221; inline_fonts=&#8221;Abril Fatface&#8221; global_colors_info=&#8221;{}&#8221;]<\/p>\n<p style=\"text-align: center\"><span style=\"font-size: xx-large;font-family: 'Abril Fatface';font-weight: normal;color: #070059\"><strong>PROYECTOS CURSO 2021\/2022 \u2013 PRIMER CICLO<\/strong><\/span><\/p>\n<p style=\"text-align: justify\">Como todos los cursos, en el centro trabajamos mediante proyectos con nuestros alumnos y alumnas. Son tres los proyectos que llevamos a cabo. Uno por cada trimestre. \u00bfQuieres saber qu\u00e9 hemos trabajado? Pues no dejes de leer.<\/p>\n<p style=\"text-align: justify\">\n<p>[\/et_pb_text][et_pb_text _builder_version=&#8221;4.16&#8243; _module_preset=&#8221;default&#8221; text_font=&#8221;|700|||||||&#8221; custom_margin=&#8221;||-38px|||&#8221; custom_padding=&#8221;||35px|||&#8221; text_text_shadow_style=&#8221;preset4&#8243; text_text_shadow_color=&#8221;#0c71c3&#8243; inline_fonts=&#8221;Adamina&#8221; global_colors_info=&#8221;{}&#8221;]<\/p>\n<p style=\"text-align: center\"><span style=\"font-size: x-large;color: #001393;font-family: Adamina;font-weight: normal\"><strong>1\u00ba TRIMESTRE &#8211; CUIDEMOS NUESTRO PLANETA<\/strong><\/span><\/p>\n<p>[\/et_pb_text][et_pb_image src=&#8221;https:\/\/blogsaverroes.juntadeandalucia.es\/ceipmaestroantoniorodriguez\/files\/2022\/01\/LOGO-CUIDEMOS-NUESTRO-PLANETA1.png&#8221; title_text=&#8221;LOGO CUIDEMOS NUESTRO PLANETA(1)&#8221; _builder_version=&#8221;4.16&#8243; _module_preset=&#8221;default&#8221; custom_padding=&#8221;10px|193px||159px||&#8221; global_colors_info=&#8221;{}&#8221;][\/et_pb_image][et_pb_text _builder_version=&#8221;4.16&#8243; _module_preset=&#8221;default&#8221; custom_margin=&#8221;-15px|||||&#8221; custom_padding=&#8221;0px|||||&#8221; inline_fonts=&#8221;Abril Fatface&#8221; global_colors_info=&#8221;{}&#8221;]<\/p>\n<p style=\"text-align: justify\">Hemos trabajado y profundizado en el conocimiento y concienciaci\u00f3n de la importancia que tiene cuidar nuestro planeta.<br \/>Nuestro alumnado ha contribuido con sus aportaciones y razonamientos sobre las ventajas y beneficios que proporcionan a nuestras vidas el respeto y cuidado del medio ambiente, y en consecuencia el cuidado de la Tierra.<br \/>Han trabajado y disfrutado realizando actividades diversas sobre reciclaje, ahorro de agua y luz, conservaci\u00f3n de las especies del parque de Do\u00f1ana, cultivo del huerto escolar, etc.<br \/>Los alumnos y alumnas se han esforzado mucho por aprender h\u00e1bitos de respeto y conservaci\u00f3n. Adem\u00e1s, nos han maravillado con sus trabajos. \u00a1Ha sido un aprendizaje muy motivador y divertido!<\/p>\n<p style=\"text-align: justify\">\n<p>[\/et_pb_text][et_pb_gallery gallery_ids=&#8221;2329,2330,2331,2332,2333,2334,2314,2317,2316,2318&#8243; show_title_and_caption=&#8221;off&#8221; _builder_version=&#8221;4.16&#8243; _module_preset=&#8221;default&#8221; custom_margin=&#8221;16px|||||&#8221; animation_style=&#8221;flip&#8221; global_colors_info=&#8221;{}&#8221;][\/et_pb_gallery][et_pb_text _builder_version=&#8221;4.16&#8243; _module_preset=&#8221;default&#8221; text_font=&#8221;|700|||||||&#8221; custom_margin=&#8221;-22px||-38px|||&#8221; custom_padding=&#8221;||35px|||&#8221; text_text_shadow_style=&#8221;preset4&#8243; text_text_shadow_color=&#8221;#0c71c3&#8243; inline_fonts=&#8221;Adamina&#8221; global_colors_info=&#8221;{}&#8221;]<\/p>\n<p style=\"text-align: center\"><span style=\"font-size: x-large;color: #8600e0;font-family: Adamina;font-weight: normal\"><strong>2\u00ba TRIMESTRE &#8211; EL M.A.R. ABRAZA A ASIA (CHINA)<\/strong><\/span><\/p>\n<p>[\/et_pb_text][et_pb_image src=&#8221;https:\/\/blogsaverroes.juntadeandalucia.es\/ceipmaestroantoniorodriguez\/files\/2022\/01\/El-M.A.R.-abraza-a-Asia-Logo2.jpg&#8221; title_text=&#8221;El M.A.R. abraza a Asia Logo(2)&#8221; _builder_version=&#8221;4.16&#8243; _module_preset=&#8221;default&#8221; custom_margin=&#8221;||8px|||&#8221; custom_padding=&#8221;5px|193px||224px||&#8221; global_colors_info=&#8221;{}&#8221;][\/et_pb_image][et_pb_text _builder_version=&#8221;4.16&#8243; _module_preset=&#8221;default&#8221; custom_margin=&#8221;-15px|||||&#8221; custom_padding=&#8221;14px|||||&#8221; inline_fonts=&#8221;Abril Fatface&#8221; global_colors_info=&#8221;{}&#8221;]<\/p>\n<p style=\"text-align: justify\">En este trimestre trabajamos un proyecto com\u00fan con todo el centro. Cada ciclo se centra en un continente y nuestro ciclo estudia el continente asi\u00e1tico, concretamente profundizaremos sobre el pa\u00eds de CHINA.<\/p>\n<p style=\"text-align: justify\">Las alumnas y alumnos conocer\u00e1n esta cultura siendo los protagonistas del proyecto.<br \/>Investigar\u00e1n y expondr\u00e1n sobre un aspecto concreto como las costumbres, los edificios, la comida, etc. Realizaremos un museo al final del trimestre en nuestro pasillo con todos los trabajos que hayan realizado (manualidades, dibujos, carteles, etc).<\/p>\n<p style=\"text-align: justify\">El trabajo por proyectos ayuda a la integraci\u00f3n a la diversidad del alumnado y motiva personalmente a estudiar y aprender sobre un tema de una forma aut\u00f3noma y m\u00e1s divertida. \u00a1NOS ENCANTAN NUESTROS PROYECTOS!<\/p>\n<p style=\"text-align: justify\">\n<p style=\"text-align: justify\">\n<p style=\"text-align: justify\">\n<p>[\/et_pb_text][et_pb_gallery gallery_ids=&#8221;2336,2337,2338,2339,2343,2386,2387,2435,2436,2438,2468&#8243; show_title_and_caption=&#8221;off&#8221; _builder_version=&#8221;4.16&#8243; _module_preset=&#8221;default&#8221; min_height=&#8221;331px&#8221; custom_margin=&#8221;-51px|||||&#8221; animation_style=&#8221;flip&#8221; global_colors_info=&#8221;{}&#8221;][\/et_pb_gallery][\/et_pb_column][\/et_pb_row][\/et_pb_section]<\/p>\n","protected":false},"excerpt":{"rendered":"<p>ACTIVIDADES PRIMER CICLOPROYECTOS CURSO 2021\/2022 \u2013 PRIMER CICLO Como todos los cursos, en el centro trabajamos mediante proyectos con nuestros alumnos y alumnas. Son tres los proyectos que llevamos a cabo. Uno por cada trimestre. \u00bfQuieres saber qu\u00e9 hemos trabajado? Pues no dejes de leer. 1\u00ba TRIMESTRE &#8211; CUIDEMOS NUESTRO PLANETAHemos trabajado y profundizado en [&hellip;]<\/p>\n","protected":false},"author":12376,"featured_media":0,"parent":0,"menu_order":0,"comment_status":"closed","ping_status":"closed","template":"","meta":{"_et_pb_use_builder":"on","_et_pb_old_content":"","_et_gb_content_width":"","ngg_post_thumbnail":0,"footnotes":""},"aioseo_notices":[],"_links":{"self":[{"href":"https:\/\/blogsaverroes.juntadeandalucia.es\/ceipmaestroantoniorodriguez\/wp-json\/wp\/v2\/pages\/1590"}],"collection":[{"href":"https:\/\/blogsaverroes.juntadeandalucia.es\/ceipmaestroantoniorodriguez\/wp-json\/wp\/v2\/pages"}],"about":[{"href":"https:\/\/blogsaverroes.juntadeandalucia.es\/ceipmaestroantoniorodriguez\/wp-json\/wp\/v2\/types\/page"}],"author":[{"embeddable":true,"href":"https:\/\/blogsaverroes.juntadeandalucia.es\/ceipmaestroantoniorodriguez\/wp-json\/wp\/v2\/users\/12376"}],"replies":[{"embeddable":true,"href":"https:\/\/blogsaverroes.juntadeandalucia.es\/ceipmaestroantoniorodriguez\/wp-json\/wp\/v2\/comments?post=1590"}],"version-history":[{"count":20,"href":"https:\/\/blogsaverroes.juntadeandalucia.es\/ceipmaestroantoniorodriguez\/wp-json\/wp\/v2\/pages\/1590\/revisions"}],"predecessor-version":[{"id":5238,"href":"https:\/\/blogsaverroes.juntadeandalucia.es\/ceipmaestroantoniorodriguez\/wp-json\/wp\/v2\/pages\/1590\/revisions\/5238"}],"wp:attachment":[{"href":"https:\/\/blogsaverroes.juntadeandalucia.es\/ceipmaestroantoniorodriguez\/wp-json\/wp\/v2\/media?parent=1590"}],"curies":[{"name":"wp","href":"https:\/\/api.w.org\/{rel}","templated":true}]}}