{"id":825,"date":"2020-12-18T08:32:50","date_gmt":"2020-12-18T07:32:50","guid":{"rendered":"https:\/\/blogsaverroes.juntadeandalucia.es\/pre\/plantilla-pencil\/?page_id=824"},"modified":"2025-06-12T16:21:32","modified_gmt":"2025-06-12T15:21:32","slug":"2o-ciclo-de-educacion-infantil","status":"publish","type":"page","link":"https:\/\/blogsaverroes.juntadeandalucia.es\/ceipmaestroantoniorodriguez\/2o-ciclo-de-educacion-infantil\/","title":{"rendered":"Ciclo de Educaci\u00f3n Infantil"},"content":{"rendered":"<p>[et_pb_section fb_built=&#8221;1&#8243; _builder_version=&#8221;4.16&#8243; custom_padding=&#8221;0px||0px|&#8221; z_index_tablet=&#8221;500&#8243; box_shadow_horizontal_tablet=&#8221;0px&#8221; box_shadow_vertical_tablet=&#8221;0px&#8221; box_shadow_blur_tablet=&#8221;40px&#8221; box_shadow_spread_tablet=&#8221;0px&#8221; global_colors_info=&#8221;{}&#8221;][et_pb_row _builder_version=&#8221;4.16&#8243; background_size=&#8221;initial&#8221; background_position=&#8221;top_left&#8221; background_repeat=&#8221;repeat&#8221; custom_padding=&#8221;||0px|||&#8221; global_colors_info=&#8221;{}&#8221;][et_pb_column type=&#8221;4_4&#8243; _builder_version=&#8221;4.16&#8243; custom_padding=&#8221;|||&#8221; global_colors_info=&#8221;{}&#8221; custom_padding__hover=&#8221;|||&#8221;][et_pb_image src=&#8221;https:\/\/blogsaverroes.juntadeandalucia.es\/ceipmaestroantoniorodriguez\/files\/2021\/03\/Ciclo-Infantil-frase.jpg&#8221; title_text=&#8221;Ciclo Infantil frase&#8221; admin_label=&#8221;Imagen de la portada&#8221; _builder_version=&#8221;4.16&#8243; z_index_tablet=&#8221;500&#8243; border_width_bottom=&#8221;3px&#8221; border_color_bottom=&#8221;#004299&#8243; box_shadow_horizontal_tablet=&#8221;0px&#8221; box_shadow_vertical_tablet=&#8221;0px&#8221; box_shadow_blur_tablet=&#8221;40px&#8221; box_shadow_spread_tablet=&#8221;0px&#8221; global_colors_info=&#8221;{}&#8221;][\/et_pb_image][et_pb_text admin_label=&#8221;Texto descriptivo&#8221; _builder_version=&#8221;4.16&#8243; z_index_tablet=&#8221;500&#8243; text_text_shadow_horizontal_length_tablet=&#8221;0px&#8221; text_text_shadow_vertical_length_tablet=&#8221;0px&#8221; text_text_shadow_blur_strength_tablet=&#8221;1px&#8221; link_text_shadow_horizontal_length_tablet=&#8221;0px&#8221; link_text_shadow_vertical_length_tablet=&#8221;0px&#8221; link_text_shadow_blur_strength_tablet=&#8221;1px&#8221; ul_text_shadow_horizontal_length_tablet=&#8221;0px&#8221; ul_text_shadow_vertical_length_tablet=&#8221;0px&#8221; ul_text_shadow_blur_strength_tablet=&#8221;1px&#8221; ol_text_shadow_horizontal_length_tablet=&#8221;0px&#8221; ol_text_shadow_vertical_length_tablet=&#8221;0px&#8221; ol_text_shadow_blur_strength_tablet=&#8221;1px&#8221; quote_text_shadow_horizontal_length_tablet=&#8221;0px&#8221; quote_text_shadow_vertical_length_tablet=&#8221;0px&#8221; quote_text_shadow_blur_strength_tablet=&#8221;1px&#8221; header_text_shadow_horizontal_length_tablet=&#8221;0px&#8221; header_text_shadow_vertical_length_tablet=&#8221;0px&#8221; header_text_shadow_blur_strength_tablet=&#8221;1px&#8221; header_2_text_shadow_horizontal_length_tablet=&#8221;0px&#8221; header_2_text_shadow_vertical_length_tablet=&#8221;0px&#8221; header_2_text_shadow_blur_strength_tablet=&#8221;1px&#8221; header_3_text_shadow_horizontal_length_tablet=&#8221;0px&#8221; header_3_text_shadow_vertical_length_tablet=&#8221;0px&#8221; header_3_text_shadow_blur_strength_tablet=&#8221;1px&#8221; header_4_text_shadow_horizontal_length_tablet=&#8221;0px&#8221; header_4_text_shadow_vertical_length_tablet=&#8221;0px&#8221; header_4_text_shadow_blur_strength_tablet=&#8221;1px&#8221; header_5_text_shadow_horizontal_length_tablet=&#8221;0px&#8221; header_5_text_shadow_vertical_length_tablet=&#8221;0px&#8221; header_5_text_shadow_blur_strength_tablet=&#8221;1px&#8221; header_6_text_shadow_horizontal_length_tablet=&#8221;0px&#8221; header_6_text_shadow_vertical_length_tablet=&#8221;0px&#8221; header_6_text_shadow_blur_strength_tablet=&#8221;1px&#8221; box_shadow_horizontal_tablet=&#8221;0px&#8221; box_shadow_vertical_tablet=&#8221;0px&#8221; box_shadow_blur_tablet=&#8221;40px&#8221; box_shadow_spread_tablet=&#8221;0px&#8221; global_colors_info=&#8221;{}&#8221;]<\/p>\n<h2><span style=\"font-size: xx-large\"><strong>Ciclo de Educaci\u00f3n Infantil<\/strong><\/span><\/h2>\n<blockquote>\n<p style=\"text-align: center\"><span style=\"font-size: x-large;color: #1239e5\"><strong>&#8220;Lo que mejor se puede dar a un ni\u00f1o son buenos recuerdos&#8221;\u00a0<\/strong><\/span><\/p>\n<\/blockquote>\n<p>[\/et_pb_text][\/et_pb_column][\/et_pb_row][et_pb_row column_structure=&#8221;1_2,1_2&#8243; _builder_version=&#8221;4.16&#8243; _module_preset=&#8221;default&#8221; min_height=&#8221;768px&#8221; custom_padding=&#8221;18px|||||&#8221; global_colors_info=&#8221;{}&#8221;][et_pb_column type=&#8221;1_2&#8243; _builder_version=&#8221;4.16&#8243; _module_preset=&#8221;default&#8221; global_colors_info=&#8221;{}&#8221;][et_pb_text _builder_version=&#8221;4.16&#8243; _module_preset=&#8221;default&#8221; global_colors_info=&#8221;{}&#8221;]<\/p>\n<p style=\"text-align: justify\">Esta etapa da comienzo a una gran aventura llena de sonrisas y aprendizaje para los m\u00e1s peque\u00f1os.<\/p>\n<p style=\"text-align: justify\">Es muy importante que los ni\u00f1os y las ni\u00f1as aprendan a gestionar sus emociones para convertirse en personas capaces de superar todos los obst\u00e1culos y lograr los objetivos que se planteen.<\/p>\n<p style=\"text-align: justify\">Por este motivo, muchos de los proyectos que realizamos desde el Ciclo de Educaci\u00f3n Infantil del CEIP M.A.R., est\u00e1n enfocados en las emociones.<\/p>\n<p style=\"text-align: justify\"><strong>Si quieres ver qu\u00e9 proyectos hemos realizado en cursos anteriores y durante este curso, <span style=\"text-decoration: underline\">pincha en los botones laterales.\u00a0<\/span><\/strong><\/p>\n<p>[\/et_pb_text][\/et_pb_column][et_pb_column type=&#8221;1_2&#8243; _builder_version=&#8221;4.16&#8243; _module_preset=&#8221;default&#8221; global_colors_info=&#8221;{}&#8221;][et_pb_text _builder_version=&#8221;4.16&#8243; _module_preset=&#8221;default&#8221; custom_margin=&#8221;||14px|||&#8221; custom_padding=&#8221;||0px|||&#8221; inline_fonts=&#8221;Acme&#8221; global_colors_info=&#8221;{}&#8221;]<\/p>\n<p style=\"text-align: center\"><span style=\"font-size: xx-large;font-family: Acme;font-weight: normal;color: #070059\">NUESTROS PROYECTO &#8211; INFANTIL<\/span><\/p>\n<p>[\/et_pb_text][et_pb_blurb url=&#8221;https:\/\/blogsaverroes.juntadeandalucia.es\/ceipmaestroantoniorodriguez\/proyectos-curso-2021-2022-infantil\/&#8221; url_new_window=&#8221;on&#8221; image=&#8221;https:\/\/blogsaverroes.juntadeandalucia.es\/ceipmaestroantoniorodriguez\/files\/2025\/06\/Diseno-sin-titulo.png&#8221; _builder_version=&#8221;4.24.2&#8243; _module_preset=&#8221;default&#8221; custom_margin=&#8221;-12px|||||&#8221; link_option_url=&#8221;https:\/\/blogsaverroes.juntadeandalucia.es\/ceipmaestroantoniorodriguez\/proyectos-curso-2021-2022-infantil\/&#8221; link_option_url_new_window=&#8221;on&#8221; hover_enabled=&#8221;0&#8243; border_width_all_image=&#8221;3px&#8221; border_color_all_image=&#8221;#0c71c3&#8243; global_colors_info=&#8221;{}&#8221; title_text=&#8221;Dise\u00f1o sin t\u00edtulo&#8221; sticky_enabled=&#8221;0&#8243;][\/et_pb_blurb][et_pb_blurb image=&#8221;https:\/\/blogsaverroes.juntadeandalucia.es\/ceipmaestroantoniorodriguez\/files\/2021\/03\/Bot\u00f3n-efem\u00e9rides-y-festejos.jpg&#8221; _builder_version=&#8221;4.16&#8243; _module_preset=&#8221;default&#8221; custom_margin=&#8221;-32px|||||&#8221; border_color_all=&#8221;#8300e9&#8243; border_width_all_image=&#8221;3px&#8221; border_color_all_image=&#8221;#e09900&#8243; global_colors_info=&#8221;{}&#8221;][\/et_pb_blurb][\/et_pb_column][\/et_pb_row][et_pb_row _builder_version=&#8221;4.16&#8243; _module_preset=&#8221;default&#8221; global_colors_info=&#8221;{}&#8221;][et_pb_column type=&#8221;4_4&#8243; _builder_version=&#8221;4.16&#8243; _module_preset=&#8221;default&#8221; global_colors_info=&#8221;{}&#8221;][et_pb_text _builder_version=&#8221;4.16&#8243; _module_preset=&#8221;default&#8221; custom_margin=&#8221;-285px|||||&#8221; global_colors_info=&#8221;{}&#8221;]<\/p>\n<p style=\"text-align: center\"><span style=\"font-size: x-large;color: #507fe5\"><strong>ANIMACI\u00d3N A LA LECTURA Y TRABAJO EMOCIONAL<\/strong><\/span><\/p>\n<p style=\"text-align: justify\">Durante todos los trimestres, y cada semana en algunos casos, y en otros todos los d\u00edas, se llevan a cabo un programa de animaci\u00f3n lectora, con actividades de comprensi\u00f3n de los cuentos en los que los ni\u00f1os\/as expresan libremente sus vivencias, a la vez que, como colof\u00f3n, llevan a casa distintas manualidades alusivas al cuento que se ha trabajo.<br \/>Nuestros cuentos est\u00e1n asociados tanto a los proyectos como a trabajar las emociones, los miedos, la igualdad de g\u00e9nero, la diversidad, conmemoraciones \u2026<br \/>Abogamos por una educaci\u00f3n donde el ni\u00f1o\/a aprende a ser persona. libre, equilibrada, alegre sin prejuicios, que cooperan y se ayudan<br \/>Paralelamente los ni\u00f1os de 5 a\u00f1os llevan un programa de animaci\u00f3n lectora en familia en el que cada semana se llevan a casa un libro que leen con los pap\u00e1s, rotando los libros entre toda la clase y elaborando una ficha de comprensi\u00f3n lectora que vuelven a traer a clase y muestran a sus compa\u00f1eros. Valorando si les gusto el libro y si lo recomendasen.<\/p>\n<p style=\"text-align: center\"><span style=\"color: #3839a0\"><strong><span style=\"font-size: x-large\">PSICOMOTRICIDAD<\/span><\/strong><\/span><\/p>\n<p style=\"text-align: justify\">En los primeros a\u00f1os de vida, la psicomotricidad juega un papel fundamental en el desarrollo del ni\u00f1o\/a, ya que influye directamente sobre el desarrollo intelectual, afectivo y social.<br \/>Es por eso que a trav\u00e9s de la manipulaci\u00f3n de materiales, experimentaci\u00f3n y contacto con los mismos , trabajo en equipo entre iguales y descubriendo su propio cuerpo como vamos a fomentar dichas actividades siempre dentro de la rutina del aula, a la vez que propiciaremos la calma , el sosiego y la relajaci\u00f3n despu\u00e9s de momentos tensos , situaciones estresantes , o conflictos dentro del grupo.<\/p>\n<p style=\"text-align: justify\">\n<p>[\/et_pb_text][et_pb_gallery gallery_ids=&#8221;2444,2445,2446,2447&#8243; show_title_and_caption=&#8221;off&#8221; _builder_version=&#8221;4.16&#8243; _module_preset=&#8221;default&#8221; global_colors_info=&#8221;{}&#8221;][\/et_pb_gallery][et_pb_text _builder_version=&#8221;4.16&#8243; _module_preset=&#8221;default&#8221; custom_margin=&#8221;-20px|||||&#8221; global_colors_info=&#8221;{}&#8221;]<\/p>\n<p style=\"text-align: center\"><span style=\"font-size: x-large;color: #507fe5\"><strong>ASAMBLEAS Y RUTINAS<\/strong><\/span><\/p>\n<p style=\"text-align: justify\">Constituyen el inicio de la jornada en todas las aulas, con unos rituales de aprendizaje de su autonom\u00eda personal: colgar sus cosas, aseo, reconocimiento del d\u00eda, de los compa\u00f1eros que han asistido, o de cuantos permanecen en casa.<br \/>Cada d\u00eda m\u00e1s, las nuevas tecnolog\u00edas forman parte de este encuentro, y a trav\u00e9s de las pizarras digitales de nuestras aulas abordamos las canciones del encuentro, los saludos\u2026.<br \/>Mantener estas rutinas ayudan al ni\u00f1o \/a a formar parte del grupo, a respetar, a ser protagonista y responsable de las mismas\u2026. En definitiva, establecen un orden mental de lo que se hace y por que se hace.<\/p>\n<p style=\"text-align: justify\">\n<p>[\/et_pb_text][et_pb_gallery gallery_ids=&#8221;2448,2449,2450,2452&#8243; show_title_and_caption=&#8221;off&#8221; _builder_version=&#8221;4.16&#8243; _module_preset=&#8221;default&#8221; global_colors_info=&#8221;{}&#8221;][\/et_pb_gallery][\/et_pb_column][\/et_pb_row][\/et_pb_section]<\/p>\n","protected":false},"excerpt":{"rendered":"<p>Ciclo de Educaci\u00f3n Infantil &#8220;Lo que mejor se puede dar a un ni\u00f1o son buenos recuerdos&#8221;\u00a0 Esta etapa da comienzo a una gran aventura llena de sonrisas y aprendizaje para los m\u00e1s peque\u00f1os. Es muy importante que los ni\u00f1os y las ni\u00f1as aprendan a gestionar sus emociones para convertirse en personas capaces de superar todos [&hellip;]<\/p>\n","protected":false},"author":7051,"featured_media":0,"parent":0,"menu_order":0,"comment_status":"closed","ping_status":"closed","template":"","meta":{"_et_pb_use_builder":"on","_et_pb_old_content":"","_et_gb_content_width":"","ngg_post_thumbnail":0,"footnotes":""},"aioseo_notices":[],"_links":{"self":[{"href":"https:\/\/blogsaverroes.juntadeandalucia.es\/ceipmaestroantoniorodriguez\/wp-json\/wp\/v2\/pages\/825"}],"collection":[{"href":"https:\/\/blogsaverroes.juntadeandalucia.es\/ceipmaestroantoniorodriguez\/wp-json\/wp\/v2\/pages"}],"about":[{"href":"https:\/\/blogsaverroes.juntadeandalucia.es\/ceipmaestroantoniorodriguez\/wp-json\/wp\/v2\/types\/page"}],"author":[{"embeddable":true,"href":"https:\/\/blogsaverroes.juntadeandalucia.es\/ceipmaestroantoniorodriguez\/wp-json\/wp\/v2\/users\/7051"}],"replies":[{"embeddable":true,"href":"https:\/\/blogsaverroes.juntadeandalucia.es\/ceipmaestroantoniorodriguez\/wp-json\/wp\/v2\/comments?post=825"}],"version-history":[{"count":18,"href":"https:\/\/blogsaverroes.juntadeandalucia.es\/ceipmaestroantoniorodriguez\/wp-json\/wp\/v2\/pages\/825\/revisions"}],"predecessor-version":[{"id":5254,"href":"https:\/\/blogsaverroes.juntadeandalucia.es\/ceipmaestroantoniorodriguez\/wp-json\/wp\/v2\/pages\/825\/revisions\/5254"}],"wp:attachment":[{"href":"https:\/\/blogsaverroes.juntadeandalucia.es\/ceipmaestroantoniorodriguez\/wp-json\/wp\/v2\/media?parent=825"}],"curies":[{"name":"wp","href":"https:\/\/api.w.org\/{rel}","templated":true}]}}