{"id":827,"date":"2020-12-18T08:34:31","date_gmt":"2020-12-18T07:34:31","guid":{"rendered":"https:\/\/blogsaverroes.juntadeandalucia.es\/pre\/plantilla-pencil\/?page_id=827"},"modified":"2025-06-12T15:28:47","modified_gmt":"2025-06-12T14:28:47","slug":"2o-ciclo-de-educacion-primaria","status":"publish","type":"page","link":"https:\/\/blogsaverroes.juntadeandalucia.es\/ceipmaestroantoniorodriguez\/2o-ciclo-de-educacion-primaria\/","title":{"rendered":"2\u00ba Ciclo de Educaci\u00f3n Primaria"},"content":{"rendered":"<p>[et_pb_section fb_built=&#8221;1&#8243; _builder_version=&#8221;4.16&#8243; custom_padding=&#8221;0px||0px|&#8221; z_index_tablet=&#8221;500&#8243; box_shadow_horizontal_tablet=&#8221;0px&#8221; box_shadow_vertical_tablet=&#8221;0px&#8221; box_shadow_blur_tablet=&#8221;40px&#8221; box_shadow_spread_tablet=&#8221;0px&#8221; global_colors_info=&#8221;{}&#8221;][et_pb_row _builder_version=&#8221;4.16&#8243; background_size=&#8221;initial&#8221; background_position=&#8221;top_left&#8221; background_repeat=&#8221;repeat&#8221; custom_padding=&#8221;||0px|||&#8221; global_colors_info=&#8221;{}&#8221;][et_pb_column type=&#8221;4_4&#8243; _builder_version=&#8221;4.16&#8243; custom_padding=&#8221;|||&#8221; global_colors_info=&#8221;{}&#8221; custom_padding__hover=&#8221;|||&#8221;][et_pb_image src=&#8221;https:\/\/blogsaverroes.juntadeandalucia.es\/ceipmaestroantoniorodriguez\/files\/2021\/03\/2\u00ba-ciclo-frase.jpg&#8221; title_text=&#8221;2\u00ba ciclo frase&#8221; admin_label=&#8221;Imagen de la portada&#8221; _builder_version=&#8221;4.16&#8243; z_index_tablet=&#8221;500&#8243; border_width_bottom=&#8221;3px&#8221; border_color_bottom=&#8221;#8e1e13&#8243; box_shadow_horizontal_tablet=&#8221;0px&#8221; box_shadow_vertical_tablet=&#8221;0px&#8221; box_shadow_blur_tablet=&#8221;40px&#8221; box_shadow_spread_tablet=&#8221;0px&#8221; global_colors_info=&#8221;{}&#8221;][\/et_pb_image][et_pb_text admin_label=&#8221;Texto descriptivo&#8221; _builder_version=&#8221;4.16&#8243; z_index_tablet=&#8221;500&#8243; text_text_shadow_horizontal_length_tablet=&#8221;0px&#8221; text_text_shadow_vertical_length_tablet=&#8221;0px&#8221; text_text_shadow_blur_strength_tablet=&#8221;1px&#8221; link_text_shadow_horizontal_length_tablet=&#8221;0px&#8221; link_text_shadow_vertical_length_tablet=&#8221;0px&#8221; link_text_shadow_blur_strength_tablet=&#8221;1px&#8221; ul_text_shadow_horizontal_length_tablet=&#8221;0px&#8221; ul_text_shadow_vertical_length_tablet=&#8221;0px&#8221; ul_text_shadow_blur_strength_tablet=&#8221;1px&#8221; ol_text_shadow_horizontal_length_tablet=&#8221;0px&#8221; ol_text_shadow_vertical_length_tablet=&#8221;0px&#8221; ol_text_shadow_blur_strength_tablet=&#8221;1px&#8221; quote_text_shadow_horizontal_length_tablet=&#8221;0px&#8221; quote_text_shadow_vertical_length_tablet=&#8221;0px&#8221; quote_text_shadow_blur_strength_tablet=&#8221;1px&#8221; header_text_shadow_horizontal_length_tablet=&#8221;0px&#8221; header_text_shadow_vertical_length_tablet=&#8221;0px&#8221; header_text_shadow_blur_strength_tablet=&#8221;1px&#8221; header_2_text_shadow_horizontal_length_tablet=&#8221;0px&#8221; header_2_text_shadow_vertical_length_tablet=&#8221;0px&#8221; header_2_text_shadow_blur_strength_tablet=&#8221;1px&#8221; header_3_text_shadow_horizontal_length_tablet=&#8221;0px&#8221; header_3_text_shadow_vertical_length_tablet=&#8221;0px&#8221; header_3_text_shadow_blur_strength_tablet=&#8221;1px&#8221; header_4_text_shadow_horizontal_length_tablet=&#8221;0px&#8221; header_4_text_shadow_vertical_length_tablet=&#8221;0px&#8221; header_4_text_shadow_blur_strength_tablet=&#8221;1px&#8221; header_5_text_shadow_horizontal_length_tablet=&#8221;0px&#8221; header_5_text_shadow_vertical_length_tablet=&#8221;0px&#8221; header_5_text_shadow_blur_strength_tablet=&#8221;1px&#8221; header_6_text_shadow_horizontal_length_tablet=&#8221;0px&#8221; header_6_text_shadow_vertical_length_tablet=&#8221;0px&#8221; header_6_text_shadow_blur_strength_tablet=&#8221;1px&#8221; box_shadow_horizontal_tablet=&#8221;0px&#8221; box_shadow_vertical_tablet=&#8221;0px&#8221; box_shadow_blur_tablet=&#8221;40px&#8221; box_shadow_spread_tablet=&#8221;0px&#8221; global_colors_info=&#8221;{}&#8221;]<\/p>\n<h2><span style=\"font-size: xx-large;color: #30005e\"><strong>2\u00ba Ciclo de Educaci\u00f3n Primaria<\/strong><\/span><\/h2>\n<blockquote>\n<p style=\"text-align: center\"><span style=\"font-size: xx-large;color: #bf0033\"><strong>&#8220;Somos corazones que laten juntos, componiendo la mejor canci\u00f3n&#8221;<\/strong><\/span><\/p>\n<\/blockquote>\n<p>[\/et_pb_text][et_pb_text _builder_version=&#8221;4.16&#8243; _module_preset=&#8221;default&#8221; text_font=&#8221;Acme|700|||||||&#8221; text_text_color=&#8221;#7711dd&#8221; text_font_size=&#8221;31px&#8221; text_orientation=&#8221;center&#8221; global_colors_info=&#8221;{}&#8221;]<\/p>\n<p>ASIGNATURAS EN EL SEGUNDO CICLO<\/p>\n<p>[\/et_pb_text][et_pb_image src=&#8221;https:\/\/blogsaverroes.juntadeandalucia.es\/ceipmaestroantoniorodriguez\/files\/2021\/03\/Asignaturas-2\u00ba-CICLO.jpg&#8221; title_text=&#8221;Asignaturas 2\u00ba CICLO&#8221; _builder_version=&#8221;4.16&#8243; _module_preset=&#8221;default&#8221; custom_margin=&#8221;||21px|||&#8221; custom_padding=&#8221;||15px|||&#8221; global_colors_info=&#8221;{}&#8221;][\/et_pb_image][\/et_pb_column][\/et_pb_row][et_pb_row column_structure=&#8221;1_2,1_2&#8243; _builder_version=&#8221;4.16&#8243; _module_preset=&#8221;default&#8221; custom_margin=&#8221;-27px|auto||auto||&#8221; global_colors_info=&#8221;{}&#8221;][et_pb_column type=&#8221;1_2&#8243; _builder_version=&#8221;4.16&#8243; _module_preset=&#8221;default&#8221; global_colors_info=&#8221;{}&#8221;][et_pb_text _builder_version=&#8221;4.16&#8243; _module_preset=&#8221;default&#8221; text_font=&#8221;Acme|700|||||||&#8221; text_text_color=&#8221;#7711dd&#8221; text_font_size=&#8221;31px&#8221; text_orientation=&#8221;center&#8221; global_colors_info=&#8221;{}&#8221;]<\/p>\n<p>SOBRE EL SEGUNDO CICLO&#8230;<\/p>\n<p>[\/et_pb_text][et_pb_text _builder_version=&#8221;4.16&#8243; _module_preset=&#8221;default&#8221; custom_margin=&#8221;-21px|||||&#8221; custom_padding=&#8221;0px|||||&#8221; global_colors_info=&#8221;{}&#8221;]<\/p>\n<p style=\"text-align: justify\">Nuestros alumnos y alumnas van creciendo como personas.<\/p>\n<p style=\"text-align: justify\">Por este motivo, desde el Segundo Ciclo siempre intentamos realizar proyectos que tengan un fin que les ayude a seguir creciendo. Para ello, desde los proyectos promovemos no solo conocimientos, sino tambi\u00e9n: valores, sentimientos, cr\u00edticas y autocr\u00edticas, cooperaci\u00f3n, etc.<\/p>\n<p style=\"text-align: justify\">Todos trabajamos juntos para lograr que nuestro alumnado crezcan como personas.<\/p>\n<p style=\"text-align: justify\"><strong>Si quieres conocer qu\u00e9 proyectos hemos realizado durante este curso u otros proyectos de cursos anteriores, as\u00ed como los festejos y efem\u00e9rides, pincha en las botones laterales.<\/strong><\/p>\n<p>[\/et_pb_text][\/et_pb_column][et_pb_column type=&#8221;1_2&#8243; _builder_version=&#8221;4.16&#8243; _module_preset=&#8221;default&#8221; global_colors_info=&#8221;{}&#8221;][et_pb_text _builder_version=&#8221;4.16&#8243; _module_preset=&#8221;default&#8221; text_font=&#8221;Acme|700|||||||&#8221; text_text_color=&#8221;#7711dd&#8221; text_font_size=&#8221;31px&#8221; text_orientation=&#8221;center&#8221; global_colors_info=&#8221;{}&#8221;]<\/p>\n<p>NUESTROS PROYECTOS &#8211; 2\u00ba CICLO<\/p>\n<p>[\/et_pb_text][et_pb_blurb url=&#8221;https:\/\/blogsaverroes.juntadeandalucia.es\/ceipmaestroantoniorodriguez\/proyectos-curso-2021-2022-segundo-ciclo\/&#8221; url_new_window=&#8221;on&#8221; image=&#8221;https:\/\/blogsaverroes.juntadeandalucia.es\/ceipmaestroantoniorodriguez\/files\/2025\/06\/ba504162-21e8-46ce-970d-271eac7517ce.png&#8221; _builder_version=&#8221;4.24.2&#8243; _module_preset=&#8221;default&#8221; custom_margin=&#8221;-23px|||||&#8221; animation_style=&#8221;bounce&#8221; link_option_url=&#8221;https:\/\/blogsaverroes.juntadeandalucia.es\/ceipmaestroantoniorodriguez\/proyectos-curso-2021-2022-segundo-ciclo\/&#8221; link_option_url_new_window=&#8221;on&#8221; hover_enabled=&#8221;0&#8243; border_width_all_image=&#8221;3px&#8221; border_color_all_image=&#8221;rgba(224,43,32,0.86)&#8221; global_colors_info=&#8221;{}&#8221; title_text=&#8221;ba504162-21e8-46ce-970d-271eac7517ce&#8221; sticky_enabled=&#8221;0&#8243;][\/et_pb_blurb][et_pb_blurb image=&#8221;https:\/\/blogsaverroes.juntadeandalucia.es\/ceipmaestroantoniorodriguez\/files\/2021\/03\/Bot\u00f3n-efem\u00e9rides-y-festejos.jpg&#8221; _builder_version=&#8221;4.16&#8243; _module_preset=&#8221;default&#8221; custom_margin=&#8221;-23px|||||&#8221; animation_style=&#8221;bounce&#8221; border_width_all_image=&#8221;3px&#8221; border_color_all_image=&#8221;#e09900&#8243; global_colors_info=&#8221;{}&#8221;][\/et_pb_blurb][\/et_pb_column][\/et_pb_row][\/et_pb_section]<\/p>\n","protected":false},"excerpt":{"rendered":"<p>2\u00ba Ciclo de Educaci\u00f3n Primaria &#8220;Somos corazones que laten juntos, componiendo la mejor canci\u00f3n&#8221; ASIGNATURAS EN EL SEGUNDO CICLOSOBRE EL SEGUNDO CICLO&#8230;Nuestros alumnos y alumnas van creciendo como personas. Por este motivo, desde el Segundo Ciclo siempre intentamos realizar proyectos que tengan un fin que les ayude a seguir creciendo. Para ello, desde los proyectos [&hellip;]<\/p>\n","protected":false},"author":7051,"featured_media":0,"parent":0,"menu_order":0,"comment_status":"closed","ping_status":"closed","template":"","meta":{"_et_pb_use_builder":"on","_et_pb_old_content":"","_et_gb_content_width":"","ngg_post_thumbnail":0,"footnotes":""},"aioseo_notices":[],"_links":{"self":[{"href":"https:\/\/blogsaverroes.juntadeandalucia.es\/ceipmaestroantoniorodriguez\/wp-json\/wp\/v2\/pages\/827"}],"collection":[{"href":"https:\/\/blogsaverroes.juntadeandalucia.es\/ceipmaestroantoniorodriguez\/wp-json\/wp\/v2\/pages"}],"about":[{"href":"https:\/\/blogsaverroes.juntadeandalucia.es\/ceipmaestroantoniorodriguez\/wp-json\/wp\/v2\/types\/page"}],"author":[{"embeddable":true,"href":"https:\/\/blogsaverroes.juntadeandalucia.es\/ceipmaestroantoniorodriguez\/wp-json\/wp\/v2\/users\/7051"}],"replies":[{"embeddable":true,"href":"https:\/\/blogsaverroes.juntadeandalucia.es\/ceipmaestroantoniorodriguez\/wp-json\/wp\/v2\/comments?post=827"}],"version-history":[{"count":15,"href":"https:\/\/blogsaverroes.juntadeandalucia.es\/ceipmaestroantoniorodriguez\/wp-json\/wp\/v2\/pages\/827\/revisions"}],"predecessor-version":[{"id":5216,"href":"https:\/\/blogsaverroes.juntadeandalucia.es\/ceipmaestroantoniorodriguez\/wp-json\/wp\/v2\/pages\/827\/revisions\/5216"}],"wp:attachment":[{"href":"https:\/\/blogsaverroes.juntadeandalucia.es\/ceipmaestroantoniorodriguez\/wp-json\/wp\/v2\/media?parent=827"}],"curies":[{"name":"wp","href":"https:\/\/api.w.org\/{rel}","templated":true}]}}