{"id":840,"date":"2020-12-18T08:38:52","date_gmt":"2020-12-18T07:38:52","guid":{"rendered":"https:\/\/blogsaverroes.juntadeandalucia.es\/pre\/plantilla-pencil\/?page_id=840"},"modified":"2025-10-03T12:55:08","modified_gmt":"2025-10-03T11:55:08","slug":"ampa","status":"publish","type":"page","link":"https:\/\/blogsaverroes.juntadeandalucia.es\/ceipmaestroantoniorodriguez\/ampa\/","title":{"rendered":"AFA"},"content":{"rendered":"<p>[et_pb_section fb_built=&#8221;1&#8243; _builder_version=&#8221;4.16&#8243; custom_padding=&#8221;0px||0px|&#8221; z_index_tablet=&#8221;500&#8243; box_shadow_horizontal_tablet=&#8221;0px&#8221; box_shadow_vertical_tablet=&#8221;0px&#8221; box_shadow_blur_tablet=&#8221;40px&#8221; box_shadow_spread_tablet=&#8221;0px&#8221; global_colors_info=&#8221;{}&#8221;][et_pb_row _builder_version=&#8221;4.16&#8243; background_size=&#8221;initial&#8221; background_position=&#8221;top_left&#8221; background_repeat=&#8221;repeat&#8221; global_colors_info=&#8221;{}&#8221;][et_pb_column type=&#8221;4_4&#8243; _builder_version=&#8221;4.16&#8243; custom_padding=&#8221;|||&#8221; global_colors_info=&#8221;{}&#8221; custom_padding__hover=&#8221;|||&#8221;][et_pb_image src=&#8221;https:\/\/blogsaverroes.juntadeandalucia.es\/ceipmaestroantoniorodriguez\/files\/2020\/01\/cabecera-interior-4.jpg&#8221; title_text=&#8221;cabecera-interior-4&#8243; admin_label=&#8221;Imagen de la portada&#8221; _builder_version=&#8221;4.16&#8243; hover_enabled=&#8221;0&#8243; z_index_tablet=&#8221;500&#8243; box_shadow_horizontal_tablet=&#8221;0px&#8221; box_shadow_vertical_tablet=&#8221;0px&#8221; box_shadow_blur_tablet=&#8221;40px&#8221; box_shadow_spread_tablet=&#8221;0px&#8221; global_colors_info=&#8221;{}&#8221; sticky_enabled=&#8221;0&#8243;][\/et_pb_image][et_pb_text admin_label=&#8221;Texto descriptivo&#8221; _builder_version=&#8221;4.16&#8243; z_index_tablet=&#8221;500&#8243; text_text_shadow_horizontal_length_tablet=&#8221;0px&#8221; text_text_shadow_vertical_length_tablet=&#8221;0px&#8221; text_text_shadow_blur_strength_tablet=&#8221;1px&#8221; link_text_shadow_horizontal_length_tablet=&#8221;0px&#8221; link_text_shadow_vertical_length_tablet=&#8221;0px&#8221; link_text_shadow_blur_strength_tablet=&#8221;1px&#8221; ul_text_shadow_horizontal_length_tablet=&#8221;0px&#8221; ul_text_shadow_vertical_length_tablet=&#8221;0px&#8221; ul_text_shadow_blur_strength_tablet=&#8221;1px&#8221; ol_text_shadow_horizontal_length_tablet=&#8221;0px&#8221; ol_text_shadow_vertical_length_tablet=&#8221;0px&#8221; ol_text_shadow_blur_strength_tablet=&#8221;1px&#8221; quote_text_shadow_horizontal_length_tablet=&#8221;0px&#8221; quote_text_shadow_vertical_length_tablet=&#8221;0px&#8221; quote_text_shadow_blur_strength_tablet=&#8221;1px&#8221; header_text_shadow_horizontal_length_tablet=&#8221;0px&#8221; header_text_shadow_vertical_length_tablet=&#8221;0px&#8221; header_text_shadow_blur_strength_tablet=&#8221;1px&#8221; header_2_text_shadow_horizontal_length_tablet=&#8221;0px&#8221; header_2_text_shadow_vertical_length_tablet=&#8221;0px&#8221; header_2_text_shadow_blur_strength_tablet=&#8221;1px&#8221; header_3_text_shadow_horizontal_length_tablet=&#8221;0px&#8221; header_3_text_shadow_vertical_length_tablet=&#8221;0px&#8221; header_3_text_shadow_blur_strength_tablet=&#8221;1px&#8221; header_4_text_shadow_horizontal_length_tablet=&#8221;0px&#8221; header_4_text_shadow_vertical_length_tablet=&#8221;0px&#8221; header_4_text_shadow_blur_strength_tablet=&#8221;1px&#8221; header_5_text_shadow_horizontal_length_tablet=&#8221;0px&#8221; header_5_text_shadow_vertical_length_tablet=&#8221;0px&#8221; header_5_text_shadow_blur_strength_tablet=&#8221;1px&#8221; header_6_text_shadow_horizontal_length_tablet=&#8221;0px&#8221; header_6_text_shadow_vertical_length_tablet=&#8221;0px&#8221; header_6_text_shadow_blur_strength_tablet=&#8221;1px&#8221; box_shadow_horizontal_tablet=&#8221;0px&#8221; box_shadow_vertical_tablet=&#8221;0px&#8221; box_shadow_blur_tablet=&#8221;40px&#8221; box_shadow_spread_tablet=&#8221;0px&#8221; global_colors_info=&#8221;{}&#8221;]<\/p>\n<h2><strong>AFA GALILEO GALILEI DEL CEIP MAESTRO ANTONIO RODR\u00cdGUEZ<\/strong><\/h2>\n<p>&nbsp;<\/p>\n<p><strong><em>DIRECTIVA DEL AFA:<\/em><\/strong><\/p>\n<p><strong><em>PRESIDENTA<\/em><\/strong>: Carolina Romero Rodr\u00edguez<\/p>\n<p><strong><em>VICEPRESIDENTA<\/em><\/strong>: Sara P\u00e9rez Mart\u00ednez<\/p>\n<p><strong><em>SECRETARIA: Gema Espinosa Mateo<\/em><\/strong><\/p>\n<p>\u00a0<strong><em>TESORERA<\/em><\/strong>: Mari\u00e9n Arenas Molina<\/p>\n<p>Desde el AFA Galileo Galilei se realizan a lo largo del curso acad\u00e9mico distintas actividades, iniciativas y proyectos.<\/p>\n<p>Entre los distintos aspectos en los que trabaja nuestra AFA destacamos los siguientes:<\/p>\n<p>&#8211; Huerto escolar: este es uno de los puntos de encuentro y de inter\u00e9s de nuestro alumnos y alumnas, y es por ello, que siempre se busca su mejora. Debido a esto se llevan a cabo aportaciones por parte del AFA como un nuevo grifo y manguera para facilitar el regado. Tambi\u00e9n, con el alumnado se desarrollan talleres, como por ejemplo: en cursos anteriores se han elaborado espantap\u00e1jaros y comederos para aves con materiales reciclados.<\/p>\n<p>&#8211; Degustaci\u00f3n de la cosecha del huerto escolar.<\/p>\n<p>&#8211; Desayuno de Navidad: consiste en un desayuno con churros y chocolate. Adem\u00e1s, se recibe la visita del Paje Real para la recogida de cartas.<\/p>\n<p>&#8211; Desayuno andaluz: este desayuno est\u00e1 destinado a celebrar el d\u00eda de nuestra Comunidad Aut\u00f3noma.<\/p>\n<p>&#8211; Degustaci\u00f3n de frutas en distintas temporadas.<\/p>\n<p>&#8211; Pago de cuotas para el mantenimiento del aula de inform\u00e1tica.<\/p>\n<p>&#8211; Fiesta del socio.<\/p>\n<p>&#8211; Pago de orlas al alumnado socio de 6\u00ba de primaria.<\/p>\n<p>&#8211; Fotos del calendario del alumnado.<\/p>\n<p>&#8211; Dotaci\u00f3n de material para Educaci\u00f3n F\u00edsica.<\/p>\n<p>&#8211; Fiesta de fin de curso.<\/p>\n<p>&#8211; Entrega de una beca en una academia de ingl\u00e9s del municipio.<\/p>\n<p>&#8211; Decoraci\u00f3n del colegio en diversas actividades: Halloween, D\u00eda de Navidad, D\u00eda de la Paz, etc.<\/p>\n<p>&#8211; Hacer llegar al Ayuntamiento a trav\u00e9s de Antonio Mar\u00edn (delegado de educaci\u00f3n) las peticiones y necesidades del centro.<\/p>\n<p>[\/et_pb_text][et_pb_image src=&#8221;https:\/\/blogsaverroes.juntadeandalucia.es\/ceipmaestroantoniorodriguez\/files\/2021\/03\/Escudo-AFA-CEIP-MAR.jpg&#8221; title_text=&#8221;Escudo AFA CEIP MAR&#8221; align=&#8221;center&#8221; _builder_version=&#8221;4.16&#8243; _module_preset=&#8221;default&#8221; global_colors_info=&#8221;{}&#8221;][\/et_pb_image][\/et_pb_column][\/et_pb_row][\/et_pb_section]<\/p>\n","protected":false},"excerpt":{"rendered":"<p>AFA GALILEO GALILEI DEL CEIP MAESTRO ANTONIO RODR\u00cdGUEZ &nbsp; DIRECTIVA DEL AFA: PRESIDENTA: Carolina Romero Rodr\u00edguez VICEPRESIDENTA: Sara P\u00e9rez Mart\u00ednez SECRETARIA: Gema Espinosa Mateo \u00a0TESORERA: Mari\u00e9n Arenas Molina Desde el AFA Galileo Galilei se realizan a lo largo del curso acad\u00e9mico distintas actividades, iniciativas y proyectos. Entre los distintos aspectos en los que trabaja nuestra [&hellip;]<\/p>\n","protected":false},"author":7051,"featured_media":0,"parent":0,"menu_order":0,"comment_status":"closed","ping_status":"closed","template":"","meta":{"_et_pb_use_builder":"on","_et_pb_old_content":"","_et_gb_content_width":"","ngg_post_thumbnail":0,"footnotes":""},"aioseo_notices":[],"_links":{"self":[{"href":"https:\/\/blogsaverroes.juntadeandalucia.es\/ceipmaestroantoniorodriguez\/wp-json\/wp\/v2\/pages\/840"}],"collection":[{"href":"https:\/\/blogsaverroes.juntadeandalucia.es\/ceipmaestroantoniorodriguez\/wp-json\/wp\/v2\/pages"}],"about":[{"href":"https:\/\/blogsaverroes.juntadeandalucia.es\/ceipmaestroantoniorodriguez\/wp-json\/wp\/v2\/types\/page"}],"author":[{"embeddable":true,"href":"https:\/\/blogsaverroes.juntadeandalucia.es\/ceipmaestroantoniorodriguez\/wp-json\/wp\/v2\/users\/7051"}],"replies":[{"embeddable":true,"href":"https:\/\/blogsaverroes.juntadeandalucia.es\/ceipmaestroantoniorodriguez\/wp-json\/wp\/v2\/comments?post=840"}],"version-history":[{"count":7,"href":"https:\/\/blogsaverroes.juntadeandalucia.es\/ceipmaestroantoniorodriguez\/wp-json\/wp\/v2\/pages\/840\/revisions"}],"predecessor-version":[{"id":5419,"href":"https:\/\/blogsaverroes.juntadeandalucia.es\/ceipmaestroantoniorodriguez\/wp-json\/wp\/v2\/pages\/840\/revisions\/5419"}],"wp:attachment":[{"href":"https:\/\/blogsaverroes.juntadeandalucia.es\/ceipmaestroantoniorodriguez\/wp-json\/wp\/v2\/media?parent=840"}],"curies":[{"name":"wp","href":"https:\/\/api.w.org\/{rel}","templated":true}]}}