{"id":850,"date":"2020-12-18T08:41:27","date_gmt":"2020-12-18T07:41:27","guid":{"rendered":"https:\/\/blogsaverroes.juntadeandalucia.es\/pre\/plantilla-pencil\/?page_id=850"},"modified":"2025-10-30T10:26:17","modified_gmt":"2025-10-30T09:26:17","slug":"planes-y-proyectos","status":"publish","type":"page","link":"https:\/\/blogsaverroes.juntadeandalucia.es\/ceipmaestroantoniorodriguez\/planes-y-proyectos\/","title":{"rendered":"Planes y Proyectos"},"content":{"rendered":"<p>[et_pb_section fb_built=&#8221;1&#8243; _builder_version=&#8221;4.16&#8243; global_colors_info=&#8221;{}&#8221;][et_pb_row _builder_version=&#8221;4.16&#8243; background_size=&#8221;initial&#8221; background_position=&#8221;top_left&#8221; background_repeat=&#8221;repeat&#8221; global_colors_info=&#8221;{}&#8221;][et_pb_column type=&#8221;4_4&#8243; _builder_version=&#8221;4.16&#8243; custom_padding=&#8221;|||&#8221; global_colors_info=&#8221;{}&#8221; custom_padding__hover=&#8221;|||&#8221;][et_pb_image src=&#8221;https:\/\/blogsaverroes.juntadeandalucia.es\/ceipmaestroantoniorodriguez\/files\/2020\/02\/elcentro.png&#8221; title_text=&#8221;elcentro&#8221; admin_label=&#8221;Imagen de la portada&#8221; _builder_version=&#8221;4.16&#8243; z_index_tablet=&#8221;500&#8243; box_shadow_horizontal_tablet=&#8221;0px&#8221; box_shadow_vertical_tablet=&#8221;0px&#8221; box_shadow_blur_tablet=&#8221;40px&#8221; box_shadow_spread_tablet=&#8221;0px&#8221; global_colors_info=&#8221;{}&#8221;][\/et_pb_image][et_pb_text admin_label=&#8221;Texto descriptivo&#8221; _builder_version=&#8221;4.16&#8243; z_index_tablet=&#8221;500&#8243; text_text_shadow_horizontal_length_tablet=&#8221;0px&#8221; text_text_shadow_vertical_length_tablet=&#8221;0px&#8221; text_text_shadow_blur_strength_tablet=&#8221;1px&#8221; link_text_shadow_horizontal_length_tablet=&#8221;0px&#8221; link_text_shadow_vertical_length_tablet=&#8221;0px&#8221; link_text_shadow_blur_strength_tablet=&#8221;1px&#8221; ul_text_shadow_horizontal_length_tablet=&#8221;0px&#8221; ul_text_shadow_vertical_length_tablet=&#8221;0px&#8221; ul_text_shadow_blur_strength_tablet=&#8221;1px&#8221; ol_text_shadow_horizontal_length_tablet=&#8221;0px&#8221; ol_text_shadow_vertical_length_tablet=&#8221;0px&#8221; ol_text_shadow_blur_strength_tablet=&#8221;1px&#8221; quote_text_shadow_horizontal_length_tablet=&#8221;0px&#8221; quote_text_shadow_vertical_length_tablet=&#8221;0px&#8221; quote_text_shadow_blur_strength_tablet=&#8221;1px&#8221; header_text_shadow_horizontal_length_tablet=&#8221;0px&#8221; header_text_shadow_vertical_length_tablet=&#8221;0px&#8221; header_text_shadow_blur_strength_tablet=&#8221;1px&#8221; header_2_text_shadow_horizontal_length_tablet=&#8221;0px&#8221; header_2_text_shadow_vertical_length_tablet=&#8221;0px&#8221; header_2_text_shadow_blur_strength_tablet=&#8221;1px&#8221; header_3_text_shadow_horizontal_length_tablet=&#8221;0px&#8221; header_3_text_shadow_vertical_length_tablet=&#8221;0px&#8221; header_3_text_shadow_blur_strength_tablet=&#8221;1px&#8221; header_4_text_shadow_horizontal_length_tablet=&#8221;0px&#8221; header_4_text_shadow_vertical_length_tablet=&#8221;0px&#8221; header_4_text_shadow_blur_strength_tablet=&#8221;1px&#8221; header_5_text_shadow_horizontal_length_tablet=&#8221;0px&#8221; header_5_text_shadow_vertical_length_tablet=&#8221;0px&#8221; header_5_text_shadow_blur_strength_tablet=&#8221;1px&#8221; header_6_text_shadow_horizontal_length_tablet=&#8221;0px&#8221; header_6_text_shadow_vertical_length_tablet=&#8221;0px&#8221; header_6_text_shadow_blur_strength_tablet=&#8221;1px&#8221; box_shadow_horizontal_tablet=&#8221;0px&#8221; box_shadow_vertical_tablet=&#8221;0px&#8221; box_shadow_blur_tablet=&#8221;40px&#8221; box_shadow_spread_tablet=&#8221;0px&#8221; global_colors_info=&#8221;{}&#8221;]<\/p>\n<h2><strong>Planes y Proyectos<\/strong><\/h2>\n<p>El centro, CEIP Maestro Antonio Rodr\u00edguez Jim\u00e9nez, dispone de los siguientes planes y proyectos:<\/p>\n<p><strong><em>&#8211; <strong>Pl<\/strong>an de Centro<\/em><\/strong><\/p>\n<p><strong><em>&#8211; Proyecto de Gesti\u00f3n<\/em><\/strong><\/p>\n<p><strong><em>&#8211; ROF<\/em><\/strong><\/p>\n<p><strong><em>&#8211; Proyecto Ling\u00fc\u00edstico de Centro<\/em><\/strong><\/p>\n<p><strong><em>&#8211; Programa Biling\u00fce<\/em><\/strong><\/p>\n<p><strong><em>&#8211; Plan de Convivencia<\/em><\/strong><\/p>\n<p><strong><em>&#8211; Plan de Actuaci\u00f3n digital<\/em><\/strong><\/p>\n<p>[\/et_pb_text][\/et_pb_column][\/et_pb_row][et_pb_row _builder_version=&#8221;4.16&#8243; _module_preset=&#8221;default&#8221; width=&#8221;90.8%&#8221; global_colors_info=&#8221;{}&#8221;][et_pb_column type=&#8221;4_4&#8243; _builder_version=&#8221;4.16&#8243; _module_preset=&#8221;default&#8221; global_colors_info=&#8221;{}&#8221;][et_pb_text _builder_version=&#8221;4.16&#8243; _module_preset=&#8221;default&#8221; global_colors_info=&#8221;{}&#8221;]<\/p>\n<p><span style=\"font-size: xx-large;color: #f25454\"><strong>LEE Y DESCARGA LOS DOCUMENTOS PINCHANDO SOBRE LAS IM\u00c1GENES DE ABAJO<\/strong><\/span><\/p>\n<p>[\/et_pb_text][\/et_pb_column][\/et_pb_row][et_pb_row column_structure=&#8221;1_3,1_3,1_3&#8243; _builder_version=&#8221;4.16&#8243; _module_preset=&#8221;default&#8221; width=&#8221;94.1%&#8221; custom_margin=&#8221;|auto||34px||&#8221; global_colors_info=&#8221;{}&#8221;][et_pb_column type=&#8221;1_3&#8243; _builder_version=&#8221;4.16&#8243; _module_preset=&#8221;default&#8221; global_colors_info=&#8221;{}&#8221;][et_pb_blurb url=&#8221;https:\/\/drive.google.com\/file\/d\/1beCZp5Mz5umWLfZi8-NTpiiYKfW32trl\/view?usp=sharing&#8221; url_new_window=&#8221;on&#8221; image=&#8221;https:\/\/blogsaverroes.juntadeandalucia.es\/ceipmaestroantoniorodriguez\/files\/2021\/02\/PROYECTO-DE-EDUCATIVO-2.jpg&#8221; _builder_version=&#8221;4.24.2&#8243; _module_preset=&#8221;default&#8221; link_option_url=&#8221;https:\/\/drive.google.com\/file\/d\/1beCZp5Mz5umWLfZi8-NTpiiYKfW32trl\/view?usp=sharing&#8221; link_option_url_new_window=&#8221;on&#8221; border_width_all_image=&#8221;3px&#8221; border_color_all_image=&#8221;#7cda24&#8243; global_colors_info=&#8221;{}&#8221;][\/et_pb_blurb][\/et_pb_column][et_pb_column type=&#8221;1_3&#8243; _builder_version=&#8221;4.16&#8243; _module_preset=&#8221;default&#8221; global_colors_info=&#8221;{}&#8221;][et_pb_blurb url=&#8221;https:\/\/drive.google.com\/file\/d\/1qT0Oq9NqkSeM6aQdrzS4lsNx-Ra9KYhA\/view?usp=sharing&#8221; url_new_window=&#8221;on&#8221; image=&#8221;https:\/\/blogsaverroes.juntadeandalucia.es\/ceipmaestroantoniorodriguez\/files\/2025\/10\/medidas-a-tomar-en-caso-de-conflicto.png&#8221; _builder_version=&#8221;4.24.2&#8243; _module_preset=&#8221;default&#8221; link_option_url=&#8221;https:\/\/drive.google.com\/file\/d\/1qT0Oq9NqkSeM6aQdrzS4lsNx-Ra9KYhA\/view?usp=sharing&#8221; link_option_url_new_window=&#8221;on&#8221; border_width_all_image=&#8221;3px&#8221; border_color_all_image=&#8221;#0c71c3&#8243; global_colors_info=&#8221;{}&#8221;][\/et_pb_blurb][\/et_pb_column][et_pb_column type=&#8221;1_3&#8243; _builder_version=&#8221;4.16&#8243; _module_preset=&#8221;default&#8221; global_colors_info=&#8221;{}&#8221;][et_pb_blurb url=&#8221;https:\/\/drive.google.com\/file\/d\/1bVML5p_ZvAwsrb99P85MeQCmc0Q_lyxV\/view?usp=sharing&#8221; url_new_window=&#8221;on&#8221; image=&#8221;https:\/\/blogsaverroes.juntadeandalucia.es\/ceipmaestroantoniorodriguez\/files\/2021\/02\/PROYECTO-DE-GESTI\u00d3N.jpg&#8221; _builder_version=&#8221;4.16&#8243; _module_preset=&#8221;default&#8221; link_option_url=&#8221;https:\/\/drive.google.com\/file\/d\/1bVML5p_ZvAwsrb99P85MeQCmc0Q_lyxV\/view?usp=sharing&#8221; link_option_url_new_window=&#8221;on&#8221; border_width_all_image=&#8221;3px&#8221; border_color_all_image=&#8221;#e09900&#8243; global_colors_info=&#8221;{}&#8221;][\/et_pb_blurb][\/et_pb_column][\/et_pb_row][\/et_pb_section]<\/p>\n","protected":false},"excerpt":{"rendered":"<p>Planes y Proyectos El centro, CEIP Maestro Antonio Rodr\u00edguez Jim\u00e9nez, dispone de los siguientes planes y proyectos: &#8211; Plan de Centro &#8211; Proyecto de Gesti\u00f3n &#8211; ROF &#8211; Proyecto Ling\u00fc\u00edstico de Centro &#8211; Programa Biling\u00fce &#8211; Plan de Convivencia &#8211; Plan de Actuaci\u00f3n digitalLEE Y DESCARGA LOS DOCUMENTOS PINCHANDO SOBRE LAS IM\u00c1GENES DE ABAJO<\/p>\n","protected":false},"author":7051,"featured_media":0,"parent":0,"menu_order":0,"comment_status":"closed","ping_status":"closed","template":"","meta":{"_et_pb_use_builder":"on","_et_pb_old_content":"","_et_gb_content_width":"","ngg_post_thumbnail":0,"footnotes":""},"aioseo_notices":[],"_links":{"self":[{"href":"https:\/\/blogsaverroes.juntadeandalucia.es\/ceipmaestroantoniorodriguez\/wp-json\/wp\/v2\/pages\/850"}],"collection":[{"href":"https:\/\/blogsaverroes.juntadeandalucia.es\/ceipmaestroantoniorodriguez\/wp-json\/wp\/v2\/pages"}],"about":[{"href":"https:\/\/blogsaverroes.juntadeandalucia.es\/ceipmaestroantoniorodriguez\/wp-json\/wp\/v2\/types\/page"}],"author":[{"embeddable":true,"href":"https:\/\/blogsaverroes.juntadeandalucia.es\/ceipmaestroantoniorodriguez\/wp-json\/wp\/v2\/users\/7051"}],"replies":[{"embeddable":true,"href":"https:\/\/blogsaverroes.juntadeandalucia.es\/ceipmaestroantoniorodriguez\/wp-json\/wp\/v2\/comments?post=850"}],"version-history":[{"count":9,"href":"https:\/\/blogsaverroes.juntadeandalucia.es\/ceipmaestroantoniorodriguez\/wp-json\/wp\/v2\/pages\/850\/revisions"}],"predecessor-version":[{"id":5595,"href":"https:\/\/blogsaverroes.juntadeandalucia.es\/ceipmaestroantoniorodriguez\/wp-json\/wp\/v2\/pages\/850\/revisions\/5595"}],"wp:attachment":[{"href":"https:\/\/blogsaverroes.juntadeandalucia.es\/ceipmaestroantoniorodriguez\/wp-json\/wp\/v2\/media?parent=850"}],"curies":[{"name":"wp","href":"https:\/\/api.w.org\/{rel}","templated":true}]}}