{"id":853,"date":"2020-12-18T08:50:47","date_gmt":"2020-12-18T07:50:47","guid":{"rendered":"https:\/\/blogsaverroes.juntadeandalucia.es\/pre\/plantilla-pencil\/?page_id=853"},"modified":"2021-03-24T15:52:08","modified_gmt":"2021-03-24T14:52:08","slug":"nuestra-historia","status":"publish","type":"page","link":"https:\/\/blogsaverroes.juntadeandalucia.es\/ceipmaestroantoniorodriguez\/nuestra-historia\/","title":{"rendered":"Nuestra Historia"},"content":{"rendered":"<p>[et_pb_section fb_built=&#8221;1&#8243; _builder_version=&#8221;3.22&#8243;][et_pb_row _builder_version=&#8221;3.25&#8243; background_size=&#8221;initial&#8221; background_position=&#8221;top_left&#8221; background_repeat=&#8221;repeat&#8221;][et_pb_column type=&#8221;4_4&#8243; _builder_version=&#8221;3.25&#8243; custom_padding=&#8221;|||&#8221; custom_padding__hover=&#8221;|||&#8221;][et_pb_image src=&#8221;https:\/\/blogsaverroes.juntadeandalucia.es\/ceipmaestroantoniorodriguez\/files\/2020\/02\/elcentro.png&#8221; title_text=&#8221;elcentro&#8221; admin_label=&#8221;Imagen de la portada&#8221; _builder_version=&#8221;4.5.0&#8243; z_index_tablet=&#8221;500&#8243; box_shadow_horizontal_tablet=&#8221;0px&#8221; box_shadow_vertical_tablet=&#8221;0px&#8221; box_shadow_blur_tablet=&#8221;40px&#8221; box_shadow_spread_tablet=&#8221;0px&#8221;][\/et_pb_image][et_pb_text admin_label=&#8221;Texto descriptivo&#8221; _builder_version=&#8221;3.27.4&#8243; z_index_tablet=&#8221;500&#8243; text_text_shadow_horizontal_length_tablet=&#8221;0px&#8221; text_text_shadow_vertical_length_tablet=&#8221;0px&#8221; text_text_shadow_blur_strength_tablet=&#8221;1px&#8221; link_text_shadow_horizontal_length_tablet=&#8221;0px&#8221; link_text_shadow_vertical_length_tablet=&#8221;0px&#8221; link_text_shadow_blur_strength_tablet=&#8221;1px&#8221; ul_text_shadow_horizontal_length_tablet=&#8221;0px&#8221; ul_text_shadow_vertical_length_tablet=&#8221;0px&#8221; ul_text_shadow_blur_strength_tablet=&#8221;1px&#8221; ol_text_shadow_horizontal_length_tablet=&#8221;0px&#8221; ol_text_shadow_vertical_length_tablet=&#8221;0px&#8221; ol_text_shadow_blur_strength_tablet=&#8221;1px&#8221; quote_text_shadow_horizontal_length_tablet=&#8221;0px&#8221; quote_text_shadow_vertical_length_tablet=&#8221;0px&#8221; quote_text_shadow_blur_strength_tablet=&#8221;1px&#8221; header_text_shadow_horizontal_length_tablet=&#8221;0px&#8221; header_text_shadow_vertical_length_tablet=&#8221;0px&#8221; header_text_shadow_blur_strength_tablet=&#8221;1px&#8221; header_2_text_shadow_horizontal_length_tablet=&#8221;0px&#8221; header_2_text_shadow_vertical_length_tablet=&#8221;0px&#8221; header_2_text_shadow_blur_strength_tablet=&#8221;1px&#8221; header_3_text_shadow_horizontal_length_tablet=&#8221;0px&#8221; header_3_text_shadow_vertical_length_tablet=&#8221;0px&#8221; header_3_text_shadow_blur_strength_tablet=&#8221;1px&#8221; header_4_text_shadow_horizontal_length_tablet=&#8221;0px&#8221; header_4_text_shadow_vertical_length_tablet=&#8221;0px&#8221; header_4_text_shadow_blur_strength_tablet=&#8221;1px&#8221; header_5_text_shadow_horizontal_length_tablet=&#8221;0px&#8221; header_5_text_shadow_vertical_length_tablet=&#8221;0px&#8221; header_5_text_shadow_blur_strength_tablet=&#8221;1px&#8221; header_6_text_shadow_horizontal_length_tablet=&#8221;0px&#8221; header_6_text_shadow_vertical_length_tablet=&#8221;0px&#8221; header_6_text_shadow_blur_strength_tablet=&#8221;1px&#8221; box_shadow_horizontal_tablet=&#8221;0px&#8221; box_shadow_vertical_tablet=&#8221;0px&#8221; box_shadow_blur_tablet=&#8221;40px&#8221; box_shadow_spread_tablet=&#8221;0px&#8221; inline_fonts=&#8221;Abhaya Libre&#8221;]<\/p>\n<h2 style=\"text-align: center\"><span style=\"font-size: xx-large;color: #050059\"><strong>Nuestra Historia<\/strong><\/span><\/h2>\n<p style=\"font-weight: 400\">\n<p style=\"font-weight: 400;text-align: justify\"><span style=\"font-family: 'Abhaya Libre';font-weight: normal;font-size: x-large\">EL\u00a0<strong>CEIP Maestro Antonio Rodr\u00edguez Jim\u00e9nez<\/strong>\u00a0es el primer\u00a0\u00a0grupo escolar, constituido y reconocido por la\u00a0\u00a0Administraci\u00f3n en San Jos\u00e9 de La Rinconada. Sus or\u00edgenes\u00a0\u00a0datan, seg\u00fan los archivos que existen en la Secretar\u00eda de este Centro, del curso 1963\/64.\u00a0<\/span><\/p>\n<p style=\"font-weight: 400;text-align: justify\"><span style=\"font-family: 'Abhaya Libre';font-weight: normal;font-size: x-large\">Breves\u00a0\u00a0pinceladas de su historia:<\/span><\/p>\n<p style=\"font-weight: 400;text-align: justify\"><span style=\"font-family: 'Abhaya Libre';font-weight: normal;font-size: x-large\">El primer nombre con el que se conoce y denomina al centro, seg\u00fan la Orden Ministerial de fecha 26 de noviembre de 1963, publicada en el BOE de 18 de diciembre de ese mismo a\u00f1o es el de\u00a0<strong>\u201cGrupo Escolar Mixto n\u00ba 2\u201d\u00a0de San Jos\u00e9 de La Rinconada, siendo nombrado Director interino del mismo, D. Emiliano Sanz Panadero.<\/strong><\/span><\/p>\n<p style=\"font-weight: 400;text-align: justify\"><span style=\"font-family: 'Abhaya Libre';font-weight: normal;font-size: x-large\">El\u00a0\u00a0Grupo Escolar estuvo formado por 4\u00a0\u00a0pabellones diseminados por la localidad: San Juan Bosco, San Fernando, Santa Teresa y Justo Monteseir\u00edn (conocido popularmente como\u00a0\u00a0\u201cLos Molinas\u201d, por estar ubicado junto a las viviendas de los Molinas, familia con recursos y muy conocida en la localidad; actualmente es el Centro de Educaci\u00f3n\u00a0\u00a0Permanente\u00a0\u00a0de Adultos).<\/span><\/p>\n<p style=\"font-weight: 400;text-align: justify\"><span style=\"font-family: 'Abhaya Libre';font-weight: normal;font-size: x-large\">En Enero de 1967 toma el relevo en la Direcci\u00f3n del Grupo Escolar D. Mario G\u00f3mez Moriana, como propietario definitivo, que ejercer\u00eda en el cargo\u00a0\u00a0hasta 1976.<\/span><\/p>\n<p style=\"font-weight: 400;text-align: justify\"><span style=\"font-family: 'Abhaya Libre';font-weight: normal;font-size: x-large\">En 1969, el d\u00eda 29 de septiembre, fallece en accidente de tr\u00e1fico D. Antonio Rodr\u00edguez Jim\u00e9nez, maestro del\u00a0\u00a0Grupo Escolar, considerado\u00a0\u00a0persona de grandes cualidades humanas, entregada totalmente a la profesi\u00f3n durante su tiempo de permanencia en la localidad.<\/span><\/p>\n<p style=\"font-weight: 400;text-align: justify\"><span style=\"font-family: 'Abhaya Libre';font-weight: normal;font-size: x-large\">En el acta n\u00ba 34 del Consejo Escolar de fecha 16\/10\/1969 se propone, y se acuerda, por unanimidad, enviar escrito al Sr. Presidente de la Junta Municipal, para\u00a0\u00a0que a su vez lo traslade a la Inspecci\u00f3n Provincial de Ense\u00f1anza Primaria, solicitando que el Grupo Escolar\u00a0\u00a0pase a llamarse \u201cMaestro Antonio Rodr\u00edguez Jim\u00e9nez\u201d.\u00a0\u00a0La publicaci\u00f3n de la orden 25 de marzo de 1970 en el\u00a0\u00a0BOE confirma\u00a0\u00a0que a partir de esa fecha el Grupo Escolar se denomina\u00a0<strong>\u201cColegio Nacional Mixto \u201cMaestro Antonio Rodr\u00edguez Jim\u00e9nez\u201d.<\/strong><\/span><\/p>\n<p style=\"font-weight: 400;text-align: justify\"><span style=\"font-family: 'Abhaya Libre';font-weight: normal;font-size: x-large\">Los\u00a0\u00a04 pabellones con los que contaba el colegio eran insuficientes para dar respuesta a las necesidades de escolarizaci\u00f3n del alumnado de la localidad solicit\u00e1ndose la\u00a0\u00a0construcci\u00f3n de nuevas unidades, materializadas en el pabell\u00f3n denominado \u201cMag\u00edn Ravent\u00f3s\u201d (apellido de la familia\u00a0\u00a0que colabor\u00f3 en su construcci\u00f3n y que, parece se, fueron propietarios de una famosa finca de la localidad. Actualmente es el centro de formaci\u00f3n ocupacional Torrepava). Popularmente siempre se le llam\u00f3 \u201cEl C\u00f3lera\u201d por estar cercano el arroyo Almonazar que desprend\u00eda malos olores, una chatarrer\u00eda y otras industrias, ya que esas fechas hubo una peque\u00f1a epidemia de c\u00f3lera.<\/span><\/p>\n<p style=\"font-weight: 400;text-align: justify\"><span style=\"font-family: 'Abhaya Libre';font-weight: normal;font-size: x-large\">As\u00ed pues, en el curso 1971\/72, el centro contaba con 5 pabellones, aunque el de San Juan Bosco se dej\u00f3 de utilizar por encontrase en mal estado. Actualmente es una plaza<\/span><\/p>\n<p style=\"font-weight: 400;text-align: justify\"><span style=\"font-family: 'Abhaya Libre';font-weight: normal;font-size: x-large\">En el curso 1972\/73, D. Mario G\u00f3mez Moriana, primer Director del centro con el nombre \u201cColegio Nacional Mixto Maestro Antonio Rodr\u00edguez Jim\u00e9nez\u201d es destinado por la Administraci\u00f3n en comisi\u00f3n de servicio por tres a\u00f1os en otro centro. Durante ese periodo se suceden en la Direcci\u00f3n del Colegio los maestros: D. Fulgencio Delgado Anaya, D. Francisco Garc\u00eda Garc\u00eda y D. Agust\u00edn Pizarro Pe\u00f1a.<\/span><\/p>\n<p style=\"font-weight: 400;text-align: justify\"><span style=\"font-family: 'Abhaya Libre';font-weight: normal;font-size: x-large\">En el curso 1975\/76 retorn\u00f3 D. Mario,\u00a0\u00a0que\u00a0\u00a0dej\u00f3 el centro al finalizar el curso.\u00a0\u00a0La Direcci\u00f3n del colegio la ocupar\u00eda, D. Manuel Andr\u00e9s Vecino Mart\u00edn,\u00a0\u00a0gran maestro y persona, que desempe\u00f1\u00f3 su labor\u00a0\u00a0como Director del colegio\u00a0\u00a0hasta el curso 1983\/84 y como de Secretario hasta febrero de 1987, a\u00f1o en el que fue requerido para colaborar en la organizaci\u00f3n de la Expo 92 de Sevilla.<\/span><\/p>\n<p style=\"font-weight: 400;text-align: justify\"><span style=\"font-family: 'Abhaya Libre';font-weight: normal;font-size: x-large\">En el curso 1984\/85\u00a0\u00a0es nombrado Director D. Jos\u00e9 Gonz\u00e1lez de La Fuente, maestro innovador, comprometido y enteramente entregado a la docencia, que ocupar\u00eda la Direcci\u00f3n\u00a0\u00a0hasta el curso 1988\/89. Debido al deterioro de los distintos pabellones\u00a0\u00a0y a la dificultad\u00a0\u00a0de coordinaci\u00f3n\u00a0\u00a0y comunicaci\u00f3n entre los ellos, durante este periodo, se hacen las gestiones para la construcci\u00f3n de un nuevo edificio que albergue a la totalidad del alumnado. Las gestiones dan sus frutos y se concretan en dos edificios, uno de\u00a0\u00a0Preescolar (Infantil) y otro de EGB (Primaria), en la barriada Sta. Cruz., \u00e9ste \u00faltimo se construir\u00eda en dos fases. Una vez construidos y ocupados y, para adaptarse a la legislaci\u00f3n de la LOGSE, pas\u00f3 de llamarse Colegio Nacional Mixto \u201cMaestro Antonio Rodr\u00edguez Jim\u00e9nez\u201d, a Colegio P\u00fablico de EGB Maestro Antonio Rodr\u00edguez Jim\u00e9nez y, tras la aplicaci\u00f3n del actual sistema educativo LOE y LEA,\u00a0<strong>\u201cCEIP Maestro Antonio Rodr\u00edguez Jim\u00e9nez\u201d<\/strong>, denominaci\u00f3n actual.<\/span><\/p>\n<p style=\"font-weight: 400;text-align: justify\"><span style=\"font-family: 'Abhaya Libre';font-weight: normal;font-size: x-large\">Ambos edificios empezaron a funcionar\u00a0\u00a0en el curso 1986\/87. En ese curso dejaron de utilizarse los pabellones de\u00a0\u00a0San Fernando\u00a0\u00a0y Santa Teresa, que el Ayuntamiento los destin\u00f3 para otros usos.<\/span><\/p>\n<p style=\"font-weight: 400;text-align: justify\"><span style=\"font-family: 'Abhaya Libre';font-weight: normal;font-size: x-large\">En el curso\u00a0\u00a01989\/90 se\u00a0\u00a0termina la 2\u00ba fase de las obras del edificio principal y a partir de esta fecha el alumnado de los pabellones \u201cJusto Monteseir\u00edn\u201d y \u201cMag\u00edn Ravent\u00f3s\u201d pasan al edificio nuevo. En este curso ocupar\u00e1 la Direcci\u00f3n del Colegio P\u00fablico de EGB Maestro Antonio Rodr\u00edguez Jim\u00e9nez, D. Miguel Cort\u00e9s Mart\u00ednez.<\/span><\/p>\n<p style=\"font-weight: 400;text-align: justify\"><span style=\"font-family: 'Abhaya Libre';font-weight: normal;font-size: x-large\">Posteriormente, en el curso 1993\/94, D. Jos\u00e9 Torres Zurita, acepta provisionalmente la Direcci\u00f3n del Centro.<\/span><\/p>\n<p style=\"font-weight: 400;text-align: justify\"><span style=\"font-family: 'Abhaya Libre';font-weight: normal;font-size: x-large\">\u00a0En el curso 1994\/95, D. Joaqu\u00edn Zen\u00f3n Romero Sim\u00f3n presenta su candidatura a la Direcci\u00f3n del Centro siendo elegido por todos los componentes del Claustro y nombrado por la Administraci\u00f3n Educativa. Desde esa fecha\u00a0\u00a0est\u00e1 de Director en el Centro hasta la fecha actual.<\/span><\/p>\n<p style=\"font-weight: 400;text-align: justify\"><span style=\"font-family: 'Abhaya Libre';font-weight: normal;font-size: x-large\">Durante el curso 2006\/2007 se construye, a propuesta D. Enrique Abad Benedicto, alcalde presidente de la corporaci\u00f3n municipal, el pabell\u00f3n cubierto con cargo a los presupuestos municipales, siendo inaugurado, el 17 de septiembre de 2007, por la corporaci\u00f3n municipal presidida por el actual alcalde D. Fco. Javier Fern\u00e1ndez de los R\u00edos.<\/span><\/p>\n<p style=\"font-weight: 400;text-align: justify\"><span style=\"font-family: 'Abhaya Libre';font-weight: normal;font-size: x-large\">En el verano del 2007, la Administraci\u00f3n Educativa, con el objetivo de conciliar la vida familiar y laboral de las familias, reforma y adapta el almac\u00e9n del patio de recreo para uso de comedor escolar.<\/span><\/p>\n<p>[\/et_pb_text][et_pb_gallery gallery_ids=&#8221;1468,1469,1470,1471,1472,1474,1475,1476,1477,1478,1479,1481,1482,1484,1485,1486&#8243; show_title_and_caption=&#8221;off&#8221; _builder_version=&#8221;4.5.0&#8243; _module_preset=&#8221;default&#8221; hover_enabled=&#8221;0&#8243;][\/et_pb_gallery][\/et_pb_column][\/et_pb_row][et_pb_row column_structure=&#8221;1_3,1_3,1_3&#8243; _builder_version=&#8221;4.5.0&#8243; background_size=&#8221;initial&#8221; background_position=&#8221;top_left&#8221; background_repeat=&#8221;repeat&#8221;][et_pb_column type=&#8221;1_3&#8243; _builder_version=&#8221;3.25&#8243; custom_padding=&#8221;|||&#8221; custom_padding__hover=&#8221;|||&#8221;][et_pb_blurb title=&#8221;Innovaci\u00f3n&#8221; use_icon=&#8221;on&#8221; font_icon=&#8221;%%121%%&#8221; use_circle=&#8221;on&#8221; circle_color=&#8221;#5d58ef&#8221; admin_label=&#8221;Informaci\u00f3n innovaci\u00f3n (icono, titulo y texto)&#8221; _builder_version=&#8221;4.5.0&#8243; header_font=&#8221;|700|||||||&#8221; text_orientation=&#8221;center&#8221; z_index_tablet=&#8221;500&#8243; header_text_shadow_horizontal_length_tablet=&#8221;0px&#8221; header_text_shadow_vertical_length_tablet=&#8221;0px&#8221; header_text_shadow_blur_strength_tablet=&#8221;1px&#8221; body_text_shadow_horizontal_length_tablet=&#8221;0px&#8221; body_text_shadow_vertical_length_tablet=&#8221;0px&#8221; body_text_shadow_blur_strength_tablet=&#8221;1px&#8221; body_link_text_shadow_horizontal_length_tablet=&#8221;0px&#8221; body_link_text_shadow_vertical_length_tablet=&#8221;0px&#8221; body_link_text_shadow_blur_strength_tablet=&#8221;1px&#8221; body_ul_text_shadow_horizontal_length_tablet=&#8221;0px&#8221; body_ul_text_shadow_vertical_length_tablet=&#8221;0px&#8221; body_ul_text_shadow_blur_strength_tablet=&#8221;1px&#8221; body_ol_text_shadow_horizontal_length_tablet=&#8221;0px&#8221; body_ol_text_shadow_vertical_length_tablet=&#8221;0px&#8221; body_ol_text_shadow_blur_strength_tablet=&#8221;1px&#8221; body_quote_text_shadow_horizontal_length_tablet=&#8221;0px&#8221; body_quote_text_shadow_vertical_length_tablet=&#8221;0px&#8221; body_quote_text_shadow_blur_strength_tablet=&#8221;1px&#8221; box_shadow_horizontal_tablet=&#8221;0px&#8221; box_shadow_vertical_tablet=&#8221;0px&#8221; box_shadow_blur_tablet=&#8221;40px&#8221; box_shadow_spread_tablet=&#8221;0px&#8221; box_shadow_horizontal_image_tablet=&#8221;0px&#8221; box_shadow_vertical_image_tablet=&#8221;0px&#8221; box_shadow_blur_image_tablet=&#8221;40px&#8221; box_shadow_spread_image_tablet=&#8221;0px&#8221; text_shadow_horizontal_length_tablet=&#8221;0px&#8221; text_shadow_vertical_length_tablet=&#8221;0px&#8221; text_shadow_blur_strength_tablet=&#8221;1px&#8221;]<\/p>\n<p>Nuevas tecnolog\u00edas en el centro<\/p>\n<p>[\/et_pb_blurb][\/et_pb_column][et_pb_column type=&#8221;1_3&#8243; _builder_version=&#8221;3.25&#8243; custom_padding=&#8221;|||&#8221; custom_padding__hover=&#8221;|||&#8221;][et_pb_blurb title=&#8221;Centro biling\u00fce&#8221; use_icon=&#8221;on&#8221; font_icon=&#8221;%%289%%&#8221; use_circle=&#8221;on&#8221; circle_color=&#8221;#ff236c&#8221; admin_label=&#8221;Informaci\u00f3n centro biling\u00fce (icono, titulo y texto)&#8221; _builder_version=&#8221;4.5.0&#8243; header_font=&#8221;|700|||||||&#8221; text_orientation=&#8221;center&#8221; z_index_tablet=&#8221;500&#8243; header_text_shadow_horizontal_length_tablet=&#8221;0px&#8221; header_text_shadow_vertical_length_tablet=&#8221;0px&#8221; header_text_shadow_blur_strength_tablet=&#8221;1px&#8221; body_text_shadow_horizontal_length_tablet=&#8221;0px&#8221; body_text_shadow_vertical_length_tablet=&#8221;0px&#8221; body_text_shadow_blur_strength_tablet=&#8221;1px&#8221; body_link_text_shadow_horizontal_length_tablet=&#8221;0px&#8221; body_link_text_shadow_vertical_length_tablet=&#8221;0px&#8221; body_link_text_shadow_blur_strength_tablet=&#8221;1px&#8221; body_ul_text_shadow_horizontal_length_tablet=&#8221;0px&#8221; body_ul_text_shadow_vertical_length_tablet=&#8221;0px&#8221; body_ul_text_shadow_blur_strength_tablet=&#8221;1px&#8221; body_ol_text_shadow_horizontal_length_tablet=&#8221;0px&#8221; body_ol_text_shadow_vertical_length_tablet=&#8221;0px&#8221; body_ol_text_shadow_blur_strength_tablet=&#8221;1px&#8221; body_quote_text_shadow_horizontal_length_tablet=&#8221;0px&#8221; body_quote_text_shadow_vertical_length_tablet=&#8221;0px&#8221; body_quote_text_shadow_blur_strength_tablet=&#8221;1px&#8221; box_shadow_horizontal_tablet=&#8221;0px&#8221; box_shadow_vertical_tablet=&#8221;0px&#8221; box_shadow_blur_tablet=&#8221;40px&#8221; box_shadow_spread_tablet=&#8221;0px&#8221; box_shadow_horizontal_image_tablet=&#8221;0px&#8221; box_shadow_vertical_image_tablet=&#8221;0px&#8221; box_shadow_blur_image_tablet=&#8221;40px&#8221; box_shadow_spread_image_tablet=&#8221;0px&#8221; text_shadow_horizontal_length_tablet=&#8221;0px&#8221; text_shadow_vertical_length_tablet=&#8221;0px&#8221; text_shadow_blur_strength_tablet=&#8221;1px&#8221;]<\/p>\n<p>Impartimos las materias en Ingl\u00e9s y Castellano<\/p>\n<p>[\/et_pb_blurb][\/et_pb_column][et_pb_column type=&#8221;1_3&#8243; _builder_version=&#8221;3.25&#8243; custom_padding=&#8221;|||&#8221; custom_padding__hover=&#8221;|||&#8221;][et_pb_blurb title=&#8221;Contacta&#8221; use_icon=&#8221;on&#8221; font_icon=&#8221;%%153%%&#8221; use_circle=&#8221;on&#8221; circle_color=&#8221;#ffc259&#8243; admin_label=&#8221;Informaci\u00f3n de contacto (icono, titulo y texto)&#8221; _builder_version=&#8221;4.5.0&#8243; header_font=&#8221;|700|||||||&#8221; text_orientation=&#8221;center&#8221; z_index_tablet=&#8221;500&#8243; header_text_shadow_horizontal_length_tablet=&#8221;0px&#8221; header_text_shadow_vertical_length_tablet=&#8221;0px&#8221; header_text_shadow_blur_strength_tablet=&#8221;1px&#8221; body_text_shadow_horizontal_length_tablet=&#8221;0px&#8221; body_text_shadow_vertical_length_tablet=&#8221;0px&#8221; body_text_shadow_blur_strength_tablet=&#8221;1px&#8221; body_link_text_shadow_horizontal_length_tablet=&#8221;0px&#8221; body_link_text_shadow_vertical_length_tablet=&#8221;0px&#8221; body_link_text_shadow_blur_strength_tablet=&#8221;1px&#8221; body_ul_text_shadow_horizontal_length_tablet=&#8221;0px&#8221; body_ul_text_shadow_vertical_length_tablet=&#8221;0px&#8221; body_ul_text_shadow_blur_strength_tablet=&#8221;1px&#8221; body_ol_text_shadow_horizontal_length_tablet=&#8221;0px&#8221; body_ol_text_shadow_vertical_length_tablet=&#8221;0px&#8221; body_ol_text_shadow_blur_strength_tablet=&#8221;1px&#8221; body_quote_text_shadow_horizontal_length_tablet=&#8221;0px&#8221; body_quote_text_shadow_vertical_length_tablet=&#8221;0px&#8221; body_quote_text_shadow_blur_strength_tablet=&#8221;1px&#8221; box_shadow_horizontal_tablet=&#8221;0px&#8221; box_shadow_vertical_tablet=&#8221;0px&#8221; box_shadow_blur_tablet=&#8221;40px&#8221; box_shadow_spread_tablet=&#8221;0px&#8221; box_shadow_horizontal_image_tablet=&#8221;0px&#8221; box_shadow_vertical_image_tablet=&#8221;0px&#8221; box_shadow_blur_image_tablet=&#8221;40px&#8221; box_shadow_spread_image_tablet=&#8221;0px&#8221; text_shadow_horizontal_length_tablet=&#8221;0px&#8221; text_shadow_vertical_length_tablet=&#8221;0px&#8221; text_shadow_blur_strength_tablet=&#8221;1px&#8221;]<\/p>\n<p>Escr\u00edbenos, resolveremos tus dudas<\/p>\n<p>[\/et_pb_blurb][\/et_pb_column][\/et_pb_row][\/et_pb_section]<\/p>\n","protected":false},"excerpt":{"rendered":"<p>Nuestra Historia EL\u00a0CEIP Maestro Antonio Rodr\u00edguez Jim\u00e9nez\u00a0es el primer\u00a0\u00a0grupo escolar, constituido y reconocido por la\u00a0\u00a0Administraci\u00f3n en San Jos\u00e9 de La Rinconada. Sus or\u00edgenes\u00a0\u00a0datan, seg\u00fan los archivos que existen en la Secretar\u00eda de este Centro, del curso 1963\/64.\u00a0 Breves\u00a0\u00a0pinceladas de su historia: El primer nombre con el que se conoce y denomina al centro, seg\u00fan la [&hellip;]<\/p>\n","protected":false},"author":7051,"featured_media":0,"parent":0,"menu_order":0,"comment_status":"closed","ping_status":"closed","template":"","meta":{"_et_pb_use_builder":"on","_et_pb_old_content":"","_et_gb_content_width":"","ngg_post_thumbnail":0,"footnotes":""},"aioseo_notices":[],"_links":{"self":[{"href":"https:\/\/blogsaverroes.juntadeandalucia.es\/ceipmaestroantoniorodriguez\/wp-json\/wp\/v2\/pages\/853"}],"collection":[{"href":"https:\/\/blogsaverroes.juntadeandalucia.es\/ceipmaestroantoniorodriguez\/wp-json\/wp\/v2\/pages"}],"about":[{"href":"https:\/\/blogsaverroes.juntadeandalucia.es\/ceipmaestroantoniorodriguez\/wp-json\/wp\/v2\/types\/page"}],"author":[{"embeddable":true,"href":"https:\/\/blogsaverroes.juntadeandalucia.es\/ceipmaestroantoniorodriguez\/wp-json\/wp\/v2\/users\/7051"}],"replies":[{"embeddable":true,"href":"https:\/\/blogsaverroes.juntadeandalucia.es\/ceipmaestroantoniorodriguez\/wp-json\/wp\/v2\/comments?post=853"}],"version-history":[{"count":6,"href":"https:\/\/blogsaverroes.juntadeandalucia.es\/ceipmaestroantoniorodriguez\/wp-json\/wp\/v2\/pages\/853\/revisions"}],"predecessor-version":[{"id":2201,"href":"https:\/\/blogsaverroes.juntadeandalucia.es\/ceipmaestroantoniorodriguez\/wp-json\/wp\/v2\/pages\/853\/revisions\/2201"}],"wp:attachment":[{"href":"https:\/\/blogsaverroes.juntadeandalucia.es\/ceipmaestroantoniorodriguez\/wp-json\/wp\/v2\/media?parent=853"}],"curies":[{"name":"wp","href":"https:\/\/api.w.org\/{rel}","templated":true}]}}