{"id":49,"date":"2015-05-19T23:47:05","date_gmt":"2015-05-19T23:47:05","guid":{"rendered":"http:\/\/blogsaverroes.juntadeandalucia.es\/pre\/ceip\/?page_id=49"},"modified":"2017-05-07T21:04:53","modified_gmt":"2017-05-07T21:04:53","slug":"proyecto-educativo","status":"publish","type":"page","link":"https:\/\/blogsaverroes.juntadeandalucia.es\/ceipmaestrogabrielarenas\/proyecto-educativo\/","title":{"rendered":"Proyecto Educativo"},"content":{"rendered":"<p><a href=\"http:\/\/blogsaverroes.juntadeandalucia.es\/ceipmaestrogabrielarenas\/files\/2016\/05\/MODIFICACION-proyecto-educativo.pdf\"><img loading=\"lazy\" decoding=\"async\" class=\" size-medium wp-image-1662 alignright\" src=\"http:\/\/blogsaverroes.juntadeandalucia.es\/ceipmaestrogabrielarenas\/files\/2015\/03\/proyecto-300x266.png\" alt=\"proyecto\" height=\"266\" width=\"300\" srcset=\"https:\/\/blogsaverroes.juntadeandalucia.es\/ceipmaestrogabrielarenas\/files\/2015\/03\/proyecto-300x266.png 300w, https:\/\/blogsaverroes.juntadeandalucia.es\/ceipmaestrogabrielarenas\/files\/2015\/03\/proyecto.png 640w\" sizes=\"(max-width: 300px) 100vw, 300px\" \/><\/a><\/p>\n<p>Pinchar&nbsp;<a href=\"https:\/\/blogsaverroes.juntadeandalucia.es\/ceipmaestrogabrielarenas\/files\/2015\/05\/PLAN-ANUAL-DE-CENTRO.pdf\">AQU\u00cd<\/a>&nbsp; para descargar \u00abProyecto Educativo\u00bb (Curso 16\/17)<\/p>\n<p>Un centro se define en gran medida por su <strong>Proyecto Educativo<\/strong>. En \u00e9l se plasma el modelo educativo y la concreci\u00f3n de la normativa que un centro realiza respecto a las ense\u00f1anzas que imparte. Aspectos tales como las finales educativas, objetivos, atenci\u00f3n a la diversidad, etc.<\/p>\n<p>Que la web de un centro informe de su Proyecto Educativo es una apuesta clara por la <strong>transparencia<\/strong>.<\/p>\n<p>&nbsp;<\/p>\n","protected":false},"excerpt":{"rendered":"<p>Pinchar&nbsp;AQU\u00cd&nbsp; para descargar \u00abProyecto Educativo\u00bb (Curso 16\/17) Un centro se define en gran medida por su Proyecto Educativo. En \u00e9l se plasma el modelo educativo y la concreci\u00f3n de la normativa que un centro&#46;&#46;&#46;<\/p>\n","protected":false},"author":1,"featured_media":0,"parent":0,"menu_order":0,"comment_status":"closed","ping_status":"open","template":"page-cs.php","meta":{"ngg_post_thumbnail":0,"footnotes":"","_mc_calendar":[]},"aioseo_notices":[],"_links":{"self":[{"href":"https:\/\/blogsaverroes.juntadeandalucia.es\/ceipmaestrogabrielarenas\/wp-json\/wp\/v2\/pages\/49"}],"collection":[{"href":"https:\/\/blogsaverroes.juntadeandalucia.es\/ceipmaestrogabrielarenas\/wp-json\/wp\/v2\/pages"}],"about":[{"href":"https:\/\/blogsaverroes.juntadeandalucia.es\/ceipmaestrogabrielarenas\/wp-json\/wp\/v2\/types\/page"}],"author":[{"embeddable":true,"href":"https:\/\/blogsaverroes.juntadeandalucia.es\/ceipmaestrogabrielarenas\/wp-json\/wp\/v2\/users\/1"}],"replies":[{"embeddable":true,"href":"https:\/\/blogsaverroes.juntadeandalucia.es\/ceipmaestrogabrielarenas\/wp-json\/wp\/v2\/comments?post=49"}],"version-history":[{"count":11,"href":"https:\/\/blogsaverroes.juntadeandalucia.es\/ceipmaestrogabrielarenas\/wp-json\/wp\/v2\/pages\/49\/revisions"}],"predecessor-version":[{"id":2125,"href":"https:\/\/blogsaverroes.juntadeandalucia.es\/ceipmaestrogabrielarenas\/wp-json\/wp\/v2\/pages\/49\/revisions\/2125"}],"wp:attachment":[{"href":"https:\/\/blogsaverroes.juntadeandalucia.es\/ceipmaestrogabrielarenas\/wp-json\/wp\/v2\/media?parent=49"}],"curies":[{"name":"wp","href":"https:\/\/api.w.org\/{rel}","templated":true}]}}