{"id":33,"date":"2020-01-09T12:42:06","date_gmt":"2020-01-09T11:42:06","guid":{"rendered":"http:\/\/blogsaverroes.juntadeandalucia.es\/pre\/nuevoceip2v2\/?page_id=33"},"modified":"2025-09-09T08:15:35","modified_gmt":"2025-09-09T06:15:35","slug":"aula-matinal","status":"publish","type":"page","link":"https:\/\/blogsaverroes.juntadeandalucia.es\/ceipmaestrojuanapresa\/aula-matinal\/","title":{"rendered":"Aula matinal"},"content":{"rendered":"<p>[et_pb_section fb_built=&#8221;1&#8243; _builder_version=&#8221;4.16&#8243; background_enable_image=&#8221;off&#8221; custom_padding=&#8221;0px||0px|&#8221; z_index_tablet=&#8221;500&#8243; box_shadow_horizontal_tablet=&#8221;0px&#8221; box_shadow_vertical_tablet=&#8221;0px&#8221; box_shadow_blur_tablet=&#8221;40px&#8221; box_shadow_spread_tablet=&#8221;0px&#8221; global_colors_info=&#8221;{}&#8221;][et_pb_row _builder_version=&#8221;4.16&#8243; background_size=&#8221;initial&#8221; background_position=&#8221;top_left&#8221; background_repeat=&#8221;repeat&#8221; global_colors_info=&#8221;{}&#8221;][et_pb_column type=&#8221;4_4&#8243; _builder_version=&#8221;4.16&#8243; custom_padding=&#8221;|||&#8221; global_colors_info=&#8221;{}&#8221; custom_padding__hover=&#8221;|||&#8221;][et_pb_image src=&#8221;https:\/\/blogsaverroes.juntadeandalucia.es\/ceipmaestrojuanapresa\/files\/2023\/10\/Sin-ti\u0301tulo-36.142-x-10-cm.jpg&#8221; title_text=&#8221;Sin ti\u0301tulo (36.142 x 10 cm)&#8221; admin_label=&#8221;Imagen de la portada&#8221; _builder_version=&#8221;4.16&#8243; custom_margin=&#8221;-44px||22px|||&#8221; z_index_tablet=&#8221;500&#8243; box_shadow_style=&#8221;preset5&#8243; box_shadow_horizontal_tablet=&#8221;0px&#8221; box_shadow_vertical_tablet=&#8221;0px&#8221; box_shadow_blur_tablet=&#8221;40px&#8221; box_shadow_spread_tablet=&#8221;0px&#8221; global_colors_info=&#8221;{}&#8221;][\/et_pb_image][et_pb_text admin_label=&#8221;Texto descriptivo&#8221; _builder_version=&#8221;4.16&#8243; z_index_tablet=&#8221;500&#8243; text_text_shadow_horizontal_length_tablet=&#8221;0px&#8221; text_text_shadow_vertical_length_tablet=&#8221;0px&#8221; text_text_shadow_blur_strength_tablet=&#8221;1px&#8221; link_text_shadow_horizontal_length_tablet=&#8221;0px&#8221; link_text_shadow_vertical_length_tablet=&#8221;0px&#8221; link_text_shadow_blur_strength_tablet=&#8221;1px&#8221; ul_text_shadow_horizontal_length_tablet=&#8221;0px&#8221; ul_text_shadow_vertical_length_tablet=&#8221;0px&#8221; ul_text_shadow_blur_strength_tablet=&#8221;1px&#8221; ol_text_shadow_horizontal_length_tablet=&#8221;0px&#8221; ol_text_shadow_vertical_length_tablet=&#8221;0px&#8221; ol_text_shadow_blur_strength_tablet=&#8221;1px&#8221; quote_text_shadow_horizontal_length_tablet=&#8221;0px&#8221; quote_text_shadow_vertical_length_tablet=&#8221;0px&#8221; quote_text_shadow_blur_strength_tablet=&#8221;1px&#8221; header_text_shadow_horizontal_length_tablet=&#8221;0px&#8221; header_text_shadow_vertical_length_tablet=&#8221;0px&#8221; header_text_shadow_blur_strength_tablet=&#8221;1px&#8221; header_2_text_shadow_horizontal_length_tablet=&#8221;0px&#8221; header_2_text_shadow_vertical_length_tablet=&#8221;0px&#8221; header_2_text_shadow_blur_strength_tablet=&#8221;1px&#8221; header_3_text_shadow_horizontal_length_tablet=&#8221;0px&#8221; header_3_text_shadow_vertical_length_tablet=&#8221;0px&#8221; header_3_text_shadow_blur_strength_tablet=&#8221;1px&#8221; header_4_text_shadow_horizontal_length_tablet=&#8221;0px&#8221; header_4_text_shadow_vertical_length_tablet=&#8221;0px&#8221; header_4_text_shadow_blur_strength_tablet=&#8221;1px&#8221; header_5_text_shadow_horizontal_length_tablet=&#8221;0px&#8221; header_5_text_shadow_vertical_length_tablet=&#8221;0px&#8221; header_5_text_shadow_blur_strength_tablet=&#8221;1px&#8221; header_6_text_shadow_horizontal_length_tablet=&#8221;0px&#8221; header_6_text_shadow_vertical_length_tablet=&#8221;0px&#8221; header_6_text_shadow_blur_strength_tablet=&#8221;1px&#8221; box_shadow_horizontal_tablet=&#8221;0px&#8221; box_shadow_vertical_tablet=&#8221;0px&#8221; box_shadow_blur_tablet=&#8221;40px&#8221; box_shadow_spread_tablet=&#8221;0px&#8221; global_colors_info=&#8221;{}&#8221;]<\/p>\n<h2>&nbsp;<\/h2>\n<h2>&nbsp;<\/h2>\n<div class=\"entry-content\">\n<p style=\"text-align: justify\"><span style=\"font-size: 18pt;font-family: 'comic sans ms', sans-serif\">&nbsp; &nbsp; &nbsp; &nbsp; El aula matinal es un servicio que el centro ofrece a todo su alumnado con objeto de ayudar a las familias cuyo horario laboral coincide con el de su hijo\/a.<\/span><\/p>\n<p style=\"text-align: justify\"><span style=\"font-family: 'comic sans ms', sans-serif;font-size: 18pt\">&nbsp; &nbsp; &nbsp; &nbsp;El Centro est\u00e1 abierto desde las 7:30 de la ma\u00f1ana y, los ni\u00f1os y ni\u00f1as son atendidos por dos monitoras, que se ocupan de ellos\/as desde que los reciben hasta las 9 de la ma\u00f1ana que los llevan personalmente hasta sus aulas.<\/span><\/p>\n<p style=\"text-align: justify\"><span style=\"font-size: 18pt;font-family: 'comic sans ms', sans-serif\">&nbsp; &nbsp; &nbsp; &nbsp; &nbsp; Aunque las solicitudes de alta y baja se llevan a cabo desde la Direcci\u00f3n del Centro, el aula matinal es gestionada por una empresa externa contratada con la Junta de Andaluc\u00eda (Grupo Senda). Puede utilizarse tanto d\u00edas sueltos como semanas completas.<\/span><\/p>\n<p style=\"text-align: justify\"><span style=\"text-decoration: underline;font-size: 18pt;font-family: 'comic sans ms', sans-serif\"><strong>SOLICITUDES <\/strong><\/span><\/p>\n<ul style=\"text-align: justify\">\n<li style=\"text-align: left\"><span style=\"font-size: 18pt;font-family: 'comic sans ms', sans-serif\">Se presentan en secretar\u00eda de nuestro Centro del 1 al 8 de junio junto con el resto de documentaci\u00f3n de matr\u00edcula.<\/span><\/li>\n<li style=\"text-align: left\"><span style=\"font-size: 18pt;font-family: 'comic sans ms', sans-serif\">Tambi\u00e9n podr\u00e1 solicitarla &nbsp;a lo largo del curso, y estar\u00e1 sujeto a disponibilidad de plazas.<\/span><\/li>\n<li style=\"text-align: left\"><span style=\"font-size: 18pt;font-family: 'comic sans ms', sans-serif\">Puede solicitar la baja del servicio en Secretar\u00eda firmando una solicitud que le ser\u00e1 facilitada.<\/span><\/li>\n<\/ul>\n<p>&nbsp;<\/p>\n<p style=\"text-align: justify\"><span style=\"text-decoration: underline;font-size: 18pt;font-family: 'comic sans ms', sans-serif\"><strong>BONIFICACIONES<\/strong><\/span><\/p>\n<ul>\n<li style=\"text-align: left\"><span style=\"font-size: 18pt;font-family: 'comic sans ms', sans-serif\">Se solicitan del 1 al 7 de septiembre cada a\u00f1o, &nbsp;o en los tres d\u00edas inmediatos una vez &nbsp;el alumno\/a haya sido aceptado en los servicios de aula matinal.<\/span><\/li>\n<li style=\"text-align: left\"><span style=\"font-family: 'comic sans ms', sans-serif;font-size: 18pt\">Los listados de admitidos\/ excluidos ser\u00e1n publicados, tanto en el tabl\u00f3n informativo del Centro Escolar como en <a href=\"https:\/\/www.juntadeandalucia.es\/educacion\/secretariavirtual\/\">Secretar\u00eda Virtual<\/a>, dentro del plazo legal.<\/span><\/li>\n<\/ul>\n<p>&nbsp;<\/p>\n<p style=\"text-align: center\"><span style=\"font-family: 'comic sans ms', sans-serif;font-size: 18pt\"><strong>El objetivo principal es que los ni\u00f1os y ni\u00f1as disfruten y sean felices. Para ello se les ofertan variadas actividades para que ellos mismos elijan: puzzles, juegos educativos, dibujos, coloreo, plastilina, cuentos, recortado, juegos de mesa, decoraci\u00f3n de la clase, colchonetas \u2026 todo ello sin olvidar la adquisici\u00f3n de valores como: compartir juguetes, recoger al terminar de jugar, respetar a los dem\u00e1s, ordenar la clase, aseo, responsabilidad de su mochila y ropa de abrigo, etc.<\/strong><\/span><\/p>\n<\/div>\n<p>[\/et_pb_text][et_pb_button button_url=&#8221;https:\/\/grupo-senda.com\/&#8221; button_text=&#8221;WEB SENDA &#8221; button_alignment=&#8221;center&#8221; _builder_version=&#8221;4.24.2&#8243; _module_preset=&#8221;default&#8221; hover_enabled=&#8221;0&#8243; box_shadow_style=&#8221;preset6&#8243; global_colors_info=&#8221;{}&#8221; sticky_enabled=&#8221;0&#8243; url_new_window=&#8221;on&#8221;][\/et_pb_button][et_pb_button button_url=&#8221;https:\/\/drive.google.com\/file\/d\/1F_FGW2P-BBn1RzwXaQgox-XPgZsm0Z6j\/view?usp=sharing&#8221; button_text=&#8221;INFORMACI\u00d3N&#8221; button_alignment=&#8221;center&#8221; _builder_version=&#8221;4.24.2&#8243; _module_preset=&#8221;default&#8221; hover_enabled=&#8221;0&#8243; box_shadow_style=&#8221;preset6&#8243; global_colors_info=&#8221;{}&#8221; sticky_enabled=&#8221;0&#8243; url_new_window=&#8221;on&#8221;][\/et_pb_button][\/et_pb_column][\/et_pb_row][\/et_pb_section]<\/p>\n","protected":false},"excerpt":{"rendered":"<p>&nbsp; &nbsp; &nbsp; &nbsp; &nbsp; &nbsp; El aula matinal es un servicio que el centro ofrece a todo su alumnado con objeto de ayudar a las familias cuyo horario laboral coincide con el de su hijo\/a. &nbsp; &nbsp; &nbsp; &nbsp;El Centro est\u00e1 abierto desde las 7:30 de la ma\u00f1ana y, los ni\u00f1os y ni\u00f1as son [&hellip;]<\/p>\n","protected":false},"author":18606,"featured_media":0,"parent":0,"menu_order":0,"comment_status":"closed","ping_status":"closed","template":"","meta":{"_et_pb_use_builder":"on","_et_pb_old_content":"","_et_gb_content_width":"","ngg_post_thumbnail":0,"footnotes":""},"aioseo_notices":[],"_links":{"self":[{"href":"https:\/\/blogsaverroes.juntadeandalucia.es\/ceipmaestrojuanapresa\/wp-json\/wp\/v2\/pages\/33"}],"collection":[{"href":"https:\/\/blogsaverroes.juntadeandalucia.es\/ceipmaestrojuanapresa\/wp-json\/wp\/v2\/pages"}],"about":[{"href":"https:\/\/blogsaverroes.juntadeandalucia.es\/ceipmaestrojuanapresa\/wp-json\/wp\/v2\/types\/page"}],"author":[{"embeddable":true,"href":"https:\/\/blogsaverroes.juntadeandalucia.es\/ceipmaestrojuanapresa\/wp-json\/wp\/v2\/users\/18606"}],"replies":[{"embeddable":true,"href":"https:\/\/blogsaverroes.juntadeandalucia.es\/ceipmaestrojuanapresa\/wp-json\/wp\/v2\/comments?post=33"}],"version-history":[{"count":17,"href":"https:\/\/blogsaverroes.juntadeandalucia.es\/ceipmaestrojuanapresa\/wp-json\/wp\/v2\/pages\/33\/revisions"}],"predecessor-version":[{"id":1545,"href":"https:\/\/blogsaverroes.juntadeandalucia.es\/ceipmaestrojuanapresa\/wp-json\/wp\/v2\/pages\/33\/revisions\/1545"}],"wp:attachment":[{"href":"https:\/\/blogsaverroes.juntadeandalucia.es\/ceipmaestrojuanapresa\/wp-json\/wp\/v2\/media?parent=33"}],"curies":[{"name":"wp","href":"https:\/\/api.w.org\/{rel}","templated":true}]}}