{"id":1015,"date":"2024-02-01T12:25:03","date_gmt":"2024-02-01T11:25:03","guid":{"rendered":"https:\/\/blogsaverroes.juntadeandalucia.es\/ceipmaestropepegonzalez\/?page_id=1015"},"modified":"2024-02-29T21:26:10","modified_gmt":"2024-02-29T20:26:10","slug":"centro","status":"publish","type":"page","link":"https:\/\/blogsaverroes.juntadeandalucia.es\/ceipmaestropepegonzalez\/inicio\/centro\/","title":{"rendered":"Centro"},"content":{"rendered":"<p><strong>DATOS DEL CENTRO<\/strong><\/p>\n<ul>\n<li><strong>Nombre<\/strong>: CEIP Maestro Pepe Gonz\u00e1lez<\/li>\n<li><strong>C\u00f3digo<\/strong>: 41001501<\/li>\n<li><strong>Direcci\u00f3n<\/strong>: Avenida de Portugal s\/n<\/li>\n<li><strong>Tel\u00e9fono<\/strong>: 955622356<\/li>\n<li><strong>Correo electr\u00f3nico<\/strong>: 41001501.edu@juntadeandalucia.es&nbsp; &nbsp;&nbsp;<\/li>\n<\/ul>\n<p><strong>Direcci\u00f3n:<\/strong> M\u00aa Carmen Alonso Rodr\u00edguez<\/p>\n<p><strong>Jefatura de Estudios:<\/strong> Roc\u00edo del C. Mondaca Lobo<\/p>\n<p><strong>Secretar\u00eda:<\/strong> Mar\u00eda D. Mohedo P\u00e9rez<\/p>\n<p>&nbsp;<\/p>\n","protected":false},"excerpt":{"rendered":"<p>DATOS DEL CENTRO Nombre: CEIP Maestro Pepe Gonz\u00e1lez C\u00f3digo: 41001501 Direcci\u00f3n: Avenida de Portugal s\/n Tel\u00e9fono: 955622356 Correo electr\u00f3nico: 41001501.edu@juntadeandalucia.es&nbsp; &nbsp;&nbsp; Direcci\u00f3n: M\u00aa Carmen Alonso Rodr\u00edguez Jefatura de Estudios: Roc\u00edo del C. Mondaca Lobo&#46;&#46;&#46;<\/p>\n","protected":false},"author":19118,"featured_media":0,"parent":1013,"menu_order":0,"comment_status":"closed","ping_status":"closed","template":"","meta":{"ngg_post_thumbnail":0,"footnotes":""},"aioseo_notices":[],"_links":{"self":[{"href":"https:\/\/blogsaverroes.juntadeandalucia.es\/ceipmaestropepegonzalez\/wp-json\/wp\/v2\/pages\/1015"}],"collection":[{"href":"https:\/\/blogsaverroes.juntadeandalucia.es\/ceipmaestropepegonzalez\/wp-json\/wp\/v2\/pages"}],"about":[{"href":"https:\/\/blogsaverroes.juntadeandalucia.es\/ceipmaestropepegonzalez\/wp-json\/wp\/v2\/types\/page"}],"author":[{"embeddable":true,"href":"https:\/\/blogsaverroes.juntadeandalucia.es\/ceipmaestropepegonzalez\/wp-json\/wp\/v2\/users\/19118"}],"replies":[{"embeddable":true,"href":"https:\/\/blogsaverroes.juntadeandalucia.es\/ceipmaestropepegonzalez\/wp-json\/wp\/v2\/comments?post=1015"}],"version-history":[{"count":8,"href":"https:\/\/blogsaverroes.juntadeandalucia.es\/ceipmaestropepegonzalez\/wp-json\/wp\/v2\/pages\/1015\/revisions"}],"predecessor-version":[{"id":1341,"href":"https:\/\/blogsaverroes.juntadeandalucia.es\/ceipmaestropepegonzalez\/wp-json\/wp\/v2\/pages\/1015\/revisions\/1341"}],"up":[{"embeddable":true,"href":"https:\/\/blogsaverroes.juntadeandalucia.es\/ceipmaestropepegonzalez\/wp-json\/wp\/v2\/pages\/1013"}],"wp:attachment":[{"href":"https:\/\/blogsaverroes.juntadeandalucia.es\/ceipmaestropepegonzalez\/wp-json\/wp\/v2\/media?parent=1015"}],"curies":[{"name":"wp","href":"https:\/\/api.w.org\/{rel}","templated":true}]}}