{"id":1113,"date":"2015-03-12T11:00:55","date_gmt":"2015-03-12T11:00:55","guid":{"rendered":"http:\/\/blogsaverroes.juntadeandalucia.es\/pre\/ceip\/?page_id=2"},"modified":"2025-12-03T09:29:08","modified_gmt":"2025-12-03T08:29:08","slug":"pagina-ejemplo-2","status":"publish","type":"page","link":"https:\/\/blogsaverroes.juntadeandalucia.es\/ceipmaestrorojas\/","title":{"rendered":"Inicio"},"content":{"rendered":"\t\t<div data-elementor-type=\"wp-post\" data-elementor-id=\"1113\" class=\"elementor elementor-1113\">\n\t\t\t\t\t\t<section class=\"elementor-section elementor-top-section elementor-element elementor-element-63857e76 elementor-section-boxed elementor-section-height-default elementor-section-height-default\" data-id=\"63857e76\" data-element_type=\"section\">\n\t\t\t\t\t\t<div class=\"elementor-container elementor-column-gap-default\">\n\t\t\t\t\t<div class=\"elementor-column elementor-col-100 elementor-top-column elementor-element elementor-element-568cdc6a\" data-id=\"568cdc6a\" data-element_type=\"column\">\n\t\t\t<div class=\"elementor-widget-wrap elementor-element-populated\">\n\t\t\t\t\t\t<div class=\"elementor-element elementor-element-4d280864 elementor-widget elementor-widget-text-editor\" data-id=\"4d280864\" data-element_type=\"widget\" data-widget_type=\"text-editor.default\">\n\t\t\t\t<div class=\"elementor-widget-container\">\n\t\t\t\t\t\t\t\t\t<p>Bienvenidos a la web del CEIP Maestro Rojas.<\/p>\n<p>La direcci\u00f3n y el claustro de maestros y maestras os da la bienvenida a nuestra p\u00e1gina web donde intentaremos colgar la informaci\u00f3n referente al centro y las actividades que vayamos haciendo en el cole.<\/p>\n<p>Pretendemos que esta p\u00e1gina sea un medio de comunicaci\u00f3n del Centro con toda la Comunidad Educativa y esperamos que os sea de utilidad.&nbsp;<\/p>\t\t\t\t\t\t\t\t<\/div>\n\t\t\t\t<\/div>\n\t\t\t\t\t<\/div>\n\t\t<\/div>\n\t\t\t\t\t<\/div>\n\t\t<\/section>\n\t\t\t\t<section class=\"elementor-section elementor-top-section elementor-element elementor-element-89eb12d elementor-section-boxed elementor-section-height-default elementor-section-height-default\" data-id=\"89eb12d\" data-element_type=\"section\">\n\t\t\t\t\t\t<div class=\"elementor-container elementor-column-gap-default\">\n\t\t\t\t\t<div class=\"elementor-column elementor-col-100 elementor-top-column elementor-element elementor-element-bde3206\" data-id=\"bde3206\" data-element_type=\"column\">\n\t\t\t<div class=\"elementor-widget-wrap elementor-element-populated\">\n\t\t\t\t\t\t<div class=\"elementor-element elementor-element-49ef0ec elementor-arrows-position-inside elementor-pagination-position-outside elementor-widget elementor-widget-image-carousel\" data-id=\"49ef0ec\" data-element_type=\"widget\" data-settings=\"{&quot;slides_to_show&quot;:&quot;2&quot;,&quot;navigation&quot;:&quot;both&quot;,&quot;autoplay&quot;:&quot;yes&quot;,&quot;pause_on_hover&quot;:&quot;yes&quot;,&quot;pause_on_interaction&quot;:&quot;yes&quot;,&quot;autoplay_speed&quot;:5000,&quot;infinite&quot;:&quot;yes&quot;,&quot;speed&quot;:500}\" data-widget_type=\"image-carousel.default\">\n\t\t\t\t<div class=\"elementor-widget-container\">\n\t\t\t\t\t\t\t<div class=\"elementor-image-carousel-wrapper swiper\" role=\"region\" aria-roledescription=\"carousel\" aria-label=\"Carrusel de im\u00e1genes\" dir=\"ltr\">\n\t\t\t<div class=\"elementor-image-carousel swiper-wrapper swiper-image-stretch\" aria-live=\"off\">\n\t\t\t\t\t\t\t\t<div class=\"swiper-slide\" role=\"group\" aria-roledescription=\"slide\" aria-label=\"1 de 8\"><figure class=\"swiper-slide-inner\"><img decoding=\"async\" class=\"swiper-slide-image\" src=\"https:\/\/blogsaverroes.juntadeandalucia.es\/ceipmaestrorojas\/files\/2025\/12\/WhatsApp-Image-2025-11-27-at-13.25.34-1-im\u251cigenes-8-210x210.jpg\" alt=\"WhatsApp Image 2025-11-27 at 13.25.34-1-im\u251c\u00edgenes-8\" \/><\/figure><\/div><div class=\"swiper-slide\" role=\"group\" aria-roledescription=\"slide\" aria-label=\"2 de 8\"><figure class=\"swiper-slide-inner\"><img decoding=\"async\" class=\"swiper-slide-image\" src=\"https:\/\/blogsaverroes.juntadeandalucia.es\/ceipmaestrorojas\/files\/2025\/12\/WhatsApp-Image-2025-11-27-at-13.25.34-1-im\u251cigenes-6-210x210.jpg\" alt=\"WhatsApp Image 2025-11-27 at 13.25.34-1-im\u251c\u00edgenes-6\" \/><\/figure><\/div><div class=\"swiper-slide\" role=\"group\" aria-roledescription=\"slide\" aria-label=\"3 de 8\"><figure class=\"swiper-slide-inner\"><img decoding=\"async\" class=\"swiper-slide-image\" src=\"https:\/\/blogsaverroes.juntadeandalucia.es\/ceipmaestrorojas\/files\/2025\/12\/WhatsApp-Image-2025-11-27-at-13.25.34-1-im\u251cigenes-7-210x210.jpg\" alt=\"WhatsApp Image 2025-11-27 at 13.25.34-1-im\u251c\u00edgenes-7\" \/><\/figure><\/div><div class=\"swiper-slide\" role=\"group\" aria-roledescription=\"slide\" aria-label=\"4 de 8\"><figure class=\"swiper-slide-inner\"><img decoding=\"async\" class=\"swiper-slide-image\" src=\"https:\/\/blogsaverroes.juntadeandalucia.es\/ceipmaestrorojas\/files\/2025\/12\/WhatsApp-Image-2025-11-27-at-13.25.34-1-im\u251cigenes-5-210x210.jpg\" alt=\"WhatsApp Image 2025-11-27 at 13.25.34-1-im\u251c\u00edgenes-5\" \/><\/figure><\/div><div class=\"swiper-slide\" role=\"group\" aria-roledescription=\"slide\" aria-label=\"5 de 8\"><figure class=\"swiper-slide-inner\"><img decoding=\"async\" class=\"swiper-slide-image\" src=\"https:\/\/blogsaverroes.juntadeandalucia.es\/ceipmaestrorojas\/files\/2025\/12\/WhatsApp-Image-2025-11-27-at-13.25.34-1-im\u251cigenes-2-210x210.jpg\" alt=\"WhatsApp Image 2025-11-27 at 13.25.34-1-im\u251c\u00edgenes-2\" \/><\/figure><\/div><div class=\"swiper-slide\" role=\"group\" aria-roledescription=\"slide\" aria-label=\"6 de 8\"><figure class=\"swiper-slide-inner\"><img decoding=\"async\" class=\"swiper-slide-image\" src=\"https:\/\/blogsaverroes.juntadeandalucia.es\/ceipmaestrorojas\/files\/2025\/12\/WhatsApp-Image-2025-11-27-at-13.25.34-1-im\u251cigenes-1-210x210.jpg\" alt=\"WhatsApp Image 2025-11-27 at 13.25.34-1-im\u251c\u00edgenes-1\" \/><\/figure><\/div><div class=\"swiper-slide\" role=\"group\" aria-roledescription=\"slide\" aria-label=\"7 de 8\"><figure class=\"swiper-slide-inner\"><img decoding=\"async\" class=\"swiper-slide-image\" src=\"https:\/\/blogsaverroes.juntadeandalucia.es\/ceipmaestrorojas\/files\/2025\/12\/WhatsApp-Image-2025-11-27-at-13.25.34-1-im\u251cigenes-4-210x210.jpg\" alt=\"WhatsApp Image 2025-11-27 at 13.25.34-1-im\u251c\u00edgenes-4\" \/><\/figure><\/div><div class=\"swiper-slide\" role=\"group\" aria-roledescription=\"slide\" aria-label=\"8 de 8\"><figure class=\"swiper-slide-inner\"><img decoding=\"async\" class=\"swiper-slide-image\" src=\"https:\/\/blogsaverroes.juntadeandalucia.es\/ceipmaestrorojas\/files\/2025\/12\/WhatsApp-Image-2025-11-27-at-13.25.34-1-im\u251cigenes-3-210x210.jpg\" alt=\"WhatsApp Image 2025-11-27 at 13.25.34-1-im\u251c\u00edgenes-3\" \/><\/figure><\/div>\t\t\t<\/div>\n\t\t\t\t\t\t\t\t\t\t\t\t<div class=\"elementor-swiper-button elementor-swiper-button-prev\" role=\"button\" tabindex=\"0\">\n\t\t\t\t\t\t<i aria-hidden=\"true\" class=\"eicon-chevron-left\"><\/i>\t\t\t\t\t<\/div>\n\t\t\t\t\t<div class=\"elementor-swiper-button elementor-swiper-button-next\" role=\"button\" tabindex=\"0\">\n\t\t\t\t\t\t<i aria-hidden=\"true\" class=\"eicon-chevron-right\"><\/i>\t\t\t\t\t<\/div>\n\t\t\t\t\n\t\t\t\t\t\t\t\t\t<div class=\"swiper-pagination\"><\/div>\n\t\t\t\t\t\t\t\t\t<\/div>\n\t\t\t\t\t\t<\/div>\n\t\t\t\t<\/div>\n\t\t\t\t\t<\/div>\n\t\t<\/div>\n\t\t\t\t\t<\/div>\n\t\t<\/section>\n\t\t\t\t<\/div>\n\t\t","protected":false},"excerpt":{"rendered":"<p>Bienvenidos a la web del CEIP Maestro Rojas. La direcci\u00f3n y el claustro de maestros y maestras os da la bienvenida a nuestra p\u00e1gina web donde intentaremos colgar la informaci\u00f3n referente al centro y&#46;&#46;&#46;<\/p>\n","protected":false},"author":1,"featured_media":0,"parent":0,"menu_order":0,"comment_status":"closed","ping_status":"open","template":"","meta":{"ngg_post_thumbnail":0,"footnotes":"","_mc_calendar":[]},"aioseo_notices":[],"_links":{"self":[{"href":"https:\/\/blogsaverroes.juntadeandalucia.es\/ceipmaestrorojas\/wp-json\/wp\/v2\/pages\/1113"}],"collection":[{"href":"https:\/\/blogsaverroes.juntadeandalucia.es\/ceipmaestrorojas\/wp-json\/wp\/v2\/pages"}],"about":[{"href":"https:\/\/blogsaverroes.juntadeandalucia.es\/ceipmaestrorojas\/wp-json\/wp\/v2\/types\/page"}],"author":[{"embeddable":true,"href":"https:\/\/blogsaverroes.juntadeandalucia.es\/ceipmaestrorojas\/wp-json\/wp\/v2\/users\/1"}],"replies":[{"embeddable":true,"href":"https:\/\/blogsaverroes.juntadeandalucia.es\/ceipmaestrorojas\/wp-json\/wp\/v2\/comments?post=1113"}],"version-history":[{"count":15,"href":"https:\/\/blogsaverroes.juntadeandalucia.es\/ceipmaestrorojas\/wp-json\/wp\/v2\/pages\/1113\/revisions"}],"predecessor-version":[{"id":2439,"href":"https:\/\/blogsaverroes.juntadeandalucia.es\/ceipmaestrorojas\/wp-json\/wp\/v2\/pages\/1113\/revisions\/2439"}],"wp:attachment":[{"href":"https:\/\/blogsaverroes.juntadeandalucia.es\/ceipmaestrorojas\/wp-json\/wp\/v2\/media?parent=1113"}],"curies":[{"name":"wp","href":"https:\/\/api.w.org\/{rel}","templated":true}]}}