{"id":2312,"date":"2021-05-26T20:10:16","date_gmt":"2021-05-26T19:10:16","guid":{"rendered":"https:\/\/blogsaverroes.juntadeandalucia.es\/ceipmaestrorojas\/?page_id=2312"},"modified":"2025-12-02T11:53:52","modified_gmt":"2025-12-02T10:53:52","slug":"consejo-escolar","status":"publish","type":"page","link":"https:\/\/blogsaverroes.juntadeandalucia.es\/ceipmaestrorojas\/consejo-escolar\/","title":{"rendered":"Consejo Escolar"},"content":{"rendered":"<p>El Consejo escolar es un \u00f3rgano colegiado de participaci\u00f3n de la comunidad educativa en el gobierno del centro. La Constituci\u00f3n Espa\u00f1ola, en su art\u00edculo 27, establece que \u00abLos profesores, los padres y, en su caso, los alumnos intervendr\u00e1n en el control y gesti\u00f3n de todos los centros sostenidos por la Administraci\u00f3n con fondos p\u00fablicos\u00bb; este principio de participaci\u00f3n constituye el principal instrumento para que toda la comunidad educativa pueda implicarse directamente en la toma de decisiones del mismo.<\/p>\n<p><strong>Competencias<\/strong><\/p>\n<p>a) Aprobar y evaluar el Plan de Centro, sin perjuicio de las competencias del Claustro de Profesorado que se establecen en el art\u00edculo 66.b) y c) en relaci\u00f3n con la planificaci\u00f3n y la organizaci\u00f3n docente.<\/p>\n<p>b) Aprobar el proyecto de presupuesto del centro y la justificaci\u00f3n de la cuenta de gesti\u00f3n.<\/p>\n<p>c) Conocer las candidaturas a la direcci\u00f3n y los proyectos de direcci\u00f3n presentados por las personas candidatas.<\/p>\n<p>d) Participar en la selecci\u00f3n del director o directora del centro en los t\u00e9rminos que establece la Ley Org\u00e1nica 2\/2006, de 3 de mayo. Ser informado del nombramiento y cese de los dem\u00e1s miembros del equipo directivo. En su caso, previo acuerdo de sus miembros, adoptado por mayor\u00eda de dos tercios, proponer la revocaci\u00f3n del nombramiento del director o directora.<\/p>\n<p>e) Decidir sobre la admisi\u00f3n del alumnado con sujeci\u00f3n a lo establecido en la Ley Org\u00e1nica 2\/2006, de 3 de mayo, y disposiciones que la desarrollen.<\/p>\n<p>f) Realizar el seguimiento de los compromisos educativos y de convivencia suscritos en el centro, para garantizar su efectividad y proponer la adopci\u00f3n de medidas e iniciativas en caso de incumplimiento.<\/p>\n<p>g) Conocer la resoluci\u00f3n de conflictos disciplinarios y velar porque se atengan al presente Reglamento y dem\u00e1s normativa de aplicaci\u00f3n. Cuando las medidas disciplinarias adoptadas por el director o directora correspondan a conductas del alumno o alumna que perjudiquen gravemente la convivencia del centro, el Consejo Escolar, a instancia de padres, madres o representantes legales del alumnado, podr\u00e1 revisar la decisi\u00f3n adoptada y proponer, en su caso, las medidas oportunas.<\/p>\n<p>h) Proponer medidas e iniciativas que favorezcan la convivencia en el centro, la igualdad entre hombres y mujeres y la resoluci\u00f3n pac\u00edfica de conflictos en todos los \u00e1mbitos de la vida personal, familiar y social.<\/p>\n<p>i) Reprobar a las personas que causen da\u00f1os, injurias u ofensas al profesorado. En todo caso, la resoluci\u00f3n de reprobaci\u00f3n se emitir\u00e1 tras la instrucci\u00f3n de un expediente, previa audiencia al interesado.<\/p>\n<p>j) Promover la conservaci\u00f3n y renovaci\u00f3n de las instalaciones y equipo escolar y aprobar la obtenci\u00f3n de recursos complementarios de acuerdo con lo establecido en el art\u00edculo 25.<\/p>\n<p>k) Fijar las directrices para la colaboraci\u00f3n, con fines educativos y culturales, con las Administraciones locales, con otros centros, entidades y organismos.<\/p>\n<p>l) Analizar y valorar el funcionamiento general del centro, la evoluci\u00f3n del rendimiento escolar y los resultados de las evaluaciones internas y externas en las que participe el centro.<\/p>\n<p>m) Elaborar propuestas e informes, a iniciativa propia o a petici\u00f3n de la Administraci\u00f3n competente, sobre el funcionamiento del centro y la mejora de la calidad de la gesti\u00f3n, as\u00ed como sobre aquellos otros aspectos relacionados con la calidad de la misma.<\/p>\n<p>n) Cualesquiera otras que le sean atribuidas por la Consejer\u00eda competente en materia de educaci\u00f3n.<\/p>\n<p><strong>Composici\u00f3n:<\/strong><\/p>\n<p><strong>Equipo directivo:<\/strong><\/p>\n<p>Director: Manuel Gabriel Ortega Garc\u00eda<\/p>\n<p>Jefe de Estudios: Luis Miguel Correa Rubio<\/p>\n<p>Secretaria: Amparo P\u00e9rez Pardo<\/p>\n<p><strong>Profesorado:<\/strong><\/p>\n<p>Diana Andreu Montero<br \/>\nM\u00aa \u00c1ngeles Colorado Rodr\u00edguez<br \/>\nLaura Flores Rico<br \/>\nFrancisco Javier Garc\u00eda Prieto<br \/>\nM\u00aa del Roc\u00edo Garc\u00eda V\u00e1zquez<br \/>\nAlicia Pedraza Fern\u00e1ndez<br \/>\nNoelia P\u00e9rez Cerpa<br \/>\nEsmeralda Rodr\u00edguez Ruiz<\/p>\n<p><strong>Madres\/padres\/tutores:<\/strong><\/p>\n<p>Ana Bel\u00e9n Canelada Pedrero<br \/>\nRa\u00fal Collado Aguilar<br \/>\nGema Delgado P\u00e9rez<br \/>\nIsabel M\u00aa Lancha de la Rosa<br \/>\nNoem\u00ed Mu\u00f1oz L\u00f3pez<br \/>\nPatricia Ortega Carbajo<br \/>\nCinta Roc\u00edo Rodr\u00edguez P\u00e9rez<br \/>\nGema M\u00aa S\u00e1nchez Delgado<br \/>\nAng\u00e9lica M\u00aa Alcaide Romero (Representante de AMPA)<\/p>\n<p><strong>Representante del Ayuntamiento:<\/strong><\/p>\n<p>Clotilde V\u00e1zquez Casanova<\/p>\n<p><strong>Personal Atenci\u00f3n Educativa:<\/strong><\/p>\n<p>M\u00aa Dolores Caro L\u00f3pez<\/p>\n<p><strong>Comisiones del Consejo Escolar<\/strong><\/p>\n<p><strong>Comisi\u00f3n permanente<\/strong><\/p>\n<p>Llevar\u00e1 a cabo todas las actuaciones que le encomiende el Consejo Escolar e informar\u00e1 al mismo del trabajo desarrollado.<\/p>\n<p>Composici\u00f3n<\/p>\n<p>Director: Manuel Gabriel Ortega Garc\u00eda<br \/>\nJefe de estudios: Luis Miguel Correa Rubio<br \/>\nProfesorado: M\u00aa \u00c1ngeles Colorado Rodr\u00edguez<br \/>\nPadres\/madres: Cinta Roc\u00edo Rodr\u00edguez P\u00e9rez<\/p>\n<p><strong>Comisi\u00f3n de convivencia<\/strong><\/p>\n<p>La comisi\u00f3n de convivencia tendr\u00e1 las siguientes funciones:<br \/>\na) Canalizar las iniciativas de todos los sectores de la comunidad educativa para mejorar la convivencia, el respeto mutuo, as\u00ed como promover la cultura de paz y la resoluci\u00f3n pac\u00edfica de los conflictos.<br \/>\nb) Adoptar las medidas preventivas necesarias para garantizar los derechos de todos los miembros de la comunidad educativa y el cumplimiento de las normas de convivencia del centro.<br \/>\nc) Desarrollar iniciativas que eviten la discriminaci\u00f3n del alumnado, estableciendo planes de acci\u00f3n positiva que posibiliten la integraci\u00f3n de todos los alumnos y alumnas.<br \/>\nd) Mediar en los conflictos planteados.<br \/>\ne) Conocer y valorar el cumplimiento efectivo de las correcciones y medidas disciplinarias en los t\u00e9rminos que hayan sido impuestas.<br \/>\nf) Proponer al Consejo Escolar las medidas que considere oportunas para mejorar la convivencia en el centro.<br \/>\ng) Dar cuenta al pleno del Consejo Escolar, al menos dos veces a lo largo del curso, de las actuaciones realizadas y de las correcciones y medidas disciplinarias impuestas.<br \/>\nh) Realizar el seguimiento de los compromisos de convivencia suscritos en el centro.<br \/>\ni) Cualesquiera otras que puedan serle atribuidas por el Consejo Escolar, relativas a las normas de convivencia en el centro.<\/p>\n<p>Composici\u00f3n<\/p>\n<p>Director: Manuel Gabriel Ortega Garc\u00eda<br \/>\nJefe de estudios: Luis Miguel Correa Rubio<br \/>\nProfesorado: Noelia P\u00e9rez Cerpa y Alicia Pedraza Fern\u00e1ndez<br \/>\nPadres\/madres: Ang\u00e9lica M\u00aa Alcaide ROMERO, Ra\u00fal Collado Aguilar, Noem\u00ed Mu\u00f1oz L\u00f3pez y Patricia Ortega Carbajo.<\/p>\n","protected":false},"excerpt":{"rendered":"<p>El Consejo escolar es un \u00f3rgano colegiado de participaci\u00f3n de la comunidad educativa en el gobierno del centro. La Constituci\u00f3n Espa\u00f1ola, en su art\u00edculo 27, establece que \u00abLos profesores, los padres y, en su&#46;&#46;&#46;<\/p>\n","protected":false},"author":13026,"featured_media":0,"parent":0,"menu_order":0,"comment_status":"closed","ping_status":"closed","template":"","meta":{"ngg_post_thumbnail":0,"footnotes":"","_mc_calendar":[]},"aioseo_notices":[],"_links":{"self":[{"href":"https:\/\/blogsaverroes.juntadeandalucia.es\/ceipmaestrorojas\/wp-json\/wp\/v2\/pages\/2312"}],"collection":[{"href":"https:\/\/blogsaverroes.juntadeandalucia.es\/ceipmaestrorojas\/wp-json\/wp\/v2\/pages"}],"about":[{"href":"https:\/\/blogsaverroes.juntadeandalucia.es\/ceipmaestrorojas\/wp-json\/wp\/v2\/types\/page"}],"author":[{"embeddable":true,"href":"https:\/\/blogsaverroes.juntadeandalucia.es\/ceipmaestrorojas\/wp-json\/wp\/v2\/users\/13026"}],"replies":[{"embeddable":true,"href":"https:\/\/blogsaverroes.juntadeandalucia.es\/ceipmaestrorojas\/wp-json\/wp\/v2\/comments?post=2312"}],"version-history":[{"count":3,"href":"https:\/\/blogsaverroes.juntadeandalucia.es\/ceipmaestrorojas\/wp-json\/wp\/v2\/pages\/2312\/revisions"}],"predecessor-version":[{"id":2384,"href":"https:\/\/blogsaverroes.juntadeandalucia.es\/ceipmaestrorojas\/wp-json\/wp\/v2\/pages\/2312\/revisions\/2384"}],"wp:attachment":[{"href":"https:\/\/blogsaverroes.juntadeandalucia.es\/ceipmaestrorojas\/wp-json\/wp\/v2\/media?parent=2312"}],"curies":[{"name":"wp","href":"https:\/\/api.w.org\/{rel}","templated":true}]}}