{"id":35,"date":"2021-05-27T19:08:43","date_gmt":"2021-05-27T18:08:43","guid":{"rendered":"http:\/\/blogsaverroes.juntadeandalucia.es\/pre\/ceip\/?page_id=35"},"modified":"2025-12-02T11:28:17","modified_gmt":"2025-12-02T10:28:17","slug":"el-centro-2","status":"publish","type":"page","link":"https:\/\/blogsaverroes.juntadeandalucia.es\/ceipmaestrorojas\/el-centro-2\/","title":{"rendered":"Datos del centro"},"content":{"rendered":"<p><img decoding=\"async\" class=\"alignnone size-medium wp-image-2298\" src=\"https:\/\/blogsaverroes.juntadeandalucia.es\/ceipmaestrorojas\/files\/2021\/05\/WhatsApp-Image-2021-05-26-at-20.33.40-290x139.jpeg\" alt=\"\" width=\"290\" height=\"139\"><\/p>\n<h4><strong>Datos de contacto<\/strong><\/h4>\n<p><strong>Direcci\u00f3n:<\/strong>&nbsp; Plaza Reina Victoria, 1, 21670, Nerva (Huelva)<\/p>\n<p><strong>Tel\u00e9fono Secretar\u00eda:&nbsp;<\/strong>671566329<\/p>\n<p><strong>Tel\u00e9fono de Direcci\u00f3n:<\/strong> 959598903<\/p>\n<p><strong>Tel\u00e9fono de la Jefatura de Estudios:<\/strong> 959598904<\/p>\n<p><strong>Tel\u00e9fono edificio infantil: <\/strong>671566330<\/p>\n<p><strong>Email:&nbsp;<\/strong>21002458.edu@juntadeandalucia.es<\/p>\n<h4><strong>Horarios<\/strong><\/h4>\n<p>Lectivo: 9:00 &#8211; 14:00<\/p>\n<p>Servicio comedor: 14:00 &#8211; 15:30<\/p>\n<h4><strong>Oferta educativa<\/strong><\/h4>\n<ul>\n<li>Segundo ciclo de Educaci\u00f3n Infantil.<\/li>\n<li>Educaci\u00f3n Primaria.<\/li>\n<\/ul>\n<p><iframe src=\"https:\/\/www.google.com\/maps\/embed?pb=!1m18!1m12!1m3!1d3135.3021336334064!2d-6.555256758794765!3d37.69361882059644!2m3!1f0!2f0!3f0!3m2!1i1024!2i768!4f13.1!3m3!1m2!1s0xd11849470c7f4df%3A0x20a34a4aa33d04bf!2sC%20E%20I%20P%20Maestro%20Rojas!5e0!3m2!1ses!2ses!4v1622055424134!5m2!1ses!2ses\" width=\"600\" height=\"450\"><\/iframe><\/p>\n<p>&nbsp;<\/p>\n<p>&nbsp;<\/p>\n","protected":false},"excerpt":{"rendered":"<p>Datos de contacto Direcci\u00f3n:&nbsp; Plaza Reina Victoria, 1, 21670, Nerva (Huelva) Tel\u00e9fono Secretar\u00eda:&nbsp;671566329 Tel\u00e9fono de Direcci\u00f3n: 959598903 Tel\u00e9fono de la Jefatura de Estudios: 959598904 Tel\u00e9fono edificio infantil: 671566330 Email:&nbsp;21002458.edu@juntadeandalucia.es Horarios Lectivo: 9:00 &#8211; 14:00&#46;&#46;&#46;<\/p>\n","protected":false},"author":1,"featured_media":0,"parent":0,"menu_order":0,"comment_status":"closed","ping_status":"open","template":"","meta":{"ngg_post_thumbnail":0,"footnotes":"","_mc_calendar":[]},"aioseo_notices":[],"_links":{"self":[{"href":"https:\/\/blogsaverroes.juntadeandalucia.es\/ceipmaestrorojas\/wp-json\/wp\/v2\/pages\/35"}],"collection":[{"href":"https:\/\/blogsaverroes.juntadeandalucia.es\/ceipmaestrorojas\/wp-json\/wp\/v2\/pages"}],"about":[{"href":"https:\/\/blogsaverroes.juntadeandalucia.es\/ceipmaestrorojas\/wp-json\/wp\/v2\/types\/page"}],"author":[{"embeddable":true,"href":"https:\/\/blogsaverroes.juntadeandalucia.es\/ceipmaestrorojas\/wp-json\/wp\/v2\/users\/1"}],"replies":[{"embeddable":true,"href":"https:\/\/blogsaverroes.juntadeandalucia.es\/ceipmaestrorojas\/wp-json\/wp\/v2\/comments?post=35"}],"version-history":[{"count":30,"href":"https:\/\/blogsaverroes.juntadeandalucia.es\/ceipmaestrorojas\/wp-json\/wp\/v2\/pages\/35\/revisions"}],"predecessor-version":[{"id":2372,"href":"https:\/\/blogsaverroes.juntadeandalucia.es\/ceipmaestrorojas\/wp-json\/wp\/v2\/pages\/35\/revisions\/2372"}],"wp:attachment":[{"href":"https:\/\/blogsaverroes.juntadeandalucia.es\/ceipmaestrorojas\/wp-json\/wp\/v2\/media?parent=35"}],"curies":[{"name":"wp","href":"https:\/\/api.w.org\/{rel}","templated":true}]}}