{"id":2018,"date":"2015-06-08T12:56:23","date_gmt":"2015-06-08T12:56:23","guid":{"rendered":"http:\/\/blogsaverroes.juntadeandalucia.es\/ceip\/?page_id=2018"},"modified":"2026-03-03T16:15:24","modified_gmt":"2026-03-03T15:15:24","slug":"calendario","status":"publish","type":"page","link":"https:\/\/blogsaverroes.juntadeandalucia.es\/ceipmaestroromualdo\/calendario\/","title":{"rendered":"Calendario"},"content":{"rendered":"<p>En la siguiente tabla pueden ver el calendario escolar del curso 2025-2026.<\/p>\n<p>Los d\u00edas no lectivos son los siguientes:<\/p>\n<div class=\"os-padding\">\n<div class=\"os-viewport os-viewport-native-scrollbars-invisible\">\n<div class=\"os-content\">\n<p>&nbsp;<\/p>\n<div id=\"contenedorPagina-SNC\" class=\"col-md-12\">\n<div id=\"contenedorCuerpo\">\n<div class=\"seccionForm-SNC\">\n<div class=\"cuerpoSeccionForm-SNC\">\n<div class=\"row\">\n<div class=\"col-12\">\n<div class=\"tabla-herramientas\">\n<div id=\"tablaPaginada\" class=\"tabla-herramientas table-header-fix\" data-totalregistros=\"26\">\n<div id=\"fake-scroll-table-8090\" class=\"envoltura-tabla-responsiva\">\n<div class=\"table-responsive text-center cuerpoSeccionForm-SNC\">\n<table id=\"Gen_Id_000001\" class=\"table table-header-sticky-top table-hover table-bordered table-striped table-collapsable-SNC tabla-SNC TableData table-410\" style=\"width: 0%\">\n<tbody>\n<tr class=\"menuContextual snc-row-0\">\n<td class=\"cuerpo1 celdaConEnlaces enlaceTabla snc-col-0 text-left\" style=\"width: 15.5844%\" rowspan=\"1\">\n<div class=\"d-block\"><span class=\"texto-SNC \">13\/10\/2025<\/span><\/div>\n<\/td>\n<td class=\"cuerpo1 celdaConEnlaces snc-col-1 text-left\" style=\"width: 59.1837%\">\n<div class=\"d-block\"><span class=\"texto-SNC \">D\u00eda&nbsp;de&nbsp;la&nbsp;Hispanidad&nbsp;&#8211;&nbsp;pasado&nbsp;a&nbsp;lunes&nbsp;por<br \/>\nser&nbsp;el&nbsp;d\u00eda&nbsp;12&nbsp;domingo<\/span><\/div>\n<\/td>\n<td class=\"cuerpo1 celdaConEnlaces snc-col-2 text-left\" style=\"width: 15.2134%\">\n<div class=\"d-block\"><span class=\"texto-SNC \">Andaluc\u00eda<\/span><\/div>\n<\/td>\n<td class=\"cuerpo1 celdaConEnlaces snc-col-3 text-left\" style=\"width: 7.05009%\">&nbsp;<\/td>\n<td class=\"cuerpo1 celdaConEnlaces snc-col-4 text-left\" style=\"width: 1.85529%\">&nbsp;<\/td>\n<\/tr>\n<tr class=\"menuContextual snc-row-1\">\n<td class=\"cuerpo2 celdaConEnlaces enlaceTabla snc-col-0 text-left\" style=\"width: 15.5844%\" rowspan=\"1\">\n<div class=\"d-block\"><span class=\"texto-SNC \">03\/11\/2025<\/span><\/div>\n<\/td>\n<td class=\"cuerpo2 celdaConEnlaces snc-col-1 text-left\" style=\"width: 59.1837%\">\n<div class=\"d-block\"><span class=\"texto-SNC \">D\u00eda no lectivo provincial<\/span><\/div>\n<\/td>\n<td class=\"cuerpo2 celdaConEnlaces snc-col-2 text-left\" style=\"width: 15.2134%\">\n<div class=\"d-block\"><span class=\"texto-SNC \">Localidad<\/span><\/div>\n<\/td>\n<td class=\"cuerpo2 celdaConEnlaces snc-col-3 text-left\" style=\"width: 7.05009%\">&nbsp;<\/td>\n<td class=\"cuerpo2 celdaConEnlaces snc-col-4 text-left\" style=\"width: 1.85529%\">&nbsp;<\/td>\n<\/tr>\n<tr class=\"menuContextual snc-row-2\">\n<td class=\"cuerpo1 celdaConEnlaces enlaceTabla snc-col-0 text-left\" style=\"width: 15.5844%\" rowspan=\"1\">\n<div class=\"d-block\"><span class=\"texto-SNC \">08\/12\/2025<\/span><\/div>\n<\/td>\n<td class=\"cuerpo1 celdaConEnlaces snc-col-1 text-left\" style=\"width: 59.1837%\">\n<div class=\"d-block\"><span class=\"texto-SNC \">D\u00eda de la Inmaculada Concepci\u00f3n<\/span><\/div>\n<\/td>\n<td class=\"cuerpo1 celdaConEnlaces snc-col-2 text-left\" style=\"width: 15.2134%\">\n<div class=\"d-block\"><span class=\"texto-SNC \">Andaluc\u00eda<\/span><\/div>\n<\/td>\n<td class=\"cuerpo1 celdaConEnlaces snc-col-3 text-left\" style=\"width: 7.05009%\">&nbsp;<\/td>\n<td class=\"cuerpo1 celdaConEnlaces snc-col-4 text-left\" style=\"width: 1.85529%\">&nbsp;<\/td>\n<\/tr>\n<tr class=\"menuContextual snc-row-3\">\n<td class=\"cuerpo2 celdaConEnlaces enlaceTabla snc-col-0 text-left\" style=\"width: 15.5844%\" rowspan=\"1\">\n<div class=\"d-block\"><span class=\"texto-SNC \">22\/12\/2025<\/span><\/div>\n<\/td>\n<td class=\"cuerpo2 celdaConEnlaces snc-col-1 text-left\" style=\"width: 59.1837%\">\n<div class=\"d-block\"><span class=\"texto-SNC \">Vacaciones de Navidad<\/span><\/div>\n<\/td>\n<td class=\"cuerpo2 celdaConEnlaces snc-col-2 text-left\" style=\"width: 15.2134%\">\n<div class=\"d-block\"><span class=\"texto-SNC \">Localidad<\/span><\/div>\n<\/td>\n<td class=\"cuerpo2 celdaConEnlaces snc-col-3 text-left\" style=\"width: 7.05009%\">&nbsp;<\/td>\n<td class=\"cuerpo2 celdaConEnlaces snc-col-4 text-left\" style=\"width: 1.85529%\">&nbsp;<\/td>\n<\/tr>\n<tr class=\"menuContextual snc-row-4\">\n<td class=\"cuerpo1 celdaConEnlaces enlaceTabla snc-col-0 text-left\" style=\"width: 15.5844%\" rowspan=\"1\">\n<div class=\"d-block\"><span class=\"texto-SNC \">23\/12\/2025<\/span><\/div>\n<\/td>\n<td class=\"cuerpo1 celdaConEnlaces snc-col-1 text-left\" style=\"width: 59.1837%\">\n<div class=\"d-block\"><span class=\"texto-SNC \">Vacaciones de Navidad<\/span><\/div>\n<\/td>\n<td class=\"cuerpo1 celdaConEnlaces snc-col-2 text-left\" style=\"width: 15.2134%\">\n<div class=\"d-block\"><span class=\"texto-SNC \">Localidad<\/span><\/div>\n<\/td>\n<td class=\"cuerpo1 celdaConEnlaces snc-col-3 text-left\" style=\"width: 7.05009%\">&nbsp;<\/td>\n<td class=\"cuerpo1 celdaConEnlaces snc-col-4 text-left\" style=\"width: 1.85529%\">&nbsp;<\/td>\n<\/tr>\n<tr class=\"menuContextual snc-row-5\">\n<td class=\"cuerpo2 celdaConEnlaces enlaceTabla snc-col-0 text-left\" style=\"width: 15.5844%\" rowspan=\"1\">\n<div class=\"d-block\"><span class=\"texto-SNC \">24\/12\/2025<\/span><\/div>\n<\/td>\n<td class=\"cuerpo2 celdaConEnlaces snc-col-1 text-left\" style=\"width: 59.1837%\">\n<div class=\"d-block\"><span class=\"texto-SNC \">Vacaciones de Navidad<\/span><\/div>\n<\/td>\n<td class=\"cuerpo2 celdaConEnlaces snc-col-2 text-left\" style=\"width: 15.2134%\">\n<div class=\"d-block\"><span class=\"texto-SNC \">Localidad<\/span><\/div>\n<\/td>\n<td class=\"cuerpo2 celdaConEnlaces snc-col-3 text-left\" style=\"width: 7.05009%\">&nbsp;<\/td>\n<td class=\"cuerpo2 celdaConEnlaces snc-col-4 text-left\" style=\"width: 1.85529%\">&nbsp;<\/td>\n<\/tr>\n<tr class=\"menuContextual snc-row-6\">\n<td class=\"cuerpo1 celdaConEnlaces enlaceTabla snc-col-0 text-left\" style=\"width: 15.5844%\" rowspan=\"1\">\n<div class=\"d-block\"><span class=\"texto-SNC \">25\/12\/2025<\/span><\/div>\n<\/td>\n<td class=\"cuerpo1 celdaConEnlaces snc-col-1 text-left\" style=\"width: 59.1837%\">\n<div class=\"d-block\"><span class=\"texto-SNC \">D\u00eda de Navidad<\/span><\/div>\n<\/td>\n<td class=\"cuerpo1 celdaConEnlaces snc-col-2 text-left\" style=\"width: 15.2134%\">\n<div class=\"d-block\"><span class=\"texto-SNC \">Andaluc\u00eda<\/span><\/div>\n<\/td>\n<td class=\"cuerpo1 celdaConEnlaces snc-col-3 text-left\" style=\"width: 7.05009%\">&nbsp;<\/td>\n<td class=\"cuerpo1 celdaConEnlaces snc-col-4 text-left\" style=\"width: 1.85529%\">&nbsp;<\/td>\n<\/tr>\n<tr class=\"menuContextual snc-row-7\">\n<td class=\"cuerpo2 celdaConEnlaces enlaceTabla snc-col-0 text-left\" style=\"width: 15.5844%\" rowspan=\"1\">\n<div class=\"d-block\"><span class=\"texto-SNC \">26\/12\/2025<\/span><\/div>\n<\/td>\n<td class=\"cuerpo2 celdaConEnlaces snc-col-1 text-left\" style=\"width: 59.1837%\">\n<div class=\"d-block\"><span class=\"texto-SNC \">Vacaciones de Navidad<\/span><\/div>\n<\/td>\n<td class=\"cuerpo2 celdaConEnlaces snc-col-2 text-left\" style=\"width: 15.2134%\">\n<div class=\"d-block\"><span class=\"texto-SNC \">Localidad<\/span><\/div>\n<\/td>\n<td class=\"cuerpo2 celdaConEnlaces snc-col-3 text-left\" style=\"width: 7.05009%\">&nbsp;<\/td>\n<td class=\"cuerpo2 celdaConEnlaces snc-col-4 text-left\" style=\"width: 1.85529%\">&nbsp;<\/td>\n<\/tr>\n<tr class=\"menuContextual snc-row-8\">\n<td class=\"cuerpo1 celdaConEnlaces enlaceTabla snc-col-0 text-left\" style=\"width: 15.5844%\" rowspan=\"1\">\n<div class=\"d-block\"><span class=\"texto-SNC \">29\/12\/2025<\/span><\/div>\n<\/td>\n<td class=\"cuerpo1 celdaConEnlaces snc-col-1 text-left\" style=\"width: 59.1837%\">\n<div class=\"d-block\"><span class=\"texto-SNC \">Vacaciones de Navidad<\/span><\/div>\n<\/td>\n<td class=\"cuerpo1 celdaConEnlaces snc-col-2 text-left\" style=\"width: 15.2134%\">\n<div class=\"d-block\"><span class=\"texto-SNC \">Localidad<\/span><\/div>\n<\/td>\n<td class=\"cuerpo1 celdaConEnlaces snc-col-3 text-left\" style=\"width: 7.05009%\">&nbsp;<\/td>\n<td class=\"cuerpo1 celdaConEnlaces snc-col-4 text-left\" style=\"width: 1.85529%\">&nbsp;<\/td>\n<\/tr>\n<tr class=\"menuContextual snc-row-9\">\n<td class=\"cuerpo2 celdaConEnlaces enlaceTabla snc-col-0 text-left\" style=\"width: 15.5844%\" rowspan=\"1\">\n<div class=\"d-block\"><span class=\"texto-SNC \">30\/12\/2025<\/span><\/div>\n<\/td>\n<td class=\"cuerpo2 celdaConEnlaces snc-col-1 text-left\" style=\"width: 59.1837%\">\n<div class=\"d-block\"><span class=\"texto-SNC \">Vacaciones de Navidad<\/span><\/div>\n<\/td>\n<td class=\"cuerpo2 celdaConEnlaces snc-col-2 text-left\" style=\"width: 15.2134%\">\n<div class=\"d-block\"><span class=\"texto-SNC \">Localidad<\/span><\/div>\n<\/td>\n<td class=\"cuerpo2 celdaConEnlaces snc-col-3 text-left\" style=\"width: 7.05009%\">&nbsp;<\/td>\n<td class=\"cuerpo2 celdaConEnlaces snc-col-4 text-left\" style=\"width: 1.85529%\">&nbsp;<\/td>\n<\/tr>\n<tr class=\"menuContextual snc-row-10\">\n<td class=\"cuerpo1 celdaConEnlaces enlaceTabla snc-col-0 text-left\" style=\"width: 15.5844%\" rowspan=\"1\">\n<div class=\"d-block\"><span class=\"texto-SNC \">31\/12\/2025<\/span><\/div>\n<\/td>\n<td class=\"cuerpo1 celdaConEnlaces snc-col-1 text-left\" style=\"width: 59.1837%\">\n<div class=\"d-block\"><span class=\"texto-SNC \">Vacaciones de Navidad<\/span><\/div>\n<\/td>\n<td class=\"cuerpo1 celdaConEnlaces snc-col-2 text-left\" style=\"width: 15.2134%\">\n<div class=\"d-block\"><span class=\"texto-SNC \">Localidad<\/span><\/div>\n<\/td>\n<td class=\"cuerpo1 celdaConEnlaces snc-col-3 text-left\" style=\"width: 7.05009%\">&nbsp;<\/td>\n<td class=\"cuerpo1 celdaConEnlaces snc-col-4 text-left\" style=\"width: 1.85529%\">&nbsp;<\/td>\n<\/tr>\n<tr class=\"menuContextual snc-row-11\">\n<td class=\"cuerpo2 celdaConEnlaces enlaceTabla snc-col-0 text-left\" style=\"width: 15.5844%\" rowspan=\"1\">\n<div class=\"d-block\"><span class=\"texto-SNC \">01\/01\/2026<\/span><\/div>\n<\/td>\n<td class=\"cuerpo2 celdaConEnlaces snc-col-1 text-left\" style=\"width: 59.1837%\">\n<div class=\"d-block\"><span class=\"texto-SNC \">D\u00eda de A\u00f1o Nuevo<\/span><\/div>\n<\/td>\n<td class=\"cuerpo2 celdaConEnlaces snc-col-2 text-left\" style=\"width: 15.2134%\">\n<div class=\"d-block\"><span class=\"texto-SNC \">Andaluc\u00eda<\/span><\/div>\n<\/td>\n<td class=\"cuerpo2 celdaConEnlaces snc-col-3 text-left\" style=\"width: 7.05009%\">&nbsp;<\/td>\n<td class=\"cuerpo2 celdaConEnlaces snc-col-4 text-left\" style=\"width: 1.85529%\">&nbsp;<\/td>\n<\/tr>\n<tr class=\"menuContextual snc-row-12\">\n<td class=\"cuerpo1 celdaConEnlaces enlaceTabla snc-col-0 text-left\" style=\"width: 15.5844%\" rowspan=\"1\">\n<div class=\"d-block\"><span class=\"texto-SNC \">02\/01\/2026<\/span><\/div>\n<\/td>\n<td class=\"cuerpo1 celdaConEnlaces snc-col-1 text-left\" style=\"width: 59.1837%\">\n<div class=\"d-block\"><span class=\"texto-SNC \">Vacaciones de Navidad<\/span><\/div>\n<\/td>\n<td class=\"cuerpo1 celdaConEnlaces snc-col-2 text-left\" style=\"width: 15.2134%\">\n<div class=\"d-block\"><span class=\"texto-SNC \">Localidad<\/span><\/div>\n<\/td>\n<td class=\"cuerpo1 celdaConEnlaces snc-col-3 text-left\" style=\"width: 7.05009%\">&nbsp;<\/td>\n<td class=\"cuerpo1 celdaConEnlaces snc-col-4 text-left\" style=\"width: 1.85529%\">&nbsp;<\/td>\n<\/tr>\n<tr class=\"menuContextual snc-row-13\">\n<td class=\"cuerpo2 celdaConEnlaces enlaceTabla snc-col-0 text-left\" style=\"width: 15.5844%\" rowspan=\"1\">\n<div class=\"d-block\"><span class=\"texto-SNC \">05\/01\/2026<\/span><\/div>\n<\/td>\n<td class=\"cuerpo2 celdaConEnlaces snc-col-1 text-left\" style=\"width: 59.1837%\">\n<div class=\"d-block\"><span class=\"texto-SNC \">Vacaciones de Navidad<\/span><\/div>\n<\/td>\n<td class=\"cuerpo2 celdaConEnlaces snc-col-2 text-left\" style=\"width: 15.2134%\">\n<div class=\"d-block\"><span class=\"texto-SNC \">Localidad<\/span><\/div>\n<\/td>\n<td class=\"cuerpo2 celdaConEnlaces snc-col-3 text-left\" style=\"width: 7.05009%\">&nbsp;<\/td>\n<td class=\"cuerpo2 celdaConEnlaces snc-col-4 text-left\" style=\"width: 1.85529%\">&nbsp;<\/td>\n<\/tr>\n<tr class=\"menuContextual snc-row-14\">\n<td class=\"cuerpo1 celdaConEnlaces enlaceTabla snc-col-0 text-left\" style=\"width: 15.5844%\" rowspan=\"1\">\n<div class=\"d-block\"><span class=\"texto-SNC \">06\/01\/2026<\/span><\/div>\n<\/td>\n<td class=\"cuerpo1 celdaConEnlaces snc-col-1 text-left\" style=\"width: 59.1837%\">\n<div class=\"d-block\"><span class=\"texto-SNC \">D\u00eda de la Epifan\u00eda<\/span><\/div>\n<\/td>\n<td class=\"cuerpo1 celdaConEnlaces snc-col-2 text-left\" style=\"width: 15.2134%\">\n<div class=\"d-block\"><span class=\"texto-SNC \">Andaluc\u00eda<\/span><\/div>\n<\/td>\n<td class=\"cuerpo1 celdaConEnlaces snc-col-3 text-left\" style=\"width: 7.05009%\">&nbsp;<\/td>\n<td class=\"cuerpo1 celdaConEnlaces snc-col-4 text-left\" style=\"width: 1.85529%\">&nbsp;<\/td>\n<\/tr>\n<tr class=\"menuContextual snc-row-15\">\n<td class=\"cuerpo2 celdaConEnlaces enlaceTabla snc-col-0 text-left\" style=\"width: 15.5844%\" rowspan=\"1\">\n<div class=\"d-block\"><span class=\"texto-SNC \">07\/01\/2026<\/span><\/div>\n<\/td>\n<td class=\"cuerpo2 celdaConEnlaces snc-col-1 text-left\" style=\"width: 59.1837%\">\n<div class=\"d-block\"><span class=\"texto-SNC \">D\u00eda no lectivo provincial<\/span><\/div>\n<\/td>\n<td class=\"cuerpo2 celdaConEnlaces snc-col-2 text-left\" style=\"width: 15.2134%\">\n<div class=\"d-block\"><span class=\"texto-SNC \">Localidad<\/span><\/div>\n<\/td>\n<td class=\"cuerpo2 celdaConEnlaces snc-col-3 text-left\" style=\"width: 7.05009%\">&nbsp;<\/td>\n<td class=\"cuerpo2 celdaConEnlaces snc-col-4 text-left\" style=\"width: 1.85529%\">&nbsp;<\/td>\n<\/tr>\n<tr class=\"menuContextual snc-row-16\">\n<td class=\"cuerpo1 celdaConEnlaces enlaceTabla snc-col-0 text-left\" style=\"width: 15.5844%\" rowspan=\"1\">\n<div class=\"d-block\"><span class=\"texto-SNC \">27\/02\/2026<\/span><\/div>\n<\/td>\n<td class=\"cuerpo1 celdaConEnlaces snc-col-1 text-left\" style=\"width: 59.1837%\">\n<div class=\"d-block\"><span class=\"texto-SNC \">Fiesta Escolar<\/span><\/div>\n<\/td>\n<td class=\"cuerpo1 celdaConEnlaces snc-col-2 text-left\" style=\"width: 15.2134%\">\n<div class=\"d-block\"><span class=\"texto-SNC \">Localidad<\/span><\/div>\n<\/td>\n<td class=\"cuerpo1 celdaConEnlaces snc-col-3 text-left\" style=\"width: 7.05009%\">&nbsp;<\/td>\n<td class=\"cuerpo1 celdaConEnlaces snc-col-4 text-left\" style=\"width: 1.85529%\">&nbsp;<\/td>\n<\/tr>\n<tr class=\"menuContextual snc-row-17\">\n<td class=\"cuerpo2 celdaConEnlaces enlaceTabla snc-col-0 text-left\" style=\"width: 15.5844%\" rowspan=\"1\">\n<div class=\"d-block\"><span class=\"texto-SNC \">02\/03\/2026<\/span><\/div>\n<\/td>\n<td class=\"cuerpo2 celdaConEnlaces snc-col-1 text-left\" style=\"width: 59.1837%\">\n<div class=\"d-block\"><span class=\"texto-SNC \">D\u00eda de la Comunidad Educativa<\/span><\/div>\n<\/td>\n<td class=\"cuerpo2 celdaConEnlaces snc-col-2 text-left\" style=\"width: 15.2134%\">\n<div class=\"d-block\"><span class=\"texto-SNC \">Provincial<\/span><\/div>\n<\/td>\n<td class=\"cuerpo2 celdaConEnlaces snc-col-3 text-left\" style=\"width: 7.05009%\">&nbsp;<\/td>\n<td class=\"cuerpo2 celdaConEnlaces snc-col-4 text-left\" style=\"width: 1.85529%\">&nbsp;<\/td>\n<\/tr>\n<tr class=\"menuContextual snc-row-18\">\n<td class=\"cuerpo1 celdaConEnlaces enlaceTabla snc-col-0 text-left\" style=\"width: 15.5844%\" rowspan=\"1\">\n<div class=\"d-block\"><span class=\"texto-SNC \">30\/03\/2026<\/span><\/div>\n<\/td>\n<td class=\"cuerpo1 celdaConEnlaces snc-col-1 text-left\" style=\"width: 59.1837%\">\n<div class=\"d-block\"><span class=\"texto-SNC \">Vacaciones de Semana Santa<\/span><\/div>\n<\/td>\n<td class=\"cuerpo1 celdaConEnlaces snc-col-2 text-left\" style=\"width: 15.2134%\">\n<div class=\"d-block\"><span class=\"texto-SNC \">Localidad<\/span><\/div>\n<\/td>\n<td class=\"cuerpo1 celdaConEnlaces snc-col-3 text-left\" style=\"width: 7.05009%\">&nbsp;<\/td>\n<td class=\"cuerpo1 celdaConEnlaces snc-col-4 text-left\" style=\"width: 1.85529%\">&nbsp;<\/td>\n<\/tr>\n<tr class=\"menuContextual snc-row-19\">\n<td class=\"cuerpo2 celdaConEnlaces enlaceTabla snc-col-0 text-left\" style=\"width: 15.5844%\" rowspan=\"1\">\n<div class=\"d-block\"><span class=\"texto-SNC \">31\/03\/2026<\/span><\/div>\n<\/td>\n<td class=\"cuerpo2 celdaConEnlaces snc-col-1 text-left\" style=\"width: 59.1837%\">\n<div class=\"d-block\"><span class=\"texto-SNC \">Vacaciones de Semana Santa<\/span><\/div>\n<\/td>\n<td class=\"cuerpo2 celdaConEnlaces snc-col-2 text-left\" style=\"width: 15.2134%\">\n<div class=\"d-block\"><span class=\"texto-SNC \">Localidad<\/span><\/div>\n<\/td>\n<td class=\"cuerpo2 celdaConEnlaces snc-col-3 text-left\" style=\"width: 7.05009%\">&nbsp;<\/td>\n<td class=\"cuerpo2 celdaConEnlaces snc-col-4 text-left\" style=\"width: 1.85529%\">&nbsp;<\/td>\n<\/tr>\n<tr class=\"menuContextual snc-row-20\">\n<td class=\"cuerpo1 celdaConEnlaces enlaceTabla snc-col-0 text-left\" style=\"width: 15.5844%\" rowspan=\"1\">\n<div class=\"d-block\"><span class=\"texto-SNC \">01\/04\/2026<\/span><\/div>\n<\/td>\n<td class=\"cuerpo1 celdaConEnlaces snc-col-1 text-left\" style=\"width: 59.1837%\">\n<div class=\"d-block\"><span class=\"texto-SNC \">Vacaciones de Semana Santa<\/span><\/div>\n<\/td>\n<td class=\"cuerpo1 celdaConEnlaces snc-col-2 text-left\" style=\"width: 15.2134%\">\n<div class=\"d-block\"><span class=\"texto-SNC \">Localidad<\/span><\/div>\n<\/td>\n<td class=\"cuerpo1 celdaConEnlaces snc-col-3 text-left\" style=\"width: 7.05009%\">&nbsp;<\/td>\n<td class=\"cuerpo1 celdaConEnlaces snc-col-4 text-left\" style=\"width: 1.85529%\">&nbsp;<\/td>\n<\/tr>\n<tr class=\"menuContextual snc-row-21\">\n<td class=\"cuerpo2 celdaConEnlaces enlaceTabla snc-col-0 text-left\" style=\"width: 15.5844%\" rowspan=\"1\">\n<div class=\"d-block\"><span class=\"texto-SNC \">02\/04\/2026<\/span><\/div>\n<\/td>\n<td class=\"cuerpo2 celdaConEnlaces snc-col-1 text-left\" style=\"width: 59.1837%\">\n<div class=\"d-block\"><span class=\"texto-SNC \">Jueves Santo<\/span><\/div>\n<\/td>\n<td class=\"cuerpo2 celdaConEnlaces snc-col-2 text-left\" style=\"width: 15.2134%\">\n<div class=\"d-block\"><span class=\"texto-SNC \">Andaluc\u00eda<\/span><\/div>\n<\/td>\n<td class=\"cuerpo2 celdaConEnlaces snc-col-3 text-left\" style=\"width: 7.05009%\">&nbsp;<\/td>\n<td class=\"cuerpo2 celdaConEnlaces snc-col-4 text-left\" style=\"width: 1.85529%\">&nbsp;<\/td>\n<\/tr>\n<tr class=\"menuContextual snc-row-22\">\n<td class=\"cuerpo1 celdaConEnlaces enlaceTabla snc-col-0 text-left\" style=\"width: 15.5844%\" rowspan=\"1\">\n<div class=\"d-block\"><span class=\"texto-SNC \">03\/04\/2026<\/span><\/div>\n<\/td>\n<td class=\"cuerpo1 celdaConEnlaces snc-col-1 text-left\" style=\"width: 59.1837%\">\n<div class=\"d-block\"><span class=\"texto-SNC \">Viernes Santo<\/span><\/div>\n<\/td>\n<td class=\"cuerpo1 celdaConEnlaces snc-col-2 text-left\" style=\"width: 15.2134%\">\n<div class=\"d-block\"><span class=\"texto-SNC \">Andaluc\u00eda<\/span><\/div>\n<\/td>\n<td class=\"cuerpo1 celdaConEnlaces snc-col-3 text-left\" style=\"width: 7.05009%\">&nbsp;<\/td>\n<td class=\"cuerpo1 celdaConEnlaces snc-col-4 text-left\" style=\"width: 1.85529%\">&nbsp;<\/td>\n<\/tr>\n<tr class=\"menuContextual snc-row-23\">\n<td class=\"cuerpo2 celdaConEnlaces enlaceTabla snc-col-0 text-left\" style=\"width: 15.5844%\" rowspan=\"1\">\n<div class=\"d-block\"><span class=\"texto-SNC \">06\/04\/2026<\/span><\/div>\n<\/td>\n<td class=\"cuerpo2 celdaConEnlaces snc-col-1 text-left\" style=\"width: 59.1837%\">\n<div class=\"d-block\"><span class=\"texto-SNC \">Fiesta Escolar<\/span><\/div>\n<\/td>\n<td class=\"cuerpo2 celdaConEnlaces snc-col-2 text-left\" style=\"width: 15.2134%\">\n<div class=\"d-block\"><span class=\"texto-SNC \">Localidad<\/span><\/div>\n<\/td>\n<td class=\"cuerpo2 celdaConEnlaces snc-col-3 text-left\" style=\"width: 7.05009%\">&nbsp;<\/td>\n<td class=\"cuerpo2 celdaConEnlaces snc-col-4 text-left\" style=\"width: 1.85529%\">&nbsp;<\/td>\n<\/tr>\n<tr class=\"menuContextual snc-row-24\">\n<td class=\"cuerpo1 celdaConEnlaces enlaceTabla snc-col-0 text-left\" style=\"width: 15.5844%\" rowspan=\"1\">\n<div class=\"d-block\"><span class=\"texto-SNC \">01\/05\/2026<\/span><\/div>\n<\/td>\n<td class=\"cuerpo1 celdaConEnlaces snc-col-1 text-left\" style=\"width: 59.1837%\">\n<div class=\"d-block\"><span class=\"texto-SNC \">D\u00eda del Trabajo<\/span><\/div>\n<\/td>\n<td class=\"cuerpo1 celdaConEnlaces snc-col-2 text-left\" style=\"width: 15.2134%\">\n<div class=\"d-block\"><span class=\"texto-SNC \">Andaluc\u00eda<\/span><\/div>\n<\/td>\n<td class=\"cuerpo1 celdaConEnlaces snc-col-3 text-left\" style=\"width: 7.05009%\">&nbsp;<\/td>\n<td class=\"cuerpo1 celdaConEnlaces snc-col-4 text-left\" style=\"width: 1.85529%\">&nbsp;<\/td>\n<\/tr>\n<tr class=\"menuContextual snc-row-25\">\n<td class=\"cuerpo2 celdaConEnlaces enlaceTabla snc-col-0 text-left\" style=\"width: 15.5844%\" rowspan=\"1\">\n<div class=\"d-block\"><span class=\"texto-SNC \">15\/05\/2026<\/span><\/div>\n<\/td>\n<td class=\"cuerpo2 celdaConEnlaces snc-col-1 text-left\" style=\"width: 59.1837%\">\n<div class=\"d-block\"><span class=\"texto-SNC \">Fiesta Local<\/span><\/div>\n<\/td>\n<td class=\"cuerpo2 celdaConEnlaces snc-col-2 text-left\" style=\"width: 15.2134%\">\n<div class=\"d-block\"><span class=\"texto-SNC \">Localidad<\/span><\/div>\n<\/td>\n<td class=\"cuerpo2 celdaConEnlaces snc-col-3 text-left\" style=\"width: 7.05009%\">&nbsp;<\/td>\n<td class=\"cuerpo2 celdaConEnlaces snc-col-4 text-left\" style=\"width: 1.85529%\">&nbsp;<\/td>\n<\/tr>\n<\/tbody>\n<\/table>\n<\/div>\n<\/div>\n<\/div>\n<\/div>\n<div class=\"d-flex flex-row justify-content-between pie\"><a href=\"https:\/\/fsieandalucia.es\/noticias\/calendario-escolar-cordoba-25-26\">https:\/\/fsieandalucia.es\/noticias\/calendario-escolar-cordoba-25-26<\/a><\/div>\n<\/div>\n<\/div>\n<\/div>\n<\/div>\n<\/div>\n<\/div>\n<\/div>\n<\/div>\n<\/div>\n<p>&nbsp;<\/p>\n<p>&nbsp;<\/p>\n","protected":false},"excerpt":{"rendered":"<p>En la siguiente tabla pueden ver el calendario escolar del curso 2025-2026. Los d\u00edas no lectivos son los siguientes: &nbsp; 13\/10\/2025 D\u00eda&nbsp;de&nbsp;la&nbsp;Hispanidad&nbsp;&#8211;&nbsp;pasado&nbsp;a&nbsp;lunes&nbsp;por ser&nbsp;el&nbsp;d\u00eda&nbsp;12&nbsp;domingo Andaluc\u00eda &nbsp; &nbsp; 03\/11\/2025 D\u00eda no lectivo provincial Localidad &nbsp; &nbsp;&#46;&#46;&#46;<\/p>\n","protected":false},"author":1,"featured_media":0,"parent":0,"menu_order":0,"comment_status":"closed","ping_status":"closed","template":"","meta":{"ngg_post_thumbnail":0,"footnotes":"","_mc_calendar":[]},"aioseo_notices":[],"_links":{"self":[{"href":"https:\/\/blogsaverroes.juntadeandalucia.es\/ceipmaestroromualdo\/wp-json\/wp\/v2\/pages\/2018"}],"collection":[{"href":"https:\/\/blogsaverroes.juntadeandalucia.es\/ceipmaestroromualdo\/wp-json\/wp\/v2\/pages"}],"about":[{"href":"https:\/\/blogsaverroes.juntadeandalucia.es\/ceipmaestroromualdo\/wp-json\/wp\/v2\/types\/page"}],"author":[{"embeddable":true,"href":"https:\/\/blogsaverroes.juntadeandalucia.es\/ceipmaestroromualdo\/wp-json\/wp\/v2\/users\/1"}],"replies":[{"embeddable":true,"href":"https:\/\/blogsaverroes.juntadeandalucia.es\/ceipmaestroromualdo\/wp-json\/wp\/v2\/comments?post=2018"}],"version-history":[{"count":6,"href":"https:\/\/blogsaverroes.juntadeandalucia.es\/ceipmaestroromualdo\/wp-json\/wp\/v2\/pages\/2018\/revisions"}],"predecessor-version":[{"id":6331,"href":"https:\/\/blogsaverroes.juntadeandalucia.es\/ceipmaestroromualdo\/wp-json\/wp\/v2\/pages\/2018\/revisions\/6331"}],"wp:attachment":[{"href":"https:\/\/blogsaverroes.juntadeandalucia.es\/ceipmaestroromualdo\/wp-json\/wp\/v2\/media?parent=2018"}],"curies":[{"name":"wp","href":"https:\/\/api.w.org\/{rel}","templated":true}]}}