{"id":428,"date":"2015-03-20T07:06:21","date_gmt":"2015-03-20T07:06:21","guid":{"rendered":"http:\/\/blogsaverroes.juntadeandalucia.es\/pre\/ceip\/?page_id=428"},"modified":"2024-10-04T13:32:25","modified_gmt":"2024-10-04T11:32:25","slug":"ed-primaria-1o-ciclo","status":"publish","type":"page","link":"https:\/\/blogsaverroes.juntadeandalucia.es\/ceipmaestroromualdo\/ed-primaria-1o-ciclo\/","title":{"rendered":"Ed. Primaria. 1\u00ba ciclo CRITERIOS DE EVALUACI\u00d3N"},"content":{"rendered":"<p>&nbsp;<\/p>\n<h3>En el adjunto las familias pueden consultar los criterios de evaluaci\u00f3n de las diferentes \u00e1reas en el Primer Ciclo de Primaria.<\/h3>\n<p><a href=\"https:\/\/blogsaverroes.juntadeandalucia.es\/ceipmaestroromualdo\/files\/2024\/10\/CRITERIOS-PRIMER-CICLO-CEIP-MAESTRO-ROMUALDO-AGUAYO-LOPEZ-CURSO-2024-2025.pdf\">CRITERIOS-PRIMER-CICLO CEIP MAESTRO ROMUALDO AGUAYO L\u00d3PEZ CURSO 2024-2025<\/a><\/p>\n","protected":false},"excerpt":{"rendered":"<p>&nbsp; En el adjunto las familias pueden consultar los criterios de evaluaci\u00f3n de las diferentes \u00e1reas en el Primer Ciclo de Primaria. CRITERIOS-PRIMER-CICLO CEIP MAESTRO ROMUALDO AGUAYO L\u00d3PEZ CURSO 2024-2025<\/p>\n","protected":false},"author":1,"featured_media":0,"parent":0,"menu_order":0,"comment_status":"closed","ping_status":"open","template":"","meta":{"ngg_post_thumbnail":0,"footnotes":"","_mc_calendar":[]},"aioseo_notices":[],"_links":{"self":[{"href":"https:\/\/blogsaverroes.juntadeandalucia.es\/ceipmaestroromualdo\/wp-json\/wp\/v2\/pages\/428"}],"collection":[{"href":"https:\/\/blogsaverroes.juntadeandalucia.es\/ceipmaestroromualdo\/wp-json\/wp\/v2\/pages"}],"about":[{"href":"https:\/\/blogsaverroes.juntadeandalucia.es\/ceipmaestroromualdo\/wp-json\/wp\/v2\/types\/page"}],"author":[{"embeddable":true,"href":"https:\/\/blogsaverroes.juntadeandalucia.es\/ceipmaestroromualdo\/wp-json\/wp\/v2\/users\/1"}],"replies":[{"embeddable":true,"href":"https:\/\/blogsaverroes.juntadeandalucia.es\/ceipmaestroromualdo\/wp-json\/wp\/v2\/comments?post=428"}],"version-history":[{"count":6,"href":"https:\/\/blogsaverroes.juntadeandalucia.es\/ceipmaestroromualdo\/wp-json\/wp\/v2\/pages\/428\/revisions"}],"predecessor-version":[{"id":5401,"href":"https:\/\/blogsaverroes.juntadeandalucia.es\/ceipmaestroromualdo\/wp-json\/wp\/v2\/pages\/428\/revisions\/5401"}],"wp:attachment":[{"href":"https:\/\/blogsaverroes.juntadeandalucia.es\/ceipmaestroromualdo\/wp-json\/wp\/v2\/media?parent=428"}],"curies":[{"name":"wp","href":"https:\/\/api.w.org\/{rel}","templated":true}]}}