{"id":432,"date":"2015-03-20T07:07:25","date_gmt":"2015-03-20T07:07:25","guid":{"rendered":"http:\/\/blogsaverroes.juntadeandalucia.es\/pre\/ceip\/?page_id=432"},"modified":"2024-10-04T13:32:49","modified_gmt":"2024-10-04T11:32:49","slug":"ed-primaria-2o-ciclo","status":"publish","type":"page","link":"https:\/\/blogsaverroes.juntadeandalucia.es\/ceipmaestroromualdo\/ed-primaria-2o-ciclo\/","title":{"rendered":"Ed. Primaria. 2\u00ba ciclo CRITERIOS DE EVALUACI\u00d3N"},"content":{"rendered":"<h3>En el adjunto las familias pueden consultar los criterios de evaluaci\u00f3n de las diferentes \u00e1reas en el Segundo Ciclo de Primaria.<\/h3>\n<p><a href=\"https:\/\/blogsaverroes.juntadeandalucia.es\/ceipmaestroromualdo\/files\/2024\/10\/segundo-ciclo-CEIP-MAESTRO-ROMUALDO-AGUAYO-LOPEZ.pdf\">segundo-ciclo CEIP MAESTRO ROMUALDO AGUAYO L\u00d3PEZ<\/a><\/p>\n","protected":false},"excerpt":{"rendered":"<p>En el adjunto las familias pueden consultar los criterios de evaluaci\u00f3n de las diferentes \u00e1reas en el Segundo Ciclo de Primaria. segundo-ciclo CEIP MAESTRO ROMUALDO AGUAYO L\u00d3PEZ<\/p>\n","protected":false},"author":1,"featured_media":0,"parent":0,"menu_order":0,"comment_status":"closed","ping_status":"open","template":"","meta":{"ngg_post_thumbnail":0,"footnotes":"","_mc_calendar":[]},"aioseo_notices":[],"_links":{"self":[{"href":"https:\/\/blogsaverroes.juntadeandalucia.es\/ceipmaestroromualdo\/wp-json\/wp\/v2\/pages\/432"}],"collection":[{"href":"https:\/\/blogsaverroes.juntadeandalucia.es\/ceipmaestroromualdo\/wp-json\/wp\/v2\/pages"}],"about":[{"href":"https:\/\/blogsaverroes.juntadeandalucia.es\/ceipmaestroromualdo\/wp-json\/wp\/v2\/types\/page"}],"author":[{"embeddable":true,"href":"https:\/\/blogsaverroes.juntadeandalucia.es\/ceipmaestroromualdo\/wp-json\/wp\/v2\/users\/1"}],"replies":[{"embeddable":true,"href":"https:\/\/blogsaverroes.juntadeandalucia.es\/ceipmaestroromualdo\/wp-json\/wp\/v2\/comments?post=432"}],"version-history":[{"count":8,"href":"https:\/\/blogsaverroes.juntadeandalucia.es\/ceipmaestroromualdo\/wp-json\/wp\/v2\/pages\/432\/revisions"}],"predecessor-version":[{"id":5402,"href":"https:\/\/blogsaverroes.juntadeandalucia.es\/ceipmaestroromualdo\/wp-json\/wp\/v2\/pages\/432\/revisions\/5402"}],"wp:attachment":[{"href":"https:\/\/blogsaverroes.juntadeandalucia.es\/ceipmaestroromualdo\/wp-json\/wp\/v2\/media?parent=432"}],"curies":[{"name":"wp","href":"https:\/\/api.w.org\/{rel}","templated":true}]}}