{"id":49,"date":"2015-03-13T08:47:05","date_gmt":"2015-03-13T08:47:05","guid":{"rendered":"http:\/\/blogsaverroes.juntadeandalucia.es\/pre\/ceip\/?page_id=49"},"modified":"2024-10-30T21:04:10","modified_gmt":"2024-10-30T20:04:10","slug":"proyecto-educativo","status":"publish","type":"page","link":"https:\/\/blogsaverroes.juntadeandalucia.es\/ceipmaestroromualdo\/proyecto-educativo\/","title":{"rendered":"Proyecto Educativo"},"content":{"rendered":"<p>&nbsp;<\/p>\n<p><a href=\"https:\/\/blogsaverroes.juntadeandalucia.es\/ceipmaestroromualdo\/files\/2023\/11\/A-OBJETIVOS-PROPIOS-DEL-CENTRO.pdf\">A- OBJETIVOS PROPIOS DEL CENTRO<\/a><\/p>\n<p><a href=\"https:\/\/blogsaverroes.juntadeandalucia.es\/ceipmaestroromualdo\/files\/2023\/11\/B-L\u00cdNEAS-GENERALES-DE-ACTUACI\u00d3N-PEDAG\u00d3GICA.pdf\">B- L\u00cdNEAS GENERALES DE ACTUACI\u00d3N PEDAG\u00d3GICA<\/a><\/p>\n<p><a href=\"https:\/\/blogsaverroes.juntadeandalucia.es\/ceipmaestroromualdo\/files\/2024\/03\/C-COORDINACI\u00d3N-Y-CONCRECI\u00d3N-DE-LOS-CONTENIDOS-CURRICULARES.pdf\">C COORDINACI\u00d3N Y CONCRECI\u00d3N DE LOS CONTENIDOS CURRICULARES<\/a><\/p>\n<p><a href=\"https:\/\/blogsaverroes.juntadeandalucia.es\/ceipmaestroromualdo\/files\/2024\/03\/D-LOS-CRITERIOS-PEDAG\u00d3GICOS-PARA-LA-DETERMINACI\u00d3N-DEL-HORARIO-DE-DEDICACI\u00d3N.pdf\">D LOS CRITERIOS PEDAG\u00d3GICOS PARA LA DETERMINACI\u00d3N DEL HORARIO DE DEDICACI\u00d3N<\/a><\/p>\n<p><a href=\"https:\/\/blogsaverroes.juntadeandalucia.es\/ceipmaestroromualdo\/files\/2024\/09\/E.-LOS-PROCEDIMIENTOS-Y-CRITERIOS-DE-EVALUACION-Y-PROMOCION-DEL-ALUMNADO.pdf\">E. LOS PROCEDIMIENTOS Y CRITERIOS DE EVALUACI\u00d3N Y PROMOCI\u00d3N DEL ALUMNADO<\/a><\/p>\n<p><a href=\"https:\/\/blogsaverroes.juntadeandalucia.es\/ceipmaestroromualdo\/files\/2024\/02\/F.-LA-FORMA-DE-ATENCI\u00d3N-A-LA-DIVERSIDAD.pdf\">F.- LA FORMA DE ATENCI\u00d3N A LA DIVERSIDAD<\/a><\/p>\n<p><a href=\"https:\/\/blogsaverroes.juntadeandalucia.es\/ceipmaestroromualdo\/files\/2024\/02\/G.-LA-ORGANIZACI\u00d3N-DE-LAS-ACTIVIDADES-DE-REFUERZO-Y-PROFUNDIZACI\u00d3N-1-2.pdf\">G.- LA ORGANIZACI\u00d3N DE LAS ACTIVIDADES DE REFUERZO Y PROFUNDIZACI\u00d3N (1) (2)<\/a><\/p>\n<p><a href=\"https:\/\/blogsaverroes.juntadeandalucia.es\/ceipmaestroromualdo\/files\/2024\/09\/H-HORARIO-PAC-CEIP-MAESTRO-ROMUALDO-AGUAYO-2.pdf\">H-HORARIO -PAC CEIP MAESTRO ROMUALDO AGUAYO (2)<\/a><\/p>\n<p><a href=\"https:\/\/blogsaverroes.juntadeandalucia.es\/ceipmaestroromualdo\/files\/2024\/02\/I.-EL-PROCEDIMIENTO-PARA-SUSCRIBIR-COMPROMISOS-EDUCATIVOS....pdf\">I.- EL PROCEDIMIENTO PARA SUSCRIBIR COMPROMISOS EDUCATIVOS&#8230;<\/a><\/p>\n<p><a href=\"https:\/\/blogsaverroes.juntadeandalucia.es\/ceipmaestroromualdo\/files\/2024\/09\/J-PLAN-DE-CONVIVENCIA.pdf\">J PLAN DE CONVIVENCIA<\/a><\/p>\n<p><a href=\"https:\/\/blogsaverroes.juntadeandalucia.es\/ceipmaestroromualdo\/files\/2024\/09\/L-LOS-CRITERIOS-PARA-ORGANIZAR-Y-DISTRIBUIR-EL-TIEMPO-ESCOLAR.pdf\">L- LOS CRITERIOS PARA ORGANIZAR Y DISTRIBUIR EL TIEMPO ESCOLAR&#8230;<\/a><\/p>\n<p><a href=\"https:\/\/blogsaverroes.juntadeandalucia.es\/ceipmaestroromualdo\/files\/2024\/09\/N-CRITERIOS-AGRUPAMIENTO-ALUMNADO-Y-ASIGNACION-DE-TUTORIAS.pdf\">N CRITERIOS AGRUPAMIENTO ALUMNADO Y ASIGNACI\u00d3N DE TUTOR\u00cdAS<\/a><\/p>\n<p><a href=\"https:\/\/blogsaverroes.juntadeandalucia.es\/ceipmaestroromualdo\/files\/2024\/09\/K-PLAN-DE-FORMACION-DEL-PROFESORADO-2023-2024-1.pdf\">K- PLAN DE FORMACI\u00d3N DEL PROFESORADO 2023-2024<\/a><\/p>\n<p><a href=\"https:\/\/blogsaverroes.juntadeandalucia.es\/ceipmaestroromualdo\/files\/2024\/09\/N.-CRITERIOS-GENERALES-PARA-ELABORAR-LAS-PROGRAMACIONES-DIDACTICAS.pdf\">\u00d1.-CRITERIOS GENERALES PARA ELABORAR LAS PROGRAMACIONES DID\u00c1CTICAS.<\/a><\/p>\n<p><a href=\"https:\/\/blogsaverroes.juntadeandalucia.es\/ceipmaestroromualdo\/files\/2024\/09\/ROF-ACTUALIZACION-2023-2024.pdf\">ROF ACTUALIZACI\u00d3N 2023-2024<\/a><\/p>\n<p><a href=\"https:\/\/blogsaverroes.juntadeandalucia.es\/ceipmaestroromualdo\/files\/2024\/10\/PLAN-DE-ACTUACION-DIGITAL.pdf\">PLAN DE ACTUACI\u00d3N DIGITAL<\/a><\/p>\n","protected":false},"excerpt":{"rendered":"<p>&nbsp; A- OBJETIVOS PROPIOS DEL CENTRO B- L\u00cdNEAS GENERALES DE ACTUACI\u00d3N PEDAG\u00d3GICA C COORDINACI\u00d3N Y CONCRECI\u00d3N DE LOS CONTENIDOS CURRICULARES D LOS CRITERIOS PEDAG\u00d3GICOS PARA LA DETERMINACI\u00d3N DEL HORARIO DE DEDICACI\u00d3N E. LOS PROCEDIMIENTOS&#46;&#46;&#46;<\/p>\n","protected":false},"author":1,"featured_media":0,"parent":0,"menu_order":0,"comment_status":"closed","ping_status":"open","template":"","meta":{"ngg_post_thumbnail":0,"footnotes":"","_mc_calendar":[]},"aioseo_notices":[],"_links":{"self":[{"href":"https:\/\/blogsaverroes.juntadeandalucia.es\/ceipmaestroromualdo\/wp-json\/wp\/v2\/pages\/49"}],"collection":[{"href":"https:\/\/blogsaverroes.juntadeandalucia.es\/ceipmaestroromualdo\/wp-json\/wp\/v2\/pages"}],"about":[{"href":"https:\/\/blogsaverroes.juntadeandalucia.es\/ceipmaestroromualdo\/wp-json\/wp\/v2\/types\/page"}],"author":[{"embeddable":true,"href":"https:\/\/blogsaverroes.juntadeandalucia.es\/ceipmaestroromualdo\/wp-json\/wp\/v2\/users\/1"}],"replies":[{"embeddable":true,"href":"https:\/\/blogsaverroes.juntadeandalucia.es\/ceipmaestroromualdo\/wp-json\/wp\/v2\/comments?post=49"}],"version-history":[{"count":20,"href":"https:\/\/blogsaverroes.juntadeandalucia.es\/ceipmaestroromualdo\/wp-json\/wp\/v2\/pages\/49\/revisions"}],"predecessor-version":[{"id":5412,"href":"https:\/\/blogsaverroes.juntadeandalucia.es\/ceipmaestroromualdo\/wp-json\/wp\/v2\/pages\/49\/revisions\/5412"}],"wp:attachment":[{"href":"https:\/\/blogsaverroes.juntadeandalucia.es\/ceipmaestroromualdo\/wp-json\/wp\/v2\/media?parent=49"}],"curies":[{"name":"wp","href":"https:\/\/api.w.org\/{rel}","templated":true}]}}