{"id":80,"date":"2015-03-16T06:57:36","date_gmt":"2015-03-16T06:57:36","guid":{"rendered":"http:\/\/blogsaverroes.juntadeandalucia.es\/pre\/ceip\/?page_id=80"},"modified":"2025-10-11T20:10:20","modified_gmt":"2025-10-11T18:10:20","slug":"curso-escolar","status":"publish","type":"page","link":"https:\/\/blogsaverroes.juntadeandalucia.es\/ceipmaestroromualdo\/curso-escolar\/","title":{"rendered":"Curso escolar 2025-2026"},"content":{"rendered":"<h3 style=\"text-align: right\" data-start=\"230\" data-end=\"323\"><strong data-start=\"237\" data-end=\"323\"><a href=\"https:\/\/blogsaverroes.juntadeandalucia.es\/ceipmaestroromualdo\/files\/2025\/10\/BIENVENIDA.png\"><img loading=\"lazy\" decoding=\"async\" class=\"wp-image-5809 alignleft\" src=\"https:\/\/blogsaverroes.juntadeandalucia.es\/ceipmaestroromualdo\/files\/2025\/10\/BIENVENIDA-200x300.png\" alt=\"\" width=\"269\" height=\"404\" srcset=\"https:\/\/blogsaverroes.juntadeandalucia.es\/ceipmaestroromualdo\/files\/2025\/10\/BIENVENIDA-200x300.png 200w, https:\/\/blogsaverroes.juntadeandalucia.es\/ceipmaestroromualdo\/files\/2025\/10\/BIENVENIDA-683x1024.png 683w, https:\/\/blogsaverroes.juntadeandalucia.es\/ceipmaestroromualdo\/files\/2025\/10\/BIENVENIDA-768x1152.png 768w, https:\/\/blogsaverroes.juntadeandalucia.es\/ceipmaestroromualdo\/files\/2025\/10\/BIENVENIDA.png 1024w\" sizes=\"(max-width: 269px) 100vw, 269px\" \/><\/a>Bienvenida al nuevo curso escolar y al blog del CEIP Maestro Romualdo Aguayo L\u00f3pez<\/strong><\/h3>\n<p data-start=\"325\" data-end=\"375\">Queridas familias, alumnado y comunidad educativa:<\/p>\n<p data-start=\"377\" data-end=\"621\">Comenzamos un nuevo curso escolar lleno de ilusi\u00f3n, retos y oportunidades para seguir creciendo juntos. Cada septiembre nos brinda la posibilidad de escribir una nueva p\u00e1gina en la historia de nuestro colegio, y este a\u00f1o no ser\u00e1 la excepci\u00f3n.<\/p>\n<p data-start=\"623\" data-end=\"937\">El <strong data-start=\"626\" data-end=\"664\">CEIP Maestro Romualdo Aguayo L\u00f3pez<\/strong> sigue comprometido con una educaci\u00f3n de calidad, basada en el respeto, la colaboraci\u00f3n y el desarrollo integral de nuestro alumnado. Creemos firmemente en el poder de la comunidad: cuando familias, docentes y estudiantes caminamos en la misma direcci\u00f3n, todo es posible.<\/p>\n<p data-start=\"939\" data-end=\"1277\">Hoy tambi\u00e9n estrenamos una nueva ventana de comunicaci\u00f3n: <strong data-start=\"997\" data-end=\"1021\">nuestro blog escolar<\/strong>. Un espacio vivo donde compartiremos proyectos, experiencias, actividades, noticias y reflexiones sobre la vida del centro. Queremos que sea un punto de encuentro, participaci\u00f3n y orgullo para todos los que formamos parte de esta gran familia educativa.<\/p>\n<p data-start=\"1279\" data-end=\"1488\">Aprovechemos este inicio de curso para renovar energ\u00edas, fortalecer la ilusi\u00f3n y construir, d\u00eda a d\u00eda, el colegio que so\u00f1amos: <strong data-start=\"1406\" data-end=\"1485\">un lugar donde aprender sea una aventura y ense\u00f1ar, una vocaci\u00f3n compartida<\/strong>.<\/p>\n<p data-start=\"1490\" data-end=\"1588\">Bienvenidos y bienvenidas al curso 2025-2026.<br data-start=\"1535\" data-end=\"1538\">Sigamos aprendiendo, creciendo y so\u00f1ando juntos.<\/p>\n<p data-start=\"1590\" data-end=\"1659\">Con afecto,<br data-start=\"1601\" data-end=\"1604\"><strong data-start=\"1604\" data-end=\"1659\">La Direcci\u00f3n del CEIP Maestro Romualdo Aguayo L\u00f3pez<\/strong><\/p>\n","protected":false},"excerpt":{"rendered":"<p>Bienvenida al nuevo curso escolar y al blog del CEIP Maestro Romualdo Aguayo L\u00f3pez Queridas familias, alumnado y comunidad educativa: Comenzamos un nuevo curso escolar lleno de ilusi\u00f3n, retos y oportunidades para seguir creciendo&#46;&#46;&#46;<\/p>\n","protected":false},"author":1,"featured_media":5809,"parent":0,"menu_order":0,"comment_status":"closed","ping_status":"open","template":"","meta":{"ngg_post_thumbnail":0,"footnotes":"","_mc_calendar":[]},"aioseo_notices":[],"_links":{"self":[{"href":"https:\/\/blogsaverroes.juntadeandalucia.es\/ceipmaestroromualdo\/wp-json\/wp\/v2\/pages\/80"}],"collection":[{"href":"https:\/\/blogsaverroes.juntadeandalucia.es\/ceipmaestroromualdo\/wp-json\/wp\/v2\/pages"}],"about":[{"href":"https:\/\/blogsaverroes.juntadeandalucia.es\/ceipmaestroromualdo\/wp-json\/wp\/v2\/types\/page"}],"author":[{"embeddable":true,"href":"https:\/\/blogsaverroes.juntadeandalucia.es\/ceipmaestroromualdo\/wp-json\/wp\/v2\/users\/1"}],"replies":[{"embeddable":true,"href":"https:\/\/blogsaverroes.juntadeandalucia.es\/ceipmaestroromualdo\/wp-json\/wp\/v2\/comments?post=80"}],"version-history":[{"count":5,"href":"https:\/\/blogsaverroes.juntadeandalucia.es\/ceipmaestroromualdo\/wp-json\/wp\/v2\/pages\/80\/revisions"}],"predecessor-version":[{"id":5817,"href":"https:\/\/blogsaverroes.juntadeandalucia.es\/ceipmaestroromualdo\/wp-json\/wp\/v2\/pages\/80\/revisions\/5817"}],"wp:featuredmedia":[{"embeddable":true,"href":"https:\/\/blogsaverroes.juntadeandalucia.es\/ceipmaestroromualdo\/wp-json\/wp\/v2\/media\/5809"}],"wp:attachment":[{"href":"https:\/\/blogsaverroes.juntadeandalucia.es\/ceipmaestroromualdo\/wp-json\/wp\/v2\/media?parent=80"}],"curies":[{"name":"wp","href":"https:\/\/api.w.org\/{rel}","templated":true}]}}