{"id":2579,"date":"2021-04-12T08:57:40","date_gmt":"2021-04-12T06:57:40","guid":{"rendered":"https:\/\/blogsaverroes.juntadeandalucia.es\/ceipmaimonideselhigueron\/?page_id=2579"},"modified":"2022-11-29T13:20:40","modified_gmt":"2022-11-29T12:20:40","slug":"proyecto-educativo-2","status":"publish","type":"page","link":"https:\/\/blogsaverroes.juntadeandalucia.es\/ceipmaimonideselhigueron\/proyecto-educativo-2\/","title":{"rendered":"Proyecto Educativo"},"content":{"rendered":"\t\t<div data-elementor-type=\"wp-page\" data-elementor-id=\"2579\" class=\"elementor elementor-2579\">\n\t\t\t\t\t\t<section class=\"elementor-section elementor-top-section elementor-element elementor-element-5f51315 elementor-section-boxed elementor-section-height-default elementor-section-height-default\" data-id=\"5f51315\" data-element_type=\"section\">\n\t\t\t\t\t\t<div class=\"elementor-container elementor-column-gap-default\">\n\t\t\t\t\t<div class=\"elementor-column elementor-col-100 elementor-top-column elementor-element elementor-element-a1ccf36\" data-id=\"a1ccf36\" data-element_type=\"column\">\n\t\t\t<div class=\"elementor-widget-wrap elementor-element-populated\">\n\t\t\t\t\t\t<div class=\"elementor-element elementor-element-5f06bc6 elementor-widget elementor-widget-text-editor\" data-id=\"5f06bc6\" data-element_type=\"widget\" data-widget_type=\"text-editor.default\">\n\t\t\t\t<div class=\"elementor-widget-container\">\n\t\t\t\t\t\t\t\t\t<p style=\"text-align: left\">Consulta el Proyecto Educativo del CEIP Maim\u00f3nides por cap\u00edtulos o de forma completa al final del \u00edndice.\u00a0<\/p>\t\t\t\t\t\t\t\t<\/div>\n\t\t\t\t<\/div>\n\t\t\t\t<div class=\"elementor-element elementor-element-525a0f5 elementor-widget elementor-widget-heading\" data-id=\"525a0f5\" data-element_type=\"widget\" data-widget_type=\"heading.default\">\n\t\t\t\t<div class=\"elementor-widget-container\">\n\t\t\t\t\t<h2 class=\"elementor-heading-title elementor-size-default\">\u00cdndice<\/h2>\t\t\t\t<\/div>\n\t\t\t\t<\/div>\n\t\t\t\t<div class=\"elementor-element elementor-element-2986ebb elementor-widget elementor-widget-text-editor\" data-id=\"2986ebb\" data-element_type=\"widget\" data-widget_type=\"text-editor.default\">\n\t\t\t\t<div class=\"elementor-widget-container\">\n\t\t\t\t\t\t\t\t\t<p><a href=\"https:\/\/blogsaverroes.juntadeandalucia.es\/ceipmaimonideselhigueron\/files\/2021\/04\/Plan-Educativo-Objetivos-propios-para-el-rendimiento-escolar.pdf\" target=\"_blank\" rel=\"noopener\">a) Objetivos propios para la mejora del rendimiento escolar.<\/a><\/p>\n<p><a href=\"https:\/\/blogsaverroes.juntadeandalucia.es\/ceipmaimonideselhigueron\/files\/2021\/04\/Plan-Educativo-Li\u0301neas-generales-de-actuacio\u0301n-pedago\u0301gica.pdf\" target=\"_blank\" rel=\"noopener\">b) L\u00edneas generales de actuaci\u00f3n pedag\u00f3gica.<\/a><\/p>\n<p style=\"text-align: left\">c) Coordinaci\u00f3n y concreci\u00f3n de los contenidos curriculares, as\u00ed como el tratamiento transversal en las \u00e1reas de la educaci\u00f3n en valores y otras ense\u00f1anzas, integrando la igualdad de g\u00e9nero como un objetivo primordial.<\/p>\n<p><a href=\"https:\/\/blogsaverroes.juntadeandalucia.es\/ceipmaimonideselhigueron\/files\/2021\/04\/Plan-Educativo-d-Criterios-pedago\u0301gicos-para-la-determinacio\u0301n-del-horario-de-dedicacio\u0301n-de-las-personas-responsables-de-los-o\u0301rganos-de-coordinacio\u0301n-docente.pdf\" target=\"_blank\" rel=\"noopener\">d) Los criterios pedag\u00f3gicos para la determinaci\u00f3n del horario de dedicaci\u00f3n de las personas responsables de los \u00f3rganos de coordinaci\u00f3n docente.<\/a><\/p>\n<p style=\"text-align: left\">e) Los procedimientos y criterios de evaluaci\u00f3n y promoci\u00f3n del alumnado.<\/p>\n<p style=\"text-align: left\"><a href=\"https:\/\/blogsaverroes.juntadeandalucia.es\/ceipmaimonideselhigueron\/files\/2021\/08\/F-La-forma-de-atenci\u00f3n-a-la-diversidad-del-alumnado.pdf\" target=\"_blank\" rel=\"noopener\">f) La forma de atenci\u00f3n a la diversidad del alumnado.<\/a><\/p>\n<p style=\"text-align: left\">g) La organizaci\u00f3n de las actividades de refuerzo y recuperaci\u00f3n.<\/p>\n<p style=\"text-align: left\">h) El plan de orientaci\u00f3n y acci\u00f3n tutorial.<\/p>\n<p style=\"text-align: left\"><a href=\"https:\/\/blogsaverroes.juntadeandalucia.es\/ceipmaimonideselhigueron\/files\/2022\/11\/I-El-Procedimiento-para-suscribir-compromisos-educativos-y-de-convivencia-con-las-familias.-1.pdf\">i) El procedimiento para suscribir compromisos educativos y de convivencia con las familias, de acuerdo con lo que se establezca por orden de la consejer\u00eda competente en materia de educaci\u00f3n.<\/a>&nbsp;<i>(Actualizado 29\/11\/2022)<\/i><br><\/p>\n<p style=\"text-align: left\">&nbsp; &nbsp;&nbsp;<a href=\"https:\/\/blogsaverroes.juntadeandalucia.es\/ceipmaimonideselhigueron\/files\/2022\/11\/I.1.a-Anexo-Compromiso-Educativo-Familias.pdf\" target=\"_blank\" rel=\"noopener\">&nbsp;i.1.a) Anexo Compromiso Educativo (Familias)<\/a><\/p>\n<p style=\"text-align: left\">&nbsp; &nbsp;&nbsp;<a href=\"https:\/\/blogsaverroes.juntadeandalucia.es\/ceipmaimonideselhigueron\/files\/2022\/11\/I.1.b-Anexo-Compromiso-Educativo-Alumno-a.pdf\" target=\"_blank\" rel=\"noopener\">&nbsp;i.1.b) Anexo Compromiso Educativo (Alumno\/a)<\/a><\/p>\n<p style=\"text-align: left\">&nbsp; &nbsp;&nbsp;<a href=\"https:\/\/blogsaverroes.juntadeandalucia.es\/ceipmaimonideselhigueron\/files\/2022\/11\/I.2-Anexo-Compromiso-Convivencia-Familias.pdf\" target=\"_blank\" rel=\"noopener\">&nbsp;i. 2) Anexo Compromiso Convivencia (Familias)<\/a><\/p>\n<p style=\"text-align: left\">j) El plan de convivencia a desarrollar para prevenir la aparici\u00f3n de conductas contrarias a la convivencia y facilitar un adecuado clima escolar, a que se refiere el art\u00edculo 22.<\/p>\n<p><a href=\"https:\/\/blogsaverroes.juntadeandalucia.es\/ceipmaimonideselhigueron\/files\/2021\/04\/Plan-Educativo-k-El-Plan-de-Formacio\u0301n-del-Profesorado.pdf\" target=\"_blank\" rel=\"noopener\">k) El plan de formaci\u00f3n del profesorado.<\/a><\/p>\t\t\t\t\t\t\t\t<\/div>\n\t\t\t\t<\/div>\n\t\t\t\t<div class=\"elementor-element elementor-element-5cbc5a4 elementor-align-center elementor-widget elementor-widget-button\" data-id=\"5cbc5a4\" data-element_type=\"widget\" data-widget_type=\"button.default\">\n\t\t\t\t<div class=\"elementor-widget-container\">\n\t\t\t\t\t\t\t\t\t<div class=\"elementor-button-wrapper\">\n\t\t\t\t\t<a class=\"elementor-button elementor-button-link elementor-size-sm\" href=\"#\">\n\t\t\t\t\t\t<span class=\"elementor-button-content-wrapper\">\n\t\t\t\t\t\t\t\t\t<span class=\"elementor-button-text\">Consulta el Proyecto Educativo de forma completa<\/span>\n\t\t\t\t\t<\/span>\n\t\t\t\t\t<\/a>\n\t\t\t\t<\/div>\n\t\t\t\t\t\t\t\t<\/div>\n\t\t\t\t<\/div>\n\t\t\t\t\t<\/div>\n\t\t<\/div>\n\t\t\t\t\t<\/div>\n\t\t<\/section>\n\t\t\t\t<\/div>\n\t\t","protected":false},"excerpt":{"rendered":"<p>Consulta el Proyecto Educativo del CEIP Maim\u00f3nides por cap\u00edtulos o de forma completa al final del \u00edndice.\u00a0 \u00cdndice a) Objetivos propios para la mejora del rendimiento escolar. b) L\u00edneas generales de actuaci\u00f3n pedag\u00f3gica. c)&#46;&#46;&#46;<\/p>\n","protected":false},"author":5145,"featured_media":0,"parent":0,"menu_order":0,"comment_status":"closed","ping_status":"closed","template":"elementor_header_footer","meta":{"ngg_post_thumbnail":0,"footnotes":"","_mc_calendar":[]},"aioseo_notices":[],"_links":{"self":[{"href":"https:\/\/blogsaverroes.juntadeandalucia.es\/ceipmaimonideselhigueron\/wp-json\/wp\/v2\/pages\/2579"}],"collection":[{"href":"https:\/\/blogsaverroes.juntadeandalucia.es\/ceipmaimonideselhigueron\/wp-json\/wp\/v2\/pages"}],"about":[{"href":"https:\/\/blogsaverroes.juntadeandalucia.es\/ceipmaimonideselhigueron\/wp-json\/wp\/v2\/types\/page"}],"author":[{"embeddable":true,"href":"https:\/\/blogsaverroes.juntadeandalucia.es\/ceipmaimonideselhigueron\/wp-json\/wp\/v2\/users\/5145"}],"replies":[{"embeddable":true,"href":"https:\/\/blogsaverroes.juntadeandalucia.es\/ceipmaimonideselhigueron\/wp-json\/wp\/v2\/comments?post=2579"}],"version-history":[{"count":37,"href":"https:\/\/blogsaverroes.juntadeandalucia.es\/ceipmaimonideselhigueron\/wp-json\/wp\/v2\/pages\/2579\/revisions"}],"predecessor-version":[{"id":3848,"href":"https:\/\/blogsaverroes.juntadeandalucia.es\/ceipmaimonideselhigueron\/wp-json\/wp\/v2\/pages\/2579\/revisions\/3848"}],"wp:attachment":[{"href":"https:\/\/blogsaverroes.juntadeandalucia.es\/ceipmaimonideselhigueron\/wp-json\/wp\/v2\/media?parent=2579"}],"curies":[{"name":"wp","href":"https:\/\/api.w.org\/{rel}","templated":true}]}}