{"id":2309,"date":"2020-03-27T11:03:29","date_gmt":"2020-03-27T11:03:29","guid":{"rendered":"http:\/\/blogsaverroes.juntadeandalucia.es\/ceipmanuelaltolaguirre\/?page_id=2309"},"modified":"2020-05-12T12:19:05","modified_gmt":"2020-05-12T12:19:05","slug":"equipo-docente","status":"publish","type":"page","link":"https:\/\/blogsaverroes.juntadeandalucia.es\/ceipmanuelaltolaguirre\/equipo-docente\/","title":{"rendered":"Equipo Docente"},"content":{"rendered":"<p style=\"text-align: center\"><a href=\"https:\/\/blogsaverroes.juntadeandalucia.es\/ceipmanuelaltolaguirre\/files\/2020\/03\/equipo-docentee-crop.jpg\"><img loading=\"lazy\" decoding=\"async\" class=\"alignnone wp-image-2314\" src=\"https:\/\/blogsaverroes.juntadeandalucia.es\/ceipmanuelaltolaguirre\/files\/2020\/03\/equipo-docentee-crop.jpg\" alt=\"\" width=\"202\" height=\"151\" srcset=\"https:\/\/blogsaverroes.juntadeandalucia.es\/ceipmanuelaltolaguirre\/files\/2020\/03\/equipo-docentee-crop.jpg 259w, https:\/\/blogsaverroes.juntadeandalucia.es\/ceipmanuelaltolaguirre\/files\/2020\/03\/equipo-docentee-crop-24x18.jpg 24w, https:\/\/blogsaverroes.juntadeandalucia.es\/ceipmanuelaltolaguirre\/files\/2020\/03\/equipo-docentee-crop-36x27.jpg 36w, https:\/\/blogsaverroes.juntadeandalucia.es\/ceipmanuelaltolaguirre\/files\/2020\/03\/equipo-docentee-crop-48x36.jpg 48w\" sizes=\"(max-width: 202px) 100vw, 202px\" \/><\/a><\/p>\n<p>Si quieres enviar trabajos o ponerte en contacto con el profesorado escribe al correo que a continuaci\u00f3n te dejamos.<\/p>\n<p>EDUCACI\u00d3N INFANTIL.<\/p>\n<p><a href=\"https:\/\/blogsaverroes.juntadeandalucia.es\/ceipmanuelaltolaguirre\/files\/2020\/03\/CORREOS-MAESTRAS-DE-INFANTIL.pdf\">CORREOS MAESTRAS DE INFANTIL<\/a><\/p>\n<p>PRIMER CICLO : PRIMERO Y SEGUNDO DE EDUCACI\u00d3N PRIMARIA<\/p>\n<p><a href=\"https:\/\/blogsaverroes.juntadeandalucia.es\/ceipmanuelaltolaguirre\/files\/2020\/04\/correos-primer-ciclo-Ceip-Manuel-Altolaguirre.pdf\">Correos Primer Ciclo Ceip Manuel Altolaguirre (1\u00ba Y 2\u00ba Curso)<\/a><\/p>\n<p>SEGUNDO CICLO TERCERO Y CUARTO DE PRIMARIO Y SUS ESPECIALISTAS.<\/p>\n<p><a href=\"https:\/\/blogsaverroes.juntadeandalucia.es\/ceipmanuelaltolaguirre\/files\/2020\/03\/Correos-profesorado-3\u00ba-y-4\u00ba-1.pdf\">Correos profesorado 3\u00ba y 4\u00ba<\/a><\/p>\n<p>TERCER CICLO<\/p>\n<p><a href=\"https:\/\/blogsaverroes.juntadeandalucia.es\/ceipmanuelaltolaguirre\/files\/2020\/05\/correos-tercer-ciclo-Educaci\u00f3n-Primaria.pdf\">correos tercer ciclo Educaci\u00f3n Primaria<\/a><\/p>\n<p>&nbsp;<\/p>\n","protected":false},"excerpt":{"rendered":"<p>Si quieres enviar trabajos o ponerte en contacto con el profesorado escribe al correo que a continuaci\u00f3n te dejamos. EDUCACI\u00d3N INFANTIL. CORREOS MAESTRAS DE INFANTIL PRIMER CICLO : PRIMERO Y SEGUNDO DE EDUCACI\u00d3N PRIMARIA&#46;&#46;&#46;<\/p>\n","protected":false},"author":3899,"featured_media":0,"parent":0,"menu_order":0,"comment_status":"closed","ping_status":"closed","template":"","meta":{"ngg_post_thumbnail":0,"footnotes":"","_mc_calendar":[]},"aioseo_notices":[],"_links":{"self":[{"href":"https:\/\/blogsaverroes.juntadeandalucia.es\/ceipmanuelaltolaguirre\/wp-json\/wp\/v2\/pages\/2309"}],"collection":[{"href":"https:\/\/blogsaverroes.juntadeandalucia.es\/ceipmanuelaltolaguirre\/wp-json\/wp\/v2\/pages"}],"about":[{"href":"https:\/\/blogsaverroes.juntadeandalucia.es\/ceipmanuelaltolaguirre\/wp-json\/wp\/v2\/types\/page"}],"author":[{"embeddable":true,"href":"https:\/\/blogsaverroes.juntadeandalucia.es\/ceipmanuelaltolaguirre\/wp-json\/wp\/v2\/users\/3899"}],"replies":[{"embeddable":true,"href":"https:\/\/blogsaverroes.juntadeandalucia.es\/ceipmanuelaltolaguirre\/wp-json\/wp\/v2\/comments?post=2309"}],"version-history":[{"count":9,"href":"https:\/\/blogsaverroes.juntadeandalucia.es\/ceipmanuelaltolaguirre\/wp-json\/wp\/v2\/pages\/2309\/revisions"}],"predecessor-version":[{"id":3098,"href":"https:\/\/blogsaverroes.juntadeandalucia.es\/ceipmanuelaltolaguirre\/wp-json\/wp\/v2\/pages\/2309\/revisions\/3098"}],"wp:attachment":[{"href":"https:\/\/blogsaverroes.juntadeandalucia.es\/ceipmanuelaltolaguirre\/wp-json\/wp\/v2\/media?parent=2309"}],"curies":[{"name":"wp","href":"https:\/\/api.w.org\/{rel}","templated":true}]}}