{"id":2344,"date":"2020-03-27T13:19:45","date_gmt":"2020-03-27T13:19:45","guid":{"rendered":"http:\/\/blogsaverroes.juntadeandalucia.es\/ceipmanuelaltolaguirre\/?page_id=2344"},"modified":"2020-03-27T13:22:02","modified_gmt":"2020-03-27T13:22:02","slug":"noticias","status":"publish","type":"page","link":"https:\/\/blogsaverroes.juntadeandalucia.es\/ceipmanuelaltolaguirre\/noticias\/","title":{"rendered":"Noticias"},"content":{"rendered":"<p>ART\u00cdCULOS DE PRENSA.<\/p>\n<p>ART\u00cdCULO DE LA UMA (UNIVERSIDAD DE M\u00c1LAGA)<\/p>\n<p>&nbsp;<\/p>\n<p>ART\u00cdCULO PERI\u00d3DICO OPINION.<\/p>\n<p>&nbsp;<\/p>\n<p>BLOG PEDAGOG\u00cdA 350.<\/p>\n","protected":false},"excerpt":{"rendered":"<p>ART\u00cdCULOS DE PRENSA. ART\u00cdCULO DE LA UMA (UNIVERSIDAD DE M\u00c1LAGA) &nbsp; ART\u00cdCULO PERI\u00d3DICO OPINION. &nbsp; BLOG PEDAGOG\u00cdA 350.<\/p>\n","protected":false},"author":3899,"featured_media":0,"parent":0,"menu_order":0,"comment_status":"closed","ping_status":"closed","template":"","meta":{"ngg_post_thumbnail":0,"footnotes":"","_mc_calendar":[]},"aioseo_notices":[],"_links":{"self":[{"href":"https:\/\/blogsaverroes.juntadeandalucia.es\/ceipmanuelaltolaguirre\/wp-json\/wp\/v2\/pages\/2344"}],"collection":[{"href":"https:\/\/blogsaverroes.juntadeandalucia.es\/ceipmanuelaltolaguirre\/wp-json\/wp\/v2\/pages"}],"about":[{"href":"https:\/\/blogsaverroes.juntadeandalucia.es\/ceipmanuelaltolaguirre\/wp-json\/wp\/v2\/types\/page"}],"author":[{"embeddable":true,"href":"https:\/\/blogsaverroes.juntadeandalucia.es\/ceipmanuelaltolaguirre\/wp-json\/wp\/v2\/users\/3899"}],"replies":[{"embeddable":true,"href":"https:\/\/blogsaverroes.juntadeandalucia.es\/ceipmanuelaltolaguirre\/wp-json\/wp\/v2\/comments?post=2344"}],"version-history":[{"count":2,"href":"https:\/\/blogsaverroes.juntadeandalucia.es\/ceipmanuelaltolaguirre\/wp-json\/wp\/v2\/pages\/2344\/revisions"}],"predecessor-version":[{"id":2347,"href":"https:\/\/blogsaverroes.juntadeandalucia.es\/ceipmanuelaltolaguirre\/wp-json\/wp\/v2\/pages\/2344\/revisions\/2347"}],"wp:attachment":[{"href":"https:\/\/blogsaverroes.juntadeandalucia.es\/ceipmanuelaltolaguirre\/wp-json\/wp\/v2\/media?parent=2344"}],"curies":[{"name":"wp","href":"https:\/\/api.w.org\/{rel}","templated":true}]}}