{"id":99,"date":"2015-03-16T07:22:54","date_gmt":"2015-03-16T07:22:54","guid":{"rendered":"http:\/\/blogsaverroes.juntadeandalucia.es\/pre\/ceip\/?page_id=99"},"modified":"2021-01-19T20:27:21","modified_gmt":"2021-01-19T20:27:21","slug":"comedor-escolar","status":"publish","type":"page","link":"https:\/\/blogsaverroes.juntadeandalucia.es\/ceipmanuelaltolaguirre\/comedor-escolar\/","title":{"rendered":"Comedor escolar"},"content":{"rendered":"<h4>&nbsp;<\/h4>\n<p style=\"text-align: center\"><a href=\"https:\/\/blogsaverroes.juntadeandalucia.es\/ceipmanuelaltolaguirre\/files\/2015\/03\/comedor-1.jpg\"><img loading=\"lazy\" decoding=\"async\" class=\"alignnone size-medium wp-image-2110\" src=\"https:\/\/blogsaverroes.juntadeandalucia.es\/ceipmanuelaltolaguirre\/files\/2015\/03\/comedor-1-300x209.jpg\" alt=\"\" width=\"300\" height=\"209\" srcset=\"https:\/\/blogsaverroes.juntadeandalucia.es\/ceipmanuelaltolaguirre\/files\/2015\/03\/comedor-1-300x209.jpg 300w, https:\/\/blogsaverroes.juntadeandalucia.es\/ceipmanuelaltolaguirre\/files\/2015\/03\/comedor-1-768x536.jpg 768w, https:\/\/blogsaverroes.juntadeandalucia.es\/ceipmanuelaltolaguirre\/files\/2015\/03\/comedor-1-24x17.jpg 24w, https:\/\/blogsaverroes.juntadeandalucia.es\/ceipmanuelaltolaguirre\/files\/2015\/03\/comedor-1-36x25.jpg 36w, https:\/\/blogsaverroes.juntadeandalucia.es\/ceipmanuelaltolaguirre\/files\/2015\/03\/comedor-1-48x33.jpg 48w, https:\/\/blogsaverroes.juntadeandalucia.es\/ceipmanuelaltolaguirre\/files\/2015\/03\/comedor-1.jpg 816w\" sizes=\"(max-width: 300px) 100vw, 300px\" \/><\/a><\/p>\n<p>La empresa que nos da de comer se llama Mediterr\u00e1nea. (Pincha aqu\u00ed para ver el men\u00fa de cada mes).<\/p>\n<p>Se entrega bolsa del programa Syga (para saber c\u00f3mo solicitarlo pincha aqu\u00ed) o dir\u00edgete a la direcci\u00f3n del centro.<\/p>\n<p>Nuestro comedor sigue unas normas que son estrictas una de ellas es el silencio absoluto de los que comen en \u00e9l. Si quieres saber m\u00e1s normas pincha aqu\u00ed)<\/p>\n<p>El comedor escolar es un servicio complementario que resulta de gran utilidad a padres y madres para ayudarles a conciliar la vida laboral y familiar.&nbsp;<\/p>\n<p>El comedor es adem\u00e1s &nbsp;una pieza importante&nbsp;en todas las medidas dirigidas a mejorar los h\u00e1bitos alimenticios de los ni\u00f1os y ni\u00f1as y prevenir problemas de salud como la obesidad, anorexia,etc.<\/p>\n<p>Los comedores escolares de los centros p\u00fablicos andaluces promueven una alimentaci\u00f3n saludable que est\u00e1 supervisada por nutricionistas y que, entre otros aspectos, se caracteriza por:<\/p>\n<ul>\n<li>Una mayor proporci\u00f3n de verdura en los men\u00fa.<\/li>\n<li>Fruta fresca como postre al menos cuatro d\u00edas a la semana.<\/li>\n<li>Uso de aceite de oliva virgen extra.<\/li>\n<li>M\u00e1s pescado que carne, que debe ser magra.<\/li>\n<li>Prohibici\u00f3n de los alimentos precocinados y limitaci\u00f3n de los fritos.<\/li>\n<li>Apuesta por la dieta mediterr\u00e1nea y los productos ecol\u00f3gicos.<\/li>\n<\/ul>\n<p>El horario del comedor &nbsp;es de<strong> lunes a viernes de 14.00 a 16.00.<\/strong><\/p>\n<p>Aqu\u00ed os dejamos el men\u00fa :<\/p>\n<ul>\n<li>Men\u00fa Basal IS 20\/21&nbsp; Bloque 5 25 de enero\/19 de febrero 2021 :<a href=\"https:\/\/blogsaverroes.juntadeandalucia.es\/ceipmanuelaltolaguirre\/files\/2021\/01\/Menu\u0301-basal-IS-20-21_Bloque-5-25-ene-19-feb.pdf\">Menu\u0301 basal IS 20-21_Bloque 5 (25 ene &#8211; 19 feb)<\/a><\/li>\n<\/ul>\n","protected":false},"excerpt":{"rendered":"<p>&nbsp; La empresa que nos da de comer se llama Mediterr\u00e1nea. (Pincha aqu\u00ed para ver el men\u00fa de cada mes). Se entrega bolsa del programa Syga (para saber c\u00f3mo solicitarlo pincha aqu\u00ed) o dir\u00edgete&#46;&#46;&#46;<\/p>\n","protected":false},"author":1,"featured_media":0,"parent":0,"menu_order":0,"comment_status":"open","ping_status":"open","template":"page-templates\/child-menu.php","meta":{"ngg_post_thumbnail":0,"footnotes":"","_mc_calendar":[]},"aioseo_notices":[],"_links":{"self":[{"href":"https:\/\/blogsaverroes.juntadeandalucia.es\/ceipmanuelaltolaguirre\/wp-json\/wp\/v2\/pages\/99"}],"collection":[{"href":"https:\/\/blogsaverroes.juntadeandalucia.es\/ceipmanuelaltolaguirre\/wp-json\/wp\/v2\/pages"}],"about":[{"href":"https:\/\/blogsaverroes.juntadeandalucia.es\/ceipmanuelaltolaguirre\/wp-json\/wp\/v2\/types\/page"}],"author":[{"embeddable":true,"href":"https:\/\/blogsaverroes.juntadeandalucia.es\/ceipmanuelaltolaguirre\/wp-json\/wp\/v2\/users\/1"}],"replies":[{"embeddable":true,"href":"https:\/\/blogsaverroes.juntadeandalucia.es\/ceipmanuelaltolaguirre\/wp-json\/wp\/v2\/comments?post=99"}],"version-history":[{"count":10,"href":"https:\/\/blogsaverroes.juntadeandalucia.es\/ceipmanuelaltolaguirre\/wp-json\/wp\/v2\/pages\/99\/revisions"}],"predecessor-version":[{"id":3537,"href":"https:\/\/blogsaverroes.juntadeandalucia.es\/ceipmanuelaltolaguirre\/wp-json\/wp\/v2\/pages\/99\/revisions\/3537"}],"wp:attachment":[{"href":"https:\/\/blogsaverroes.juntadeandalucia.es\/ceipmanuelaltolaguirre\/wp-json\/wp\/v2\/media?parent=99"}],"curies":[{"name":"wp","href":"https:\/\/api.w.org\/{rel}","templated":true}]}}