{"id":42,"date":"2015-03-13T08:40:47","date_gmt":"2015-03-13T08:40:47","guid":{"rendered":"http:\/\/blogsaverroes.juntadeandalucia.es\/pre\/ceip\/?page_id=42"},"modified":"2020-09-09T16:11:43","modified_gmt":"2020-09-09T16:11:43","slug":"equipo-directivo","status":"publish","type":"page","link":"https:\/\/blogsaverroes.juntadeandalucia.es\/ceipmanuelcanela\/equipo-directivo\/","title":{"rendered":"Equipo directivo"},"content":{"rendered":"<p><strong>Direcci\u00f3n: <\/strong>D. Carlos Crist\u00f3bal Le\u00f3n B\u00e9jar.<\/p>\n<p><strong>Jefatura de estudios: <\/strong>D\u00f1a. Carmen Roc\u00edo \u00c1lvarez Hermosin.<\/p>\n<p><strong>Secretar\u00eda: <\/strong>D\u00f1a. Roc\u00edo Bueso Medina.<\/p>\n","protected":false},"excerpt":{"rendered":"<p>Direcci\u00f3n: D. Carlos Crist\u00f3bal Le\u00f3n B\u00e9jar. Jefatura de estudios: D\u00f1a. Carmen Roc\u00edo \u00c1lvarez Hermosin. Secretar\u00eda: D\u00f1a. Roc\u00edo Bueso Medina.<\/p>\n","protected":false},"author":1,"featured_media":0,"parent":0,"menu_order":0,"comment_status":"closed","ping_status":"open","template":"","meta":{"ngg_post_thumbnail":0,"footnotes":"","_mc_calendar":[]},"aioseo_notices":[],"_links":{"self":[{"href":"https:\/\/blogsaverroes.juntadeandalucia.es\/ceipmanuelcanela\/wp-json\/wp\/v2\/pages\/42"}],"collection":[{"href":"https:\/\/blogsaverroes.juntadeandalucia.es\/ceipmanuelcanela\/wp-json\/wp\/v2\/pages"}],"about":[{"href":"https:\/\/blogsaverroes.juntadeandalucia.es\/ceipmanuelcanela\/wp-json\/wp\/v2\/types\/page"}],"author":[{"embeddable":true,"href":"https:\/\/blogsaverroes.juntadeandalucia.es\/ceipmanuelcanela\/wp-json\/wp\/v2\/users\/1"}],"replies":[{"embeddable":true,"href":"https:\/\/blogsaverroes.juntadeandalucia.es\/ceipmanuelcanela\/wp-json\/wp\/v2\/comments?post=42"}],"version-history":[{"count":6,"href":"https:\/\/blogsaverroes.juntadeandalucia.es\/ceipmanuelcanela\/wp-json\/wp\/v2\/pages\/42\/revisions"}],"predecessor-version":[{"id":3745,"href":"https:\/\/blogsaverroes.juntadeandalucia.es\/ceipmanuelcanela\/wp-json\/wp\/v2\/pages\/42\/revisions\/3745"}],"wp:attachment":[{"href":"https:\/\/blogsaverroes.juntadeandalucia.es\/ceipmanuelcanela\/wp-json\/wp\/v2\/media?parent=42"}],"curies":[{"name":"wp","href":"https:\/\/api.w.org\/{rel}","templated":true}]}}