{"id":4674,"date":"2021-04-28T07:30:37","date_gmt":"2021-04-28T07:30:37","guid":{"rendered":"https:\/\/blogsaverroes.juntadeandalucia.es\/ceipmanuelcanela\/?page_id=4674"},"modified":"2022-06-30T09:59:30","modified_gmt":"2022-06-30T09:59:30","slug":"impulsa","status":"publish","type":"page","link":"https:\/\/blogsaverroes.juntadeandalucia.es\/ceipmanuelcanela\/impulsa\/","title":{"rendered":"Impulsa"},"content":{"rendered":"<h3>&nbsp;<\/h3>\n<h3 style=\"text-align: center\">IMPULSA&nbsp;<\/h3>\n<p style=\"text-align: center\">Gracias al programa Impulsa se han desarrollado en nuestro centro diferentes actuaciones motivadoras encaminadas a mejorar las competencias clave, reducir el absentismo y aportar experiencias a nuestro alumnado entre estas actuaciones destacamos: el desarrollo de diferentes talleres y diferentes salidas al medio natural<\/p>\n<p>&nbsp;<\/p>\n<p>&nbsp;<\/p>\n<h3 style=\"text-align: center\">IMPULSA INCLUSI\u00d3N<\/h3>\n<p style=\"text-align: center\">Gracias a la dotaci\u00f3n recibida a trav\u00e9s del programa Impulsa en su l\u00ednea de Inclusi\u00f3n hemos desarrollado diferentes actuaciones cuyo objetivo principal ha sido el desarrollo y adquisici\u00f3n de competencias en el alumnado escolarizado en el aula espec\u00edfica, as\u00ed como actuaciones que permitan una mayor accesibilidad e inclusi\u00f3n en diferentes actividades realizadas en el centro relacionadas principalmente con el Plan de Orientaci\u00f3n Acci\u00f3n tutorial as\u00ed como tambi\u00e9n relacionadas con los Planes y Proyectos. Se han realizado talleres y salidas al medio natural trabajando habilidades cognitivas, prerrequisitos, estimulaci\u00f3n del lenguaje y sensorial.<br \/>\nEstos talleres han sido impartidos por diferentes entidades y empresas relacionadas con el \u00e1mbito educativo, l\u00fadico\u2026 como es el caso de Danza Mobile\u2026<br \/>\nAdem\u00e1s de la creaci\u00f3n y puesta en marcha de un aula multisensorial en el centro que servir\u00e1 para continuar trabajando en esta l\u00ednea con nuestro alumnado.<\/p>\n<div id='gallery-1' class='gallery galleryid-4674 gallery-columns-1 gallery-size-large'><figure class='gallery-item'>\n\t\t\t<div class='gallery-icon landscape'>\n\t\t\t\t<a href='https:\/\/blogsaverroes.juntadeandalucia.es\/ceipmanuelcanela\/impulsa-curso-2019-20\/whatsapp-image-2022-06-30-at-11-11-03-am\/'><img loading=\"lazy\" decoding=\"async\" width=\"1024\" height=\"497\" src=\"https:\/\/blogsaverroes.juntadeandalucia.es\/ceipmanuelcanela\/files\/2022\/06\/WhatsApp-Image-2022-06-30-at-11.11.03-AM-1024x497.jpeg\" class=\"attachment-large size-large\" alt=\"\" aria-describedby=\"gallery-1-6215\" srcset=\"https:\/\/blogsaverroes.juntadeandalucia.es\/ceipmanuelcanela\/files\/2022\/06\/WhatsApp-Image-2022-06-30-at-11.11.03-AM-1024x497.jpeg 1024w, https:\/\/blogsaverroes.juntadeandalucia.es\/ceipmanuelcanela\/files\/2022\/06\/WhatsApp-Image-2022-06-30-at-11.11.03-AM-300x146.jpeg 300w, https:\/\/blogsaverroes.juntadeandalucia.es\/ceipmanuelcanela\/files\/2022\/06\/WhatsApp-Image-2022-06-30-at-11.11.03-AM-768x373.jpeg 768w, https:\/\/blogsaverroes.juntadeandalucia.es\/ceipmanuelcanela\/files\/2022\/06\/WhatsApp-Image-2022-06-30-at-11.11.03-AM-1536x746.jpeg 1536w, https:\/\/blogsaverroes.juntadeandalucia.es\/ceipmanuelcanela\/files\/2022\/06\/WhatsApp-Image-2022-06-30-at-11.11.03-AM.jpeg 1600w\" sizes=\"(max-width: 1024px) 100vw, 1024px\" \/><\/a>\n\t\t\t<\/div>\n\t\t\t\t<figcaption class='wp-caption-text gallery-caption' id='gallery-1-6215'>\n\t\t\t\tTaller de identificaci\u00f3n de instrumentos \n\t\t\t\t<\/figcaption><\/figure><figure class='gallery-item'>\n\t\t\t<div class='gallery-icon landscape'>\n\t\t\t\t<a href='https:\/\/blogsaverroes.juntadeandalucia.es\/ceipmanuelcanela\/impulsa-curso-2019-20\/whatsapp-image-2022-06-30-at-11-12-03-am\/'><img loading=\"lazy\" decoding=\"async\" width=\"1024\" height=\"497\" src=\"https:\/\/blogsaverroes.juntadeandalucia.es\/ceipmanuelcanela\/files\/2022\/06\/WhatsApp-Image-2022-06-30-at-11.12.03-AM-1024x497.jpeg\" class=\"attachment-large size-large\" alt=\"\" aria-describedby=\"gallery-1-6213\" srcset=\"https:\/\/blogsaverroes.juntadeandalucia.es\/ceipmanuelcanela\/files\/2022\/06\/WhatsApp-Image-2022-06-30-at-11.12.03-AM-1024x497.jpeg 1024w, https:\/\/blogsaverroes.juntadeandalucia.es\/ceipmanuelcanela\/files\/2022\/06\/WhatsApp-Image-2022-06-30-at-11.12.03-AM-300x146.jpeg 300w, https:\/\/blogsaverroes.juntadeandalucia.es\/ceipmanuelcanela\/files\/2022\/06\/WhatsApp-Image-2022-06-30-at-11.12.03-AM-768x373.jpeg 768w, https:\/\/blogsaverroes.juntadeandalucia.es\/ceipmanuelcanela\/files\/2022\/06\/WhatsApp-Image-2022-06-30-at-11.12.03-AM-1536x746.jpeg 1536w, https:\/\/blogsaverroes.juntadeandalucia.es\/ceipmanuelcanela\/files\/2022\/06\/WhatsApp-Image-2022-06-30-at-11.12.03-AM.jpeg 1600w\" sizes=\"(max-width: 1024px) 100vw, 1024px\" \/><\/a>\n\t\t\t<\/div>\n\t\t\t\t<figcaption class='wp-caption-text gallery-caption' id='gallery-1-6213'>\n\t\t\t\tNuestro alumnado disfrutando de su taller de danzamobile\n\t\t\t\t<\/figcaption><\/figure><figure class='gallery-item'>\n\t\t\t<div class='gallery-icon landscape'>\n\t\t\t\t<a href='https:\/\/blogsaverroes.juntadeandalucia.es\/ceipmanuelcanela\/impulsa-curso-2019-20\/whatsapp-image-2022-06-30-at-11-11-50-am\/'><img loading=\"lazy\" decoding=\"async\" width=\"1024\" height=\"497\" src=\"https:\/\/blogsaverroes.juntadeandalucia.es\/ceipmanuelcanela\/files\/2022\/06\/WhatsApp-Image-2022-06-30-at-11.11.50-AM-1024x497.jpeg\" class=\"attachment-large size-large\" alt=\"\" aria-describedby=\"gallery-1-6214\" srcset=\"https:\/\/blogsaverroes.juntadeandalucia.es\/ceipmanuelcanela\/files\/2022\/06\/WhatsApp-Image-2022-06-30-at-11.11.50-AM-1024x497.jpeg 1024w, https:\/\/blogsaverroes.juntadeandalucia.es\/ceipmanuelcanela\/files\/2022\/06\/WhatsApp-Image-2022-06-30-at-11.11.50-AM-300x146.jpeg 300w, https:\/\/blogsaverroes.juntadeandalucia.es\/ceipmanuelcanela\/files\/2022\/06\/WhatsApp-Image-2022-06-30-at-11.11.50-AM-768x373.jpeg 768w, https:\/\/blogsaverroes.juntadeandalucia.es\/ceipmanuelcanela\/files\/2022\/06\/WhatsApp-Image-2022-06-30-at-11.11.50-AM-1536x746.jpeg 1536w, https:\/\/blogsaverroes.juntadeandalucia.es\/ceipmanuelcanela\/files\/2022\/06\/WhatsApp-Image-2022-06-30-at-11.11.50-AM.jpeg 1600w\" sizes=\"(max-width: 1024px) 100vw, 1024px\" \/><\/a>\n\t\t\t<\/div>\n\t\t\t\t<figcaption class='wp-caption-text gallery-caption' id='gallery-1-6214'>\n\t\t\t\tMusicoterapia \u00a1Stop!\n\t\t\t\t<\/figcaption><\/figure><figure class='gallery-item'>\n\t\t\t<div class='gallery-icon portrait'>\n\t\t\t\t<a href='https:\/\/blogsaverroes.juntadeandalucia.es\/ceipmanuelcanela\/impulsa-curso-2019-20\/whatsapp-image-2022-06-30-at-11-14-47-am\/'><img loading=\"lazy\" decoding=\"async\" width=\"497\" height=\"1024\" src=\"https:\/\/blogsaverroes.juntadeandalucia.es\/ceipmanuelcanela\/files\/2022\/06\/WhatsApp-Image-2022-06-30-at-11.14.47-AM-497x1024.jpeg\" class=\"attachment-large size-large\" alt=\"\" aria-describedby=\"gallery-1-6212\" srcset=\"https:\/\/blogsaverroes.juntadeandalucia.es\/ceipmanuelcanela\/files\/2022\/06\/WhatsApp-Image-2022-06-30-at-11.14.47-AM-497x1024.jpeg 497w, https:\/\/blogsaverroes.juntadeandalucia.es\/ceipmanuelcanela\/files\/2022\/06\/WhatsApp-Image-2022-06-30-at-11.14.47-AM-146x300.jpeg 146w, https:\/\/blogsaverroes.juntadeandalucia.es\/ceipmanuelcanela\/files\/2022\/06\/WhatsApp-Image-2022-06-30-at-11.14.47-AM-768x1581.jpeg 768w, https:\/\/blogsaverroes.juntadeandalucia.es\/ceipmanuelcanela\/files\/2022\/06\/WhatsApp-Image-2022-06-30-at-11.14.47-AM-746x1536.jpeg 746w, https:\/\/blogsaverroes.juntadeandalucia.es\/ceipmanuelcanela\/files\/2022\/06\/WhatsApp-Image-2022-06-30-at-11.14.47-AM.jpeg 777w\" sizes=\"(max-width: 497px) 100vw, 497px\" \/><\/a>\n\t\t\t<\/div>\n\t\t\t\t<figcaption class='wp-caption-text gallery-caption' id='gallery-1-6212'>\n\t\t\t\tEloy y su se\u00f1o interiorizando el movimiento\n\t\t\t\t<\/figcaption><\/figure>\n\t\t<\/div>\n\n","protected":false},"excerpt":{"rendered":"<p>&nbsp; IMPULSA&nbsp; Gracias al programa Impulsa se han desarrollado en nuestro centro diferentes actuaciones motivadoras encaminadas a mejorar las competencias clave, reducir el absentismo y aportar experiencias a nuestro alumnado entre estas actuaciones destacamos: el desarrollo de diferentes talleres y diferentes salidas al medio natural &nbsp; &nbsp; IMPULSA INCLUSI\u00d3N Gracias a la dotaci\u00f3n recibida a [&hellip;]<\/p>\n","protected":false},"author":8707,"featured_media":0,"parent":0,"menu_order":0,"comment_status":"closed","ping_status":"closed","template":"","meta":{"ngg_post_thumbnail":0,"footnotes":"","_mc_calendar":[]},"aioseo_notices":[],"_links":{"self":[{"href":"https:\/\/blogsaverroes.juntadeandalucia.es\/ceipmanuelcanela\/wp-json\/wp\/v2\/pages\/4674"}],"collection":[{"href":"https:\/\/blogsaverroes.juntadeandalucia.es\/ceipmanuelcanela\/wp-json\/wp\/v2\/pages"}],"about":[{"href":"https:\/\/blogsaverroes.juntadeandalucia.es\/ceipmanuelcanela\/wp-json\/wp\/v2\/types\/page"}],"author":[{"embeddable":true,"href":"https:\/\/blogsaverroes.juntadeandalucia.es\/ceipmanuelcanela\/wp-json\/wp\/v2\/users\/8707"}],"replies":[{"embeddable":true,"href":"https:\/\/blogsaverroes.juntadeandalucia.es\/ceipmanuelcanela\/wp-json\/wp\/v2\/comments?post=4674"}],"version-history":[{"count":3,"href":"https:\/\/blogsaverroes.juntadeandalucia.es\/ceipmanuelcanela\/wp-json\/wp\/v2\/pages\/4674\/revisions"}],"predecessor-version":[{"id":6225,"href":"https:\/\/blogsaverroes.juntadeandalucia.es\/ceipmanuelcanela\/wp-json\/wp\/v2\/pages\/4674\/revisions\/6225"}],"wp:attachment":[{"href":"https:\/\/blogsaverroes.juntadeandalucia.es\/ceipmanuelcanela\/wp-json\/wp\/v2\/media?parent=4674"}],"curies":[{"name":"wp","href":"https:\/\/api.w.org\/{rel}","templated":true}]}}