{"id":4689,"date":"2021-04-28T09:13:02","date_gmt":"2021-04-28T09:13:02","guid":{"rendered":"https:\/\/blogsaverroes.juntadeandalucia.es\/ceipmanuelcanela\/?page_id=4689"},"modified":"2024-11-19T20:05:28","modified_gmt":"2024-11-19T19:05:28","slug":"proyecto-educativo-2","status":"publish","type":"page","link":"https:\/\/blogsaverroes.juntadeandalucia.es\/ceipmanuelcanela\/proyecto-educativo-2\/","title":{"rendered":"Proyecto Educativo"},"content":{"rendered":"<p>El proyecto educativo constituye las se\u00f1as de identidad del centro docente y expresa la educaci\u00f3n que desea y va a desarrollar en unas condiciones concretas, por lo que en \u00e9l se contemplan los valores, los objetivos y las prioridades de actuaci\u00f3n, no limit\u00e1ndose s\u00f3lo a los aspectos curriculares, sino tambi\u00e9n a aquellos otros que, desde un punto de vista cultural, hacen del centro un elemento dinamizador de la zona donde est\u00e1 ubicado.<\/p>\n<p><iframe loading=\"lazy\" src=\"https:\/\/drive.google.com\/file\/d\/1qOGvxnJhDNn1peHLSQnZQ50siMjZwD6I\/preview\" width=\"100%\" height=\"480\"><\/iframe><\/p>\n","protected":false},"excerpt":{"rendered":"<p>El proyecto educativo constituye las se\u00f1as de identidad del centro docente y expresa la educaci\u00f3n que desea y va a desarrollar en unas condiciones concretas, por lo que en \u00e9l se contemplan los valores, los objetivos y las prioridades de actuaci\u00f3n, no limit\u00e1ndose s\u00f3lo a los aspectos curriculares, sino tambi\u00e9n a aquellos otros que, desde [&hellip;]<\/p>\n","protected":false},"author":8707,"featured_media":0,"parent":0,"menu_order":0,"comment_status":"closed","ping_status":"closed","template":"","meta":{"ngg_post_thumbnail":0,"footnotes":"","_mc_calendar":[]},"aioseo_notices":[],"_links":{"self":[{"href":"https:\/\/blogsaverroes.juntadeandalucia.es\/ceipmanuelcanela\/wp-json\/wp\/v2\/pages\/4689"}],"collection":[{"href":"https:\/\/blogsaverroes.juntadeandalucia.es\/ceipmanuelcanela\/wp-json\/wp\/v2\/pages"}],"about":[{"href":"https:\/\/blogsaverroes.juntadeandalucia.es\/ceipmanuelcanela\/wp-json\/wp\/v2\/types\/page"}],"author":[{"embeddable":true,"href":"https:\/\/blogsaverroes.juntadeandalucia.es\/ceipmanuelcanela\/wp-json\/wp\/v2\/users\/8707"}],"replies":[{"embeddable":true,"href":"https:\/\/blogsaverroes.juntadeandalucia.es\/ceipmanuelcanela\/wp-json\/wp\/v2\/comments?post=4689"}],"version-history":[{"count":9,"href":"https:\/\/blogsaverroes.juntadeandalucia.es\/ceipmanuelcanela\/wp-json\/wp\/v2\/pages\/4689\/revisions"}],"predecessor-version":[{"id":7329,"href":"https:\/\/blogsaverroes.juntadeandalucia.es\/ceipmanuelcanela\/wp-json\/wp\/v2\/pages\/4689\/revisions\/7329"}],"wp:attachment":[{"href":"https:\/\/blogsaverroes.juntadeandalucia.es\/ceipmanuelcanela\/wp-json\/wp\/v2\/media?parent=4689"}],"curies":[{"name":"wp","href":"https:\/\/api.w.org\/{rel}","templated":true}]}}