{"id":4691,"date":"2021-04-28T09:13:02","date_gmt":"2021-04-28T09:13:02","guid":{"rendered":"https:\/\/blogsaverroes.juntadeandalucia.es\/ceipmanuelcanela\/?page_id=4691"},"modified":"2021-04-28T09:54:40","modified_gmt":"2021-04-28T09:54:40","slug":"proyecto-de-gestion","status":"publish","type":"page","link":"https:\/\/blogsaverroes.juntadeandalucia.es\/ceipmanuelcanela\/proyecto-de-gestion\/","title":{"rendered":"Proyecto de Gesti\u00f3n"},"content":{"rendered":"<p>El proyecto de gesti\u00f3n de los colegios de educaci\u00f3n infantil y primaria y de los centros p\u00fablicos espec\u00edficos de educaci\u00f3n especial, recogen la ordenaci\u00f3n y utilizaci\u00f3n de los recursos del centro, tanto materiales como humanos.<\/p>\n<p><iframe loading=\"lazy\" src=\"https:\/\/drive.google.com\/file\/d\/1kZjGRNgDj56AP-Py6NyhhfL4bh8fWpJo\/preview\" width=\"640\" height=\"480\"><\/iframe><\/p>\n","protected":false},"excerpt":{"rendered":"<p>El proyecto de gesti\u00f3n de los colegios de educaci\u00f3n infantil y primaria y de los centros p\u00fablicos espec\u00edficos de educaci\u00f3n especial, recogen la ordenaci\u00f3n y utilizaci\u00f3n de los recursos del centro, tanto materiales como humanos.<\/p>\n","protected":false},"author":8707,"featured_media":0,"parent":0,"menu_order":0,"comment_status":"closed","ping_status":"closed","template":"","meta":{"ngg_post_thumbnail":0,"footnotes":"","_mc_calendar":[]},"aioseo_notices":[],"_links":{"self":[{"href":"https:\/\/blogsaverroes.juntadeandalucia.es\/ceipmanuelcanela\/wp-json\/wp\/v2\/pages\/4691"}],"collection":[{"href":"https:\/\/blogsaverroes.juntadeandalucia.es\/ceipmanuelcanela\/wp-json\/wp\/v2\/pages"}],"about":[{"href":"https:\/\/blogsaverroes.juntadeandalucia.es\/ceipmanuelcanela\/wp-json\/wp\/v2\/types\/page"}],"author":[{"embeddable":true,"href":"https:\/\/blogsaverroes.juntadeandalucia.es\/ceipmanuelcanela\/wp-json\/wp\/v2\/users\/8707"}],"replies":[{"embeddable":true,"href":"https:\/\/blogsaverroes.juntadeandalucia.es\/ceipmanuelcanela\/wp-json\/wp\/v2\/comments?post=4691"}],"version-history":[{"count":3,"href":"https:\/\/blogsaverroes.juntadeandalucia.es\/ceipmanuelcanela\/wp-json\/wp\/v2\/pages\/4691\/revisions"}],"predecessor-version":[{"id":4710,"href":"https:\/\/blogsaverroes.juntadeandalucia.es\/ceipmanuelcanela\/wp-json\/wp\/v2\/pages\/4691\/revisions\/4710"}],"wp:attachment":[{"href":"https:\/\/blogsaverroes.juntadeandalucia.es\/ceipmanuelcanela\/wp-json\/wp\/v2\/media?parent=4691"}],"curies":[{"name":"wp","href":"https:\/\/api.w.org\/{rel}","templated":true}]}}