{"id":4693,"date":"2021-04-28T09:13:02","date_gmt":"2021-04-28T09:13:02","guid":{"rendered":"https:\/\/blogsaverroes.juntadeandalucia.es\/ceipmanuelcanela\/?page_id=4693"},"modified":"2021-04-28T10:07:18","modified_gmt":"2021-04-28T10:07:18","slug":"anexos","status":"publish","type":"page","link":"https:\/\/blogsaverroes.juntadeandalucia.es\/ceipmanuelcanela\/anexos\/","title":{"rendered":"Anexos"},"content":{"rendered":"<p>Debido a su extensi\u00f3n, existen aspectos del Proyecto Educativo que necesitan ser tratados como documentos anexos, como es el caso del Plan de Convivencia, Plan de Compensaci\u00f3n Educativa, y Plan de Orientaci\u00f3n y Acci\u00f3n Tutorial.<\/p>\n<p><iframe loading=\"lazy\" src=\"https:\/\/drive.google.com\/file\/d\/1rZXLhFCXSilWRNXxxQuffVs_80o7jmp9\/preview\" width=\"640\" height=\"480\"><\/iframe><\/p>\n<p><iframe loading=\"lazy\" src=\"https:\/\/drive.google.com\/file\/d\/152cQW5v85eZ-Wx5DH6cCagfaINJDaNLF\/preview\" width=\"640\" height=\"480\"><\/iframe><\/p>\n<p><iframe loading=\"lazy\" src=\"https:\/\/drive.google.com\/file\/d\/1KTp65K_s2umumrp0Ih0DYWG8QFfhufbz\/preview\" width=\"640\" height=\"480\"><\/iframe><\/p>\n","protected":false},"excerpt":{"rendered":"<p>Debido a su extensi\u00f3n, existen aspectos del Proyecto Educativo que necesitan ser tratados como documentos anexos, como es el caso del Plan de Convivencia, Plan de Compensaci\u00f3n Educativa, y Plan de Orientaci\u00f3n y Acci\u00f3n Tutorial.<\/p>\n","protected":false},"author":8707,"featured_media":0,"parent":0,"menu_order":0,"comment_status":"closed","ping_status":"closed","template":"","meta":{"ngg_post_thumbnail":0,"footnotes":"","_mc_calendar":[]},"aioseo_notices":[],"_links":{"self":[{"href":"https:\/\/blogsaverroes.juntadeandalucia.es\/ceipmanuelcanela\/wp-json\/wp\/v2\/pages\/4693"}],"collection":[{"href":"https:\/\/blogsaverroes.juntadeandalucia.es\/ceipmanuelcanela\/wp-json\/wp\/v2\/pages"}],"about":[{"href":"https:\/\/blogsaverroes.juntadeandalucia.es\/ceipmanuelcanela\/wp-json\/wp\/v2\/types\/page"}],"author":[{"embeddable":true,"href":"https:\/\/blogsaverroes.juntadeandalucia.es\/ceipmanuelcanela\/wp-json\/wp\/v2\/users\/8707"}],"replies":[{"embeddable":true,"href":"https:\/\/blogsaverroes.juntadeandalucia.es\/ceipmanuelcanela\/wp-json\/wp\/v2\/comments?post=4693"}],"version-history":[{"count":3,"href":"https:\/\/blogsaverroes.juntadeandalucia.es\/ceipmanuelcanela\/wp-json\/wp\/v2\/pages\/4693\/revisions"}],"predecessor-version":[{"id":4712,"href":"https:\/\/blogsaverroes.juntadeandalucia.es\/ceipmanuelcanela\/wp-json\/wp\/v2\/pages\/4693\/revisions\/4712"}],"wp:attachment":[{"href":"https:\/\/blogsaverroes.juntadeandalucia.es\/ceipmanuelcanela\/wp-json\/wp\/v2\/media?parent=4693"}],"curies":[{"name":"wp","href":"https:\/\/api.w.org\/{rel}","templated":true}]}}