{"id":870,"date":"2015-03-16T07:24:27","date_gmt":"2015-03-16T07:24:27","guid":{"rendered":"http:\/\/blogsaverroes.juntadeandalucia.es\/pre\/ceip\/?page_id=103"},"modified":"2020-03-31T16:27:36","modified_gmt":"2020-03-31T16:27:36","slug":"aula-matinal","status":"publish","type":"page","link":"https:\/\/blogsaverroes.juntadeandalucia.es\/ceipmanuelcanela\/aula-matinal\/","title":{"rendered":"Aula Matinal"},"content":{"rendered":"<h4><strong>Nuestro centro educativo cuenta con el Aula Matinal<\/strong><\/h4>\n<p><img loading=\"lazy\" decoding=\"async\" class=\"wp-image-226 size-medium alignleft\" src=\"https:\/\/blogsaverroes.juntadeandalucia.es\/ceipmanuelcanela\/files\/2015\/03\/aula_matinal-300x185.jpg\" alt=\"\" width=\"300\" height=\"185\" srcset=\"https:\/\/blogsaverroes.juntadeandalucia.es\/ceipmanuelcanela\/files\/2015\/03\/aula_matinal-300x185.jpg 300w, https:\/\/blogsaverroes.juntadeandalucia.es\/ceipmanuelcanela\/files\/2015\/03\/aula_matinal.jpg 709w\" sizes=\"(max-width: 300px) 100vw, 300px\" \/><\/p>\n<p style=\"text-align: justify\">Es una actividad promovida por la Junta de Andaluc\u00eda para dar respuesta a la creciente demanda originada por las exigencias laborales de los padres y madres andaluzas, quienes se ven en la necesidad de delegar el cuidado de sus hijos e hijas durante el horario de 7:30 a 9:00 h., momento en el que da comienzo la actividad escolar. Durante este per\u00edodo de tiempo, los ni\u00f1os y ni\u00f1as realizan diversas actividades de car\u00e1cter l\u00fadico y educativo adecuadas a su edad y desarrollo madurativo. Entre otras muchas, se realizan actividades pl\u00e1sticas, dibujo, lectura, psicomotricidad, juegos populares, etc.<\/p>\n<p style=\"text-align: justify\">La atenci\u00f3n al alumnado de aula matinal se realiza por personal cualificado, entre cuyas funciones est\u00e1n las medidas de vigilancia y atenci\u00f3n educativa que precisen los menores en funci\u00f3n de su edad y necesidades.<\/p>\n<p>&nbsp;<\/p>\n<p style=\"text-align: justify\">El <strong>Aula Matinal<\/strong> abre a las 7.30 horas de lunes a viernes, ofreciendo actividades diversas a los estudiantes hasta el comienzo del horario lectivo.<\/p>\n<p style=\"text-align: justify\">Puede&nbsp;utilizarse&nbsp;cualquier d\u00eda previa inscripci\u00f3n y domicializaci\u00f3n bancaria.<\/p>\n<p style=\"text-align: justify\">Desc\u00e1rgate aqu\u00ed el formulario, rell\u00e9nalo y envi\u00e1noslo por email a ___________________________ o entr\u00e9galo en la secretar\u00eda del Colegio.<\/p>\n<p>&nbsp;<\/p>\n","protected":false},"excerpt":{"rendered":"<p>Nuestro centro educativo cuenta con el Aula Matinal Es una actividad promovida por la Junta de Andaluc\u00eda para dar respuesta a la creciente demanda originada por las exigencias laborales de los padres y madres andaluzas, quienes se ven en la necesidad de delegar el cuidado de sus hijos e hijas durante el horario de 7:30 [&hellip;]<\/p>\n","protected":false},"author":1,"featured_media":0,"parent":0,"menu_order":0,"comment_status":"closed","ping_status":"open","template":"page-cs.php","meta":{"ngg_post_thumbnail":0,"footnotes":"","_mc_calendar":[]},"aioseo_notices":[],"_links":{"self":[{"href":"https:\/\/blogsaverroes.juntadeandalucia.es\/ceipmanuelcanela\/wp-json\/wp\/v2\/pages\/870"}],"collection":[{"href":"https:\/\/blogsaverroes.juntadeandalucia.es\/ceipmanuelcanela\/wp-json\/wp\/v2\/pages"}],"about":[{"href":"https:\/\/blogsaverroes.juntadeandalucia.es\/ceipmanuelcanela\/wp-json\/wp\/v2\/types\/page"}],"author":[{"embeddable":true,"href":"https:\/\/blogsaverroes.juntadeandalucia.es\/ceipmanuelcanela\/wp-json\/wp\/v2\/users\/1"}],"replies":[{"embeddable":true,"href":"https:\/\/blogsaverroes.juntadeandalucia.es\/ceipmanuelcanela\/wp-json\/wp\/v2\/comments?post=870"}],"version-history":[{"count":10,"href":"https:\/\/blogsaverroes.juntadeandalucia.es\/ceipmanuelcanela\/wp-json\/wp\/v2\/pages\/870\/revisions"}],"predecessor-version":[{"id":3055,"href":"https:\/\/blogsaverroes.juntadeandalucia.es\/ceipmanuelcanela\/wp-json\/wp\/v2\/pages\/870\/revisions\/3055"}],"wp:attachment":[{"href":"https:\/\/blogsaverroes.juntadeandalucia.es\/ceipmanuelcanela\/wp-json\/wp\/v2\/media?parent=870"}],"curies":[{"name":"wp","href":"https:\/\/api.w.org\/{rel}","templated":true}]}}