{"id":2390,"date":"2019-04-26T08:07:34","date_gmt":"2019-04-26T08:07:34","guid":{"rendered":"http:\/\/blogsaverroes.juntadeandalucia.es\/ceipmanuelcastroorellana\/?page_id=2390"},"modified":"2026-02-06T11:38:45","modified_gmt":"2026-02-06T10:38:45","slug":"consejo-escolar","status":"publish","type":"page","link":"https:\/\/blogsaverroes.juntadeandalucia.es\/ceipmanuelcastroorellana\/consejo-escolar\/","title":{"rendered":"CONSEJO ESCOLAR"},"content":{"rendered":"<h1 style=\"text-align: center\"><strong>MIEMBROS DEL CONSEJO ESCOLAR&nbsp;<\/strong><\/h1>\n<table style=\"width: 95.7548%;border-color: #000000;background-color: #ffffff;border-style: solid\" width=\"95.7548%\">\n<tbody>\n<tr>\n<td style=\"width: 204.238px\">Sector<\/td>\n<td style=\"width: 512.656px\">Miembro<\/td>\n<\/tr>\n<tr>\n<td style=\"width: 204.238px\">Equipo Directivo<\/td>\n<td style=\"width: 512.656px\">Garc\u00eda Iglesias, Manuel (DIRECTOR\/A)<\/td>\n<\/tr>\n<tr>\n<td style=\"width: 204.238px\">Equipo Directivo<\/td>\n<td style=\"width: 512.656px\">Macarro Flores, Mar\u00eda Concepci\u00f3n (JEFE\/A DE ESTUDIOS)<\/td>\n<\/tr>\n<tr>\n<td style=\"width: 204.238px\">Equipo Directivo<\/td>\n<td style=\"width: 512.656px\">Mart\u00edn Barrag\u00e1n, Manuel (SECRETARIO\/A)<\/td>\n<\/tr>\n<tr>\n<td style=\"width: 204.238px\">Profesorado<\/td>\n<td style=\"width: 512.656px\"><span style=\"font-weight: 400\">Carballar Cabana, Juana Mar\u00eda<\/span><\/td>\n<\/tr>\n<tr>\n<td style=\"width: 204.238px\">Profesorado<\/td>\n<td style=\"width: 512.656px\"><span style=\"font-weight: 400\">Cerrajero Paz, Cristina<\/span><\/td>\n<\/tr>\n<tr>\n<td style=\"width: 204.238px\">Profesorado<\/td>\n<td style=\"width: 512.656px\"><span style=\"font-weight: 400\">Fernandez Corrales, M\u00f3nica<\/span><\/td>\n<\/tr>\n<tr>\n<td style=\"width: 204.238px\">Profesorado<\/td>\n<td style=\"width: 512.656px\"><span style=\"font-weight: 400\">Fernandez Terr\u00f3n, Alicia<\/span><\/td>\n<\/tr>\n<tr>\n<td style=\"width: 204.238px\">Profesorado<\/td>\n<td style=\"width: 512.656px\">Mart\u00edn Dur\u00e1n, Susana<\/td>\n<\/tr>\n<tr>\n<td style=\"width: 204.238px\">Profesorado<\/td>\n<td style=\"width: 512.656px\">Mart\u00ednez Posada, Mar\u00eda Dolores<\/td>\n<\/tr>\n<tr>\n<td style=\"width: 204.238px\">Profesorado<\/td>\n<td style=\"width: 512.656px\"><span style=\"font-weight: 400\">Mojarro L\u00f3pez, Silvia<\/span><\/td>\n<\/tr>\n<tr>\n<td style=\"width: 204.238px\">Profesorado<\/td>\n<td style=\"width: 512.656px\">Pay\u00e1n Castillo, Mar\u00eda del Roc\u00edo<\/td>\n<\/tr>\n<tr>\n<td style=\"width: 204.238px\">Madres\/Padres\/Tutores<\/td>\n<td style=\"width: 512.656px\"><span style=\"font-weight: 400\">Beltr\u00e1n Rodr\u00edguez, El\u00edas<\/span><\/td>\n<\/tr>\n<tr>\n<td style=\"width: 204.238px\">Madres\/Padres\/Tutores<\/td>\n<td style=\"width: 512.656px\"><span style=\"font-weight: 400\">Guti\u00e9rrez Horno, Amparo<\/span><\/td>\n<\/tr>\n<tr>\n<td style=\"width: 204.238px\">Madres\/Padres\/Tutores<\/td>\n<td style=\"width: 512.656px\">Le\u00f3n Castro, Amparo<\/td>\n<\/tr>\n<tr>\n<td style=\"width: 204.238px\">Madres\/Padres\/Tutores<\/td>\n<td style=\"width: 512.656px\">Mac\u00edas Dom\u00ednguez, Celia<\/td>\n<\/tr>\n<tr>\n<td style=\"width: 204.238px\">Madres\/Padres\/Tutores<\/td>\n<td style=\"width: 512.656px\">Moreno Lim\u00f3n, Mar\u00eda de los \u00c1ngeles<\/td>\n<\/tr>\n<tr>\n<td style=\"width: 204.238px\">Madres\/Padres\/Tutores<\/td>\n<td style=\"width: 512.656px\">Ram\u00edrez Rodr\u00edguez, Mar\u00eda Isabel<\/td>\n<\/tr>\n<tr>\n<td style=\"width: 204.238px\">Madres\/Padres\/Tutores<\/td>\n<td style=\"width: 512.656px\">Ruiz Romero, Inmaculada<\/td>\n<\/tr>\n<tr>\n<td style=\"width: 204.238px\">Madres\/Padres\/Tutores<\/td>\n<td style=\"width: 512.656px\">Borrego Su\u00e1rez, Inmaculada (REPRESENTANTE DE LA A.M.P.A. MAYORITARIA)<\/td>\n<\/tr>\n<tr>\n<td style=\"width: 204.238px\">Personal Adm\u00f3n. y Servicios<\/td>\n<td style=\"width: 512.656px\"><span style=\"font-weight: 400\">Rodr\u00edguez Casta\u00f1o, Ana Mar\u00eda<\/span><\/td>\n<\/tr>\n<tr>\n<td style=\"width: 204.238px\">Ayuntamiento<\/td>\n<td style=\"width: 512.656px\">Rivera Piedra, Salvadora (CONCEJAL O REPRESENTANTE DEL AYUNTAMIENTO)<\/td>\n<\/tr>\n<tr>\n<td style=\"width: 204.238px\">Fomento Igualdad (Impulsor de medidas de Igualdad)<\/td>\n<td style=\"width: 512.656px\">Mac\u00edas Dom\u00ednguez, Celia (IMPULSOR DE MEDIDAS PARA EL FOMENTO DE LA IGUALDAD ENTRE HOMBRES Y MUJERES)<\/td>\n<\/tr>\n<\/tbody>\n<\/table>\n","protected":false},"excerpt":{"rendered":"<p>MIEMBROS DEL CONSEJO ESCOLAR&nbsp; Sector Miembro Equipo Directivo Garc\u00eda Iglesias, Manuel (DIRECTOR\/A) Equipo Directivo Macarro Flores, Mar\u00eda Concepci\u00f3n (JEFE\/A DE ESTUDIOS) Equipo Directivo Mart\u00edn Barrag\u00e1n, Manuel (SECRETARIO\/A) Profesorado Carballar Cabana, Juana Mar\u00eda Profesorado Cerrajero Paz, Cristina Profesorado Fernandez Corrales, M\u00f3nica Profesorado Fernandez Terr\u00f3n, Alicia Profesorado Mart\u00edn Dur\u00e1n, Susana Profesorado Mart\u00ednez Posada, Mar\u00eda Dolores Profesorado Mojarro &hellip; <\/p>\n<p><a class=\"more-link btn\" href=\"https:\/\/blogsaverroes.juntadeandalucia.es\/ceipmanuelcastroorellana\/consejo-escolar\/\">Seguir leyendo<\/a><\/p>\n","protected":false},"author":4366,"featured_media":0,"parent":0,"menu_order":0,"comment_status":"closed","ping_status":"closed","template":"","meta":{"ngg_post_thumbnail":0,"footnotes":"","_mc_calendar":[]},"aioseo_notices":[],"post_mailing_queue_ids":[],"_links":{"self":[{"href":"https:\/\/blogsaverroes.juntadeandalucia.es\/ceipmanuelcastroorellana\/wp-json\/wp\/v2\/pages\/2390"}],"collection":[{"href":"https:\/\/blogsaverroes.juntadeandalucia.es\/ceipmanuelcastroorellana\/wp-json\/wp\/v2\/pages"}],"about":[{"href":"https:\/\/blogsaverroes.juntadeandalucia.es\/ceipmanuelcastroorellana\/wp-json\/wp\/v2\/types\/page"}],"author":[{"embeddable":true,"href":"https:\/\/blogsaverroes.juntadeandalucia.es\/ceipmanuelcastroorellana\/wp-json\/wp\/v2\/users\/4366"}],"replies":[{"embeddable":true,"href":"https:\/\/blogsaverroes.juntadeandalucia.es\/ceipmanuelcastroorellana\/wp-json\/wp\/v2\/comments?post=2390"}],"version-history":[{"count":14,"href":"https:\/\/blogsaverroes.juntadeandalucia.es\/ceipmanuelcastroorellana\/wp-json\/wp\/v2\/pages\/2390\/revisions"}],"predecessor-version":[{"id":3756,"href":"https:\/\/blogsaverroes.juntadeandalucia.es\/ceipmanuelcastroorellana\/wp-json\/wp\/v2\/pages\/2390\/revisions\/3756"}],"wp:attachment":[{"href":"https:\/\/blogsaverroes.juntadeandalucia.es\/ceipmanuelcastroorellana\/wp-json\/wp\/v2\/media?parent=2390"}],"curies":[{"name":"wp","href":"https:\/\/api.w.org\/{rel}","templated":true}]}}