{"id":2881,"date":"2021-12-03T10:19:34","date_gmt":"2021-12-03T09:19:34","guid":{"rendered":"http:\/\/blogsaverroes.juntadeandalucia.es\/ceipmanuelcastroorellana\/?page_id=2881"},"modified":"2022-05-23T17:23:21","modified_gmt":"2022-05-23T15:23:21","slug":"proyecto-steam","status":"publish","type":"page","link":"https:\/\/blogsaverroes.juntadeandalucia.es\/ceipmanuelcastroorellana\/proyecto-steam\/","title":{"rendered":"PROYECTO STEAM"},"content":{"rendered":"<p><a href=\"https:\/\/blogsaverroes.juntadeandalucia.es\/ceipmanuelcastroorellana\/files\/2022\/03\/steam2.jpg\"><img loading=\"lazy\" decoding=\"async\" class=\"alignnone size-full wp-image-2935\" src=\"https:\/\/blogsaverroes.juntadeandalucia.es\/ceipmanuelcastroorellana\/files\/2022\/03\/steam2.jpg\" alt=\"\" width=\"320\" height=\"180\" srcset=\"https:\/\/blogsaverroes.juntadeandalucia.es\/ceipmanuelcastroorellana\/files\/2022\/03\/steam2.jpg 320w, https:\/\/blogsaverroes.juntadeandalucia.es\/ceipmanuelcastroorellana\/files\/2022\/03\/steam2-300x169.jpg 300w\" sizes=\"(max-width: 320px) 100vw, 320px\" \/><\/a><\/p>\n<p>Tras la solicitud realizada para entrar en el proyecto STEAM para el curso 2021\/2022, en sus dos modalidades (Investigaci\u00f3n aeroespacial y rob\u00f3tica aplicada al aula), se nos concedieron ambas modalidades para nuestro centro para el curso 2021\/2022.<\/p>\n<p>Os dejamos informaci\u00f3n en estos enlaces:<\/p>\n<p><a href=\"https:\/\/blogsaverroes.juntadeandalucia.es\/tde\/author\/manuel-romero-fraidia\/\"><img loading=\"lazy\" decoding=\"async\" class=\"alignnone wp-image-2934\" src=\"https:\/\/blogsaverroes.juntadeandalucia.es\/ceipmanuelcastroorellana\/files\/2022\/03\/steam3.jpg\" alt=\"\" width=\"274\" height=\"157\"><\/a><\/p>\n<p><a href=\"https:\/\/blogsaverroes.juntadeandalucia.es\/tde\/author\/manuel-romero-fraidia\/\">-STEAM:&nbsp; Investigaci\u00f3n aeroespacial aplicada al aula.<\/a><\/p>\n<p><a href=\"https:\/\/blogsaverroes.juntadeandalucia.es\/tde\/proyecto-steam-robotica-aplicada-al-aula-2021-2022\/\"><img loading=\"lazy\" decoding=\"async\" class=\"alignnone wp-image-2936\" src=\"https:\/\/blogsaverroes.juntadeandalucia.es\/ceipmanuelcastroorellana\/files\/2022\/03\/STEAMrobotica1.jpg\" alt=\"\" width=\"314\" height=\"224\"><\/a><\/p>\n<p><a href=\"https:\/\/blogsaverroes.juntadeandalucia.es\/tde\/proyecto-steam-robotica-aplicada-al-aula-2021-2022\/\">-STEAM:&nbsp; rob\u00f3tica aplicada al aula<\/a><\/p>\n<hr>\n<p>Os dejo esta presentaci\u00f3n en la que se muestran las actividades que estamos realizando en relaci\u00f3n al proyecto STEAM ROB\u00d3TICA APLICADA AL AULA.<\/p>\n<p><a href=\"https:\/\/www.canva.com\/design\/DAFA44XJ7kc\/t3Dj3NBjp7rg3_uebfs15g\/view?utm_content=DAFA44XJ7kc&amp;utm_campaign=designshare&amp;utm_medium=link2&amp;utm_source=sharebutton#1\"><img loading=\"lazy\" decoding=\"async\" class=\"alignnone size-full wp-image-2970\" src=\"https:\/\/blogsaverroes.juntadeandalucia.es\/ceipmanuelcastroorellana\/files\/2022\/05\/Captura-de-pantalla-2022-05-23-a-las-17.18.08.png\" alt=\"\" width=\"1600\" height=\"910\" srcset=\"https:\/\/blogsaverroes.juntadeandalucia.es\/ceipmanuelcastroorellana\/files\/2022\/05\/Captura-de-pantalla-2022-05-23-a-las-17.18.08.png 1600w, https:\/\/blogsaverroes.juntadeandalucia.es\/ceipmanuelcastroorellana\/files\/2022\/05\/Captura-de-pantalla-2022-05-23-a-las-17.18.08-300x171.png 300w, https:\/\/blogsaverroes.juntadeandalucia.es\/ceipmanuelcastroorellana\/files\/2022\/05\/Captura-de-pantalla-2022-05-23-a-las-17.18.08-1024x582.png 1024w, https:\/\/blogsaverroes.juntadeandalucia.es\/ceipmanuelcastroorellana\/files\/2022\/05\/Captura-de-pantalla-2022-05-23-a-las-17.18.08-768x437.png 768w, https:\/\/blogsaverroes.juntadeandalucia.es\/ceipmanuelcastroorellana\/files\/2022\/05\/Captura-de-pantalla-2022-05-23-a-las-17.18.08-1536x874.png 1536w, https:\/\/blogsaverroes.juntadeandalucia.es\/ceipmanuelcastroorellana\/files\/2022\/05\/Captura-de-pantalla-2022-05-23-a-las-17.18.08-2048x1165.png 2048w, https:\/\/blogsaverroes.juntadeandalucia.es\/ceipmanuelcastroorellana\/files\/2022\/05\/Captura-de-pantalla-2022-05-23-a-las-17.18.08-700x398.png 700w\" sizes=\"(max-width: 1600px) 100vw, 1600px\" \/><\/a><\/p>\n","protected":false},"excerpt":{"rendered":"<p>Tras la solicitud realizada para entrar en el proyecto STEAM para el curso 2021\/2022, en sus dos modalidades (Investigaci\u00f3n aeroespacial y rob\u00f3tica aplicada al aula), se nos concedieron ambas modalidades para nuestro centro para el curso 2021\/2022. Os dejamos informaci\u00f3n en estos enlaces: -STEAM:&nbsp; Investigaci\u00f3n aeroespacial aplicada al aula. -STEAM:&nbsp; rob\u00f3tica aplicada al aula Os &hellip; <\/p>\n<p><a class=\"more-link btn\" href=\"https:\/\/blogsaverroes.juntadeandalucia.es\/ceipmanuelcastroorellana\/proyecto-steam\/\">Seguir leyendo<\/a><\/p>\n","protected":false},"author":4366,"featured_media":0,"parent":0,"menu_order":0,"comment_status":"closed","ping_status":"closed","template":"","meta":{"ngg_post_thumbnail":0,"footnotes":"","_mc_calendar":[]},"aioseo_notices":[],"post_mailing_queue_ids":[],"_links":{"self":[{"href":"https:\/\/blogsaverroes.juntadeandalucia.es\/ceipmanuelcastroorellana\/wp-json\/wp\/v2\/pages\/2881"}],"collection":[{"href":"https:\/\/blogsaverroes.juntadeandalucia.es\/ceipmanuelcastroorellana\/wp-json\/wp\/v2\/pages"}],"about":[{"href":"https:\/\/blogsaverroes.juntadeandalucia.es\/ceipmanuelcastroorellana\/wp-json\/wp\/v2\/types\/page"}],"author":[{"embeddable":true,"href":"https:\/\/blogsaverroes.juntadeandalucia.es\/ceipmanuelcastroorellana\/wp-json\/wp\/v2\/users\/4366"}],"replies":[{"embeddable":true,"href":"https:\/\/blogsaverroes.juntadeandalucia.es\/ceipmanuelcastroorellana\/wp-json\/wp\/v2\/comments?post=2881"}],"version-history":[{"count":6,"href":"https:\/\/blogsaverroes.juntadeandalucia.es\/ceipmanuelcastroorellana\/wp-json\/wp\/v2\/pages\/2881\/revisions"}],"predecessor-version":[{"id":2973,"href":"https:\/\/blogsaverroes.juntadeandalucia.es\/ceipmanuelcastroorellana\/wp-json\/wp\/v2\/pages\/2881\/revisions\/2973"}],"wp:attachment":[{"href":"https:\/\/blogsaverroes.juntadeandalucia.es\/ceipmanuelcastroorellana\/wp-json\/wp\/v2\/media?parent=2881"}],"curies":[{"name":"wp","href":"https:\/\/api.w.org\/{rel}","templated":true}]}}