{"id":2952,"date":"2022-05-01T22:26:40","date_gmt":"2022-05-01T20:26:40","guid":{"rendered":"http:\/\/blogsaverroes.juntadeandalucia.es\/ceipmanuelcastroorellana\/?page_id=2952"},"modified":"2023-03-03T11:35:28","modified_gmt":"2023-03-03T10:35:28","slug":"bilinguismo","status":"publish","type":"page","link":"https:\/\/blogsaverroes.juntadeandalucia.es\/ceipmanuelcastroorellana\/bilinguismo\/","title":{"rendered":"BILING\u00dcISMO"},"content":{"rendered":"<p><a href=\"https:\/\/blogsaverroes.juntadeandalucia.es\/ceipmanuelcastroorellana\/files\/2022\/11\/centrobilingue.png\"><img loading=\"lazy\" decoding=\"async\" class=\"alignnone size-full wp-image-3134\" src=\"https:\/\/blogsaverroes.juntadeandalucia.es\/ceipmanuelcastroorellana\/files\/2022\/11\/centrobilingue.png\" alt=\"\" width=\"1218\" height=\"355\" srcset=\"https:\/\/blogsaverroes.juntadeandalucia.es\/ceipmanuelcastroorellana\/files\/2022\/11\/centrobilingue.png 1218w, https:\/\/blogsaverroes.juntadeandalucia.es\/ceipmanuelcastroorellana\/files\/2022\/11\/centrobilingue-300x87.png 300w, https:\/\/blogsaverroes.juntadeandalucia.es\/ceipmanuelcastroorellana\/files\/2022\/11\/centrobilingue-1024x298.png 1024w, https:\/\/blogsaverroes.juntadeandalucia.es\/ceipmanuelcastroorellana\/files\/2022\/11\/centrobilingue-768x224.png 768w, https:\/\/blogsaverroes.juntadeandalucia.es\/ceipmanuelcastroorellana\/files\/2022\/11\/centrobilingue-700x204.png 700w\" sizes=\"(max-width: 1218px) 100vw, 1218px\" \/><\/a><\/p>\n<p>El curso 2022\/2023 nuestro Centro comienza en el Proyecto Biling\u00fce, con la introducci\u00f3n del biling\u00fcismo en 1\u00ba de Primaria y la anticipaci\u00f3n de la lengua inglesa en Ed. Infantil.<\/p>\n<div class=\"edgt-section-title-holder edgt-st-standard edgt-st-title-left edgt-st-normal-space \">\n<div class=\"edgt-st-inner\">\n<h2 class=\"edgt-st-title\">El proyecto Biling\u00fce del colegio<\/h2>\n<\/div>\n<\/div>\n<div class=\"wpb_text_column wpb_content_element \">\n<div class=\"wpb_wrapper\">\n<p>Nuestro proyecto biling\u00fce implica la integraci\u00f3n de un curr\u00edculum integrado de las lenguas en el Proyecto Educativo de Centro y la ense\u00f1anza de materias no ling\u00fc\u00edsticas a trav\u00e9s de la lengua inglesa. El programa de biling\u00fcismo tiene como objetivo simultanear la ense\u00f1anza del espa\u00f1ol con el aprendizaje de un idioma extranjero, en nuestro caso, el ingl\u00e9s.<\/p>\n<\/div>\n<\/div>\n<div class=\"wpb_text_column wpb_content_element \">\n<div class=\"wpb_wrapper\">\n<p>En nuestro centro, queremos alumnos biling\u00fces que consigan:<\/p>\n<\/div>\n<\/div>\n<div class=\"edgt-icon-list-holder \">\n<ul>\n<li class=\"edgt-il-text\">Expresarse correctamente en su segunda lengua.<\/li>\n<li class=\"edgt-il-text\">Fomentar el pluriling\u00fcismo.<\/li>\n<li class=\"edgt-il-text\">Capacitarse para el ejercicio en actividades profesionales que impliquen el ingl\u00e9s.<\/li>\n<li class=\"edgt-il-text\">Motivarse con actividades globalizadoras donde hacen uso del ingl\u00e9s.<\/li>\n<li class=\"edgt-il-text\">Adquirir una competencia ling\u00fc\u00edstica inglesa similar a la lengua materna.<\/li>\n<li class=\"edgt-il-text\">Aceptar otras culturas m\u00e1s all\u00e1 de la espa\u00f1ola.<\/li>\n<\/ul>\n<hr>\n<div class=\"edgt-section-title-holder edgt-st-standard edgt-st-title-left edgt-st-normal-space \">\n<div class=\"edgt-st-inner\">\n<h3 class=\"edgt-st-title\">\u00c1reas biling\u00fces<\/h3>\n<\/div>\n<\/div>\n<div class=\"wpb_text_column wpb_content_element \">\n<div class=\"wpb_wrapper\">\n<p>En el centro trabajamos las siguientes \u00e1reas de manera biling\u00fce:<\/p>\n<\/div>\n<div class=\"wpb_text_column wpb_content_element \">\n<div class=\"wpb_wrapper\">\n<p>Estas \u00e1reas se imparten de manera biling\u00fce (en ingl\u00e9s y en espa\u00f1ol en la misma sesi\u00f3n).<\/p>\n<\/div>\n<\/div>\n<div class=\"wpb_text_column wpb_content_element \">\n<div class=\"wpb_wrapper\">\n<p>Adem\u00e1s, en primer ciclo <strong>disponemos de un auxiliar de conversaci\u00f3n nativo<\/strong>&nbsp;que nos acompa\u00f1a en las clases para mejorar nuestra pronunciaci\u00f3n as\u00ed como para acercarnos el idioma y la cultura inglesa.<\/p>\n<hr>\n<div class=\"edgt-section-title-holder edgt-st-standard edgt-st-title-left edgt-st-normal-space \">\n<div class=\"edgt-st-inner\">\n<h3 class=\"edgt-st-title\">Nivel de Ingl\u00e9s<\/h3>\n<\/div>\n<\/div>\n<div class=\"wpb_text_column wpb_content_element \">\n<div class=\"wpb_wrapper\">\n<p>En nuestro centro, todo el profesorado que imparte \u00e1reas biling\u00fces tiene adquirido y certificado el&nbsp;<strong>nivel B2 de ingl\u00e9s<\/strong>, el cual corresponde al cuarto nivel del Marco Com\u00fan Europeo de Referencia (MCER).<\/p>\n<\/div>\n<div class=\"edgt-section-title-holder edgt-st-standard edgt-st-title-left edgt-st-normal-space \">\n<div class=\"edgt-st-inner\">\n<hr>\n<h3 class=\"edgt-st-title\">Auxiliar de conversaci\u00f3n<\/h3>\n<\/div>\n<\/div>\n<div class=\"wpb_text_column wpb_content_element \">\n<div class=\"wpb_wrapper\">\n<p>Nuestro proyecto biling\u00fce implica la integraci\u00f3n de un curr\u00edculum integrado de las lenguas en el Proyecto Educativo de Centro y la ense\u00f1anza de materias no ling\u00fc\u00edsticas a trav\u00e9s de la lengua inglesa.<\/p>\n<\/div>\n<\/div>\n<div class=\"wpb_text_column wpb_content_element \">\n<div class=\"wpb_wrapper\">\n<p>Para enriquecer esta tarea que tenemos marcada, cada a\u00f1o nos acompa\u00f1a un&nbsp;<strong>auxiliar de conversaci\u00f3n<\/strong>&nbsp;de procedencia inglesa donde nos ayuda en clase a mejorar nuestra pronunciaci\u00f3n en ingl\u00e9s as\u00ed como nos acercar el idioma y la cultura inglesa.<\/p>\n<hr>\n<div class=\"edgt-section-title-holder edgt-st-standard edgt-st-title-left edgt-st-normal-space \">\n<div class=\"edgt-st-inner\">\n<h3 class=\"edgt-st-title\">Informaci\u00f3n para el auxiliar<\/h3>\n<\/div>\n<\/div>\n<div class=\"wpb_text_column wpb_content_element \">\n<div class=\"wpb_wrapper\">\n<p>Si eres extranjero y quieres participar como auxiliar de conversaci\u00f3n en nuestro centro, aqu\u00ed tienes informaci\u00f3n que te podr\u00eda resultar \u00fatil:<\/p>\n<div class=\"edgt-section-title-holder edgt-st-standard edgt-st-title-left edgt-st-normal-space \">\n<div class=\"edgt-st-inner\"><a href=\"https:\/\/drive.google.com\/file\/d\/15YqPnSV5QTLt7ATqLd3p4HwlV2aB2hFb\/view?usp=share_link\"><img loading=\"lazy\" decoding=\"async\" class=\"alignnone wp-image-3005\" src=\"https:\/\/blogsaverroes.juntadeandalucia.es\/ceipmanuelcastroorellana\/files\/2022\/06\/unnamed.png\" alt=\"\" width=\"112\" height=\"112\" srcset=\"https:\/\/blogsaverroes.juntadeandalucia.es\/ceipmanuelcastroorellana\/files\/2022\/06\/unnamed.png 512w, https:\/\/blogsaverroes.juntadeandalucia.es\/ceipmanuelcastroorellana\/files\/2022\/06\/unnamed-300x300.png 300w, https:\/\/blogsaverroes.juntadeandalucia.es\/ceipmanuelcastroorellana\/files\/2022\/06\/unnamed-150x150.png 150w, https:\/\/blogsaverroes.juntadeandalucia.es\/ceipmanuelcastroorellana\/files\/2022\/06\/unnamed-432x432.png 432w, https:\/\/blogsaverroes.juntadeandalucia.es\/ceipmanuelcastroorellana\/files\/2022\/06\/unnamed-268x268.png 268w\" sizes=\"(max-width: 112px) 100vw, 112px\" \/><\/a><\/div>\n<\/div>\n<div class=\"wpb_text_column wpb_content_element \">\n<div class=\"wpb_wrapper\">\n<p>&nbsp;<\/p>\n<hr>\n<\/div>\n<\/div>\n<\/div>\n<\/div>\n<\/div>\n<\/div>\n<\/div>\n<\/div>\n<\/div>\n<\/div>\n<\/div>\n<p>&nbsp;<\/p>\n<h3 class=\"edgt-st-title\">Enlaces de inter\u00e9s<\/h3>\n<p><a href=\"http:\/\/www.juntadeandalucia.es\/educacion\/webportal\/web\/portal-de-plurilinguismo\"><img loading=\"lazy\" decoding=\"async\" class=\"alignnone size-full wp-image-3136\" src=\"https:\/\/blogsaverroes.juntadeandalucia.es\/ceipmanuelcastroorellana\/files\/2022\/11\/portal-plurilinguismo.png\" alt=\"\" width=\"143\" height=\"143\"> &nbsp; &nbsp; &nbsp; &nbsp; &nbsp; <\/a><a href=\"https:\/\/blogsaverroes.juntadeandalucia.es\/auxiliaresconversacionsevilla\/\"><img loading=\"lazy\" decoding=\"async\" class=\"alignnone size-full wp-image-3137\" src=\"https:\/\/blogsaverroes.juntadeandalucia.es\/ceipmanuelcastroorellana\/files\/2022\/11\/blog-auxiliares.png\" alt=\"\" width=\"148\" height=\"201\"><\/a><\/p>\n","protected":false},"excerpt":{"rendered":"<p>El curso 2022\/2023 nuestro Centro comienza en el Proyecto Biling\u00fce, con la introducci\u00f3n del biling\u00fcismo en 1\u00ba de Primaria y la anticipaci\u00f3n de la lengua inglesa en Ed. Infantil. El proyecto Biling\u00fce del colegio Nuestro proyecto biling\u00fce implica la integraci\u00f3n de un curr\u00edculum integrado de las lenguas en el Proyecto Educativo de Centro y la &hellip; <\/p>\n<p><a class=\"more-link btn\" href=\"https:\/\/blogsaverroes.juntadeandalucia.es\/ceipmanuelcastroorellana\/bilinguismo\/\">Seguir leyendo<\/a><\/p>\n","protected":false},"author":4366,"featured_media":0,"parent":0,"menu_order":0,"comment_status":"closed","ping_status":"closed","template":"","meta":{"ngg_post_thumbnail":0,"footnotes":"","_mc_calendar":[]},"aioseo_notices":[],"post_mailing_queue_ids":[],"_links":{"self":[{"href":"https:\/\/blogsaverroes.juntadeandalucia.es\/ceipmanuelcastroorellana\/wp-json\/wp\/v2\/pages\/2952"}],"collection":[{"href":"https:\/\/blogsaverroes.juntadeandalucia.es\/ceipmanuelcastroorellana\/wp-json\/wp\/v2\/pages"}],"about":[{"href":"https:\/\/blogsaverroes.juntadeandalucia.es\/ceipmanuelcastroorellana\/wp-json\/wp\/v2\/types\/page"}],"author":[{"embeddable":true,"href":"https:\/\/blogsaverroes.juntadeandalucia.es\/ceipmanuelcastroorellana\/wp-json\/wp\/v2\/users\/4366"}],"replies":[{"embeddable":true,"href":"https:\/\/blogsaverroes.juntadeandalucia.es\/ceipmanuelcastroorellana\/wp-json\/wp\/v2\/comments?post=2952"}],"version-history":[{"count":4,"href":"https:\/\/blogsaverroes.juntadeandalucia.es\/ceipmanuelcastroorellana\/wp-json\/wp\/v2\/pages\/2952\/revisions"}],"predecessor-version":[{"id":3244,"href":"https:\/\/blogsaverroes.juntadeandalucia.es\/ceipmanuelcastroorellana\/wp-json\/wp\/v2\/pages\/2952\/revisions\/3244"}],"wp:attachment":[{"href":"https:\/\/blogsaverroes.juntadeandalucia.es\/ceipmanuelcastroorellana\/wp-json\/wp\/v2\/media?parent=2952"}],"curies":[{"name":"wp","href":"https:\/\/api.w.org\/{rel}","templated":true}]}}