{"id":3036,"date":"2022-06-24T00:00:31","date_gmt":"2022-06-23T22:00:31","guid":{"rendered":"http:\/\/blogsaverroes.juntadeandalucia.es\/ceipmanuelcastroorellana\/?page_id=3036"},"modified":"2022-06-24T00:00:31","modified_gmt":"2022-06-23T22:00:31","slug":"plan-de-igualdad","status":"publish","type":"page","link":"https:\/\/blogsaverroes.juntadeandalucia.es\/ceipmanuelcastroorellana\/plan-de-igualdad\/","title":{"rendered":"PLAN DE IGUALDAD"},"content":{"rendered":"<p><a href=\"https:\/\/blogsaverroes.juntadeandalucia.es\/ceipmanuelcastroorellana\/files\/2022\/03\/IGUALDAD-3.png\"><img loading=\"lazy\" decoding=\"async\" class=\"alignnone size-full wp-image-2928\" src=\"https:\/\/blogsaverroes.juntadeandalucia.es\/ceipmanuelcastroorellana\/files\/2022\/03\/IGUALDAD-3.png\" alt=\"\" width=\"835\" height=\"439\" srcset=\"https:\/\/blogsaverroes.juntadeandalucia.es\/ceipmanuelcastroorellana\/files\/2022\/03\/IGUALDAD-3.png 835w, https:\/\/blogsaverroes.juntadeandalucia.es\/ceipmanuelcastroorellana\/files\/2022\/03\/IGUALDAD-3-300x158.png 300w, https:\/\/blogsaverroes.juntadeandalucia.es\/ceipmanuelcastroorellana\/files\/2022\/03\/IGUALDAD-3-768x404.png 768w, https:\/\/blogsaverroes.juntadeandalucia.es\/ceipmanuelcastroorellana\/files\/2022\/03\/IGUALDAD-3-700x368.png 700w\" sizes=\"(max-width: 835px) 100vw, 835px\" \/><\/a><\/p>\n<p>El pasado 8 de marzo celebramos el d\u00eda internacional de la Mujer en el CEIP Manuel Castro Orellana con distintas actividades.&nbsp;<\/p>\n<p>Realizamos con ilusi\u00f3n este video que qued\u00f3 muy bonito.<\/p>\n<div style=\"width: 640px;\" class=\"wp-video\"><!--[if lt IE 9]><script>document.createElement('video');<\/script><![endif]-->\n<video class=\"wp-video-shortcode\" id=\"video-3036-1\" width=\"640\" height=\"352\" preload=\"metadata\" controls=\"controls\"><source type=\"video\/mp4\" src=\"https:\/\/blogsaverroes.juntadeandalucia.es\/ceipmanuelcastroorellana\/files\/2022\/03\/video5852696507706248312.mp4?_=1\" \/><a href=\"https:\/\/blogsaverroes.juntadeandalucia.es\/ceipmanuelcastroorellana\/files\/2022\/03\/video5852696507706248312.mp4\">https:\/\/blogsaverroes.juntadeandalucia.es\/ceipmanuelcastroorellana\/files\/2022\/03\/video5852696507706248312.mp4<\/a><\/video><\/div>\n<p>Os dejamos algunas im\u00e1genes de la decoraci\u00f3n y la actividad que hicimos en los pasillos del edificio principal.<\/p>\n<p><a href=\"https:\/\/blogsaverroes.juntadeandalucia.es\/ceipmanuelcastroorellana\/files\/2022\/03\/photo1646748889.jpeg\"><img loading=\"lazy\" decoding=\"async\" class=\"alignnone wp-image-2900\" src=\"https:\/\/blogsaverroes.juntadeandalucia.es\/ceipmanuelcastroorellana\/files\/2022\/03\/photo1646748889.jpeg\" alt=\"\" width=\"187\" height=\"247\"><\/a> <a href=\"https:\/\/blogsaverroes.juntadeandalucia.es\/ceipmanuelcastroorellana\/files\/2022\/03\/photo1646741390.jpeg\"><img loading=\"lazy\" decoding=\"async\" class=\"alignnone wp-image-2899\" src=\"https:\/\/blogsaverroes.juntadeandalucia.es\/ceipmanuelcastroorellana\/files\/2022\/03\/photo1646741390.jpeg\" alt=\"\" width=\"333\" height=\"252\"><\/a> <a href=\"https:\/\/blogsaverroes.juntadeandalucia.es\/ceipmanuelcastroorellana\/files\/2022\/03\/photo1646741378.jpeg\"><img loading=\"lazy\" decoding=\"async\" class=\"alignnone wp-image-2901\" src=\"https:\/\/blogsaverroes.juntadeandalucia.es\/ceipmanuelcastroorellana\/files\/2022\/03\/photo1646741378.jpeg\" alt=\"\" width=\"244\" height=\"322\"><\/a> <a href=\"https:\/\/blogsaverroes.juntadeandalucia.es\/ceipmanuelcastroorellana\/files\/2022\/03\/photo1646744166.jpeg\"><img loading=\"lazy\" decoding=\"async\" class=\"alignnone wp-image-2902\" src=\"https:\/\/blogsaverroes.juntadeandalucia.es\/ceipmanuelcastroorellana\/files\/2022\/03\/photo1646744166.jpeg\" alt=\"\" width=\"240\" height=\"346\"><\/a> <a href=\"https:\/\/blogsaverroes.juntadeandalucia.es\/ceipmanuelcastroorellana\/files\/2022\/03\/photo1646748122-1.jpeg\"><img loading=\"lazy\" decoding=\"async\" class=\"alignnone wp-image-2903\" src=\"https:\/\/blogsaverroes.juntadeandalucia.es\/ceipmanuelcastroorellana\/files\/2022\/03\/photo1646748122-1.jpeg\" alt=\"\" width=\"326\" height=\"247\"><\/a> <a href=\"https:\/\/blogsaverroes.juntadeandalucia.es\/ceipmanuelcastroorellana\/files\/2022\/03\/photo1646748122.jpeg\"><img loading=\"lazy\" decoding=\"async\" class=\"alignnone wp-image-2904\" src=\"https:\/\/blogsaverroes.juntadeandalucia.es\/ceipmanuelcastroorellana\/files\/2022\/03\/photo1646748122.jpeg\" alt=\"\" width=\"251\" height=\"331\"><\/a><\/p>\n<p>Agradecemos a nuestro Excmo Ayuntamiento, que desde el \u00e1rea de igualdad, ha colaborado en la celebraci\u00f3n de este d\u00eda con la colocaci\u00f3n de la se\u00f1al en la entrada del edificio y el reparto de este detalle para nuestro alumnado que les ha permitido realizar el mural.<\/p>\n<p><a href=\"https:\/\/blogsaverroes.juntadeandalucia.es\/ceipmanuelcastroorellana\/files\/2022\/03\/photo1646757848.jpeg\"><img loading=\"lazy\" decoding=\"async\" class=\"alignnone wp-image-2905\" src=\"https:\/\/blogsaverroes.juntadeandalucia.es\/ceipmanuelcastroorellana\/files\/2022\/03\/photo1646757848.jpeg\" alt=\"\" width=\"240\" height=\"348\"><\/a> <a href=\"https:\/\/blogsaverroes.juntadeandalucia.es\/ceipmanuelcastroorellana\/files\/2022\/03\/photo1646758011.jpeg\"><img loading=\"lazy\" decoding=\"async\" class=\"alignnone wp-image-2906\" src=\"https:\/\/blogsaverroes.juntadeandalucia.es\/ceipmanuelcastroorellana\/files\/2022\/03\/photo1646758011.jpeg\" alt=\"\" width=\"267\" height=\"353\"><\/a><\/p>\n","protected":false},"excerpt":{"rendered":"<p>El pasado 8 de marzo celebramos el d\u00eda internacional de la Mujer en el CEIP Manuel Castro Orellana con distintas actividades.&nbsp; Realizamos con ilusi\u00f3n este video que qued\u00f3 muy bonito. Os dejamos algunas im\u00e1genes de la decoraci\u00f3n y la actividad que hicimos en los pasillos del edificio principal. Agradecemos a nuestro Excmo Ayuntamiento, que desde &hellip; <\/p>\n<p><a class=\"more-link btn\" href=\"https:\/\/blogsaverroes.juntadeandalucia.es\/ceipmanuelcastroorellana\/plan-de-igualdad\/\">Seguir leyendo<\/a><\/p>\n","protected":false},"author":4366,"featured_media":0,"parent":0,"menu_order":0,"comment_status":"closed","ping_status":"closed","template":"","meta":{"ngg_post_thumbnail":0,"footnotes":"","_mc_calendar":[]},"aioseo_notices":[],"post_mailing_queue_ids":[],"_links":{"self":[{"href":"https:\/\/blogsaverroes.juntadeandalucia.es\/ceipmanuelcastroorellana\/wp-json\/wp\/v2\/pages\/3036"}],"collection":[{"href":"https:\/\/blogsaverroes.juntadeandalucia.es\/ceipmanuelcastroorellana\/wp-json\/wp\/v2\/pages"}],"about":[{"href":"https:\/\/blogsaverroes.juntadeandalucia.es\/ceipmanuelcastroorellana\/wp-json\/wp\/v2\/types\/page"}],"author":[{"embeddable":true,"href":"https:\/\/blogsaverroes.juntadeandalucia.es\/ceipmanuelcastroorellana\/wp-json\/wp\/v2\/users\/4366"}],"replies":[{"embeddable":true,"href":"https:\/\/blogsaverroes.juntadeandalucia.es\/ceipmanuelcastroorellana\/wp-json\/wp\/v2\/comments?post=3036"}],"version-history":[{"count":1,"href":"https:\/\/blogsaverroes.juntadeandalucia.es\/ceipmanuelcastroorellana\/wp-json\/wp\/v2\/pages\/3036\/revisions"}],"predecessor-version":[{"id":3037,"href":"https:\/\/blogsaverroes.juntadeandalucia.es\/ceipmanuelcastroorellana\/wp-json\/wp\/v2\/pages\/3036\/revisions\/3037"}],"wp:attachment":[{"href":"https:\/\/blogsaverroes.juntadeandalucia.es\/ceipmanuelcastroorellana\/wp-json\/wp\/v2\/media?parent=3036"}],"curies":[{"name":"wp","href":"https:\/\/api.w.org\/{rel}","templated":true}]}}